{"id":10533,"date":"2019-09-06T18:51:17","date_gmt":"2019-09-06T18:51:17","guid":{"rendered":"https:\/\/escolagrancapita.wpcomstaging.com\/?page_id=10533"},"modified":"2021-01-22T17:31:09","modified_gmt":"2021-01-22T17:31:09","slug":"natacio","status":"publish","type":"page","link":"https:\/\/escolagrancapita.wpcomstaging.com\/?page_id=10533","title":{"rendered":"Nataci\u00f3 escolar"},"content":{"rendered":"<div class=\"entry-content clearfix\">\n<div class=\"container_wrap container_wrap_first main_color fullsize\">\n<div class=\"container\">\n<p style=\"text-align: justify;\">Els alumnes de P3 a 6\u00e8 de Prim\u00e0ria poden participar volunt\u00e0riament al <strong>programa de nataci\u00f3 escolar<\/strong> que ofereix l&#8217;Ajuntament de Sant Joan Desp\u00ed.<\/p>\n<p style=\"text-align: justify;\">L&#8217;activitat consisteix en una classe setmanal de 45 minuts que es desenvolupa dins de l&#8217;horari escolar a les instal\u00b7lacions del <a href=\"http:\/\/despiesport.sjdespi.cat\/esport-de-ciutat\/poliesportiu-francesc-calvet\">poliesportiu Francesc Calvet<\/a>.<\/p>\n<p style=\"text-align: justify;\">Les sessions s\u00f3n impartides per professorat especialitzat i sota les directrius establertes en les diferents programacions segons nivells i edats.<\/p>\n<p style=\"text-align: justify;\">A Secund\u00e0ria, la nataci\u00f3 est\u00e0 inclosa dins de l&#8217;assignatura d&#8217;Educaci\u00f3 F\u00edsica.<\/p>\n<p style=\"text-align: justify;\"><strong>Per a m\u00e9s informaci\u00f3 podeu contactar amb la\u00a0<a href=\"https:\/\/escolagrancapita.wpcomstaging.com\/?page_id=32\">secretaria del centre<\/a>.<\/strong><\/p>\n<\/div>\n<\/div>\n<\/div>\n","protected":false},"excerpt":{"rendered":"<p>Els alumnes de P3 a 6\u00e8 de Prim\u00e0ria poden participar volunt\u00e0riament al programa de nataci\u00f3 escolar que ofereix l&#8217;Ajuntament de Sant Joan Desp\u00ed. L&#8217;activitat consisteix en una classe setmanal de 45 minuts que es desenvolupa dins de l&#8217;horari escolar a<\/p>\n","protected":false},"author":1,"featured_media":0,"parent":24,"menu_order":0,"comment_status":"closed","ping_status":"closed","template":"","meta":{"_crdt_document":"","footnotes":""},"categories":[91],"tags":[],"class_list":["post-10533","page","type-page","status-publish","hentry","category-web"],"jetpack_sharing_enabled":true,"_links":{"self":[{"href":"https:\/\/escolagrancapita.wpcomstaging.com\/index.php?rest_route=\/wp\/v2\/pages\/10533","targetHints":{"allow":["GET"]}}],"collection":[{"href":"https:\/\/escolagrancapita.wpcomstaging.com\/index.php?rest_route=\/wp\/v2\/pages"}],"about":[{"href":"https:\/\/escolagrancapita.wpcomstaging.com\/index.php?rest_route=\/wp\/v2\/types\/page"}],"author":[{"embeddable":true,"href":"https:\/\/escolagrancapita.wpcomstaging.com\/index.php?rest_route=\/wp\/v2\/users\/1"}],"replies":[{"embeddable":true,"href":"https:\/\/escolagrancapita.wpcomstaging.com\/index.php?rest_route=%2Fwp%2Fv2%2Fcomments&post=10533"}],"version-history":[{"count":0,"href":"https:\/\/escolagrancapita.wpcomstaging.com\/index.php?rest_route=\/wp\/v2\/pages\/10533\/revisions"}],"up":[{"embeddable":true,"href":"https:\/\/escolagrancapita.wpcomstaging.com\/index.php?rest_route=\/wp\/v2\/pages\/24"}],"wp:attachment":[{"href":"https:\/\/escolagrancapita.wpcomstaging.com\/index.php?rest_route=%2Fwp%2Fv2%2Fmedia&parent=10533"}],"wp:term":[{"taxonomy":"category","embeddable":true,"href":"https:\/\/escolagrancapita.wpcomstaging.com\/index.php?rest_route=%2Fwp%2Fv2%2Fcategories&post=10533"},{"taxonomy":"post_tag","embeddable":true,"href":"https:\/\/escolagrancapita.wpcomstaging.com\/index.php?rest_route=%2Fwp%2Fv2%2Ftags&post=10533"}],"curies":[{"name":"wp","href":"https:\/\/api.w.org\/{rel}","templated":true}]}}