{"id":11311,"date":"2019-11-02T08:20:25","date_gmt":"2019-11-02T08:20:25","guid":{"rendered":"https:\/\/escolagrancapita.wpcomstaging.com\/?page_id=11311"},"modified":"2019-11-02T08:20:25","modified_gmt":"2019-11-02T08:20:25","slug":"sharing-to-learn-compartir-per-aprendre-2","status":"publish","type":"page","link":"https:\/\/escolagrancapita.wpcomstaging.com\/?page_id=11311","title":{"rendered":"Sharing to Learn (Compartir per aprendre)"},"content":{"rendered":"<p>L&#8217;objectiu principal del <a href=\"https:\/\/escolagrancapita.wpcomstaging.com\/?page_id=418\"><strong>Projecte Sharing to Learn<\/strong><\/a> \u00e9s donar suport a la millora de l&#8217;expressi\u00f3 oral en llengua anglesa dels nostres alumnes, per tal de facilitar el seu acc\u00e9s a entorns pluriling\u00fces i pluriculturals mitjan\u00e7ant la metodologia d&#8217;aprenentatge-servei.<\/p>\n<p>Cada dimecres, els alumnes de 5\u00e8 de prim\u00e0ria reben la visita de l&#8217;Ona i la Rose, les nostres <em>Language assistants<\/em>, que col\u00b7laboren amb la mestra d&#8217;angl\u00e8s per afavorir el di\u00e0leg i els intercanvis orals en angl\u00e8s i fomentar una actitud positiva vers l&#8217;aprenentatge d&#8217;aquesta llengua i la seva cultura.<\/p>\n<p>Mitjan\u00e7ant activitats din\u00e0miques, els nostres alumnes milloren la compet\u00e8ncia oral i adquireixen noves estrat\u00e8gies d&#8217;aprenentatge.<\/p>\n<p>A continuaci\u00f3, podreu veure com es desenvolupen les classes d&#8217;angl\u00e8s amb les nostres <em>Language assistants:<\/em><\/p>\n<p><iframe loading=\"lazy\" src=\"https:\/\/www.youtube.com\/embed\/-N0hH7iRrm0\" width=\"1252\" height=\"704\" frameborder=\"0\" allowfullscreen=\"allowfullscreen\"><\/iframe><\/p>\n","protected":false},"excerpt":{"rendered":"<p>L&#8217;objectiu principal del Projecte Sharing to Learn \u00e9s donar suport a la millora de l&#8217;expressi\u00f3 oral en llengua anglesa dels nostres alumnes, per tal de facilitar el seu acc\u00e9s a entorns pluriling\u00fces i pluriculturals mitjan\u00e7ant la metodologia d&#8217;aprenentatge-servei. Cada dimecres,<\/p>\n","protected":false},"author":1,"featured_media":0,"parent":661,"menu_order":0,"comment_status":"closed","ping_status":"closed","template":"","meta":{"_crdt_document":"","footnotes":""},"categories":[92],"tags":[119,86,117],"class_list":["post-11311","page","type-page","status-publish","hentry","category-projectes","tag-curs-2019-20","tag-ed-primaria","tag-plurilinguisme"],"jetpack_sharing_enabled":true,"_links":{"self":[{"href":"https:\/\/escolagrancapita.wpcomstaging.com\/index.php?rest_route=\/wp\/v2\/pages\/11311","targetHints":{"allow":["GET"]}}],"collection":[{"href":"https:\/\/escolagrancapita.wpcomstaging.com\/index.php?rest_route=\/wp\/v2\/pages"}],"about":[{"href":"https:\/\/escolagrancapita.wpcomstaging.com\/index.php?rest_route=\/wp\/v2\/types\/page"}],"author":[{"embeddable":true,"href":"https:\/\/escolagrancapita.wpcomstaging.com\/index.php?rest_route=\/wp\/v2\/users\/1"}],"replies":[{"embeddable":true,"href":"https:\/\/escolagrancapita.wpcomstaging.com\/index.php?rest_route=%2Fwp%2Fv2%2Fcomments&post=11311"}],"version-history":[{"count":0,"href":"https:\/\/escolagrancapita.wpcomstaging.com\/index.php?rest_route=\/wp\/v2\/pages\/11311\/revisions"}],"up":[{"embeddable":true,"href":"https:\/\/escolagrancapita.wpcomstaging.com\/index.php?rest_route=\/wp\/v2\/pages\/661"}],"wp:attachment":[{"href":"https:\/\/escolagrancapita.wpcomstaging.com\/index.php?rest_route=%2Fwp%2Fv2%2Fmedia&parent=11311"}],"wp:term":[{"taxonomy":"category","embeddable":true,"href":"https:\/\/escolagrancapita.wpcomstaging.com\/index.php?rest_route=%2Fwp%2Fv2%2Fcategories&post=11311"},{"taxonomy":"post_tag","embeddable":true,"href":"https:\/\/escolagrancapita.wpcomstaging.com\/index.php?rest_route=%2Fwp%2Fv2%2Ftags&post=11311"}],"curies":[{"name":"wp","href":"https:\/\/api.w.org\/{rel}","templated":true}]}}