{"id":11523,"date":"2019-11-16T10:51:20","date_gmt":"2019-11-16T10:51:20","guid":{"rendered":"https:\/\/escolagrancapita.wpcomstaging.com\/?page_id=11523"},"modified":"2019-11-23T10:56:37","modified_gmt":"2019-11-23T10:56:37","slug":"programa-si","status":"publish","type":"page","link":"https:\/\/escolagrancapita.wpcomstaging.com\/?page_id=11523","title":{"rendered":"Programa SI!"},"content":{"rendered":"<p style=\"text-align: justify;\">L&#8217;Escola participa al <a href=\"https:\/\/www.programasi.org\/programainfantil\" target=\"_blank\" rel=\"noopener noreferrer\">Programa SI!<\/a> (<em>Programa de Salut Integral<\/em>) d&#8217;Educaci\u00f3 Infantil amb l&#8217;objectiu de fomentar en l&#8217;alumnat l&#8217;adquisici\u00f3 de coneixements, actituds i h\u00e0bits saludables a trav\u00e9s d&#8217;una intervenci\u00f3 basada en quatre components (cos i cor, activitat f\u00edsica, alimentaci\u00f3 i gesti\u00f3 emocional) i en quatre \u00e0mbits (aula, professorat, fam\u00edlia i escola).<\/p>\n<blockquote><p><span style=\"font-size: 14pt;\">&#8220;L&#8217;adquisici\u00f3 d&#8217;h\u00e0bits saludables des de la inf\u00e0ncia redueix els riscos de malaltia cardiovascular i millora la qualitat de vida en l&#8217;edat adulta.&#8221;<\/span><\/p><\/blockquote>\n<p style=\"text-align: justify;\">Partint d&#8217;aquesta hip\u00f2tesis de treball, la <a href=\"https:\/\/fundacionshe.org\/\" target=\"_blank\" rel=\"noopener noreferrer\">Fundaci\u00f3 SHE<\/a> t\u00e9 com a missi\u00f3 desenvolupar i avaluar l&#8217;impacte d&#8217;una intervenci\u00f3 escolar dirigida al foment dels h\u00e0bits saludables que acompanyi l&#8217;infant dels 3 als 16 anys.<\/p>\n<p style=\"text-align: justify;\">El <a href=\"http:\/\/ensenyament.gencat.cat\/ca\/inici\">Departament d&#8217;Ensenyament<\/a> ha recolzat el desenvolupament i avaluaci\u00f3 del programa des dels seus inicis amb la voluntat ferma d&#8217;expandir-lo arreu de Catalunya.<\/p>\n<p style=\"text-align: justify;\"><img data-recalc-dims=\"1\" loading=\"lazy\" decoding=\"async\" class=\"alignleft wp-image-11746 size-full\" src=\"https:\/\/i0.wp.com\/escolagrancapita.wpcomstaging.com\/wp-content\/uploads\/2019\/11\/ProgramaSI_SalutIntegral.png?resize=626%2C242&#038;ssl=1\" alt=\"\" width=\"626\" height=\"242\" srcset=\"https:\/\/i0.wp.com\/escolagrancapita.wpcomstaging.com\/wp-content\/uploads\/2019\/11\/ProgramaSI_SalutIntegral.png?w=626&amp;ssl=1 626w, https:\/\/i0.wp.com\/escolagrancapita.wpcomstaging.com\/wp-content\/uploads\/2019\/11\/ProgramaSI_SalutIntegral.png?resize=300%2C116&amp;ssl=1 300w\" sizes=\"auto, (max-width: 626px) 100vw, 626px\" \/><\/p>\n<p style=\"text-align: justify;\">\n","protected":false},"excerpt":{"rendered":"<p>L&#8217;Escola participa al Programa SI! (Programa de Salut Integral) d&#8217;Educaci\u00f3 Infantil amb l&#8217;objectiu de fomentar en l&#8217;alumnat l&#8217;adquisici\u00f3 de coneixements, actituds i h\u00e0bits saludables a trav\u00e9s d&#8217;una intervenci\u00f3 basada en quatre components (cos i cor, activitat f\u00edsica, alimentaci\u00f3 i gesti\u00f3<\/p>\n","protected":false},"author":1,"featured_media":0,"parent":407,"menu_order":0,"comment_status":"closed","ping_status":"closed","template":"","meta":{"_crdt_document":"","footnotes":""},"categories":[92],"tags":[],"class_list":["post-11523","page","type-page","status-publish","hentry","category-projectes"],"jetpack_sharing_enabled":true,"_links":{"self":[{"href":"https:\/\/escolagrancapita.wpcomstaging.com\/index.php?rest_route=\/wp\/v2\/pages\/11523","targetHints":{"allow":["GET"]}}],"collection":[{"href":"https:\/\/escolagrancapita.wpcomstaging.com\/index.php?rest_route=\/wp\/v2\/pages"}],"about":[{"href":"https:\/\/escolagrancapita.wpcomstaging.com\/index.php?rest_route=\/wp\/v2\/types\/page"}],"author":[{"embeddable":true,"href":"https:\/\/escolagrancapita.wpcomstaging.com\/index.php?rest_route=\/wp\/v2\/users\/1"}],"replies":[{"embeddable":true,"href":"https:\/\/escolagrancapita.wpcomstaging.com\/index.php?rest_route=%2Fwp%2Fv2%2Fcomments&post=11523"}],"version-history":[{"count":0,"href":"https:\/\/escolagrancapita.wpcomstaging.com\/index.php?rest_route=\/wp\/v2\/pages\/11523\/revisions"}],"up":[{"embeddable":true,"href":"https:\/\/escolagrancapita.wpcomstaging.com\/index.php?rest_route=\/wp\/v2\/pages\/407"}],"wp:attachment":[{"href":"https:\/\/escolagrancapita.wpcomstaging.com\/index.php?rest_route=%2Fwp%2Fv2%2Fmedia&parent=11523"}],"wp:term":[{"taxonomy":"category","embeddable":true,"href":"https:\/\/escolagrancapita.wpcomstaging.com\/index.php?rest_route=%2Fwp%2Fv2%2Fcategories&post=11523"},{"taxonomy":"post_tag","embeddable":true,"href":"https:\/\/escolagrancapita.wpcomstaging.com\/index.php?rest_route=%2Fwp%2Fv2%2Ftags&post=11523"}],"curies":[{"name":"wp","href":"https:\/\/api.w.org\/{rel}","templated":true}]}}