{"id":11775,"date":"2019-11-25T18:18:03","date_gmt":"2019-11-25T18:18:03","guid":{"rendered":"https:\/\/escolagrancapita.wpcomstaging.com\/?page_id=11775"},"modified":"2019-11-25T18:22:40","modified_gmt":"2019-11-25T18:22:40","slug":"cicle-inicial-visita-el-museu-maritim-de-barcelona","status":"publish","type":"page","link":"https:\/\/escolagrancapita.wpcomstaging.com\/?page_id=11775","title":{"rendered":"Cicle Inicial visita el Museu Mar\u00edtim de Barcelona"},"content":{"rendered":"<p style=\"text-align: justify;\">El passat divendres 22 de novembre, els alumnes del Cicle Inicial van anar d&#8217;excursi\u00f3 al <a href=\"https:\/\/www.mmb.cat\/\" target=\"_blank\" rel=\"noopener noreferrer\">Museu Mar\u00edtim de Barcelona (MMB)<\/a>.<\/p>\n<p style=\"text-align: justify;\">El MMB els va oferir &#8220;<strong>La mar de cels<\/strong>&#8220;, una activitat treballada dins del seu planetari digital. Els alumnes van poder veure moltes imatges dels planetes del Sistema Solar i tamb\u00e9 van fer un viatge interestel\u00b7lar a trav\u00e9s de constel\u00b7lacions i gal\u00e0xies.<\/p>\n<p>Es va decidir fer aquesta visita ja que aquest 2019-20 el <a href=\"https:\/\/escolagrancapita.wpcomstaging.com\/?page_id=7079\">lema del centre<\/a> est\u00e0 relacionat amb l&#8217;univers i la seva immensitat.<\/p>\n<p style=\"text-align: justify;\">Van gaudir molt\u00edssim i van sortir amb moltes ganes de con\u00e8ixer m\u00e9s sobre el tema! &#x1f30c;&#x1fa90;!<\/p>\n<div id='gallery-1' class='gallery galleryid-11775 gallery-columns-5 gallery-size-full'><figure class='gallery-item'>\n\t\t\t<div class='gallery-icon portrait'>\n\t\t\t\t<img loading=\"lazy\" decoding=\"async\" width=\"1439\" height=\"2559\" src=\"https:\/\/i0.wp.com\/escolagrancapita.wpcomstaging.com\/wp-content\/uploads\/2019\/11\/PRI_MUSEUMAR%C3%8DTIM-5-scaled-e1574596235248.jpg?fit=1439%2C2559&amp;ssl=1\" class=\"attachment-full size-full\" alt=\"\" \/>\n\t\t\t<\/div><\/figure><figure class='gallery-item'>\n\t\t\t<div class='gallery-icon portrait'>\n\t\t\t\t<img loading=\"lazy\" decoding=\"async\" width=\"1440\" height=\"2560\" src=\"https:\/\/i0.wp.com\/escolagrancapita.wpcomstaging.com\/wp-content\/uploads\/2019\/11\/PRI_MUSEUMAR%C3%8DTIM-8-scaled.jpg?fit=1440%2C2560&amp;ssl=1\" class=\"attachment-full size-full\" alt=\"\" \/>\n\t\t\t<\/div><\/figure><figure class='gallery-item'>\n\t\t\t<div class='gallery-icon portrait'>\n\t\t\t\t<img loading=\"lazy\" decoding=\"async\" width=\"1440\" height=\"2560\" src=\"https:\/\/i0.wp.com\/escolagrancapita.wpcomstaging.com\/wp-content\/uploads\/2019\/11\/PRI_MUSEUMAR%C3%8DTIM-7-scaled.jpg?fit=1440%2C2560&amp;ssl=1\" class=\"attachment-full size-full\" alt=\"\" \/>\n\t\t\t<\/div><\/figure><figure class='gallery-item'>\n\t\t\t<div class='gallery-icon portrait'>\n\t\t\t\t<img loading=\"lazy\" decoding=\"async\" width=\"1440\" height=\"2560\" src=\"https:\/\/i0.wp.com\/escolagrancapita.wpcomstaging.com\/wp-content\/uploads\/2019\/11\/PRI_MUSEUMAR%C3%8DTIM-4-scaled-e1574596291745.jpg?fit=1440%2C2560&amp;ssl=1\" class=\"attachment-full size-full\" alt=\"\" \/>\n\t\t\t<\/div><\/figure><figure class='gallery-item'>\n\t\t\t<div class='gallery-icon portrait'>\n\t\t\t\t<img loading=\"lazy\" decoding=\"async\" width=\"1440\" height=\"2560\" src=\"https:\/\/i0.wp.com\/escolagrancapita.wpcomstaging.com\/wp-content\/uploads\/2019\/11\/PRI_MUSEUMAR%C3%8DTIM-3-scaled.jpg?fit=1440%2C2560&amp;ssl=1\" class=\"attachment-full size-full\" alt=\"\" \/>\n\t\t\t<\/div><\/figure>\n\t\t<\/div>\n\n<div id='gallery-2' class='gallery galleryid-11775 gallery-columns-1 gallery-size-full'><figure class='gallery-item'>\n\t\t\t<div class='gallery-icon landscape'>\n\t\t\t\t<img loading=\"lazy\" decoding=\"async\" width=\"2560\" height=\"1440\" src=\"https:\/\/i0.wp.com\/escolagrancapita.wpcomstaging.com\/wp-content\/uploads\/2019\/11\/PRI_MUSEUMAR%C3%8DTIM-1-scaled.jpg?fit=2560%2C1440&amp;ssl=1\" class=\"attachment-full size-full\" alt=\"\" \/>\n\t\t\t<\/div><\/figure>\n\t\t<\/div>\n\n<p style=\"text-align: justify;\">A m\u00e9s, van aprofitar per veure el museu i gaudir d&#8217;una impressionat galera i de diferents aspectes sobre la navegaci\u00f3 mar\u00edtima.<\/p>\n<div id='gallery-3' class='gallery galleryid-11775 gallery-columns-5 gallery-size-full'><figure class='gallery-item'>\n\t\t\t<div class='gallery-icon portrait'>\n\t\t\t\t<img loading=\"lazy\" decoding=\"async\" width=\"768\" height=\"1024\" src=\"https:\/\/i0.wp.com\/escolagrancapita.wpcomstaging.com\/wp-content\/uploads\/2019\/11\/PRI_MUSEUMAR%C3%8DTIM-12.jpg?fit=768%2C1024&amp;ssl=1\" class=\"attachment-full size-full\" alt=\"\" \/>\n\t\t\t<\/div><\/figure><figure class='gallery-item'>\n\t\t\t<div class='gallery-icon portrait'>\n\t\t\t\t<img loading=\"lazy\" decoding=\"async\" width=\"768\" height=\"1024\" src=\"https:\/\/i0.wp.com\/escolagrancapita.wpcomstaging.com\/wp-content\/uploads\/2019\/11\/PRI_MUSEUMAR%C3%8DTIM-17.jpg?fit=768%2C1024&amp;ssl=1\" class=\"attachment-full size-full\" alt=\"\" \/>\n\t\t\t<\/div><\/figure><figure class='gallery-item'>\n\t\t\t<div class='gallery-icon portrait'>\n\t\t\t\t<img loading=\"lazy\" decoding=\"async\" width=\"768\" height=\"1024\" src=\"https:\/\/i0.wp.com\/escolagrancapita.wpcomstaging.com\/wp-content\/uploads\/2019\/11\/PRI_MUSEUMAR%C3%8DTIM-13.jpg?fit=768%2C1024&amp;ssl=1\" class=\"attachment-full size-full\" alt=\"\" \/>\n\t\t\t<\/div><\/figure><figure class='gallery-item'>\n\t\t\t<div class='gallery-icon portrait'>\n\t\t\t\t<img loading=\"lazy\" decoding=\"async\" width=\"768\" height=\"1024\" src=\"https:\/\/i0.wp.com\/escolagrancapita.wpcomstaging.com\/wp-content\/uploads\/2019\/11\/PRI_MUSEUMAR%C3%8DTIM-14.jpg?fit=768%2C1024&amp;ssl=1\" class=\"attachment-full size-full\" alt=\"\" \/>\n\t\t\t<\/div><\/figure><figure class='gallery-item'>\n\t\t\t<div class='gallery-icon portrait'>\n\t\t\t\t<img loading=\"lazy\" decoding=\"async\" width=\"768\" height=\"1024\" src=\"https:\/\/i0.wp.com\/escolagrancapita.wpcomstaging.com\/wp-content\/uploads\/2019\/11\/PRI_MUSEUMAR%C3%8DTIM-16.jpg?fit=768%2C1024&amp;ssl=1\" class=\"attachment-full size-full\" alt=\"\" \/>\n\t\t\t<\/div><\/figure>\n\t\t<\/div>\n\n<div id='gallery-4' class='gallery galleryid-11775 gallery-columns-3 gallery-size-full'><figure class='gallery-item'>\n\t\t\t<div class='gallery-icon landscape'>\n\t\t\t\t<img loading=\"lazy\" decoding=\"async\" width=\"2560\" height=\"1440\" src=\"https:\/\/i0.wp.com\/escolagrancapita.wpcomstaging.com\/wp-content\/uploads\/2019\/11\/PRI_MUSEUMAR%C3%8DTIM-10-scaled.jpg?fit=2560%2C1440&amp;ssl=1\" class=\"attachment-full size-full\" alt=\"\" \/>\n\t\t\t<\/div><\/figure><figure class='gallery-item'>\n\t\t\t<div class='gallery-icon landscape'>\n\t\t\t\t<img loading=\"lazy\" decoding=\"async\" width=\"1024\" height=\"768\" src=\"https:\/\/i0.wp.com\/escolagrancapita.wpcomstaging.com\/wp-content\/uploads\/2019\/11\/PRI_MUSEUMAR%C3%8DTIM-18.jpg?fit=1024%2C768&amp;ssl=1\" class=\"attachment-full size-full\" alt=\"\" \/>\n\t\t\t<\/div><\/figure><figure class='gallery-item'>\n\t\t\t<div class='gallery-icon landscape'>\n\t\t\t\t<img loading=\"lazy\" decoding=\"async\" width=\"2560\" height=\"1440\" src=\"https:\/\/i0.wp.com\/escolagrancapita.wpcomstaging.com\/wp-content\/uploads\/2019\/11\/PRI_MUSEUMAR%C3%8DTIM-9-scaled.jpg?fit=2560%2C1440&amp;ssl=1\" class=\"attachment-full size-full\" alt=\"\" \/>\n\t\t\t<\/div><\/figure>\n\t\t<\/div>\n\n<p style=\"text-align: justify;\">\n","protected":false},"excerpt":{"rendered":"<p>El passat divendres 22 de novembre, els alumnes del Cicle Inicial van anar d&#8217;excursi\u00f3 al Museu Mar\u00edtim de Barcelona (MMB). El MMB els va oferir &#8220;La mar de cels&#8220;, una activitat treballada dins del seu planetari digital. Els alumnes van<\/p>\n","protected":false},"author":1,"featured_media":0,"parent":661,"menu_order":0,"comment_status":"closed","ping_status":"closed","template":"","meta":{"_crdt_document":"","footnotes":""},"categories":[75],"tags":[119,86,82],"class_list":["post-11775","page","type-page","status-publish","hentry","category-activitats","tag-curs-2019-20","tag-ed-primaria","tag-sortides"],"jetpack_sharing_enabled":true,"_links":{"self":[{"href":"https:\/\/escolagrancapita.wpcomstaging.com\/index.php?rest_route=\/wp\/v2\/pages\/11775","targetHints":{"allow":["GET"]}}],"collection":[{"href":"https:\/\/escolagrancapita.wpcomstaging.com\/index.php?rest_route=\/wp\/v2\/pages"}],"about":[{"href":"https:\/\/escolagrancapita.wpcomstaging.com\/index.php?rest_route=\/wp\/v2\/types\/page"}],"author":[{"embeddable":true,"href":"https:\/\/escolagrancapita.wpcomstaging.com\/index.php?rest_route=\/wp\/v2\/users\/1"}],"replies":[{"embeddable":true,"href":"https:\/\/escolagrancapita.wpcomstaging.com\/index.php?rest_route=%2Fwp%2Fv2%2Fcomments&post=11775"}],"version-history":[{"count":0,"href":"https:\/\/escolagrancapita.wpcomstaging.com\/index.php?rest_route=\/wp\/v2\/pages\/11775\/revisions"}],"up":[{"embeddable":true,"href":"https:\/\/escolagrancapita.wpcomstaging.com\/index.php?rest_route=\/wp\/v2\/pages\/661"}],"wp:attachment":[{"href":"https:\/\/escolagrancapita.wpcomstaging.com\/index.php?rest_route=%2Fwp%2Fv2%2Fmedia&parent=11775"}],"wp:term":[{"taxonomy":"category","embeddable":true,"href":"https:\/\/escolagrancapita.wpcomstaging.com\/index.php?rest_route=%2Fwp%2Fv2%2Fcategories&post=11775"},{"taxonomy":"post_tag","embeddable":true,"href":"https:\/\/escolagrancapita.wpcomstaging.com\/index.php?rest_route=%2Fwp%2Fv2%2Ftags&post=11775"}],"curies":[{"name":"wp","href":"https:\/\/api.w.org\/{rel}","templated":true}]}}