{"id":13212,"date":"2020-10-12T16:53:47","date_gmt":"2020-10-12T16:53:47","guid":{"rendered":"https:\/\/escolagrancapita.wpcomstaging.com\/?page_id=13212"},"modified":"2023-11-12T09:39:19","modified_gmt":"2023-11-12T09:39:19","slug":"4t-deso-del-curs-2019-20-donen-diners-a-entitats-benefiques","status":"publish","type":"page","link":"https:\/\/escolagrancapita.wpcomstaging.com\/?page_id=13212","title":{"rendered":"4t d\u2019ESO del curs 2019-20 donen diners a entitats ben\u00e8fiques"},"content":{"rendered":"<p style=\"text-align: justify;\">Com ja sabeu, la pand\u00e8mia viscuda a partir del mes de mar\u00e7 ha tingut diverses conseq\u00fc\u00e8ncies, tant a nivell acad\u00e8mic com personal. Una d\u2019elles \u00e9s que els alumnes de 4t d\u2019ESO del curs passat (2019-20) no van poder realitzar el seu viatge de fi d\u2019etapa, activitat amb la qual tradicionalment es clausura la seva estada al centre.<\/p>\n<p style=\"text-align: justify;\">Per\u00f2 aquests alumnes havien promogut diferents activitats entre la comunitat educativa per recollir diners per al seu viatge: un <em>scape room <\/em>a Halloween, venda de productes nadalencs, sorteig de paneres al festival de Nadal, festa de Carnestoltes, sorteig d\u2019una tablet i un smart watch, etc.<\/p>\n<p style=\"text-align: justify;\">Un cop van saber que els diners recollits no es podien utilitzar en el seu viatge, els i les alumnes van decidir donar-los, una part per a entitats locals i l\u2019altra meitat per a la Marat\u00f3 de TV3, que enguany est\u00e0 dedicada a la recerca de la Covid-19.<\/p>\n<p style=\"text-align: justify;\">Aix\u00ed, els <strong>5975 euros<\/strong> recaptats han estat destinats a:<\/p>\n<ul style=\"text-align: justify;\">\n<li><a href=\"https:\/\/caritassantjoandespi.wordpress.com\/tag\/caritas-sant-joan-despi\/\" target=\"_blank\" rel=\"noopener noreferrer\">C\u00e0ritas Sant Joan Desp\u00ed<\/a>: 1.000 euros<\/li>\n<li><a href=\"#\" target=\"_blank\" rel=\"noopener noreferrer\">Esgl\u00e9sia Evang\u00e8lica de Sant Joan Desp\u00ed<\/a>: 1.000 euros<\/li>\n<li><a href=\"http:\/\/www.creuroja.despientitats.cat\/\" target=\"_blank\" rel=\"noopener noreferrer\">Creu Roja Sant Joan Desp\u00ed<\/a>: 990 euros<\/li>\n<li><a href=\"https:\/\/www.ccma.cat\/tv3\/marato\/fundacio\/\" target=\"_blank\" rel=\"noopener noreferrer\">Fundaci\u00f3 La Marat\u00f3 de TV3<\/a>: 2.985 euros<\/li>\n<\/ul>\n<p style=\"text-align: justify;\">Les entitats s\u2019han mostrat molt agra\u00efdes. Fins i tot ens han enviat algun v\u00eddeo per demostrar-ho.<\/p>\n<p><iframe loading=\"lazy\" src=\"https:\/\/www.youtube.com\/embed\/TZ4HV2sIq1g\" width=\"895\" height=\"492\" frameborder=\"0\" allowfullscreen=\"allowfullscreen\"><\/iframe><\/p>\n<p><iframe loading=\"lazy\" src=\"https:\/\/www.youtube.com\/embed\/i6decgADx34\" width=\"895\" height=\"671\" frameborder=\"0\" allowfullscreen=\"allowfullscreen\"><\/iframe><\/p>\n<p style=\"text-align: justify;\">Des del centre nom\u00e9s podem agrair a aquelles persones, familiars, amics, coneguts&#8230; que van participar en la recaptaci\u00f3 per al viatge dels nostres alumnes de 4t d\u2019ESO, i especialment a ells, que van decidir repartir-ho en diferents entitats ben\u00e8fiques per poder ajudar a persones molt diverses.<\/p>\n<p style=\"text-align: justify;\"><img data-recalc-dims=\"1\" loading=\"lazy\" decoding=\"async\" class=\"aligncenter wp-image-13211 size-full\" src=\"https:\/\/i0.wp.com\/escolagrancapita.wpcomstaging.com\/wp-content\/uploads\/2020\/10\/4ESO_donacio-scaled.jpg?resize=750%2C563&#038;ssl=1\" alt=\"\" width=\"750\" height=\"563\" srcset=\"https:\/\/escolagrancapita.wpcomstaging.com\/wp-content\/uploads\/2020\/10\/4ESO_donacio-scaled.jpg 2560w, https:\/\/escolagrancapita.wpcomstaging.com\/wp-content\/uploads\/2020\/10\/4ESO_donacio-300x225.jpg 300w, https:\/\/escolagrancapita.wpcomstaging.com\/wp-content\/uploads\/2020\/10\/4ESO_donacio-1024x768.jpg 1024w, https:\/\/escolagrancapita.wpcomstaging.com\/wp-content\/uploads\/2020\/10\/4ESO_donacio-768x576.jpg 768w, https:\/\/escolagrancapita.wpcomstaging.com\/wp-content\/uploads\/2020\/10\/4ESO_donacio-1536x1152.jpg 1536w, https:\/\/escolagrancapita.wpcomstaging.com\/wp-content\/uploads\/2020\/10\/4ESO_donacio-2048x1536.jpg 2048w\" sizes=\"auto, (max-width: 2560px) 100vw, 2560px\" \/><\/p>\n<p style=\"text-align: justify;\">Moltes gr\u00e0cies!<\/p>\n","protected":false},"excerpt":{"rendered":"<p>Com ja sabeu, la pand\u00e8mia viscuda a partir del mes de mar\u00e7 ha tingut diverses conseq\u00fc\u00e8ncies, tant a nivell acad\u00e8mic com personal. Una d\u2019elles \u00e9s que els alumnes de 4t d\u2019ESO del curs passat (2019-20) no van poder realitzar el<\/p>\n","protected":false},"author":1,"featured_media":0,"parent":659,"menu_order":0,"comment_status":"closed","ping_status":"closed","template":"","meta":{"_crdt_document":"","footnotes":""},"categories":[75],"tags":[127,43,56,62],"class_list":["post-13212","page","type-page","status-publish","hentry","category-activitats","tag-curs-2020-21","tag-ed-secundaria","tag-sant-joan-despi","tag-valors"],"jetpack_sharing_enabled":true,"_links":{"self":[{"href":"https:\/\/escolagrancapita.wpcomstaging.com\/index.php?rest_route=\/wp\/v2\/pages\/13212","targetHints":{"allow":["GET"]}}],"collection":[{"href":"https:\/\/escolagrancapita.wpcomstaging.com\/index.php?rest_route=\/wp\/v2\/pages"}],"about":[{"href":"https:\/\/escolagrancapita.wpcomstaging.com\/index.php?rest_route=\/wp\/v2\/types\/page"}],"author":[{"embeddable":true,"href":"https:\/\/escolagrancapita.wpcomstaging.com\/index.php?rest_route=\/wp\/v2\/users\/1"}],"replies":[{"embeddable":true,"href":"https:\/\/escolagrancapita.wpcomstaging.com\/index.php?rest_route=%2Fwp%2Fv2%2Fcomments&post=13212"}],"version-history":[{"count":1,"href":"https:\/\/escolagrancapita.wpcomstaging.com\/index.php?rest_route=\/wp\/v2\/pages\/13212\/revisions"}],"predecessor-version":[{"id":21063,"href":"https:\/\/escolagrancapita.wpcomstaging.com\/index.php?rest_route=\/wp\/v2\/pages\/13212\/revisions\/21063"}],"up":[{"embeddable":true,"href":"https:\/\/escolagrancapita.wpcomstaging.com\/index.php?rest_route=\/wp\/v2\/pages\/659"}],"wp:attachment":[{"href":"https:\/\/escolagrancapita.wpcomstaging.com\/index.php?rest_route=%2Fwp%2Fv2%2Fmedia&parent=13212"}],"wp:term":[{"taxonomy":"category","embeddable":true,"href":"https:\/\/escolagrancapita.wpcomstaging.com\/index.php?rest_route=%2Fwp%2Fv2%2Fcategories&post=13212"},{"taxonomy":"post_tag","embeddable":true,"href":"https:\/\/escolagrancapita.wpcomstaging.com\/index.php?rest_route=%2Fwp%2Fv2%2Ftags&post=13212"}],"curies":[{"name":"wp","href":"https:\/\/api.w.org\/{rel}","templated":true}]}}