{"id":13457,"date":"2020-11-07T17:27:53","date_gmt":"2020-11-07T17:27:53","guid":{"rendered":"https:\/\/escolagrancapita.wpcomstaging.com\/?page_id=13457"},"modified":"2020-11-07T17:31:19","modified_gmt":"2020-11-07T17:31:19","slug":"projecte-what-had-happened-on-earth","status":"publish","type":"page","link":"https:\/\/escolagrancapita.wpcomstaging.com\/?page_id=13457","title":{"rendered":"Projecte: \u201cWhat had happened on earth?\u201d"},"content":{"rendered":"<p style=\"text-align: justify;\">Aquest primer trimestre, 4t d&#8217;ESO ha treballat el tema \u201cWhat had happened on Earth?\u201d (Qu\u00e8 va passar a la Terra?) dins de la mat\u00e8ria de Biologia i Geologia.<\/p>\n<p style=\"text-align: justify;\">Han fet servir la metodologia <a href=\"https:\/\/escolagrancapita.wpcomstaging.com\/?page_id=7075\" target=\"_blank\" rel=\"noopener noreferrer\"><strong>AICLE<\/strong><\/a>, que consisteix en un aprenentatge integrat dels continguts i de la llengua estrangera, en aquest cas, de l&#8217;angl\u00e8s. La seva finalitat \u00e9s millorar la compet\u00e8ncia comunicativa dels alumnes, oferint-los contextos reals que augmentin la seva motivaci\u00f3 i ganes d&#8217;aprendre.<\/p>\n<p style=\"text-align: justify;\">Les activitats que es plantegen s\u00f3n molt manipulatives i porten a qu\u00e8 l&#8217;alumne investigui i aprengui a trav\u00e9s d&#8217;elles.<\/p>\n<p style=\"text-align: justify;\">En el cas d&#8217;aquest projecte, els alumnes van treballar en petits grups a on creaven els seus trencaclosques dels diferents l\u00edmits entre plaques tect\u00f2niques, per tal de sintetitzar i plasmar la informaci\u00f3 que havien obtingut a trav\u00e9s de la visi\u00f3 d&#8217;uns v\u00eddeos.<\/p>\n<div id='gallery-1' class='gallery galleryid-13457 gallery-columns-3 gallery-size-large'><figure class='gallery-item'>\n\t\t\t<div class='gallery-icon landscape'>\n\t\t\t\t<img loading=\"lazy\" decoding=\"async\" width=\"750\" height=\"563\" src=\"https:\/\/i0.wp.com\/escolagrancapita.wpcomstaging.com\/wp-content\/uploads\/2020\/11\/4ESO_geologia-1-scaled.jpg?fit=750%2C563&amp;ssl=1\" class=\"attachment-large size-large\" alt=\"\" srcset=\"https:\/\/i0.wp.com\/escolagrancapita.wpcomstaging.com\/wp-content\/uploads\/2020\/11\/4ESO_geologia-1-scaled.jpg?w=2560&amp;ssl=1 2560w, https:\/\/i0.wp.com\/escolagrancapita.wpcomstaging.com\/wp-content\/uploads\/2020\/11\/4ESO_geologia-1-scaled.jpg?resize=300%2C225&amp;ssl=1 300w, https:\/\/i0.wp.com\/escolagrancapita.wpcomstaging.com\/wp-content\/uploads\/2020\/11\/4ESO_geologia-1-scaled.jpg?resize=1024%2C768&amp;ssl=1 1024w, https:\/\/i0.wp.com\/escolagrancapita.wpcomstaging.com\/wp-content\/uploads\/2020\/11\/4ESO_geologia-1-scaled.jpg?resize=768%2C576&amp;ssl=1 768w, https:\/\/i0.wp.com\/escolagrancapita.wpcomstaging.com\/wp-content\/uploads\/2020\/11\/4ESO_geologia-1-scaled.jpg?resize=1536%2C1152&amp;ssl=1 1536w, https:\/\/i0.wp.com\/escolagrancapita.wpcomstaging.com\/wp-content\/uploads\/2020\/11\/4ESO_geologia-1-scaled.jpg?resize=2048%2C1536&amp;ssl=1 2048w, https:\/\/i0.wp.com\/escolagrancapita.wpcomstaging.com\/wp-content\/uploads\/2020\/11\/4ESO_geologia-1-scaled.jpg?w=2250&amp;ssl=1 2250w\" sizes=\"auto, (max-width: 750px) 100vw, 750px\" \/>\n\t\t\t<\/div><\/figure><figure class='gallery-item'>\n\t\t\t<div class='gallery-icon landscape'>\n\t\t\t\t<img loading=\"lazy\" decoding=\"async\" width=\"750\" height=\"563\" src=\"https:\/\/i0.wp.com\/escolagrancapita.wpcomstaging.com\/wp-content\/uploads\/2020\/11\/4ESO_geologia-6-scaled.jpg?fit=750%2C563&amp;ssl=1\" class=\"attachment-large size-large\" alt=\"\" srcset=\"https:\/\/i0.wp.com\/escolagrancapita.wpcomstaging.com\/wp-content\/uploads\/2020\/11\/4ESO_geologia-6-scaled.jpg?w=2560&amp;ssl=1 2560w, https:\/\/i0.wp.com\/escolagrancapita.wpcomstaging.com\/wp-content\/uploads\/2020\/11\/4ESO_geologia-6-scaled.jpg?resize=300%2C225&amp;ssl=1 300w, https:\/\/i0.wp.com\/escolagrancapita.wpcomstaging.com\/wp-content\/uploads\/2020\/11\/4ESO_geologia-6-scaled.jpg?resize=1024%2C768&amp;ssl=1 1024w, https:\/\/i0.wp.com\/escolagrancapita.wpcomstaging.com\/wp-content\/uploads\/2020\/11\/4ESO_geologia-6-scaled.jpg?resize=768%2C576&amp;ssl=1 768w, https:\/\/i0.wp.com\/escolagrancapita.wpcomstaging.com\/wp-content\/uploads\/2020\/11\/4ESO_geologia-6-scaled.jpg?resize=1536%2C1152&amp;ssl=1 1536w, https:\/\/i0.wp.com\/escolagrancapita.wpcomstaging.com\/wp-content\/uploads\/2020\/11\/4ESO_geologia-6-scaled.jpg?resize=2048%2C1536&amp;ssl=1 2048w, https:\/\/i0.wp.com\/escolagrancapita.wpcomstaging.com\/wp-content\/uploads\/2020\/11\/4ESO_geologia-6-scaled.jpg?w=2250&amp;ssl=1 2250w\" sizes=\"auto, (max-width: 750px) 100vw, 750px\" \/>\n\t\t\t<\/div><\/figure><figure class='gallery-item'>\n\t\t\t<div class='gallery-icon landscape'>\n\t\t\t\t<img loading=\"lazy\" decoding=\"async\" width=\"750\" height=\"563\" src=\"https:\/\/i0.wp.com\/escolagrancapita.wpcomstaging.com\/wp-content\/uploads\/2020\/11\/4ESO_geologia-5-scaled.jpg?fit=750%2C563&amp;ssl=1\" class=\"attachment-large size-large\" alt=\"\" srcset=\"https:\/\/i0.wp.com\/escolagrancapita.wpcomstaging.com\/wp-content\/uploads\/2020\/11\/4ESO_geologia-5-scaled.jpg?w=2560&amp;ssl=1 2560w, https:\/\/i0.wp.com\/escolagrancapita.wpcomstaging.com\/wp-content\/uploads\/2020\/11\/4ESO_geologia-5-scaled.jpg?resize=300%2C225&amp;ssl=1 300w, https:\/\/i0.wp.com\/escolagrancapita.wpcomstaging.com\/wp-content\/uploads\/2020\/11\/4ESO_geologia-5-scaled.jpg?resize=1024%2C768&amp;ssl=1 1024w, https:\/\/i0.wp.com\/escolagrancapita.wpcomstaging.com\/wp-content\/uploads\/2020\/11\/4ESO_geologia-5-scaled.jpg?resize=768%2C576&amp;ssl=1 768w, https:\/\/i0.wp.com\/escolagrancapita.wpcomstaging.com\/wp-content\/uploads\/2020\/11\/4ESO_geologia-5-scaled.jpg?resize=1536%2C1152&amp;ssl=1 1536w, https:\/\/i0.wp.com\/escolagrancapita.wpcomstaging.com\/wp-content\/uploads\/2020\/11\/4ESO_geologia-5-scaled.jpg?resize=2048%2C1536&amp;ssl=1 2048w, https:\/\/i0.wp.com\/escolagrancapita.wpcomstaging.com\/wp-content\/uploads\/2020\/11\/4ESO_geologia-5-scaled.jpg?w=2250&amp;ssl=1 2250w\" sizes=\"auto, (max-width: 750px) 100vw, 750px\" \/>\n\t\t\t<\/div><\/figure>\n\t\t<\/div>\n\n<p style=\"text-align: justify;\">Tamb\u00e9 van crear el seu diagrama sobre el cicle de les roques i van poder manipular unes maquetes fetes amb plastilina sobre els diferents efectes que produeixen els xocs de les plaques (tipus de plecs i falles).<\/p>\n<p style=\"text-align: justify;\">Aqu\u00ed teniu una mostra del seu treball:<\/p>\n<div id='gallery-2' class='gallery galleryid-13457 gallery-columns-1 gallery-size-full'><figure class='gallery-item'>\n\t\t\t<div class='gallery-icon landscape'>\n\t\t\t\t<img loading=\"lazy\" decoding=\"async\" width=\"2560\" height=\"1484\" src=\"https:\/\/i0.wp.com\/escolagrancapita.wpcomstaging.com\/wp-content\/uploads\/2020\/11\/4ESO_geologia-2-scaled-e1604769899487.jpg?fit=2560%2C1484&amp;ssl=1\" class=\"attachment-full size-full\" alt=\"\" srcset=\"https:\/\/i0.wp.com\/escolagrancapita.wpcomstaging.com\/wp-content\/uploads\/2020\/11\/4ESO_geologia-2-scaled-e1604769899487.jpg?w=2560&amp;ssl=1 2560w, https:\/\/i0.wp.com\/escolagrancapita.wpcomstaging.com\/wp-content\/uploads\/2020\/11\/4ESO_geologia-2-scaled-e1604769899487.jpg?resize=300%2C174&amp;ssl=1 300w, https:\/\/i0.wp.com\/escolagrancapita.wpcomstaging.com\/wp-content\/uploads\/2020\/11\/4ESO_geologia-2-scaled-e1604769899487.jpg?resize=1024%2C594&amp;ssl=1 1024w, https:\/\/i0.wp.com\/escolagrancapita.wpcomstaging.com\/wp-content\/uploads\/2020\/11\/4ESO_geologia-2-scaled-e1604769899487.jpg?resize=768%2C445&amp;ssl=1 768w, https:\/\/i0.wp.com\/escolagrancapita.wpcomstaging.com\/wp-content\/uploads\/2020\/11\/4ESO_geologia-2-scaled-e1604769899487.jpg?resize=1536%2C890&amp;ssl=1 1536w, https:\/\/i0.wp.com\/escolagrancapita.wpcomstaging.com\/wp-content\/uploads\/2020\/11\/4ESO_geologia-2-scaled-e1604769899487.jpg?resize=2048%2C1187&amp;ssl=1 2048w, https:\/\/i0.wp.com\/escolagrancapita.wpcomstaging.com\/wp-content\/uploads\/2020\/11\/4ESO_geologia-2-scaled-e1604769899487.jpg?w=2250&amp;ssl=1 2250w\" sizes=\"auto, (max-width: 750px) 100vw, 750px\" \/>\n\t\t\t<\/div><\/figure>\n\t\t<\/div>\n\n<div id='gallery-3' class='gallery galleryid-13457 gallery-columns-2 gallery-size-full'><figure class='gallery-item'>\n\t\t\t<div class='gallery-icon portrait'>\n\t\t\t\t<img loading=\"lazy\" decoding=\"async\" width=\"1920\" height=\"2560\" src=\"https:\/\/i0.wp.com\/escolagrancapita.wpcomstaging.com\/wp-content\/uploads\/2020\/11\/4ESO_geologia-4-scaled.jpg?fit=1920%2C2560&amp;ssl=1\" class=\"attachment-full size-full\" alt=\"\" srcset=\"https:\/\/i0.wp.com\/escolagrancapita.wpcomstaging.com\/wp-content\/uploads\/2020\/11\/4ESO_geologia-4-scaled.jpg?w=1920&amp;ssl=1 1920w, https:\/\/i0.wp.com\/escolagrancapita.wpcomstaging.com\/wp-content\/uploads\/2020\/11\/4ESO_geologia-4-scaled.jpg?resize=225%2C300&amp;ssl=1 225w, https:\/\/i0.wp.com\/escolagrancapita.wpcomstaging.com\/wp-content\/uploads\/2020\/11\/4ESO_geologia-4-scaled.jpg?resize=768%2C1024&amp;ssl=1 768w, https:\/\/i0.wp.com\/escolagrancapita.wpcomstaging.com\/wp-content\/uploads\/2020\/11\/4ESO_geologia-4-scaled.jpg?resize=1152%2C1536&amp;ssl=1 1152w, https:\/\/i0.wp.com\/escolagrancapita.wpcomstaging.com\/wp-content\/uploads\/2020\/11\/4ESO_geologia-4-scaled.jpg?resize=1536%2C2048&amp;ssl=1 1536w\" sizes=\"auto, (max-width: 750px) 100vw, 750px\" \/>\n\t\t\t<\/div><\/figure><figure class='gallery-item'>\n\t\t\t<div class='gallery-icon portrait'>\n\t\t\t\t<img loading=\"lazy\" decoding=\"async\" width=\"1920\" height=\"2560\" src=\"https:\/\/i0.wp.com\/escolagrancapita.wpcomstaging.com\/wp-content\/uploads\/2020\/11\/4ESO_geologia-3-scaled.jpg?fit=1920%2C2560&amp;ssl=1\" class=\"attachment-full size-full\" alt=\"\" srcset=\"https:\/\/i0.wp.com\/escolagrancapita.wpcomstaging.com\/wp-content\/uploads\/2020\/11\/4ESO_geologia-3-scaled.jpg?w=1920&amp;ssl=1 1920w, https:\/\/i0.wp.com\/escolagrancapita.wpcomstaging.com\/wp-content\/uploads\/2020\/11\/4ESO_geologia-3-scaled.jpg?resize=225%2C300&amp;ssl=1 225w, https:\/\/i0.wp.com\/escolagrancapita.wpcomstaging.com\/wp-content\/uploads\/2020\/11\/4ESO_geologia-3-scaled.jpg?resize=768%2C1024&amp;ssl=1 768w, https:\/\/i0.wp.com\/escolagrancapita.wpcomstaging.com\/wp-content\/uploads\/2020\/11\/4ESO_geologia-3-scaled.jpg?resize=1152%2C1536&amp;ssl=1 1152w, https:\/\/i0.wp.com\/escolagrancapita.wpcomstaging.com\/wp-content\/uploads\/2020\/11\/4ESO_geologia-3-scaled.jpg?resize=1536%2C2048&amp;ssl=1 1536w\" sizes=\"auto, (max-width: 750px) 100vw, 750px\" \/>\n\t\t\t<\/div><\/figure>\n\t\t<\/div>\n\n","protected":false},"excerpt":{"rendered":"<p>Aquest primer trimestre, 4t d&#8217;ESO ha treballat el tema \u201cWhat had happened on Earth?\u201d (Qu\u00e8 va passar a la Terra?) dins de la mat\u00e8ria de Biologia i Geologia. Han fet servir la metodologia AICLE, que consisteix en un aprenentatge integrat<\/p>\n","protected":false},"author":1,"featured_media":0,"parent":659,"menu_order":0,"comment_status":"closed","ping_status":"closed","template":"","meta":{"_crdt_document":"","footnotes":""},"categories":[92],"tags":[127,43,117,79],"class_list":["post-13457","page","type-page","status-publish","hentry","category-projectes","tag-curs-2020-21","tag-ed-secundaria","tag-plurilinguisme","tag-projectes"],"jetpack_sharing_enabled":true,"_links":{"self":[{"href":"https:\/\/escolagrancapita.wpcomstaging.com\/index.php?rest_route=\/wp\/v2\/pages\/13457","targetHints":{"allow":["GET"]}}],"collection":[{"href":"https:\/\/escolagrancapita.wpcomstaging.com\/index.php?rest_route=\/wp\/v2\/pages"}],"about":[{"href":"https:\/\/escolagrancapita.wpcomstaging.com\/index.php?rest_route=\/wp\/v2\/types\/page"}],"author":[{"embeddable":true,"href":"https:\/\/escolagrancapita.wpcomstaging.com\/index.php?rest_route=\/wp\/v2\/users\/1"}],"replies":[{"embeddable":true,"href":"https:\/\/escolagrancapita.wpcomstaging.com\/index.php?rest_route=%2Fwp%2Fv2%2Fcomments&post=13457"}],"version-history":[{"count":0,"href":"https:\/\/escolagrancapita.wpcomstaging.com\/index.php?rest_route=\/wp\/v2\/pages\/13457\/revisions"}],"up":[{"embeddable":true,"href":"https:\/\/escolagrancapita.wpcomstaging.com\/index.php?rest_route=\/wp\/v2\/pages\/659"}],"wp:attachment":[{"href":"https:\/\/escolagrancapita.wpcomstaging.com\/index.php?rest_route=%2Fwp%2Fv2%2Fmedia&parent=13457"}],"wp:term":[{"taxonomy":"category","embeddable":true,"href":"https:\/\/escolagrancapita.wpcomstaging.com\/index.php?rest_route=%2Fwp%2Fv2%2Fcategories&post=13457"},{"taxonomy":"post_tag","embeddable":true,"href":"https:\/\/escolagrancapita.wpcomstaging.com\/index.php?rest_route=%2Fwp%2Fv2%2Ftags&post=13457"}],"curies":[{"name":"wp","href":"https:\/\/api.w.org\/{rel}","templated":true}]}}