{"id":15097,"date":"2021-05-09T16:37:35","date_gmt":"2021-05-09T16:37:35","guid":{"rendered":"https:\/\/escolagrancapita.wpcomstaging.com\/?page_id=15097"},"modified":"2023-11-12T09:39:34","modified_gmt":"2023-11-12T09:39:34","slug":"fem-un-pop-up","status":"publish","type":"page","link":"https:\/\/escolagrancapita.wpcomstaging.com\/?page_id=15097","title":{"rendered":"Fem un &#8220;Pop up&#8221;!"},"content":{"rendered":"<p style=\"text-align: justify;\"><strong>Sabeu el qu\u00e8 \u00e9s un &#8220;Pop up&#8221;?<\/strong>\u00a0Els alumnes de 5\u00e8 de Prim\u00e0ria us ho ensenyen!<\/p>\n<div id='gallery-1' class='gallery galleryid-0 gallery-columns-1 gallery-size-full'>\n<figure class='gallery-item'>\n<div class='gallery-icon landscape'>\n\t\t\t\t<img data-recalc-dims=\"1\" loading=\"lazy\" decoding=\"async\" width=\"750\" height=\"382\" src=\"https:\/\/i0.wp.com\/escolagrancapita.wpcomstaging.com\/wp-content\/uploads\/2021\/03\/5PRI_plastica-7-scaled-e1620463317267.jpg?resize=750%2C382&#038;ssl=1\" class=\"attachment-full size-full\" alt=\"\" srcset=\"https:\/\/escolagrancapita.wpcomstaging.com\/wp-content\/uploads\/2021\/03\/5PRI_plastica-7-scaled-e1620463317267.jpg 2560w, https:\/\/escolagrancapita.wpcomstaging.com\/wp-content\/uploads\/2021\/03\/5PRI_plastica-7-scaled-e1620463317267-300x153.jpg 300w, https:\/\/escolagrancapita.wpcomstaging.com\/wp-content\/uploads\/2021\/03\/5PRI_plastica-7-scaled-e1620463317267-1024x522.jpg 1024w, https:\/\/escolagrancapita.wpcomstaging.com\/wp-content\/uploads\/2021\/03\/5PRI_plastica-7-scaled-e1620463317267-768x392.jpg 768w, https:\/\/escolagrancapita.wpcomstaging.com\/wp-content\/uploads\/2021\/03\/5PRI_plastica-7-scaled-e1620463317267-1536x783.jpg 1536w, https:\/\/escolagrancapita.wpcomstaging.com\/wp-content\/uploads\/2021\/03\/5PRI_plastica-7-scaled-e1620463317267-2048x1044.jpg 2048w\" sizes=\"auto, (max-width: 2560px) 100vw, 2560px\" \/>\n\t\t\t<\/div>\n<\/figure><\/div>\n<p style=\"text-align: justify;\">A l&#8217;assignatura de <strong>Visual i Pl\u00e0stica<\/strong> tota la classe ha pogut fer la seva pr\u00f2pia creaci\u00f3 d&#8217;un Pop up amb diferents materials.<\/p>\n<p style=\"text-align: justify;\">Primerament, es va estudiar la t\u00e8cnica i mitjan\u00e7ant la visualitzaci\u00f3 de v\u00eddeos i imatges van poder aprendre el qu\u00e8 era i com es feia. Aquesta enginyeria del paper \u00e9s molt \u00fatil per crear objectes molt visuals i mec\u00e0nics amb volum, com ara targetes de felicitacions o llibres infantils.<\/p>\n<p style=\"text-align: justify;\">En aquest cas, 5\u00e8 va fer-ho d&#8217;una tem\u00e0tica triada per ells i elles i fent servir el material que m\u00e9s els hi agrad\u00e9s.<\/p>\n<div id='gallery-2' class='gallery galleryid-0 gallery-columns-3 gallery-size-full'>\n<figure class='gallery-item'>\n<div class='gallery-icon portrait'>\n\t\t\t\t<img data-recalc-dims=\"1\" loading=\"lazy\" decoding=\"async\" width=\"750\" height=\"1000\" src=\"https:\/\/i0.wp.com\/escolagrancapita.wpcomstaging.com\/wp-content\/uploads\/2021\/03\/5PRI_plastica-6-scaled.jpg?resize=750%2C1000&#038;ssl=1\" class=\"attachment-full size-full\" alt=\"\" srcset=\"https:\/\/escolagrancapita.wpcomstaging.com\/wp-content\/uploads\/2021\/03\/5PRI_plastica-6-scaled.jpg 1920w, https:\/\/escolagrancapita.wpcomstaging.com\/wp-content\/uploads\/2021\/03\/5PRI_plastica-6-225x300.jpg 225w, https:\/\/escolagrancapita.wpcomstaging.com\/wp-content\/uploads\/2021\/03\/5PRI_plastica-6-768x1024.jpg 768w, https:\/\/escolagrancapita.wpcomstaging.com\/wp-content\/uploads\/2021\/03\/5PRI_plastica-6-1152x1536.jpg 1152w, https:\/\/escolagrancapita.wpcomstaging.com\/wp-content\/uploads\/2021\/03\/5PRI_plastica-6-1536x2048.jpg 1536w\" sizes=\"auto, (max-width: 1920px) 100vw, 1920px\" \/>\n\t\t\t<\/div>\n<\/figure>\n<figure class='gallery-item'>\n<div class='gallery-icon portrait'>\n\t\t\t\t<img data-recalc-dims=\"1\" loading=\"lazy\" decoding=\"async\" width=\"750\" height=\"1000\" src=\"https:\/\/i0.wp.com\/escolagrancapita.wpcomstaging.com\/wp-content\/uploads\/2021\/03\/5PRI_plastica-5-scaled.jpg?resize=750%2C1000&#038;ssl=1\" class=\"attachment-full size-full\" alt=\"\" srcset=\"https:\/\/escolagrancapita.wpcomstaging.com\/wp-content\/uploads\/2021\/03\/5PRI_plastica-5-scaled.jpg 1920w, https:\/\/escolagrancapita.wpcomstaging.com\/wp-content\/uploads\/2021\/03\/5PRI_plastica-5-225x300.jpg 225w, https:\/\/escolagrancapita.wpcomstaging.com\/wp-content\/uploads\/2021\/03\/5PRI_plastica-5-768x1024.jpg 768w, https:\/\/escolagrancapita.wpcomstaging.com\/wp-content\/uploads\/2021\/03\/5PRI_plastica-5-1152x1536.jpg 1152w, https:\/\/escolagrancapita.wpcomstaging.com\/wp-content\/uploads\/2021\/03\/5PRI_plastica-5-1536x2048.jpg 1536w\" sizes=\"auto, (max-width: 1920px) 100vw, 1920px\" \/>\n\t\t\t<\/div>\n<\/figure>\n<figure class='gallery-item'>\n<div class='gallery-icon portrait'>\n\t\t\t\t<img data-recalc-dims=\"1\" loading=\"lazy\" decoding=\"async\" width=\"750\" height=\"1000\" src=\"https:\/\/i0.wp.com\/escolagrancapita.wpcomstaging.com\/wp-content\/uploads\/2021\/03\/5PRI_plastica-4-scaled.jpg?resize=750%2C1000&#038;ssl=1\" class=\"attachment-full size-full\" alt=\"\" srcset=\"https:\/\/escolagrancapita.wpcomstaging.com\/wp-content\/uploads\/2021\/03\/5PRI_plastica-4-scaled.jpg 1920w, https:\/\/escolagrancapita.wpcomstaging.com\/wp-content\/uploads\/2021\/03\/5PRI_plastica-4-225x300.jpg 225w, https:\/\/escolagrancapita.wpcomstaging.com\/wp-content\/uploads\/2021\/03\/5PRI_plastica-4-768x1024.jpg 768w, https:\/\/escolagrancapita.wpcomstaging.com\/wp-content\/uploads\/2021\/03\/5PRI_plastica-4-1152x1536.jpg 1152w, https:\/\/escolagrancapita.wpcomstaging.com\/wp-content\/uploads\/2021\/03\/5PRI_plastica-4-1536x2048.jpg 1536w\" sizes=\"auto, (max-width: 1920px) 100vw, 1920px\" \/>\n\t\t\t<\/div>\n<\/figure>\n<figure class='gallery-item'>\n<div class='gallery-icon portrait'>\n\t\t\t\t<img data-recalc-dims=\"1\" loading=\"lazy\" decoding=\"async\" width=\"750\" height=\"1000\" src=\"https:\/\/i0.wp.com\/escolagrancapita.wpcomstaging.com\/wp-content\/uploads\/2021\/03\/5PRI_plastica-3-scaled.jpg?resize=750%2C1000&#038;ssl=1\" class=\"attachment-full size-full\" alt=\"\" srcset=\"https:\/\/escolagrancapita.wpcomstaging.com\/wp-content\/uploads\/2021\/03\/5PRI_plastica-3-scaled.jpg 1920w, https:\/\/escolagrancapita.wpcomstaging.com\/wp-content\/uploads\/2021\/03\/5PRI_plastica-3-225x300.jpg 225w, https:\/\/escolagrancapita.wpcomstaging.com\/wp-content\/uploads\/2021\/03\/5PRI_plastica-3-768x1024.jpg 768w, https:\/\/escolagrancapita.wpcomstaging.com\/wp-content\/uploads\/2021\/03\/5PRI_plastica-3-1152x1536.jpg 1152w, https:\/\/escolagrancapita.wpcomstaging.com\/wp-content\/uploads\/2021\/03\/5PRI_plastica-3-1536x2048.jpg 1536w\" sizes=\"auto, (max-width: 1920px) 100vw, 1920px\" \/>\n\t\t\t<\/div>\n<\/figure>\n<figure class='gallery-item'>\n<div class='gallery-icon portrait'>\n\t\t\t\t<img data-recalc-dims=\"1\" loading=\"lazy\" decoding=\"async\" width=\"750\" height=\"1000\" src=\"https:\/\/i0.wp.com\/escolagrancapita.wpcomstaging.com\/wp-content\/uploads\/2021\/03\/5PRI_plastica-2-scaled.jpg?resize=750%2C1000&#038;ssl=1\" class=\"attachment-full size-full\" alt=\"\" srcset=\"https:\/\/escolagrancapita.wpcomstaging.com\/wp-content\/uploads\/2021\/03\/5PRI_plastica-2-scaled.jpg 1920w, https:\/\/escolagrancapita.wpcomstaging.com\/wp-content\/uploads\/2021\/03\/5PRI_plastica-2-225x300.jpg 225w, https:\/\/escolagrancapita.wpcomstaging.com\/wp-content\/uploads\/2021\/03\/5PRI_plastica-2-768x1024.jpg 768w, https:\/\/escolagrancapita.wpcomstaging.com\/wp-content\/uploads\/2021\/03\/5PRI_plastica-2-1152x1536.jpg 1152w, https:\/\/escolagrancapita.wpcomstaging.com\/wp-content\/uploads\/2021\/03\/5PRI_plastica-2-1536x2048.jpg 1536w\" sizes=\"auto, (max-width: 1920px) 100vw, 1920px\" \/>\n\t\t\t<\/div>\n<\/figure>\n<figure class='gallery-item'>\n<div class='gallery-icon portrait'>\n\t\t\t\t<img data-recalc-dims=\"1\" loading=\"lazy\" decoding=\"async\" width=\"750\" height=\"1000\" src=\"https:\/\/i0.wp.com\/escolagrancapita.wpcomstaging.com\/wp-content\/uploads\/2021\/03\/5PRI_plastica-1-scaled.jpg?resize=750%2C1000&#038;ssl=1\" class=\"attachment-full size-full\" alt=\"\" srcset=\"https:\/\/escolagrancapita.wpcomstaging.com\/wp-content\/uploads\/2021\/03\/5PRI_plastica-1-scaled.jpg 1920w, https:\/\/escolagrancapita.wpcomstaging.com\/wp-content\/uploads\/2021\/03\/5PRI_plastica-1-225x300.jpg 225w, https:\/\/escolagrancapita.wpcomstaging.com\/wp-content\/uploads\/2021\/03\/5PRI_plastica-1-768x1024.jpg 768w, https:\/\/escolagrancapita.wpcomstaging.com\/wp-content\/uploads\/2021\/03\/5PRI_plastica-1-1152x1536.jpg 1152w, https:\/\/escolagrancapita.wpcomstaging.com\/wp-content\/uploads\/2021\/03\/5PRI_plastica-1-1536x2048.jpg 1536w\" sizes=\"auto, (max-width: 1920px) 100vw, 1920px\" \/>\n\t\t\t<\/div>\n<\/figure><\/div>\n<p style=\"text-align: justify;\"><em><strong>Van sortir uns \u201cPop up\u201d molt divertits!\u00a0<\/strong><\/em><a href=\"#\" target=\"_blank\" rel=\"noopener\">Us animeu a fer-ne un?<\/a> &#x1f600;<\/p>\n","protected":false},"excerpt":{"rendered":"<p>Sabeu el qu\u00e8 \u00e9s un &#8220;Pop up&#8221;?\u00a0Els alumnes de 5\u00e8 de Prim\u00e0ria us ho ensenyen! A l&#8217;assignatura de Visual i Pl\u00e0stica tota la classe ha pogut fer la seva pr\u00f2pia creaci\u00f3 d&#8217;un Pop up amb diferents materials. Primerament, es va<\/p>\n","protected":false},"author":1,"featured_media":0,"parent":661,"menu_order":0,"comment_status":"closed","ping_status":"closed","template":"","meta":{"_crdt_document":"","footnotes":""},"categories":[75],"tags":[127,86],"class_list":["post-15097","page","type-page","status-publish","hentry","category-activitats","tag-curs-2020-21","tag-ed-primaria"],"jetpack_sharing_enabled":true,"_links":{"self":[{"href":"https:\/\/escolagrancapita.wpcomstaging.com\/index.php?rest_route=\/wp\/v2\/pages\/15097","targetHints":{"allow":["GET"]}}],"collection":[{"href":"https:\/\/escolagrancapita.wpcomstaging.com\/index.php?rest_route=\/wp\/v2\/pages"}],"about":[{"href":"https:\/\/escolagrancapita.wpcomstaging.com\/index.php?rest_route=\/wp\/v2\/types\/page"}],"author":[{"embeddable":true,"href":"https:\/\/escolagrancapita.wpcomstaging.com\/index.php?rest_route=\/wp\/v2\/users\/1"}],"replies":[{"embeddable":true,"href":"https:\/\/escolagrancapita.wpcomstaging.com\/index.php?rest_route=%2Fwp%2Fv2%2Fcomments&post=15097"}],"version-history":[{"count":1,"href":"https:\/\/escolagrancapita.wpcomstaging.com\/index.php?rest_route=\/wp\/v2\/pages\/15097\/revisions"}],"predecessor-version":[{"id":21069,"href":"https:\/\/escolagrancapita.wpcomstaging.com\/index.php?rest_route=\/wp\/v2\/pages\/15097\/revisions\/21069"}],"up":[{"embeddable":true,"href":"https:\/\/escolagrancapita.wpcomstaging.com\/index.php?rest_route=\/wp\/v2\/pages\/661"}],"wp:attachment":[{"href":"https:\/\/escolagrancapita.wpcomstaging.com\/index.php?rest_route=%2Fwp%2Fv2%2Fmedia&parent=15097"}],"wp:term":[{"taxonomy":"category","embeddable":true,"href":"https:\/\/escolagrancapita.wpcomstaging.com\/index.php?rest_route=%2Fwp%2Fv2%2Fcategories&post=15097"},{"taxonomy":"post_tag","embeddable":true,"href":"https:\/\/escolagrancapita.wpcomstaging.com\/index.php?rest_route=%2Fwp%2Fv2%2Ftags&post=15097"}],"curies":[{"name":"wp","href":"https:\/\/api.w.org\/{rel}","templated":true}]}}