{"id":15234,"date":"2021-04-11T16:48:20","date_gmt":"2021-04-11T16:48:20","guid":{"rendered":"https:\/\/escolagrancapita.wpcomstaging.com\/?page_id=15234"},"modified":"2021-04-11T16:48:27","modified_gmt":"2021-04-11T16:48:27","slug":"quins-son-els-invents-mes-importants-a-les-nostres-vides-2n-eso","status":"publish","type":"page","link":"https:\/\/escolagrancapita.wpcomstaging.com\/?page_id=15234","title":{"rendered":"Quins s\u00f3n els invents m\u00e9s importants a les nostres vides?"},"content":{"rendered":"<p style=\"text-align: justify;\">2n d&#8217;ESO, a comen\u00e7aments del tercer trimestre, han estat investigant a l&#8217;assignatura d&#8217;angl\u00e8s quins s\u00f3n els invents que han canviat la hist\u00f2ria de la humanitat. A m\u00e9s de con\u00e8ixer l&#8217;origen d&#8217;aquests invents, han utilitzat les estructures de la veu passiva que estaven estudiant: <em>It was invented in &#8230; by &#8230; \/ It is used to &#8230;<\/em><\/p>\n<p style=\"text-align: justify;\">En grups de 3-4 alumnes, un cop decidit els invents que volien analitzar (el cotxe, la impremta, l&#8217;anest\u00e8sia, el bol\u00edgraf, el tel\u00e8fon, l&#8217;ordinador, el pal de fregar, la bombeta el\u00e8ctrica i la televisi\u00f3), van haver d&#8217;exposar els seus coneixements a la resta de la classe mitjan\u00e7ant una presentaci\u00f3 oral tamb\u00e9 en angl\u00e8s.<\/p>\n<div id='gallery-1' class='gallery galleryid-15234 gallery-columns-4 gallery-size-full'><figure class='gallery-item'>\n\t\t\t<div class='gallery-icon landscape'>\n\t\t\t\t<img loading=\"lazy\" decoding=\"async\" width=\"2560\" height=\"1920\" src=\"https:\/\/i0.wp.com\/escolagrancapita.wpcomstaging.com\/wp-content\/uploads\/2021\/04\/2ESO_INVENTIONS-4-scaled.jpg?fit=2560%2C1920&amp;ssl=1\" class=\"attachment-full size-full\" alt=\"\" srcset=\"https:\/\/i0.wp.com\/escolagrancapita.wpcomstaging.com\/wp-content\/uploads\/2021\/04\/2ESO_INVENTIONS-4-scaled.jpg?w=2560&amp;ssl=1 2560w, https:\/\/i0.wp.com\/escolagrancapita.wpcomstaging.com\/wp-content\/uploads\/2021\/04\/2ESO_INVENTIONS-4-scaled.jpg?resize=300%2C225&amp;ssl=1 300w, https:\/\/i0.wp.com\/escolagrancapita.wpcomstaging.com\/wp-content\/uploads\/2021\/04\/2ESO_INVENTIONS-4-scaled.jpg?resize=1024%2C768&amp;ssl=1 1024w, https:\/\/i0.wp.com\/escolagrancapita.wpcomstaging.com\/wp-content\/uploads\/2021\/04\/2ESO_INVENTIONS-4-scaled.jpg?resize=768%2C576&amp;ssl=1 768w, https:\/\/i0.wp.com\/escolagrancapita.wpcomstaging.com\/wp-content\/uploads\/2021\/04\/2ESO_INVENTIONS-4-scaled.jpg?resize=1536%2C1152&amp;ssl=1 1536w, https:\/\/i0.wp.com\/escolagrancapita.wpcomstaging.com\/wp-content\/uploads\/2021\/04\/2ESO_INVENTIONS-4-scaled.jpg?resize=2048%2C1536&amp;ssl=1 2048w, https:\/\/i0.wp.com\/escolagrancapita.wpcomstaging.com\/wp-content\/uploads\/2021\/04\/2ESO_INVENTIONS-4-scaled.jpg?w=2250&amp;ssl=1 2250w\" sizes=\"auto, (max-width: 750px) 100vw, 750px\" \/>\n\t\t\t<\/div><\/figure><figure class='gallery-item'>\n\t\t\t<div class='gallery-icon landscape'>\n\t\t\t\t<img loading=\"lazy\" decoding=\"async\" width=\"2560\" height=\"1920\" src=\"https:\/\/i0.wp.com\/escolagrancapita.wpcomstaging.com\/wp-content\/uploads\/2021\/04\/2ESO_INVENTIONS-2-scaled.jpg?fit=2560%2C1920&amp;ssl=1\" class=\"attachment-full size-full\" alt=\"\" srcset=\"https:\/\/i0.wp.com\/escolagrancapita.wpcomstaging.com\/wp-content\/uploads\/2021\/04\/2ESO_INVENTIONS-2-scaled.jpg?w=2560&amp;ssl=1 2560w, https:\/\/i0.wp.com\/escolagrancapita.wpcomstaging.com\/wp-content\/uploads\/2021\/04\/2ESO_INVENTIONS-2-scaled.jpg?resize=300%2C225&amp;ssl=1 300w, https:\/\/i0.wp.com\/escolagrancapita.wpcomstaging.com\/wp-content\/uploads\/2021\/04\/2ESO_INVENTIONS-2-scaled.jpg?resize=1024%2C768&amp;ssl=1 1024w, https:\/\/i0.wp.com\/escolagrancapita.wpcomstaging.com\/wp-content\/uploads\/2021\/04\/2ESO_INVENTIONS-2-scaled.jpg?resize=768%2C576&amp;ssl=1 768w, https:\/\/i0.wp.com\/escolagrancapita.wpcomstaging.com\/wp-content\/uploads\/2021\/04\/2ESO_INVENTIONS-2-scaled.jpg?resize=1536%2C1152&amp;ssl=1 1536w, https:\/\/i0.wp.com\/escolagrancapita.wpcomstaging.com\/wp-content\/uploads\/2021\/04\/2ESO_INVENTIONS-2-scaled.jpg?resize=2048%2C1536&amp;ssl=1 2048w, https:\/\/i0.wp.com\/escolagrancapita.wpcomstaging.com\/wp-content\/uploads\/2021\/04\/2ESO_INVENTIONS-2-scaled.jpg?w=2250&amp;ssl=1 2250w\" sizes=\"auto, (max-width: 750px) 100vw, 750px\" \/>\n\t\t\t<\/div><\/figure><figure class='gallery-item'>\n\t\t\t<div class='gallery-icon landscape'>\n\t\t\t\t<img loading=\"lazy\" decoding=\"async\" width=\"2560\" height=\"1920\" src=\"https:\/\/i0.wp.com\/escolagrancapita.wpcomstaging.com\/wp-content\/uploads\/2021\/04\/2ESO_INVENTIONS-1-scaled.jpg?fit=2560%2C1920&amp;ssl=1\" class=\"attachment-full size-full\" alt=\"\" srcset=\"https:\/\/i0.wp.com\/escolagrancapita.wpcomstaging.com\/wp-content\/uploads\/2021\/04\/2ESO_INVENTIONS-1-scaled.jpg?w=2560&amp;ssl=1 2560w, https:\/\/i0.wp.com\/escolagrancapita.wpcomstaging.com\/wp-content\/uploads\/2021\/04\/2ESO_INVENTIONS-1-scaled.jpg?resize=300%2C225&amp;ssl=1 300w, https:\/\/i0.wp.com\/escolagrancapita.wpcomstaging.com\/wp-content\/uploads\/2021\/04\/2ESO_INVENTIONS-1-scaled.jpg?resize=1024%2C768&amp;ssl=1 1024w, https:\/\/i0.wp.com\/escolagrancapita.wpcomstaging.com\/wp-content\/uploads\/2021\/04\/2ESO_INVENTIONS-1-scaled.jpg?resize=768%2C576&amp;ssl=1 768w, https:\/\/i0.wp.com\/escolagrancapita.wpcomstaging.com\/wp-content\/uploads\/2021\/04\/2ESO_INVENTIONS-1-scaled.jpg?resize=1536%2C1152&amp;ssl=1 1536w, https:\/\/i0.wp.com\/escolagrancapita.wpcomstaging.com\/wp-content\/uploads\/2021\/04\/2ESO_INVENTIONS-1-scaled.jpg?resize=2048%2C1536&amp;ssl=1 2048w, https:\/\/i0.wp.com\/escolagrancapita.wpcomstaging.com\/wp-content\/uploads\/2021\/04\/2ESO_INVENTIONS-1-scaled.jpg?w=2250&amp;ssl=1 2250w\" sizes=\"auto, (max-width: 750px) 100vw, 750px\" \/>\n\t\t\t<\/div><\/figure><figure class='gallery-item'>\n\t\t\t<div class='gallery-icon landscape'>\n\t\t\t\t<img loading=\"lazy\" decoding=\"async\" width=\"2560\" height=\"1920\" src=\"https:\/\/i0.wp.com\/escolagrancapita.wpcomstaging.com\/wp-content\/uploads\/2021\/04\/2ESO_INVENTIONS-10-scaled.jpg?fit=2560%2C1920&amp;ssl=1\" class=\"attachment-full size-full\" alt=\"\" srcset=\"https:\/\/i0.wp.com\/escolagrancapita.wpcomstaging.com\/wp-content\/uploads\/2021\/04\/2ESO_INVENTIONS-10-scaled.jpg?w=2560&amp;ssl=1 2560w, https:\/\/i0.wp.com\/escolagrancapita.wpcomstaging.com\/wp-content\/uploads\/2021\/04\/2ESO_INVENTIONS-10-scaled.jpg?resize=300%2C225&amp;ssl=1 300w, https:\/\/i0.wp.com\/escolagrancapita.wpcomstaging.com\/wp-content\/uploads\/2021\/04\/2ESO_INVENTIONS-10-scaled.jpg?resize=1024%2C768&amp;ssl=1 1024w, https:\/\/i0.wp.com\/escolagrancapita.wpcomstaging.com\/wp-content\/uploads\/2021\/04\/2ESO_INVENTIONS-10-scaled.jpg?resize=768%2C576&amp;ssl=1 768w, https:\/\/i0.wp.com\/escolagrancapita.wpcomstaging.com\/wp-content\/uploads\/2021\/04\/2ESO_INVENTIONS-10-scaled.jpg?resize=1536%2C1152&amp;ssl=1 1536w, https:\/\/i0.wp.com\/escolagrancapita.wpcomstaging.com\/wp-content\/uploads\/2021\/04\/2ESO_INVENTIONS-10-scaled.jpg?resize=2048%2C1536&amp;ssl=1 2048w, https:\/\/i0.wp.com\/escolagrancapita.wpcomstaging.com\/wp-content\/uploads\/2021\/04\/2ESO_INVENTIONS-10-scaled.jpg?w=2250&amp;ssl=1 2250w\" sizes=\"auto, (max-width: 750px) 100vw, 750px\" \/>\n\t\t\t<\/div><\/figure>\n\t\t<\/div>\n\n<div id='gallery-2' class='gallery galleryid-15234 gallery-columns-5 gallery-size-full'><figure class='gallery-item'>\n\t\t\t<div class='gallery-icon landscape'>\n\t\t\t\t<img loading=\"lazy\" decoding=\"async\" width=\"2560\" height=\"1920\" src=\"https:\/\/i0.wp.com\/escolagrancapita.wpcomstaging.com\/wp-content\/uploads\/2021\/04\/2ESO_INVENTIONS-9-scaled.jpg?fit=2560%2C1920&amp;ssl=1\" class=\"attachment-full size-full\" alt=\"\" srcset=\"https:\/\/i0.wp.com\/escolagrancapita.wpcomstaging.com\/wp-content\/uploads\/2021\/04\/2ESO_INVENTIONS-9-scaled.jpg?w=2560&amp;ssl=1 2560w, https:\/\/i0.wp.com\/escolagrancapita.wpcomstaging.com\/wp-content\/uploads\/2021\/04\/2ESO_INVENTIONS-9-scaled.jpg?resize=300%2C225&amp;ssl=1 300w, https:\/\/i0.wp.com\/escolagrancapita.wpcomstaging.com\/wp-content\/uploads\/2021\/04\/2ESO_INVENTIONS-9-scaled.jpg?resize=1024%2C768&amp;ssl=1 1024w, https:\/\/i0.wp.com\/escolagrancapita.wpcomstaging.com\/wp-content\/uploads\/2021\/04\/2ESO_INVENTIONS-9-scaled.jpg?resize=768%2C576&amp;ssl=1 768w, https:\/\/i0.wp.com\/escolagrancapita.wpcomstaging.com\/wp-content\/uploads\/2021\/04\/2ESO_INVENTIONS-9-scaled.jpg?resize=1536%2C1152&amp;ssl=1 1536w, https:\/\/i0.wp.com\/escolagrancapita.wpcomstaging.com\/wp-content\/uploads\/2021\/04\/2ESO_INVENTIONS-9-scaled.jpg?resize=2048%2C1536&amp;ssl=1 2048w, https:\/\/i0.wp.com\/escolagrancapita.wpcomstaging.com\/wp-content\/uploads\/2021\/04\/2ESO_INVENTIONS-9-scaled.jpg?w=2250&amp;ssl=1 2250w\" sizes=\"auto, (max-width: 750px) 100vw, 750px\" \/>\n\t\t\t<\/div><\/figure><figure class='gallery-item'>\n\t\t\t<div class='gallery-icon landscape'>\n\t\t\t\t<img loading=\"lazy\" decoding=\"async\" width=\"2560\" height=\"1920\" src=\"https:\/\/i0.wp.com\/escolagrancapita.wpcomstaging.com\/wp-content\/uploads\/2021\/04\/2ESO_INVENTIONS-8-scaled.jpg?fit=2560%2C1920&amp;ssl=1\" class=\"attachment-full size-full\" alt=\"\" srcset=\"https:\/\/i0.wp.com\/escolagrancapita.wpcomstaging.com\/wp-content\/uploads\/2021\/04\/2ESO_INVENTIONS-8-scaled.jpg?w=2560&amp;ssl=1 2560w, https:\/\/i0.wp.com\/escolagrancapita.wpcomstaging.com\/wp-content\/uploads\/2021\/04\/2ESO_INVENTIONS-8-scaled.jpg?resize=300%2C225&amp;ssl=1 300w, https:\/\/i0.wp.com\/escolagrancapita.wpcomstaging.com\/wp-content\/uploads\/2021\/04\/2ESO_INVENTIONS-8-scaled.jpg?resize=1024%2C768&amp;ssl=1 1024w, https:\/\/i0.wp.com\/escolagrancapita.wpcomstaging.com\/wp-content\/uploads\/2021\/04\/2ESO_INVENTIONS-8-scaled.jpg?resize=768%2C576&amp;ssl=1 768w, https:\/\/i0.wp.com\/escolagrancapita.wpcomstaging.com\/wp-content\/uploads\/2021\/04\/2ESO_INVENTIONS-8-scaled.jpg?resize=1536%2C1152&amp;ssl=1 1536w, https:\/\/i0.wp.com\/escolagrancapita.wpcomstaging.com\/wp-content\/uploads\/2021\/04\/2ESO_INVENTIONS-8-scaled.jpg?resize=2048%2C1536&amp;ssl=1 2048w, https:\/\/i0.wp.com\/escolagrancapita.wpcomstaging.com\/wp-content\/uploads\/2021\/04\/2ESO_INVENTIONS-8-scaled.jpg?w=2250&amp;ssl=1 2250w\" sizes=\"auto, (max-width: 750px) 100vw, 750px\" \/>\n\t\t\t<\/div><\/figure><figure class='gallery-item'>\n\t\t\t<div class='gallery-icon landscape'>\n\t\t\t\t<img loading=\"lazy\" decoding=\"async\" width=\"2560\" height=\"1920\" src=\"https:\/\/i0.wp.com\/escolagrancapita.wpcomstaging.com\/wp-content\/uploads\/2021\/04\/2ESO_INVENTIONS-7-scaled.jpg?fit=2560%2C1920&amp;ssl=1\" class=\"attachment-full size-full\" alt=\"\" srcset=\"https:\/\/i0.wp.com\/escolagrancapita.wpcomstaging.com\/wp-content\/uploads\/2021\/04\/2ESO_INVENTIONS-7-scaled.jpg?w=2560&amp;ssl=1 2560w, https:\/\/i0.wp.com\/escolagrancapita.wpcomstaging.com\/wp-content\/uploads\/2021\/04\/2ESO_INVENTIONS-7-scaled.jpg?resize=300%2C225&amp;ssl=1 300w, https:\/\/i0.wp.com\/escolagrancapita.wpcomstaging.com\/wp-content\/uploads\/2021\/04\/2ESO_INVENTIONS-7-scaled.jpg?resize=1024%2C768&amp;ssl=1 1024w, https:\/\/i0.wp.com\/escolagrancapita.wpcomstaging.com\/wp-content\/uploads\/2021\/04\/2ESO_INVENTIONS-7-scaled.jpg?resize=768%2C576&amp;ssl=1 768w, https:\/\/i0.wp.com\/escolagrancapita.wpcomstaging.com\/wp-content\/uploads\/2021\/04\/2ESO_INVENTIONS-7-scaled.jpg?resize=1536%2C1152&amp;ssl=1 1536w, https:\/\/i0.wp.com\/escolagrancapita.wpcomstaging.com\/wp-content\/uploads\/2021\/04\/2ESO_INVENTIONS-7-scaled.jpg?resize=2048%2C1536&amp;ssl=1 2048w, https:\/\/i0.wp.com\/escolagrancapita.wpcomstaging.com\/wp-content\/uploads\/2021\/04\/2ESO_INVENTIONS-7-scaled.jpg?w=2250&amp;ssl=1 2250w\" sizes=\"auto, (max-width: 750px) 100vw, 750px\" \/>\n\t\t\t<\/div><\/figure><figure class='gallery-item'>\n\t\t\t<div class='gallery-icon landscape'>\n\t\t\t\t<img loading=\"lazy\" decoding=\"async\" width=\"2560\" height=\"1920\" src=\"https:\/\/i0.wp.com\/escolagrancapita.wpcomstaging.com\/wp-content\/uploads\/2021\/04\/2ESO_INVENTIONS-6-scaled.jpg?fit=2560%2C1920&amp;ssl=1\" class=\"attachment-full size-full\" alt=\"\" srcset=\"https:\/\/i0.wp.com\/escolagrancapita.wpcomstaging.com\/wp-content\/uploads\/2021\/04\/2ESO_INVENTIONS-6-scaled.jpg?w=2560&amp;ssl=1 2560w, https:\/\/i0.wp.com\/escolagrancapita.wpcomstaging.com\/wp-content\/uploads\/2021\/04\/2ESO_INVENTIONS-6-scaled.jpg?resize=300%2C225&amp;ssl=1 300w, https:\/\/i0.wp.com\/escolagrancapita.wpcomstaging.com\/wp-content\/uploads\/2021\/04\/2ESO_INVENTIONS-6-scaled.jpg?resize=1024%2C768&amp;ssl=1 1024w, https:\/\/i0.wp.com\/escolagrancapita.wpcomstaging.com\/wp-content\/uploads\/2021\/04\/2ESO_INVENTIONS-6-scaled.jpg?resize=768%2C576&amp;ssl=1 768w, https:\/\/i0.wp.com\/escolagrancapita.wpcomstaging.com\/wp-content\/uploads\/2021\/04\/2ESO_INVENTIONS-6-scaled.jpg?resize=1536%2C1152&amp;ssl=1 1536w, https:\/\/i0.wp.com\/escolagrancapita.wpcomstaging.com\/wp-content\/uploads\/2021\/04\/2ESO_INVENTIONS-6-scaled.jpg?resize=2048%2C1536&amp;ssl=1 2048w, https:\/\/i0.wp.com\/escolagrancapita.wpcomstaging.com\/wp-content\/uploads\/2021\/04\/2ESO_INVENTIONS-6-scaled.jpg?w=2250&amp;ssl=1 2250w\" sizes=\"auto, (max-width: 750px) 100vw, 750px\" \/>\n\t\t\t<\/div><\/figure><figure class='gallery-item'>\n\t\t\t<div class='gallery-icon landscape'>\n\t\t\t\t<img loading=\"lazy\" decoding=\"async\" width=\"2560\" height=\"1920\" src=\"https:\/\/i0.wp.com\/escolagrancapita.wpcomstaging.com\/wp-content\/uploads\/2021\/04\/2ESO_INVENTIONS-5-scaled.jpg?fit=2560%2C1920&amp;ssl=1\" class=\"attachment-full size-full\" alt=\"\" srcset=\"https:\/\/i0.wp.com\/escolagrancapita.wpcomstaging.com\/wp-content\/uploads\/2021\/04\/2ESO_INVENTIONS-5-scaled.jpg?w=2560&amp;ssl=1 2560w, https:\/\/i0.wp.com\/escolagrancapita.wpcomstaging.com\/wp-content\/uploads\/2021\/04\/2ESO_INVENTIONS-5-scaled.jpg?resize=300%2C225&amp;ssl=1 300w, https:\/\/i0.wp.com\/escolagrancapita.wpcomstaging.com\/wp-content\/uploads\/2021\/04\/2ESO_INVENTIONS-5-scaled.jpg?resize=1024%2C768&amp;ssl=1 1024w, https:\/\/i0.wp.com\/escolagrancapita.wpcomstaging.com\/wp-content\/uploads\/2021\/04\/2ESO_INVENTIONS-5-scaled.jpg?resize=768%2C576&amp;ssl=1 768w, https:\/\/i0.wp.com\/escolagrancapita.wpcomstaging.com\/wp-content\/uploads\/2021\/04\/2ESO_INVENTIONS-5-scaled.jpg?resize=1536%2C1152&amp;ssl=1 1536w, https:\/\/i0.wp.com\/escolagrancapita.wpcomstaging.com\/wp-content\/uploads\/2021\/04\/2ESO_INVENTIONS-5-scaled.jpg?resize=2048%2C1536&amp;ssl=1 2048w, https:\/\/i0.wp.com\/escolagrancapita.wpcomstaging.com\/wp-content\/uploads\/2021\/04\/2ESO_INVENTIONS-5-scaled.jpg?w=2250&amp;ssl=1 2250w\" sizes=\"auto, (max-width: 750px) 100vw, 750px\" \/>\n\t\t\t<\/div><\/figure>\n\t\t<\/div>\n\n<p style=\"text-align: justify;\">La veritat \u00e9s que van sorgir diverses preguntes sobre curiositats que desconeixien: com s&#8217;anestesiava a l&#8217;antiguitat?, quina va ser la utilitat del primer tel\u00e8fon?, com ha canviat l&#8217;instrument que utilitzem per escriure al llarg de la hist\u00f2ria? I moltes q\u00fcestions m\u00e9s!<\/p>\n<p style=\"text-align: justify;\">Aqu\u00ed teniu una mostra de les seves exposicions:<\/p>\n<ul>\n<li><a href=\"https:\/\/escolagrancapita.wpcomstaging.com\/wp-content\/uploads\/2021\/04\/2ESO_INVENTIONS_TELF.pptx\" target=\"_blank\" rel=\"noopener\">The telephone (el tel\u00e8fon)<\/a><\/li>\n<li><a href=\"https:\/\/escolagrancapita.wpcomstaging.com\/wp-content\/uploads\/2021\/04\/2ESO_INVENTIONS_BULB.pptx\" target=\"_blank\" rel=\"noopener\">The bulb (la bombeta el\u00e8ctrica)<\/a><\/li>\n<li><a href=\"https:\/\/escolagrancapita.wpcomstaging.com\/wp-content\/uploads\/2021\/04\/2ESO_INVENTIONS_ANESTHESIA.pptx\" target=\"_blank\" rel=\"noopener\">The anesthesia (l&#8217;anest\u00e8sia)<\/a><\/li>\n<li><a href=\"https:\/\/escolagrancapita.wpcomstaging.com\/wp-content\/uploads\/2021\/04\/2ESO_INVENTIONS_PEN.pptx\" target=\"_blank\" rel=\"noopener\">The pen (el bol\u00edgraf)<\/a><\/li>\n<li><a href=\"https:\/\/escolagrancapita.wpcomstaging.com\/wp-content\/uploads\/2021\/04\/2ESO_INVENTIONS_TV.pptx\" target=\"_blank\" rel=\"noopener\">The television (la televisi\u00f3)<\/a><\/li>\n<\/ul>\n","protected":false},"excerpt":{"rendered":"<p>2n d&#8217;ESO, a comen\u00e7aments del tercer trimestre, han estat investigant a l&#8217;assignatura d&#8217;angl\u00e8s quins s\u00f3n els invents que han canviat la hist\u00f2ria de la humanitat. A m\u00e9s de con\u00e8ixer l&#8217;origen d&#8217;aquests invents, han utilitzat les estructures de la veu passiva<\/p>\n","protected":false},"author":1,"featured_media":0,"parent":659,"menu_order":0,"comment_status":"closed","ping_status":"closed","template":"","meta":{"_crdt_document":"","footnotes":""},"categories":[92],"tags":[127,43,117,79],"class_list":["post-15234","page","type-page","status-publish","hentry","category-projectes","tag-curs-2020-21","tag-ed-secundaria","tag-plurilinguisme","tag-projectes"],"jetpack_sharing_enabled":true,"_links":{"self":[{"href":"https:\/\/escolagrancapita.wpcomstaging.com\/index.php?rest_route=\/wp\/v2\/pages\/15234","targetHints":{"allow":["GET"]}}],"collection":[{"href":"https:\/\/escolagrancapita.wpcomstaging.com\/index.php?rest_route=\/wp\/v2\/pages"}],"about":[{"href":"https:\/\/escolagrancapita.wpcomstaging.com\/index.php?rest_route=\/wp\/v2\/types\/page"}],"author":[{"embeddable":true,"href":"https:\/\/escolagrancapita.wpcomstaging.com\/index.php?rest_route=\/wp\/v2\/users\/1"}],"replies":[{"embeddable":true,"href":"https:\/\/escolagrancapita.wpcomstaging.com\/index.php?rest_route=%2Fwp%2Fv2%2Fcomments&post=15234"}],"version-history":[{"count":0,"href":"https:\/\/escolagrancapita.wpcomstaging.com\/index.php?rest_route=\/wp\/v2\/pages\/15234\/revisions"}],"up":[{"embeddable":true,"href":"https:\/\/escolagrancapita.wpcomstaging.com\/index.php?rest_route=\/wp\/v2\/pages\/659"}],"wp:attachment":[{"href":"https:\/\/escolagrancapita.wpcomstaging.com\/index.php?rest_route=%2Fwp%2Fv2%2Fmedia&parent=15234"}],"wp:term":[{"taxonomy":"category","embeddable":true,"href":"https:\/\/escolagrancapita.wpcomstaging.com\/index.php?rest_route=%2Fwp%2Fv2%2Fcategories&post=15234"},{"taxonomy":"post_tag","embeddable":true,"href":"https:\/\/escolagrancapita.wpcomstaging.com\/index.php?rest_route=%2Fwp%2Fv2%2Ftags&post=15234"}],"curies":[{"name":"wp","href":"https:\/\/api.w.org\/{rel}","templated":true}]}}