{"id":16075,"date":"2021-07-11T18:01:54","date_gmt":"2021-07-11T18:01:54","guid":{"rendered":"https:\/\/escolagrancapita.wpcomstaging.com\/?page_id=16075"},"modified":"2023-06-09T20:39:57","modified_gmt":"2023-06-09T20:39:57","slug":"graduacio-de-4t-eso-curs-2020-21","status":"publish","type":"page","link":"https:\/\/escolagrancapita.wpcomstaging.com\/?page_id=16075","title":{"rendered":"Graduaci\u00f3 de 4t ESO &#8211; Curs 2020-21"},"content":{"rendered":"<p style=\"text-align: justify;\">El dia 2 de juliol va tenir lloc la graduaci\u00f3 dels alumnes de 4t ESO, organitzada per l&#8217;AMPA. Tots i totes van venir amb les seves millors gales i amb moltes ganes de passar-ho b\u00e9.<\/p>\n<p style=\"text-align: justify;\">A causa del protocol COVID, a difer\u00e8ncia de cursos anteriors, els pares no van poder assistir a la festa de forma presencial; per\u00f2 van poder connectar-se telem\u00e0ticament. Aix\u00ed els van poder acompanyar per veure un v\u00eddeo recordatori, de tota la seva l&#8217;escolaritat, elaborat per l&#8217;AMPA.<\/p>\n<div id='gallery-1' class='gallery galleryid-16075 gallery-columns-1 gallery-size-full'><figure class='gallery-item'>\n\t\t\t<div class='gallery-icon landscape'>\n\t\t\t\t<img loading=\"lazy\" decoding=\"async\" width=\"1600\" height=\"428\" src=\"https:\/\/i0.wp.com\/escolagrancapita.wpcomstaging.com\/wp-content\/uploads\/2021\/07\/IMG-20210707-WA0000.jpg?fit=1600%2C428&amp;ssl=1\" class=\"attachment-full size-full\" alt=\"\" srcset=\"https:\/\/i0.wp.com\/escolagrancapita.wpcomstaging.com\/wp-content\/uploads\/2021\/07\/IMG-20210707-WA0000.jpg?w=1600&amp;ssl=1 1600w, https:\/\/i0.wp.com\/escolagrancapita.wpcomstaging.com\/wp-content\/uploads\/2021\/07\/IMG-20210707-WA0000.jpg?resize=300%2C80&amp;ssl=1 300w, https:\/\/i0.wp.com\/escolagrancapita.wpcomstaging.com\/wp-content\/uploads\/2021\/07\/IMG-20210707-WA0000.jpg?resize=1024%2C274&amp;ssl=1 1024w, https:\/\/i0.wp.com\/escolagrancapita.wpcomstaging.com\/wp-content\/uploads\/2021\/07\/IMG-20210707-WA0000.jpg?resize=768%2C205&amp;ssl=1 768w, https:\/\/i0.wp.com\/escolagrancapita.wpcomstaging.com\/wp-content\/uploads\/2021\/07\/IMG-20210707-WA0000.jpg?resize=1536%2C411&amp;ssl=1 1536w\" sizes=\"auto, (max-width: 750px) 100vw, 750px\" \/>\n\t\t\t<\/div><\/figure>\n\t\t<\/div>\n\n<p style=\"text-align: justify;\">Despr\u00e9s van pujar al pati per fer un sopar a la fresca on tant l&#8217;equip directiu com l&#8217;AMPA els van fer entrega d&#8217;un petit detall.<\/p>\n<p style=\"text-align: justify;\">Durant l&#8217;acte es va recon\u00e8ixer l&#8217;esfor\u00e7 de la Vega Ayuso que s&#8217;ha graduat amb matr\u00edcula d&#8217;honor i s&#8217;ha presentat per al premi d&#8217;excel\u00b7l\u00e8ncia de l&#8217;ajuntament de Sant Joan Desp\u00ed. Tamb\u00e9 es va destacar la feina feta durant el curs d&#8217;un altre alumne, l&#8217;Alex\u00a0Pajares que tamb\u00e9 s&#8217;ha graduat amb molt bones qualificacions; a ell se l&#8217;ha presentat al premi de bones pr\u00e0ctiques de l&#8217;ajuntament.<\/p>\n<div id='gallery-2' class='gallery galleryid-16075 gallery-columns-1 gallery-size-full'><figure class='gallery-item'>\n\t\t\t<div class='gallery-icon landscape'>\n\t\t\t\t<img loading=\"lazy\" decoding=\"async\" width=\"1600\" height=\"900\" src=\"https:\/\/i0.wp.com\/escolagrancapita.wpcomstaging.com\/wp-content\/uploads\/2021\/07\/IMG-20210703-WA0000.jpg?fit=1600%2C900&amp;ssl=1\" class=\"attachment-full size-full\" alt=\"\" srcset=\"https:\/\/i0.wp.com\/escolagrancapita.wpcomstaging.com\/wp-content\/uploads\/2021\/07\/IMG-20210703-WA0000.jpg?w=1600&amp;ssl=1 1600w, https:\/\/i0.wp.com\/escolagrancapita.wpcomstaging.com\/wp-content\/uploads\/2021\/07\/IMG-20210703-WA0000.jpg?resize=300%2C169&amp;ssl=1 300w, https:\/\/i0.wp.com\/escolagrancapita.wpcomstaging.com\/wp-content\/uploads\/2021\/07\/IMG-20210703-WA0000.jpg?resize=1024%2C576&amp;ssl=1 1024w, https:\/\/i0.wp.com\/escolagrancapita.wpcomstaging.com\/wp-content\/uploads\/2021\/07\/IMG-20210703-WA0000.jpg?resize=768%2C432&amp;ssl=1 768w, https:\/\/i0.wp.com\/escolagrancapita.wpcomstaging.com\/wp-content\/uploads\/2021\/07\/IMG-20210703-WA0000.jpg?resize=1536%2C864&amp;ssl=1 1536w\" sizes=\"auto, (max-width: 750px) 100vw, 750px\" \/>\n\t\t\t<\/div><\/figure>\n\t\t<\/div>\n\n<p>Va ser una nit plena d&#8217;emocions que va posar fi al seu pas per l&#8217;escola. Us trobarem a faltar 4t, per\u00f2 aquesta ser\u00e0, sempre, casa vostra!<\/p>\n","protected":false},"excerpt":{"rendered":"<p>El dia 2 de juliol va tenir lloc la graduaci\u00f3 dels alumnes de 4t ESO, organitzada per l&#8217;AMPA. Tots i totes van venir amb les seves millors gales i amb moltes ganes de passar-ho b\u00e9. A causa del protocol COVID,<\/p>\n","protected":false},"author":1,"featured_media":0,"parent":659,"menu_order":0,"comment_status":"closed","ping_status":"closed","template":"","meta":{"_crdt_document":"","footnotes":""},"categories":[75],"tags":[127,43],"class_list":["post-16075","page","type-page","status-publish","hentry","category-activitats","tag-curs-2020-21","tag-ed-secundaria"],"jetpack_sharing_enabled":true,"_links":{"self":[{"href":"https:\/\/escolagrancapita.wpcomstaging.com\/index.php?rest_route=\/wp\/v2\/pages\/16075","targetHints":{"allow":["GET"]}}],"collection":[{"href":"https:\/\/escolagrancapita.wpcomstaging.com\/index.php?rest_route=\/wp\/v2\/pages"}],"about":[{"href":"https:\/\/escolagrancapita.wpcomstaging.com\/index.php?rest_route=\/wp\/v2\/types\/page"}],"author":[{"embeddable":true,"href":"https:\/\/escolagrancapita.wpcomstaging.com\/index.php?rest_route=\/wp\/v2\/users\/1"}],"replies":[{"embeddable":true,"href":"https:\/\/escolagrancapita.wpcomstaging.com\/index.php?rest_route=%2Fwp%2Fv2%2Fcomments&post=16075"}],"version-history":[{"count":0,"href":"https:\/\/escolagrancapita.wpcomstaging.com\/index.php?rest_route=\/wp\/v2\/pages\/16075\/revisions"}],"up":[{"embeddable":true,"href":"https:\/\/escolagrancapita.wpcomstaging.com\/index.php?rest_route=\/wp\/v2\/pages\/659"}],"wp:attachment":[{"href":"https:\/\/escolagrancapita.wpcomstaging.com\/index.php?rest_route=%2Fwp%2Fv2%2Fmedia&parent=16075"}],"wp:term":[{"taxonomy":"category","embeddable":true,"href":"https:\/\/escolagrancapita.wpcomstaging.com\/index.php?rest_route=%2Fwp%2Fv2%2Fcategories&post=16075"},{"taxonomy":"post_tag","embeddable":true,"href":"https:\/\/escolagrancapita.wpcomstaging.com\/index.php?rest_route=%2Fwp%2Fv2%2Ftags&post=16075"}],"curies":[{"name":"wp","href":"https:\/\/api.w.org\/{rel}","templated":true}]}}