{"id":16684,"date":"2021-12-22T18:31:21","date_gmt":"2021-12-22T18:31:21","guid":{"rendered":"https:\/\/escolagrancapita.wpcomstaging.com\/?page_id=16684"},"modified":"2021-12-22T18:31:21","modified_gmt":"2021-12-22T18:31:21","slug":"aprenent-i-creant","status":"publish","type":"page","link":"https:\/\/escolagrancapita.wpcomstaging.com\/?page_id=16684","title":{"rendered":"Aprenent i creant"},"content":{"rendered":"<p style=\"text-align: justify;\">2n d&#8217;ESO ha realitzat un projecte de Literatura i Comunicaci\u00f3 a Llengua Castellana on han aplicat les funcions del llenguatge i les caracter\u00edstiques d&#8217;una obra liter\u00e0ria a les seves rimes.<\/p>\n<p style=\"text-align: justify;\">La tem\u00e0tica era lliure, per\u00f2 es va orientar per a que incorporessin la consci\u00e8ncia social.<\/p>\n<p style=\"text-align: justify;\">Han treballat de forma cooperativa; a cada grup hi havia diversos rols: editor\/a, raper\/a o escriptor\/a de rimes. Aquestes tasques es podien realitzar individualment, per\u00f2 sempre amb la col\u00b7laboraci\u00f3 de tots els membres de l&#8217;equip. L&#8217;estudiant que assumia el rol nom\u00e9s era responsable de la seva execuci\u00f3 final, no del proc\u00e9s creatiu; <strong>tots s&#8217;havien de responsabilitzar del producte fina<\/strong>l.<\/p>\n<p style=\"text-align: justify;\">Per aquest motiu, un cop projectats els raps a l&#8217;aula, s&#8217;ha realitzat una coavaluaci\u00f3 i una autoavaluaci\u00f3 per saber l&#8217;opini\u00f3 de cada alumne. A m\u00e9s, s&#8217;ha presentat el projecte progressivament amb diverses entregues a Moodle i s&#8217;han realitzat correccions a l&#8217;aula durant les sessions del projecte.<\/p>\n<p style=\"text-align: justify;\">Com podreu observar, han fet servir una base musical a l&#8217;hora d&#8217;editar les seves creacions.<\/p>\n<p style=\"text-align: justify;\">Aqu\u00ed us deixem una petita mostra dels seus videoclips:<\/p>\n<p style=\"text-align: center;\"><iframe loading=\"lazy\" title=\"YouTube video player\" src=\"https:\/\/www.youtube.com\/embed\/cH0Gg6EwnMQ\" width=\"1237\" height=\"696\" frameborder=\"0\" allowfullscreen=\"allowfullscreen\"><\/iframe><\/p>\n<p style=\"text-align: center;\"><iframe loading=\"lazy\" title=\"YouTube video player\" src=\"https:\/\/www.youtube.com\/embed\/DDgzbj318P0\" width=\"1237\" height=\"696\" frameborder=\"0\" allowfullscreen=\"allowfullscreen\"><\/iframe><\/p>\n<p style=\"text-align: center;\"><iframe loading=\"lazy\" title=\"YouTube video player\" src=\"https:\/\/www.youtube.com\/embed\/Kvi6BzPh-w0\" width=\"1237\" height=\"696\" frameborder=\"0\" allowfullscreen=\"allowfullscreen\"><\/iframe><\/p>\n<p style=\"text-align: center;\"><iframe loading=\"lazy\" title=\"YouTube video player\" src=\"https:\/\/www.youtube.com\/embed\/BjxjD2GQ5uo\" width=\"1237\" height=\"696\" frameborder=\"0\" allowfullscreen=\"allowfullscreen\"><\/iframe><\/p>\n","protected":false},"excerpt":{"rendered":"<p>2n d&#8217;ESO ha realitzat un projecte de Literatura i Comunicaci\u00f3 a Llengua Castellana on han aplicat les funcions del llenguatge i les caracter\u00edstiques d&#8217;una obra liter\u00e0ria a les seves rimes. La tem\u00e0tica era lliure, per\u00f2 es va orientar per a<\/p>\n","protected":false},"author":1,"featured_media":0,"parent":659,"menu_order":0,"comment_status":"closed","ping_status":"closed","template":"","meta":{"_crdt_document":"","footnotes":""},"categories":[75],"tags":[127,43],"class_list":["post-16684","page","type-page","status-publish","hentry","category-activitats","tag-curs-2020-21","tag-ed-secundaria"],"jetpack_sharing_enabled":true,"_links":{"self":[{"href":"https:\/\/escolagrancapita.wpcomstaging.com\/index.php?rest_route=\/wp\/v2\/pages\/16684","targetHints":{"allow":["GET"]}}],"collection":[{"href":"https:\/\/escolagrancapita.wpcomstaging.com\/index.php?rest_route=\/wp\/v2\/pages"}],"about":[{"href":"https:\/\/escolagrancapita.wpcomstaging.com\/index.php?rest_route=\/wp\/v2\/types\/page"}],"author":[{"embeddable":true,"href":"https:\/\/escolagrancapita.wpcomstaging.com\/index.php?rest_route=\/wp\/v2\/users\/1"}],"replies":[{"embeddable":true,"href":"https:\/\/escolagrancapita.wpcomstaging.com\/index.php?rest_route=%2Fwp%2Fv2%2Fcomments&post=16684"}],"version-history":[{"count":0,"href":"https:\/\/escolagrancapita.wpcomstaging.com\/index.php?rest_route=\/wp\/v2\/pages\/16684\/revisions"}],"up":[{"embeddable":true,"href":"https:\/\/escolagrancapita.wpcomstaging.com\/index.php?rest_route=\/wp\/v2\/pages\/659"}],"wp:attachment":[{"href":"https:\/\/escolagrancapita.wpcomstaging.com\/index.php?rest_route=%2Fwp%2Fv2%2Fmedia&parent=16684"}],"wp:term":[{"taxonomy":"category","embeddable":true,"href":"https:\/\/escolagrancapita.wpcomstaging.com\/index.php?rest_route=%2Fwp%2Fv2%2Fcategories&post=16684"},{"taxonomy":"post_tag","embeddable":true,"href":"https:\/\/escolagrancapita.wpcomstaging.com\/index.php?rest_route=%2Fwp%2Fv2%2Ftags&post=16684"}],"curies":[{"name":"wp","href":"https:\/\/api.w.org\/{rel}","templated":true}]}}