{"id":16824,"date":"2022-04-30T08:39:55","date_gmt":"2022-04-30T08:39:55","guid":{"rendered":"https:\/\/escolagrancapita.wpcomstaging.com\/?page_id=16824"},"modified":"2022-04-30T08:39:55","modified_gmt":"2022-04-30T08:39:55","slug":"projecte-minerals-i-roques-els-elements-fonamentals","status":"publish","type":"page","link":"https:\/\/escolagrancapita.wpcomstaging.com\/?page_id=16824","title":{"rendered":"Projecte: Minerals i roques. Els elements fonamentals"},"content":{"rendered":"<p style=\"text-align: justify;\">1r d&#8217;ESO, a l&#8217;assignatura de biologia i geologia, han estat estudiant els <a href=\"https:\/\/ca.wikipedia.org\/wiki\/Mineral\" target=\"_blank\" rel=\"noopener\">minerals<\/a> i les <a href=\"https:\/\/ca.wikipedia.org\/wiki\/Roca\" target=\"_blank\" rel=\"noopener\">roques<\/a>.<\/p>\n<p style=\"text-align: justify;\">En aquest tema, l&#8217;alumnat ha pogut comprendre, tot treballant en llengua anglesa, que \u00e9s la <a href=\"https:\/\/ca.wikipedia.org\/wiki\/Geosfera\" target=\"_blank\" rel=\"noopener\">geosfera<\/a> terrestre, quines capes formen la Terra i de qu\u00e8 estan formades, qu\u00e8 s\u00f3n els minerals i les roques i la seva composici\u00f3, etc.<\/p>\n<p style=\"text-align: justify;\">\u00c9s important, per\u00f2, que entenguem que tot material compost que forma la Terra est\u00e0 format per mat\u00e8ria m\u00e9s simple, els <a href=\"https:\/\/ca.wikipedia.org\/wiki\/Element_qu%C3%ADmic\" target=\"_blank\" rel=\"noopener\">elements qu\u00edmics<\/a>.<\/p>\n<p style=\"text-align: justify;\">A classe s&#8217;ha treballat organitzats per grups i de manera aut\u00f2noma, buscant informaci\u00f3 a internet, a llibres de consulta i d&#8217;altres i han pogut completar els diversos reptes que se&#8217;ls presentaven.<\/p>\n<p style=\"text-align: justify;\">Un d&#8217;ells ha estat l&#8217;elaboraci\u00f3 d&#8217;un <a href=\"https:\/\/ecuador.unir.net\/actualidad-unir\/lapbooks-construyendo-el-aprendizaje-con-las-manos\/\" target=\"_blank\" rel=\"noopener\">lapbook<\/a> que contingu\u00e9s la informaci\u00f3 b\u00e0sica sobre un element qu\u00edmic important a la composici\u00f3 de la Terra. Les seves caracter\u00edstiques principals, quins minerals i roques el contenen, etc.<\/p>\n<div id='gallery-1' class='gallery galleryid-16824 gallery-columns-2 gallery-size-full'><figure class='gallery-item'>\n\t\t\t<div class='gallery-icon portrait'>\n\t\t\t\t<img loading=\"lazy\" decoding=\"async\" width=\"1201\" height=\"1600\" src=\"https:\/\/i0.wp.com\/escolagrancapita.wpcomstaging.com\/wp-content\/uploads\/2022\/04\/1ESO_Minerals-5.jpeg?fit=1201%2C1600&amp;ssl=1\" class=\"attachment-full size-full\" alt=\"\" srcset=\"https:\/\/i0.wp.com\/escolagrancapita.wpcomstaging.com\/wp-content\/uploads\/2022\/04\/1ESO_Minerals-5.jpeg?w=1201&amp;ssl=1 1201w, https:\/\/i0.wp.com\/escolagrancapita.wpcomstaging.com\/wp-content\/uploads\/2022\/04\/1ESO_Minerals-5.jpeg?resize=225%2C300&amp;ssl=1 225w, https:\/\/i0.wp.com\/escolagrancapita.wpcomstaging.com\/wp-content\/uploads\/2022\/04\/1ESO_Minerals-5.jpeg?resize=769%2C1024&amp;ssl=1 769w, https:\/\/i0.wp.com\/escolagrancapita.wpcomstaging.com\/wp-content\/uploads\/2022\/04\/1ESO_Minerals-5.jpeg?resize=768%2C1023&amp;ssl=1 768w, https:\/\/i0.wp.com\/escolagrancapita.wpcomstaging.com\/wp-content\/uploads\/2022\/04\/1ESO_Minerals-5.jpeg?resize=1153%2C1536&amp;ssl=1 1153w\" sizes=\"auto, (max-width: 750px) 100vw, 750px\" \/>\n\t\t\t<\/div><\/figure><figure class='gallery-item'>\n\t\t\t<div class='gallery-icon portrait'>\n\t\t\t\t<img loading=\"lazy\" decoding=\"async\" width=\"1201\" height=\"1600\" src=\"https:\/\/i0.wp.com\/escolagrancapita.wpcomstaging.com\/wp-content\/uploads\/2022\/04\/1ESO_Minerals-1.jpeg?fit=1201%2C1600&amp;ssl=1\" class=\"attachment-full size-full\" alt=\"\" srcset=\"https:\/\/i0.wp.com\/escolagrancapita.wpcomstaging.com\/wp-content\/uploads\/2022\/04\/1ESO_Minerals-1.jpeg?w=1201&amp;ssl=1 1201w, https:\/\/i0.wp.com\/escolagrancapita.wpcomstaging.com\/wp-content\/uploads\/2022\/04\/1ESO_Minerals-1.jpeg?resize=225%2C300&amp;ssl=1 225w, https:\/\/i0.wp.com\/escolagrancapita.wpcomstaging.com\/wp-content\/uploads\/2022\/04\/1ESO_Minerals-1.jpeg?resize=769%2C1024&amp;ssl=1 769w, https:\/\/i0.wp.com\/escolagrancapita.wpcomstaging.com\/wp-content\/uploads\/2022\/04\/1ESO_Minerals-1.jpeg?resize=768%2C1023&amp;ssl=1 768w, https:\/\/i0.wp.com\/escolagrancapita.wpcomstaging.com\/wp-content\/uploads\/2022\/04\/1ESO_Minerals-1.jpeg?resize=1153%2C1536&amp;ssl=1 1153w\" sizes=\"auto, (max-width: 750px) 100vw, 750px\" \/>\n\t\t\t<\/div><\/figure>\n\t\t<\/div>\n\n<p style=\"text-align: justify;\">\u00c9s impressionant veure el resultat final d&#8217;aquests lapbooks sobre els elements qu\u00edmics i les seves caracter\u00edstiques.<\/p>\n<div id='gallery-2' class='gallery galleryid-16824 gallery-columns-1 gallery-size-full'><figure class='gallery-item'>\n\t\t\t<div class='gallery-icon portrait'>\n\t\t\t\t<img loading=\"lazy\" decoding=\"async\" width=\"1201\" height=\"1600\" src=\"https:\/\/i0.wp.com\/escolagrancapita.wpcomstaging.com\/wp-content\/uploads\/2022\/04\/1ESO_Minerals-2.jpeg?fit=1201%2C1600&amp;ssl=1\" class=\"attachment-full size-full\" alt=\"\" srcset=\"https:\/\/i0.wp.com\/escolagrancapita.wpcomstaging.com\/wp-content\/uploads\/2022\/04\/1ESO_Minerals-2.jpeg?w=1201&amp;ssl=1 1201w, https:\/\/i0.wp.com\/escolagrancapita.wpcomstaging.com\/wp-content\/uploads\/2022\/04\/1ESO_Minerals-2.jpeg?resize=225%2C300&amp;ssl=1 225w, https:\/\/i0.wp.com\/escolagrancapita.wpcomstaging.com\/wp-content\/uploads\/2022\/04\/1ESO_Minerals-2.jpeg?resize=769%2C1024&amp;ssl=1 769w, https:\/\/i0.wp.com\/escolagrancapita.wpcomstaging.com\/wp-content\/uploads\/2022\/04\/1ESO_Minerals-2.jpeg?resize=768%2C1023&amp;ssl=1 768w, https:\/\/i0.wp.com\/escolagrancapita.wpcomstaging.com\/wp-content\/uploads\/2022\/04\/1ESO_Minerals-2.jpeg?resize=1153%2C1536&amp;ssl=1 1153w\" sizes=\"auto, (max-width: 750px) 100vw, 750px\" \/>\n\t\t\t<\/div><\/figure>\n\t\t<\/div>\n\n","protected":false},"excerpt":{"rendered":"<p>1r d&#8217;ESO, a l&#8217;assignatura de biologia i geologia, han estat estudiant els minerals i les roques. En aquest tema, l&#8217;alumnat ha pogut comprendre, tot treballant en llengua anglesa, que \u00e9s la geosfera terrestre, quines capes formen la Terra i de<\/p>\n","protected":false},"author":1,"featured_media":0,"parent":659,"menu_order":0,"comment_status":"closed","ping_status":"closed","template":"","meta":{"_crdt_document":"","footnotes":""},"categories":[92],"tags":[131,43,117],"class_list":["post-16824","page","type-page","status-publish","hentry","category-projectes","tag-curs-2021-22","tag-ed-secundaria","tag-plurilinguisme"],"jetpack_sharing_enabled":true,"_links":{"self":[{"href":"https:\/\/escolagrancapita.wpcomstaging.com\/index.php?rest_route=\/wp\/v2\/pages\/16824","targetHints":{"allow":["GET"]}}],"collection":[{"href":"https:\/\/escolagrancapita.wpcomstaging.com\/index.php?rest_route=\/wp\/v2\/pages"}],"about":[{"href":"https:\/\/escolagrancapita.wpcomstaging.com\/index.php?rest_route=\/wp\/v2\/types\/page"}],"author":[{"embeddable":true,"href":"https:\/\/escolagrancapita.wpcomstaging.com\/index.php?rest_route=\/wp\/v2\/users\/1"}],"replies":[{"embeddable":true,"href":"https:\/\/escolagrancapita.wpcomstaging.com\/index.php?rest_route=%2Fwp%2Fv2%2Fcomments&post=16824"}],"version-history":[{"count":0,"href":"https:\/\/escolagrancapita.wpcomstaging.com\/index.php?rest_route=\/wp\/v2\/pages\/16824\/revisions"}],"up":[{"embeddable":true,"href":"https:\/\/escolagrancapita.wpcomstaging.com\/index.php?rest_route=\/wp\/v2\/pages\/659"}],"wp:attachment":[{"href":"https:\/\/escolagrancapita.wpcomstaging.com\/index.php?rest_route=%2Fwp%2Fv2%2Fmedia&parent=16824"}],"wp:term":[{"taxonomy":"category","embeddable":true,"href":"https:\/\/escolagrancapita.wpcomstaging.com\/index.php?rest_route=%2Fwp%2Fv2%2Fcategories&post=16824"},{"taxonomy":"post_tag","embeddable":true,"href":"https:\/\/escolagrancapita.wpcomstaging.com\/index.php?rest_route=%2Fwp%2Fv2%2Ftags&post=16824"}],"curies":[{"name":"wp","href":"https:\/\/api.w.org\/{rel}","templated":true}]}}