{"id":17856,"date":"2022-06-03T09:29:22","date_gmt":"2022-06-03T09:29:22","guid":{"rendered":"https:\/\/escolagrancapita.wpcomstaging.com\/?page_id=17856"},"modified":"2022-06-03T09:42:01","modified_gmt":"2022-06-03T09:42:01","slug":"animals-robotics-amb-lego-wedo-2-0","status":"publish","type":"page","link":"https:\/\/escolagrancapita.wpcomstaging.com\/?page_id=17856","title":{"rendered":"Animals rob\u00f2tics amb LEGO WeDo 2.0"},"content":{"rendered":"<p style=\"text-align: justify;\">Durant el tercer trimestre, 5\u00e8 de Prim\u00e0ria ha realitzat el curs de rob\u00f2tica amb el kit de <a href=\"https:\/\/escolagrancapita.wpcomstaging.com\/?page_id=2387\" target=\"_blank\" rel=\"noopener\">M\u00e0quines Simples i Motoritzades de LEGO WeDo 2.0<\/a>.<\/p>\n<p style=\"text-align: justify;\">Gr\u00e0cies a la rob\u00f2tica, es treballa de manera multidisciplinar i l&#8217;alumnat es familiaritza amb la programaci\u00f3 i desenvolupa compet\u00e8ncies generals com la socialitzaci\u00f3, la creativitat i la resoluci\u00f3 de problemes.&#x1f9e0;&#x1f916;!<\/p>\n<p style=\"text-align: justify;\">Al llarg de les sessions, han constru\u00eft i programat una gran varietat de robots per tal d\u2019assolir diversos reptes i missions.<\/p>\n<p style=\"text-align: justify;\">A continuaci\u00f3 podeu veure un v\u00eddeo on es fa un recull d&#8217;<strong>animals rob\u00f2tics<\/strong> constru\u00efts pels diferents grups.<\/p>\n<p style=\"text-align: justify;\"><iframe loading=\"lazy\" title=\"YouTube video player\" src=\"https:\/\/www.youtube.com\/embed\/NY0dB9Pr3FM\" width=\"1242\" height=\"703\" frameborder=\"0\" allowfullscreen=\"allowfullscreen\"><\/iframe><\/p>\n<p style=\"text-align: justify;\"><strong>Molt bona feina nens i nenes de 5\u00e8!<\/strong><\/p>\n","protected":false},"excerpt":{"rendered":"<p>Durant el tercer trimestre, 5\u00e8 de Prim\u00e0ria ha realitzat el curs de rob\u00f2tica amb el kit de M\u00e0quines Simples i Motoritzades de LEGO WeDo 2.0. Gr\u00e0cies a la rob\u00f2tica, es treballa de manera multidisciplinar i l&#8217;alumnat es familiaritza amb la<\/p>\n","protected":false},"author":1,"featured_media":0,"parent":661,"menu_order":0,"comment_status":"closed","ping_status":"closed","template":"","meta":{"_crdt_document":"","footnotes":""},"categories":[75],"tags":[131,86,111],"class_list":["post-17856","page","type-page","status-publish","hentry","category-activitats","tag-curs-2021-22","tag-ed-primaria","tag-steam"],"jetpack_sharing_enabled":true,"_links":{"self":[{"href":"https:\/\/escolagrancapita.wpcomstaging.com\/index.php?rest_route=\/wp\/v2\/pages\/17856","targetHints":{"allow":["GET"]}}],"collection":[{"href":"https:\/\/escolagrancapita.wpcomstaging.com\/index.php?rest_route=\/wp\/v2\/pages"}],"about":[{"href":"https:\/\/escolagrancapita.wpcomstaging.com\/index.php?rest_route=\/wp\/v2\/types\/page"}],"author":[{"embeddable":true,"href":"https:\/\/escolagrancapita.wpcomstaging.com\/index.php?rest_route=\/wp\/v2\/users\/1"}],"replies":[{"embeddable":true,"href":"https:\/\/escolagrancapita.wpcomstaging.com\/index.php?rest_route=%2Fwp%2Fv2%2Fcomments&post=17856"}],"version-history":[{"count":0,"href":"https:\/\/escolagrancapita.wpcomstaging.com\/index.php?rest_route=\/wp\/v2\/pages\/17856\/revisions"}],"up":[{"embeddable":true,"href":"https:\/\/escolagrancapita.wpcomstaging.com\/index.php?rest_route=\/wp\/v2\/pages\/661"}],"wp:attachment":[{"href":"https:\/\/escolagrancapita.wpcomstaging.com\/index.php?rest_route=%2Fwp%2Fv2%2Fmedia&parent=17856"}],"wp:term":[{"taxonomy":"category","embeddable":true,"href":"https:\/\/escolagrancapita.wpcomstaging.com\/index.php?rest_route=%2Fwp%2Fv2%2Fcategories&post=17856"},{"taxonomy":"post_tag","embeddable":true,"href":"https:\/\/escolagrancapita.wpcomstaging.com\/index.php?rest_route=%2Fwp%2Fv2%2Ftags&post=17856"}],"curies":[{"name":"wp","href":"https:\/\/api.w.org\/{rel}","templated":true}]}}