{"id":18265,"date":"2022-09-17T08:44:12","date_gmt":"2022-09-17T08:44:12","guid":{"rendered":"https:\/\/escolagrancapita.wpcomstaging.com\/?page_id=18265"},"modified":"2022-09-17T09:07:21","modified_gmt":"2022-09-17T09:07:21","slug":"diploma-dual","status":"publish","type":"page","link":"https:\/\/escolagrancapita.wpcomstaging.com\/?page_id=18265","title":{"rendered":"Diploma Dual\u00ae"},"content":{"rendered":"<p style=\"text-align: justify;\">El <strong>Diploma Dual<span style=\"font-size: 8pt;\">\u00ae<\/span><\/strong> \u00e9s el programa oficial de convalidaci\u00f3 internacional de t\u00edtols de batxillerat creat i desenvolupat per <a href=\"https:\/\/www.academica.school\/\" target=\"_blank\" rel=\"noopener\">Academica Corporation<\/a>, que permet als alumnes obtenir dues titulacions simult\u00e0nies:<\/p>\n<ul style=\"list-style-type: square; text-align: justify;\">\n<li>El batxillerat<\/li>\n<li>L&#8217;American High School Diploma (batxillerat americ\u00e0)<\/li>\n<\/ul>\n<div id=\"dslc-module-5dad8163a15\" class=\"dslc-module-front dslc-module-DSLC_Text_Simple dslc-in-viewport-check dslc-in-viewport-anim-none dslc-col dslc-12-col dslc-last-col dslc-module-handle-like-regular dslc-in-viewport\" data-module-id=\"5dad8163a15\" data-module=\"DSLC_Text_Simple\" data-dslc-module-size=\"12\" data-dslc-anim=\"none\" data-dslc-anim-delay=\"\" data-dslc-anim-duration=\"650\" data-dslc-anim-easing=\"ease\" data-dslc-preset=\"none\">\n<div class=\"dslc-text-module-content\">\n<p style=\"text-align: justify;\">Els alumnes del Diploma Dual cursen sis assignatures des de casa <span style=\"text-decoration: underline;\">de manera online<\/span>: quatre obligat\u00f2ries i dues electives.<\/p>\n<p style=\"text-align: justify;\">A la seva disposici\u00f3 tenen totes les eines i materials necessaris i el suport dels professors\/es del programa.<\/p>\n<p style=\"text-align: justify;\">Al nostre centre l&#8217;alumnat pot comen\u00e7ar a 2n d&#8217;ESO, 3r d&#8217;ESO o 4t d&#8217;ESO.<\/p>\n<p><img data-recalc-dims=\"1\" loading=\"lazy\" decoding=\"async\" class=\"size-full wp-image-18269 alignleft\" src=\"https:\/\/i0.wp.com\/escolagrancapita.wpcomstaging.com\/wp-content\/uploads\/2022\/09\/DiplomaDual.png?resize=444%2C177&#038;ssl=1\" alt=\"\" width=\"444\" height=\"177\" srcset=\"https:\/\/i0.wp.com\/escolagrancapita.wpcomstaging.com\/wp-content\/uploads\/2022\/09\/DiplomaDual.png?w=444&amp;ssl=1 444w, https:\/\/i0.wp.com\/escolagrancapita.wpcomstaging.com\/wp-content\/uploads\/2022\/09\/DiplomaDual.png?resize=300%2C120&amp;ssl=1 300w\" sizes=\"auto, (max-width: 444px) 100vw, 444px\" \/><\/p>\n<p>&nbsp;<\/p>\n<\/div>\n<div class=\"dslc-text-module-content\">\n<p>&nbsp;<\/p>\n<\/div>\n<\/div>\n","protected":false},"excerpt":{"rendered":"<p>El Diploma Dual\u00ae \u00e9s el programa oficial de convalidaci\u00f3 internacional de t\u00edtols de batxillerat creat i desenvolupat per Academica Corporation, que permet als alumnes obtenir dues titulacions simult\u00e0nies: El batxillerat L&#8217;American High School Diploma (batxillerat americ\u00e0) Els alumnes del Diploma<\/p>\n","protected":false},"author":1,"featured_media":0,"parent":0,"menu_order":0,"comment_status":"closed","ping_status":"closed","template":"","meta":{"_crdt_document":"","footnotes":""},"categories":[92],"tags":[],"class_list":["post-18265","page","type-page","status-publish","hentry","category-projectes"],"jetpack_sharing_enabled":true,"_links":{"self":[{"href":"https:\/\/escolagrancapita.wpcomstaging.com\/index.php?rest_route=\/wp\/v2\/pages\/18265","targetHints":{"allow":["GET"]}}],"collection":[{"href":"https:\/\/escolagrancapita.wpcomstaging.com\/index.php?rest_route=\/wp\/v2\/pages"}],"about":[{"href":"https:\/\/escolagrancapita.wpcomstaging.com\/index.php?rest_route=\/wp\/v2\/types\/page"}],"author":[{"embeddable":true,"href":"https:\/\/escolagrancapita.wpcomstaging.com\/index.php?rest_route=\/wp\/v2\/users\/1"}],"replies":[{"embeddable":true,"href":"https:\/\/escolagrancapita.wpcomstaging.com\/index.php?rest_route=%2Fwp%2Fv2%2Fcomments&post=18265"}],"version-history":[{"count":0,"href":"https:\/\/escolagrancapita.wpcomstaging.com\/index.php?rest_route=\/wp\/v2\/pages\/18265\/revisions"}],"wp:attachment":[{"href":"https:\/\/escolagrancapita.wpcomstaging.com\/index.php?rest_route=%2Fwp%2Fv2%2Fmedia&parent=18265"}],"wp:term":[{"taxonomy":"category","embeddable":true,"href":"https:\/\/escolagrancapita.wpcomstaging.com\/index.php?rest_route=%2Fwp%2Fv2%2Fcategories&post=18265"},{"taxonomy":"post_tag","embeddable":true,"href":"https:\/\/escolagrancapita.wpcomstaging.com\/index.php?rest_route=%2Fwp%2Fv2%2Ftags&post=18265"}],"curies":[{"name":"wp","href":"https:\/\/api.w.org\/{rel}","templated":true}]}}