{"id":18553,"date":"2022-10-15T10:22:33","date_gmt":"2022-10-15T10:22:33","guid":{"rendered":"https:\/\/escolagrancapita.wpcomstaging.com\/?page_id=18553"},"modified":"2023-01-01T11:45:59","modified_gmt":"2023-01-01T11:45:59","slug":"micro-obert-poesia-para-una-sociedad-consciente","status":"publish","type":"page","link":"https:\/\/escolagrancapita.wpcomstaging.com\/?page_id=18553","title":{"rendered":"MICRO OBERT: \u201cPoes\u00eda para una sociedad consciente\u201d"},"content":{"rendered":"<p style=\"text-align: justify;\">El passat dijous 6 d&#8217;octubre, l&#8217;Omar i en Sergio, dos dels nostres alumnes de 3r d&#8217;ESO, van participar al MICRO OBERT presentat pel poeta i professor de l&#8217;escola Pablo Llorente (alias Pablowski).<\/p>\n<p><img data-recalc-dims=\"1\" loading=\"lazy\" decoding=\"async\" class=\"aligncenter wp-image-18622 size-full\" src=\"https:\/\/i0.wp.com\/escolagrancapita.wpcomstaging.com\/wp-content\/uploads\/2022\/10\/3ESO_MicObert1.png?resize=750%2C750&#038;ssl=1\" alt=\"\" width=\"750\" height=\"750\" srcset=\"https:\/\/i0.wp.com\/escolagrancapita.wpcomstaging.com\/wp-content\/uploads\/2022\/10\/3ESO_MicObert1.png?w=1024&amp;ssl=1 1024w, https:\/\/i0.wp.com\/escolagrancapita.wpcomstaging.com\/wp-content\/uploads\/2022\/10\/3ESO_MicObert1.png?resize=300%2C300&amp;ssl=1 300w, https:\/\/i0.wp.com\/escolagrancapita.wpcomstaging.com\/wp-content\/uploads\/2022\/10\/3ESO_MicObert1.png?resize=150%2C150&amp;ssl=1 150w, https:\/\/i0.wp.com\/escolagrancapita.wpcomstaging.com\/wp-content\/uploads\/2022\/10\/3ESO_MicObert1.png?resize=768%2C768&amp;ssl=1 768w, https:\/\/i0.wp.com\/escolagrancapita.wpcomstaging.com\/wp-content\/uploads\/2022\/10\/3ESO_MicObert1.png?resize=270%2C270&amp;ssl=1 270w, https:\/\/i0.wp.com\/escolagrancapita.wpcomstaging.com\/wp-content\/uploads\/2022\/10\/3ESO_MicObert1.png?resize=230%2C230&amp;ssl=1 230w\" sizes=\"auto, (max-width: 750px) 100vw, 750px\" \/><\/p>\n<p style=\"text-align: justify;\">En aquest esdeveniment, van tenir el plaer tant de compartir els seus escrits envers la salut mental, com d&#8217;enriquir-se de les interpretacions de la resta de participants.<\/p>\n<p style=\"text-align: justify;\">\u00c9s per aquest motiu que el 10 d&#8217;octubre, <a href=\"https:\/\/diainternacional.org\/de-la-salud-mental\/\" target=\"_blank\" rel=\"noopener\">Dia Internacional de la Salut Mental,<\/a> des de l&#8217;escola volem agrair a aquests alumnes la seva implicaci\u00f3; aix\u00ed com donar visibilitat a<strong> la import\u00e0ncia de la salut mental.<\/strong><\/p>\n<p style=\"text-align: justify;\">Aqu\u00ed podeu veure v\u00edideos de l&#8217;acte, a un d&#8217;ells tamb\u00e9 llegeixen les germanes dels protagonistes de la noticia (alumnes de 6\u00e8 de Prim\u00e0ria):<\/p>\n<p style=\"text-align: center;\"><iframe loading=\"lazy\" title=\"MICRO OBERT: \u201cPoes\u00eda para una sociedad consciente\u201d I\" src=\"https:\/\/www.youtube.com\/embed\/8ZVpjYPmNG0\" width=\"441\" height=\"784\" frameborder=\"0\" allowfullscreen=\"allowfullscreen\"><\/iframe><\/p>\n<p style=\"text-align: center;\"><iframe loading=\"lazy\" title=\"MICRO OBERT: \u201cPoes\u00eda para una sociedad consciente\u201d II\" src=\"https:\/\/www.youtube.com\/embed\/M9uNeYP-lq0\" width=\"441\" height=\"784\" frameborder=\"0\" allowfullscreen=\"allowfullscreen\"><\/iframe><\/p>\n<p style=\"text-align: center;\"><iframe loading=\"lazy\" title=\"MICRO OBERT: \u201cPoes\u00eda para una sociedad consciente\u201d III\" src=\"https:\/\/www.youtube.com\/embed\/JxZULAZAt2o\" width=\"441\" height=\"784\" frameborder=\"0\" allowfullscreen=\"allowfullscreen\"><\/iframe><\/p>\n<p style=\"text-align: center;\"><iframe loading=\"lazy\" title=\"MICRO OBERT: \u201cPoes\u00eda para una sociedad consciente\u201d IV\" src=\"https:\/\/www.youtube.com\/embed\/iON0fCM0pe8\" width=\"441\" height=\"784\" frameborder=\"0\" allowfullscreen=\"allowfullscreen\"><\/iframe><\/p>\n<p style=\"text-align: justify;\"><strong>Del m\u00e9s petit al m\u00e9s gran, prenem consci\u00e8ncia de la salut mental!<\/strong><\/p>\n","protected":false},"excerpt":{"rendered":"<p>El passat dijous 6 d&#8217;octubre, l&#8217;Omar i en Sergio, dos dels nostres alumnes de 3r d&#8217;ESO, van participar al MICRO OBERT presentat pel poeta i professor de l&#8217;escola Pablo Llorente (alias Pablowski). En aquest esdeveniment, van tenir el plaer tant<\/p>\n","protected":false},"author":1,"featured_media":0,"parent":659,"menu_order":0,"comment_status":"closed","ping_status":"closed","template":"","meta":{"_crdt_document":"","footnotes":""},"categories":[75],"tags":[135,43,126,62],"class_list":["post-18553","page","type-page","status-publish","hentry","category-activitats","tag-curs-2022-23","tag-ed-secundaria","tag-salut","tag-valors"],"jetpack_sharing_enabled":true,"_links":{"self":[{"href":"https:\/\/escolagrancapita.wpcomstaging.com\/index.php?rest_route=\/wp\/v2\/pages\/18553","targetHints":{"allow":["GET"]}}],"collection":[{"href":"https:\/\/escolagrancapita.wpcomstaging.com\/index.php?rest_route=\/wp\/v2\/pages"}],"about":[{"href":"https:\/\/escolagrancapita.wpcomstaging.com\/index.php?rest_route=\/wp\/v2\/types\/page"}],"author":[{"embeddable":true,"href":"https:\/\/escolagrancapita.wpcomstaging.com\/index.php?rest_route=\/wp\/v2\/users\/1"}],"replies":[{"embeddable":true,"href":"https:\/\/escolagrancapita.wpcomstaging.com\/index.php?rest_route=%2Fwp%2Fv2%2Fcomments&post=18553"}],"version-history":[{"count":0,"href":"https:\/\/escolagrancapita.wpcomstaging.com\/index.php?rest_route=\/wp\/v2\/pages\/18553\/revisions"}],"up":[{"embeddable":true,"href":"https:\/\/escolagrancapita.wpcomstaging.com\/index.php?rest_route=\/wp\/v2\/pages\/659"}],"wp:attachment":[{"href":"https:\/\/escolagrancapita.wpcomstaging.com\/index.php?rest_route=%2Fwp%2Fv2%2Fmedia&parent=18553"}],"wp:term":[{"taxonomy":"category","embeddable":true,"href":"https:\/\/escolagrancapita.wpcomstaging.com\/index.php?rest_route=%2Fwp%2Fv2%2Fcategories&post=18553"},{"taxonomy":"post_tag","embeddable":true,"href":"https:\/\/escolagrancapita.wpcomstaging.com\/index.php?rest_route=%2Fwp%2Fv2%2Ftags&post=18553"}],"curies":[{"name":"wp","href":"https:\/\/api.w.org\/{rel}","templated":true}]}}