{"id":18803,"date":"2022-11-12T12:40:49","date_gmt":"2022-11-12T12:40:49","guid":{"rendered":"https:\/\/escolagrancapita.wpcomstaging.com\/?page_id=18803"},"modified":"2022-11-12T12:40:49","modified_gmt":"2022-11-12T12:40:49","slug":"forum-joves-pels-drets-humans","status":"publish","type":"page","link":"https:\/\/escolagrancapita.wpcomstaging.com\/?page_id=18803","title":{"rendered":"F\u00f2rum: Joves pels Drets Humans"},"content":{"rendered":"<p>El passat dilluns dia 10 d&#8217;octubre, la Secund\u00e0ria va assistir al <strong>F\u00f2rum: Joves pels Drets Humans<\/strong>, al teatre Merc\u00e8 Rodoreda.<\/p>\n<div id='gallery-1' class='gallery galleryid-18803 gallery-columns-1 gallery-size-full'><figure class='gallery-item'>\n\t\t\t<div class='gallery-icon landscape'>\n\t\t\t\t<img loading=\"lazy\" decoding=\"async\" width=\"1600\" height=\"720\" src=\"https:\/\/i0.wp.com\/escolagrancapita.wpcomstaging.com\/wp-content\/uploads\/2022\/11\/SEC_ForumDrets-5.jpg?fit=1600%2C720&amp;ssl=1\" class=\"attachment-full size-full\" alt=\"\" srcset=\"https:\/\/i0.wp.com\/escolagrancapita.wpcomstaging.com\/wp-content\/uploads\/2022\/11\/SEC_ForumDrets-5.jpg?w=1600&amp;ssl=1 1600w, https:\/\/i0.wp.com\/escolagrancapita.wpcomstaging.com\/wp-content\/uploads\/2022\/11\/SEC_ForumDrets-5.jpg?resize=300%2C135&amp;ssl=1 300w, https:\/\/i0.wp.com\/escolagrancapita.wpcomstaging.com\/wp-content\/uploads\/2022\/11\/SEC_ForumDrets-5.jpg?resize=1024%2C461&amp;ssl=1 1024w, https:\/\/i0.wp.com\/escolagrancapita.wpcomstaging.com\/wp-content\/uploads\/2022\/11\/SEC_ForumDrets-5.jpg?resize=768%2C346&amp;ssl=1 768w, https:\/\/i0.wp.com\/escolagrancapita.wpcomstaging.com\/wp-content\/uploads\/2022\/11\/SEC_ForumDrets-5.jpg?resize=1536%2C691&amp;ssl=1 1536w\" sizes=\"auto, (max-width: 750px) 100vw, 750px\" \/>\n\t\t\t<\/div><\/figure>\n\t\t<\/div>\n\n<p>Aquest any han participat dos activistes: <strong><a href=\"https:\/\/ca.wikipedia.org\/wiki\/Lucinda_Evans\" target=\"_blank\" rel=\"noopener\">Lucinda Evans<\/a><\/strong> (lluitadora contra les viol\u00e8ncies masclistes a Sud-\u00e0frica) i <strong>Ahmed Ettanji<\/strong> (periodista sahrau\u00ed).<\/p>\n<p>Lucinda Evans \u00e9s fundadora de <a href=\"https:\/\/www.philisaabafazi.org\/\" target=\"_blank\" rel=\"noopener\">Philisa Abafazi Bethu<\/a>, organitzaci\u00f3 que promou l&#8217;empoderament de les dones i la protecci\u00f3 d&#8217;infants i joves.\u00a0Durant la xerrada va explicar com la viol\u00e8ncia masclista impacta a les vides de dones, infants i persones LGTBIQ+ a Sud-\u00e0frica.<\/p>\n<div id='gallery-2' class='gallery galleryid-18803 gallery-columns-1 gallery-size-full'><figure class='gallery-item'>\n\t\t\t<div class='gallery-icon landscape'>\n\t\t\t\t<img loading=\"lazy\" decoding=\"async\" width=\"1024\" height=\"768\" src=\"https:\/\/i0.wp.com\/escolagrancapita.wpcomstaging.com\/wp-content\/uploads\/2022\/11\/SEC_ForumDrets-2.jpg?fit=1024%2C768&amp;ssl=1\" class=\"attachment-full size-full\" alt=\"\" srcset=\"https:\/\/i0.wp.com\/escolagrancapita.wpcomstaging.com\/wp-content\/uploads\/2022\/11\/SEC_ForumDrets-2.jpg?w=1024&amp;ssl=1 1024w, https:\/\/i0.wp.com\/escolagrancapita.wpcomstaging.com\/wp-content\/uploads\/2022\/11\/SEC_ForumDrets-2.jpg?resize=300%2C225&amp;ssl=1 300w, https:\/\/i0.wp.com\/escolagrancapita.wpcomstaging.com\/wp-content\/uploads\/2022\/11\/SEC_ForumDrets-2.jpg?resize=768%2C576&amp;ssl=1 768w\" sizes=\"auto, (max-width: 750px) 100vw, 750px\" \/>\n\t\t\t<\/div><\/figure>\n\t\t<\/div>\n\n<p><strong>Ahmed Ettanji<\/strong> va n\u00e9ixer S\u00e0hara Occidental. \u00c9s periodista, cofundador i president del col-lectiu <a href=\"https:\/\/ca.wikipedia.org\/wiki\/%C3%89quipe_M%C3%A9dia\" target=\"_blank\" rel=\"noopener\">\u00c9quipe M\u00e9dia<\/a>, un grup d&#8217;activistes i periodistes sahrau\u00eds que treballen de forma clandestina als territoris ocupats del S\u00e0hara Occidental des de l&#8217;any 2009.<\/p>\n<div id='gallery-3' class='gallery galleryid-18803 gallery-columns-1 gallery-size-full'><figure class='gallery-item'>\n\t\t\t<div class='gallery-icon landscape'>\n\t\t\t\t<img loading=\"lazy\" decoding=\"async\" width=\"518\" height=\"376\" src=\"https:\/\/i0.wp.com\/escolagrancapita.wpcomstaging.com\/wp-content\/uploads\/2022\/11\/SEC_ForumDrets-4.jpg?fit=518%2C376&amp;ssl=1\" class=\"attachment-full size-full\" alt=\"\" srcset=\"https:\/\/i0.wp.com\/escolagrancapita.wpcomstaging.com\/wp-content\/uploads\/2022\/11\/SEC_ForumDrets-4.jpg?w=518&amp;ssl=1 518w, https:\/\/i0.wp.com\/escolagrancapita.wpcomstaging.com\/wp-content\/uploads\/2022\/11\/SEC_ForumDrets-4.jpg?resize=300%2C218&amp;ssl=1 300w\" sizes=\"auto, (max-width: 518px) 100vw, 518px\" \/>\n\t\t\t<\/div><\/figure>\n\t\t<\/div>\n\n<p>Les experi\u00e8ncies dels dos oradors han impactat i conscienciat molt al nostre jovent.<\/p>\n<div id='gallery-4' class='gallery galleryid-18803 gallery-columns-1 gallery-size-full'><figure class='gallery-item'>\n\t\t\t<div class='gallery-icon landscape'>\n\t\t\t\t<img loading=\"lazy\" decoding=\"async\" width=\"1600\" height=\"720\" src=\"https:\/\/i0.wp.com\/escolagrancapita.wpcomstaging.com\/wp-content\/uploads\/2022\/11\/SEC_ForumDrets-1.jpg?fit=1600%2C720&amp;ssl=1\" class=\"attachment-full size-full\" alt=\"\" srcset=\"https:\/\/i0.wp.com\/escolagrancapita.wpcomstaging.com\/wp-content\/uploads\/2022\/11\/SEC_ForumDrets-1.jpg?w=1600&amp;ssl=1 1600w, https:\/\/i0.wp.com\/escolagrancapita.wpcomstaging.com\/wp-content\/uploads\/2022\/11\/SEC_ForumDrets-1.jpg?resize=300%2C135&amp;ssl=1 300w, https:\/\/i0.wp.com\/escolagrancapita.wpcomstaging.com\/wp-content\/uploads\/2022\/11\/SEC_ForumDrets-1.jpg?resize=1024%2C461&amp;ssl=1 1024w, https:\/\/i0.wp.com\/escolagrancapita.wpcomstaging.com\/wp-content\/uploads\/2022\/11\/SEC_ForumDrets-1.jpg?resize=768%2C346&amp;ssl=1 768w, https:\/\/i0.wp.com\/escolagrancapita.wpcomstaging.com\/wp-content\/uploads\/2022\/11\/SEC_ForumDrets-1.jpg?resize=1536%2C691&amp;ssl=1 1536w\" sizes=\"auto, (max-width: 750px) 100vw, 750px\" \/>\n\t\t\t<\/div><\/figure>\n\t\t<\/div>\n\n<div id='gallery-5' class='gallery galleryid-18803 gallery-columns-1 gallery-size-full'><figure class='gallery-item'>\n\t\t\t<div class='gallery-icon landscape'>\n\t\t\t\t<img loading=\"lazy\" decoding=\"async\" width=\"1024\" height=\"386\" src=\"https:\/\/i0.wp.com\/escolagrancapita.wpcomstaging.com\/wp-content\/uploads\/2022\/11\/SEC_ForumDrets-3-e1668189466797.jpg?fit=1024%2C386&amp;ssl=1\" class=\"attachment-full size-full\" alt=\"\" srcset=\"https:\/\/i0.wp.com\/escolagrancapita.wpcomstaging.com\/wp-content\/uploads\/2022\/11\/SEC_ForumDrets-3-e1668189466797.jpg?w=1024&amp;ssl=1 1024w, https:\/\/i0.wp.com\/escolagrancapita.wpcomstaging.com\/wp-content\/uploads\/2022\/11\/SEC_ForumDrets-3-e1668189466797.jpg?resize=300%2C113&amp;ssl=1 300w, https:\/\/i0.wp.com\/escolagrancapita.wpcomstaging.com\/wp-content\/uploads\/2022\/11\/SEC_ForumDrets-3-e1668189466797.jpg?resize=768%2C290&amp;ssl=1 768w\" sizes=\"auto, (max-width: 750px) 100vw, 750px\" \/>\n\t\t\t<\/div><\/figure>\n\t\t<\/div>\n\n","protected":false},"excerpt":{"rendered":"<p>El passat dilluns dia 10 d&#8217;octubre, la Secund\u00e0ria va assistir al F\u00f2rum: Joves pels Drets Humans, al teatre Merc\u00e8 Rodoreda. Aquest any han participat dos activistes: Lucinda Evans (lluitadora contra les viol\u00e8ncies masclistes a Sud-\u00e0frica) i Ahmed Ettanji (periodista sahrau\u00ed).<\/p>\n","protected":false},"author":1,"featured_media":0,"parent":659,"menu_order":0,"comment_status":"closed","ping_status":"closed","template":"","meta":{"_crdt_document":"","footnotes":""},"categories":[75],"tags":[135,43,82,62],"class_list":["post-18803","page","type-page","status-publish","hentry","category-activitats","tag-curs-2022-23","tag-ed-secundaria","tag-sortides","tag-valors"],"jetpack_sharing_enabled":true,"_links":{"self":[{"href":"https:\/\/escolagrancapita.wpcomstaging.com\/index.php?rest_route=\/wp\/v2\/pages\/18803","targetHints":{"allow":["GET"]}}],"collection":[{"href":"https:\/\/escolagrancapita.wpcomstaging.com\/index.php?rest_route=\/wp\/v2\/pages"}],"about":[{"href":"https:\/\/escolagrancapita.wpcomstaging.com\/index.php?rest_route=\/wp\/v2\/types\/page"}],"author":[{"embeddable":true,"href":"https:\/\/escolagrancapita.wpcomstaging.com\/index.php?rest_route=\/wp\/v2\/users\/1"}],"replies":[{"embeddable":true,"href":"https:\/\/escolagrancapita.wpcomstaging.com\/index.php?rest_route=%2Fwp%2Fv2%2Fcomments&post=18803"}],"version-history":[{"count":0,"href":"https:\/\/escolagrancapita.wpcomstaging.com\/index.php?rest_route=\/wp\/v2\/pages\/18803\/revisions"}],"up":[{"embeddable":true,"href":"https:\/\/escolagrancapita.wpcomstaging.com\/index.php?rest_route=\/wp\/v2\/pages\/659"}],"wp:attachment":[{"href":"https:\/\/escolagrancapita.wpcomstaging.com\/index.php?rest_route=%2Fwp%2Fv2%2Fmedia&parent=18803"}],"wp:term":[{"taxonomy":"category","embeddable":true,"href":"https:\/\/escolagrancapita.wpcomstaging.com\/index.php?rest_route=%2Fwp%2Fv2%2Fcategories&post=18803"},{"taxonomy":"post_tag","embeddable":true,"href":"https:\/\/escolagrancapita.wpcomstaging.com\/index.php?rest_route=%2Fwp%2Fv2%2Ftags&post=18803"}],"curies":[{"name":"wp","href":"https:\/\/api.w.org\/{rel}","templated":true}]}}