{"id":19079,"date":"2022-12-27T09:59:54","date_gmt":"2022-12-27T09:59:54","guid":{"rendered":"https:\/\/escolagrancapita.wpcomstaging.com\/?page_id=19079"},"modified":"2022-12-27T09:59:54","modified_gmt":"2022-12-27T09:59:54","slug":"31a-edicio-de-la-marato","status":"publish","type":"page","link":"https:\/\/escolagrancapita.wpcomstaging.com\/?page_id=19079","title":{"rendered":"31a edici\u00f3 de La Marat\u00f3"},"content":{"rendered":"<p style=\"text-align: justify;\">Com cada any, la comunitat educativa del centre s&#8217;ha bolcat col\u00b7laborant amb La Marat\u00f3 de TV3, que aquest any estava dedicada a les malalties cardiovasculars.<\/p>\n<p style=\"text-align: justify;\">S&#8217;han venut centenars de sobres sorpresa, s&#8217;han organitzat un bon munt de berenars solidaris (amb pa de pessic casolans bon\u00edssims!) i s&#8217;ha participat en el sorteig de dues entrades de cinema i una cistella saludable&#8230; En total, s&#8217;ha aconseguit un total de<strong> 1607 euros<\/strong>! Sabem que podem comptar amb tots vosaltres!<\/p>\n<div id='gallery-1' class='gallery galleryid-19079 gallery-columns-1 gallery-size-full'><figure class='gallery-item'>\n\t\t\t<div class='gallery-icon landscape'>\n\t\t\t\t<img loading=\"lazy\" decoding=\"async\" width=\"2560\" height=\"1137\" src=\"https:\/\/i0.wp.com\/escolagrancapita.wpcomstaging.com\/wp-content\/uploads\/2022\/12\/ESC_Marato-2-scaled.jpg?fit=2560%2C1137&amp;ssl=1\" class=\"attachment-full size-full\" alt=\"\" srcset=\"https:\/\/i0.wp.com\/escolagrancapita.wpcomstaging.com\/wp-content\/uploads\/2022\/12\/ESC_Marato-2-scaled.jpg?w=2560&amp;ssl=1 2560w, https:\/\/i0.wp.com\/escolagrancapita.wpcomstaging.com\/wp-content\/uploads\/2022\/12\/ESC_Marato-2-scaled.jpg?resize=300%2C133&amp;ssl=1 300w, https:\/\/i0.wp.com\/escolagrancapita.wpcomstaging.com\/wp-content\/uploads\/2022\/12\/ESC_Marato-2-scaled.jpg?resize=1024%2C455&amp;ssl=1 1024w, https:\/\/i0.wp.com\/escolagrancapita.wpcomstaging.com\/wp-content\/uploads\/2022\/12\/ESC_Marato-2-scaled.jpg?resize=768%2C341&amp;ssl=1 768w, https:\/\/i0.wp.com\/escolagrancapita.wpcomstaging.com\/wp-content\/uploads\/2022\/12\/ESC_Marato-2-scaled.jpg?resize=1536%2C682&amp;ssl=1 1536w, https:\/\/i0.wp.com\/escolagrancapita.wpcomstaging.com\/wp-content\/uploads\/2022\/12\/ESC_Marato-2-scaled.jpg?resize=2048%2C909&amp;ssl=1 2048w, https:\/\/i0.wp.com\/escolagrancapita.wpcomstaging.com\/wp-content\/uploads\/2022\/12\/ESC_Marato-2-scaled.jpg?w=2250&amp;ssl=1 2250w\" sizes=\"auto, (max-width: 750px) 100vw, 750px\" \/>\n\t\t\t<\/div><\/figure><figure class='gallery-item'>\n\t\t\t<div class='gallery-icon landscape'>\n\t\t\t\t<img loading=\"lazy\" decoding=\"async\" width=\"2560\" height=\"949\" src=\"https:\/\/i0.wp.com\/escolagrancapita.wpcomstaging.com\/wp-content\/uploads\/2022\/12\/ESC_Marato-3-scaled.jpg?fit=2560%2C949&amp;ssl=1\" class=\"attachment-full size-full\" alt=\"\" srcset=\"https:\/\/i0.wp.com\/escolagrancapita.wpcomstaging.com\/wp-content\/uploads\/2022\/12\/ESC_Marato-3-scaled.jpg?w=2560&amp;ssl=1 2560w, https:\/\/i0.wp.com\/escolagrancapita.wpcomstaging.com\/wp-content\/uploads\/2022\/12\/ESC_Marato-3-scaled.jpg?resize=300%2C111&amp;ssl=1 300w, https:\/\/i0.wp.com\/escolagrancapita.wpcomstaging.com\/wp-content\/uploads\/2022\/12\/ESC_Marato-3-scaled.jpg?resize=1024%2C380&amp;ssl=1 1024w, https:\/\/i0.wp.com\/escolagrancapita.wpcomstaging.com\/wp-content\/uploads\/2022\/12\/ESC_Marato-3-scaled.jpg?resize=768%2C285&amp;ssl=1 768w, https:\/\/i0.wp.com\/escolagrancapita.wpcomstaging.com\/wp-content\/uploads\/2022\/12\/ESC_Marato-3-scaled.jpg?resize=1536%2C569&amp;ssl=1 1536w, https:\/\/i0.wp.com\/escolagrancapita.wpcomstaging.com\/wp-content\/uploads\/2022\/12\/ESC_Marato-3-scaled.jpg?resize=2048%2C759&amp;ssl=1 2048w, https:\/\/i0.wp.com\/escolagrancapita.wpcomstaging.com\/wp-content\/uploads\/2022\/12\/ESC_Marato-3-scaled.jpg?w=2250&amp;ssl=1 2250w\" sizes=\"auto, (max-width: 750px) 100vw, 750px\" \/>\n\t\t\t<\/div><\/figure><figure class='gallery-item'>\n\t\t\t<div class='gallery-icon landscape'>\n\t\t\t\t<img loading=\"lazy\" decoding=\"async\" width=\"1920\" height=\"1600\" src=\"https:\/\/i0.wp.com\/escolagrancapita.wpcomstaging.com\/wp-content\/uploads\/2022\/12\/ESC_Marato-1-scaled-e1672134398241.jpg?fit=1920%2C1600&amp;ssl=1\" class=\"attachment-full size-full\" alt=\"\" srcset=\"https:\/\/i0.wp.com\/escolagrancapita.wpcomstaging.com\/wp-content\/uploads\/2022\/12\/ESC_Marato-1-scaled-e1672134398241.jpg?w=1920&amp;ssl=1 1920w, https:\/\/i0.wp.com\/escolagrancapita.wpcomstaging.com\/wp-content\/uploads\/2022\/12\/ESC_Marato-1-scaled-e1672134398241.jpg?resize=300%2C250&amp;ssl=1 300w, https:\/\/i0.wp.com\/escolagrancapita.wpcomstaging.com\/wp-content\/uploads\/2022\/12\/ESC_Marato-1-scaled-e1672134398241.jpg?resize=1024%2C853&amp;ssl=1 1024w, https:\/\/i0.wp.com\/escolagrancapita.wpcomstaging.com\/wp-content\/uploads\/2022\/12\/ESC_Marato-1-scaled-e1672134398241.jpg?resize=768%2C640&amp;ssl=1 768w, https:\/\/i0.wp.com\/escolagrancapita.wpcomstaging.com\/wp-content\/uploads\/2022\/12\/ESC_Marato-1-scaled-e1672134398241.jpg?resize=1536%2C1280&amp;ssl=1 1536w\" sizes=\"auto, (max-width: 750px) 100vw, 750px\" \/>\n\t\t\t<\/div><\/figure><figure class='gallery-item'>\n\t\t\t<div class='gallery-icon landscape'>\n\t\t\t\t<img loading=\"lazy\" decoding=\"async\" width=\"2560\" height=\"935\" src=\"https:\/\/i0.wp.com\/escolagrancapita.wpcomstaging.com\/wp-content\/uploads\/2022\/12\/ESC_Marato-4-scaled.jpg?fit=2560%2C935&amp;ssl=1\" class=\"attachment-full size-full\" alt=\"\" srcset=\"https:\/\/i0.wp.com\/escolagrancapita.wpcomstaging.com\/wp-content\/uploads\/2022\/12\/ESC_Marato-4-scaled.jpg?w=2560&amp;ssl=1 2560w, https:\/\/i0.wp.com\/escolagrancapita.wpcomstaging.com\/wp-content\/uploads\/2022\/12\/ESC_Marato-4-scaled.jpg?resize=300%2C110&amp;ssl=1 300w, https:\/\/i0.wp.com\/escolagrancapita.wpcomstaging.com\/wp-content\/uploads\/2022\/12\/ESC_Marato-4-scaled.jpg?resize=1024%2C374&amp;ssl=1 1024w, https:\/\/i0.wp.com\/escolagrancapita.wpcomstaging.com\/wp-content\/uploads\/2022\/12\/ESC_Marato-4-scaled.jpg?resize=768%2C281&amp;ssl=1 768w, https:\/\/i0.wp.com\/escolagrancapita.wpcomstaging.com\/wp-content\/uploads\/2022\/12\/ESC_Marato-4-scaled.jpg?resize=1536%2C561&amp;ssl=1 1536w, https:\/\/i0.wp.com\/escolagrancapita.wpcomstaging.com\/wp-content\/uploads\/2022\/12\/ESC_Marato-4-scaled.jpg?resize=2048%2C748&amp;ssl=1 2048w, https:\/\/i0.wp.com\/escolagrancapita.wpcomstaging.com\/wp-content\/uploads\/2022\/12\/ESC_Marato-4-scaled.jpg?w=2250&amp;ssl=1 2250w\" sizes=\"auto, (max-width: 750px) 100vw, 750px\" \/>\n\t\t\t<\/div><\/figure>\n\t\t<\/div>\n\n<p style=\"text-align: justify;\">Moltes gr\u00e0cies a tothom que ha participat col\u00b7laborant en la 31a edici\u00f3 d&#8217;aquest programa solidari. Fins a la seg\u00fcent Marat\u00f3!\u00a0&#x2764;!<\/p>\n","protected":false},"excerpt":{"rendered":"<p>Com cada any, la comunitat educativa del centre s&#8217;ha bolcat col\u00b7laborant amb La Marat\u00f3 de TV3, que aquest any estava dedicada a les malalties cardiovasculars. S&#8217;han venut centenars de sobres sorpresa, s&#8217;han organitzat un bon munt de berenars solidaris (amb<\/p>\n","protected":false},"author":1,"featured_media":0,"parent":4246,"menu_order":0,"comment_status":"closed","ping_status":"closed","template":"","meta":{"_crdt_document":"","footnotes":""},"categories":[75],"tags":[135,48,62],"class_list":["post-19079","page","type-page","status-publish","hentry","category-activitats","tag-curs-2022-23","tag-escola","tag-valors"],"jetpack_sharing_enabled":true,"_links":{"self":[{"href":"https:\/\/escolagrancapita.wpcomstaging.com\/index.php?rest_route=\/wp\/v2\/pages\/19079","targetHints":{"allow":["GET"]}}],"collection":[{"href":"https:\/\/escolagrancapita.wpcomstaging.com\/index.php?rest_route=\/wp\/v2\/pages"}],"about":[{"href":"https:\/\/escolagrancapita.wpcomstaging.com\/index.php?rest_route=\/wp\/v2\/types\/page"}],"author":[{"embeddable":true,"href":"https:\/\/escolagrancapita.wpcomstaging.com\/index.php?rest_route=\/wp\/v2\/users\/1"}],"replies":[{"embeddable":true,"href":"https:\/\/escolagrancapita.wpcomstaging.com\/index.php?rest_route=%2Fwp%2Fv2%2Fcomments&post=19079"}],"version-history":[{"count":0,"href":"https:\/\/escolagrancapita.wpcomstaging.com\/index.php?rest_route=\/wp\/v2\/pages\/19079\/revisions"}],"up":[{"embeddable":true,"href":"https:\/\/escolagrancapita.wpcomstaging.com\/index.php?rest_route=\/wp\/v2\/pages\/4246"}],"wp:attachment":[{"href":"https:\/\/escolagrancapita.wpcomstaging.com\/index.php?rest_route=%2Fwp%2Fv2%2Fmedia&parent=19079"}],"wp:term":[{"taxonomy":"category","embeddable":true,"href":"https:\/\/escolagrancapita.wpcomstaging.com\/index.php?rest_route=%2Fwp%2Fv2%2Fcategories&post=19079"},{"taxonomy":"post_tag","embeddable":true,"href":"https:\/\/escolagrancapita.wpcomstaging.com\/index.php?rest_route=%2Fwp%2Fv2%2Ftags&post=19079"}],"curies":[{"name":"wp","href":"https:\/\/api.w.org\/{rel}","templated":true}]}}