{"id":19891,"date":"2023-04-06T06:24:59","date_gmt":"2023-04-06T06:24:59","guid":{"rendered":"https:\/\/escolagrancapita.wpcomstaging.com\/?page_id=19891"},"modified":"2023-04-06T06:25:59","modified_gmt":"2023-04-06T06:25:59","slug":"projecte-transports-aquatics","status":"publish","type":"page","link":"https:\/\/escolagrancapita.wpcomstaging.com\/?page_id=19891","title":{"rendered":"Projecte: Transports aqu\u00e0tics"},"content":{"rendered":"<p style=\"text-align: justify;\">P4 ha arribat al final del projecte d&#8217;aquest segon trimestre: els <strong>transports aqu\u00e0tics<\/strong>. &#x1f6a4;&#x1f6e5;&#xfe0f;&#x1f6f6;&#x26f5;!<\/p>\n<p style=\"text-align: justify;\">Aquest va sorgir quan els infants d&#8217;infantil van mostrar inter\u00e8s pels transports i, entre tots, van decidir que podria ser un projecte en l&#8217;\u00e0mbit del cicle. Aix\u00ed doncs, es van posar mans a l&#8217;obra i van decidir que P3 treballarien els terrestres, P4 els aqu\u00e0tics i P5 els aeris.<\/p>\n<p style=\"text-align: justify;\">Ha estat gratificant veure com han compartit informaci\u00f3 i material per descobrir els diferents transports que existeixen i han gaudit molt de l&#8217;experi\u00e8ncia.<\/p>\n<p style=\"text-align: justify;\">Al llarg del trimestre han dut un bon grapat d&#8217;activitats!\u00a0Han buscat informaci\u00f3 sobre algun transport aqu\u00e0tic amb les fam\u00edlies i han explicat als companys\/es com ho han fet i qu\u00e8 \u00e9s el que han apr\u00e8s.<\/p>\n<div id='gallery-1' class='gallery galleryid-19891 gallery-columns-2 gallery-size-full'><figure class='gallery-item'>\n\t\t\t<div class='gallery-icon landscape'>\n\t\t\t\t<img loading=\"lazy\" decoding=\"async\" width=\"2048\" height=\"1152\" src=\"https:\/\/i0.wp.com\/escolagrancapita.wpcomstaging.com\/wp-content\/uploads\/2023\/04\/4INF_TransAqua-6.jpg?fit=2048%2C1152&amp;ssl=1\" class=\"attachment-full size-full\" alt=\"\" srcset=\"https:\/\/i0.wp.com\/escolagrancapita.wpcomstaging.com\/wp-content\/uploads\/2023\/04\/4INF_TransAqua-6.jpg?w=2048&amp;ssl=1 2048w, https:\/\/i0.wp.com\/escolagrancapita.wpcomstaging.com\/wp-content\/uploads\/2023\/04\/4INF_TransAqua-6.jpg?resize=300%2C169&amp;ssl=1 300w, https:\/\/i0.wp.com\/escolagrancapita.wpcomstaging.com\/wp-content\/uploads\/2023\/04\/4INF_TransAqua-6.jpg?resize=1024%2C576&amp;ssl=1 1024w, https:\/\/i0.wp.com\/escolagrancapita.wpcomstaging.com\/wp-content\/uploads\/2023\/04\/4INF_TransAqua-6.jpg?resize=768%2C432&amp;ssl=1 768w, https:\/\/i0.wp.com\/escolagrancapita.wpcomstaging.com\/wp-content\/uploads\/2023\/04\/4INF_TransAqua-6.jpg?resize=1536%2C864&amp;ssl=1 1536w\" sizes=\"auto, (max-width: 750px) 100vw, 750px\" \/>\n\t\t\t<\/div><\/figure><figure class='gallery-item'>\n\t\t\t<div class='gallery-icon landscape'>\n\t\t\t\t<img loading=\"lazy\" decoding=\"async\" width=\"2048\" height=\"1152\" src=\"https:\/\/i0.wp.com\/escolagrancapita.wpcomstaging.com\/wp-content\/uploads\/2023\/04\/4INF_TransAqua-7.jpg?fit=2048%2C1152&amp;ssl=1\" class=\"attachment-full size-full\" alt=\"\" srcset=\"https:\/\/i0.wp.com\/escolagrancapita.wpcomstaging.com\/wp-content\/uploads\/2023\/04\/4INF_TransAqua-7.jpg?w=2048&amp;ssl=1 2048w, https:\/\/i0.wp.com\/escolagrancapita.wpcomstaging.com\/wp-content\/uploads\/2023\/04\/4INF_TransAqua-7.jpg?resize=300%2C169&amp;ssl=1 300w, https:\/\/i0.wp.com\/escolagrancapita.wpcomstaging.com\/wp-content\/uploads\/2023\/04\/4INF_TransAqua-7.jpg?resize=1024%2C576&amp;ssl=1 1024w, https:\/\/i0.wp.com\/escolagrancapita.wpcomstaging.com\/wp-content\/uploads\/2023\/04\/4INF_TransAqua-7.jpg?resize=768%2C432&amp;ssl=1 768w, https:\/\/i0.wp.com\/escolagrancapita.wpcomstaging.com\/wp-content\/uploads\/2023\/04\/4INF_TransAqua-7.jpg?resize=1536%2C864&amp;ssl=1 1536w\" sizes=\"auto, (max-width: 750px) 100vw, 750px\" \/>\n\t\t\t<\/div><\/figure>\n\t\t<\/div>\n\n<div id='gallery-2' class='gallery galleryid-19891 gallery-columns-3 gallery-size-full'><figure class='gallery-item'>\n\t\t\t<div class='gallery-icon landscape'>\n\t\t\t\t<img loading=\"lazy\" decoding=\"async\" width=\"2048\" height=\"1152\" src=\"https:\/\/i0.wp.com\/escolagrancapita.wpcomstaging.com\/wp-content\/uploads\/2023\/04\/4INF_TransAqua-4.jpg?fit=2048%2C1152&amp;ssl=1\" class=\"attachment-full size-full\" alt=\"\" srcset=\"https:\/\/i0.wp.com\/escolagrancapita.wpcomstaging.com\/wp-content\/uploads\/2023\/04\/4INF_TransAqua-4.jpg?w=2048&amp;ssl=1 2048w, https:\/\/i0.wp.com\/escolagrancapita.wpcomstaging.com\/wp-content\/uploads\/2023\/04\/4INF_TransAqua-4.jpg?resize=300%2C169&amp;ssl=1 300w, https:\/\/i0.wp.com\/escolagrancapita.wpcomstaging.com\/wp-content\/uploads\/2023\/04\/4INF_TransAqua-4.jpg?resize=1024%2C576&amp;ssl=1 1024w, https:\/\/i0.wp.com\/escolagrancapita.wpcomstaging.com\/wp-content\/uploads\/2023\/04\/4INF_TransAqua-4.jpg?resize=768%2C432&amp;ssl=1 768w, https:\/\/i0.wp.com\/escolagrancapita.wpcomstaging.com\/wp-content\/uploads\/2023\/04\/4INF_TransAqua-4.jpg?resize=1536%2C864&amp;ssl=1 1536w\" sizes=\"auto, (max-width: 750px) 100vw, 750px\" \/>\n\t\t\t<\/div><\/figure><figure class='gallery-item'>\n\t\t\t<div class='gallery-icon landscape'>\n\t\t\t\t<img loading=\"lazy\" decoding=\"async\" width=\"2048\" height=\"1152\" src=\"https:\/\/i0.wp.com\/escolagrancapita.wpcomstaging.com\/wp-content\/uploads\/2023\/04\/4INF_TransAqua-3.jpg?fit=2048%2C1152&amp;ssl=1\" class=\"attachment-full size-full\" alt=\"\" srcset=\"https:\/\/i0.wp.com\/escolagrancapita.wpcomstaging.com\/wp-content\/uploads\/2023\/04\/4INF_TransAqua-3.jpg?w=2048&amp;ssl=1 2048w, https:\/\/i0.wp.com\/escolagrancapita.wpcomstaging.com\/wp-content\/uploads\/2023\/04\/4INF_TransAqua-3.jpg?resize=300%2C169&amp;ssl=1 300w, https:\/\/i0.wp.com\/escolagrancapita.wpcomstaging.com\/wp-content\/uploads\/2023\/04\/4INF_TransAqua-3.jpg?resize=1024%2C576&amp;ssl=1 1024w, https:\/\/i0.wp.com\/escolagrancapita.wpcomstaging.com\/wp-content\/uploads\/2023\/04\/4INF_TransAqua-3.jpg?resize=768%2C432&amp;ssl=1 768w, https:\/\/i0.wp.com\/escolagrancapita.wpcomstaging.com\/wp-content\/uploads\/2023\/04\/4INF_TransAqua-3.jpg?resize=1536%2C864&amp;ssl=1 1536w\" sizes=\"auto, (max-width: 750px) 100vw, 750px\" \/>\n\t\t\t<\/div><\/figure><figure class='gallery-item'>\n\t\t\t<div class='gallery-icon landscape'>\n\t\t\t\t<img loading=\"lazy\" decoding=\"async\" width=\"2048\" height=\"1152\" src=\"https:\/\/i0.wp.com\/escolagrancapita.wpcomstaging.com\/wp-content\/uploads\/2023\/04\/4INF_TransAqua-5.jpg?fit=2048%2C1152&amp;ssl=1\" class=\"attachment-full size-full\" alt=\"\" srcset=\"https:\/\/i0.wp.com\/escolagrancapita.wpcomstaging.com\/wp-content\/uploads\/2023\/04\/4INF_TransAqua-5.jpg?w=2048&amp;ssl=1 2048w, https:\/\/i0.wp.com\/escolagrancapita.wpcomstaging.com\/wp-content\/uploads\/2023\/04\/4INF_TransAqua-5.jpg?resize=300%2C169&amp;ssl=1 300w, https:\/\/i0.wp.com\/escolagrancapita.wpcomstaging.com\/wp-content\/uploads\/2023\/04\/4INF_TransAqua-5.jpg?resize=1024%2C576&amp;ssl=1 1024w, https:\/\/i0.wp.com\/escolagrancapita.wpcomstaging.com\/wp-content\/uploads\/2023\/04\/4INF_TransAqua-5.jpg?resize=768%2C432&amp;ssl=1 768w, https:\/\/i0.wp.com\/escolagrancapita.wpcomstaging.com\/wp-content\/uploads\/2023\/04\/4INF_TransAqua-5.jpg?resize=1536%2C864&amp;ssl=1 1536w\" sizes=\"auto, (max-width: 750px) 100vw, 750px\" \/>\n\t\t\t<\/div><\/figure>\n\t\t<\/div>\n\n<p style=\"text-align: justify;\">Han classificat els diferents transports (terrestres, aqu\u00e0tics o aeris).<\/p>\n<div id='gallery-3' class='gallery galleryid-19891 gallery-columns-2 gallery-size-full'><figure class='gallery-item'>\n\t\t\t<div class='gallery-icon landscape'>\n\t\t\t\t<img loading=\"lazy\" decoding=\"async\" width=\"1536\" height=\"1536\" src=\"https:\/\/i0.wp.com\/escolagrancapita.wpcomstaging.com\/wp-content\/uploads\/2023\/04\/4INF_TransAqua-2-scaled-e1680761804591.jpg?fit=1536%2C1536&amp;ssl=1\" class=\"attachment-full size-full\" alt=\"\" srcset=\"https:\/\/i0.wp.com\/escolagrancapita.wpcomstaging.com\/wp-content\/uploads\/2023\/04\/4INF_TransAqua-2-scaled-e1680761804591.jpg?w=1536&amp;ssl=1 1536w, https:\/\/i0.wp.com\/escolagrancapita.wpcomstaging.com\/wp-content\/uploads\/2023\/04\/4INF_TransAqua-2-scaled-e1680761804591.jpg?resize=300%2C300&amp;ssl=1 300w, https:\/\/i0.wp.com\/escolagrancapita.wpcomstaging.com\/wp-content\/uploads\/2023\/04\/4INF_TransAqua-2-scaled-e1680761804591.jpg?resize=1024%2C1024&amp;ssl=1 1024w, https:\/\/i0.wp.com\/escolagrancapita.wpcomstaging.com\/wp-content\/uploads\/2023\/04\/4INF_TransAqua-2-scaled-e1680761804591.jpg?resize=150%2C150&amp;ssl=1 150w, https:\/\/i0.wp.com\/escolagrancapita.wpcomstaging.com\/wp-content\/uploads\/2023\/04\/4INF_TransAqua-2-scaled-e1680761804591.jpg?resize=768%2C768&amp;ssl=1 768w, https:\/\/i0.wp.com\/escolagrancapita.wpcomstaging.com\/wp-content\/uploads\/2023\/04\/4INF_TransAqua-2-scaled-e1680761804591.jpg?resize=270%2C270&amp;ssl=1 270w, https:\/\/i0.wp.com\/escolagrancapita.wpcomstaging.com\/wp-content\/uploads\/2023\/04\/4INF_TransAqua-2-scaled-e1680761804591.jpg?resize=230%2C230&amp;ssl=1 230w\" sizes=\"auto, (max-width: 750px) 100vw, 750px\" \/>\n\t\t\t<\/div><\/figure><figure class='gallery-item'>\n\t\t\t<div class='gallery-icon landscape'>\n\t\t\t\t<img loading=\"lazy\" decoding=\"async\" width=\"1536\" height=\"1536\" src=\"https:\/\/i0.wp.com\/escolagrancapita.wpcomstaging.com\/wp-content\/uploads\/2023\/04\/4INF_TransAqua-10-e1680761783313.jpg?fit=1536%2C1536&amp;ssl=1\" class=\"attachment-full size-full\" alt=\"\" srcset=\"https:\/\/i0.wp.com\/escolagrancapita.wpcomstaging.com\/wp-content\/uploads\/2023\/04\/4INF_TransAqua-10-e1680761783313.jpg?w=1536&amp;ssl=1 1536w, https:\/\/i0.wp.com\/escolagrancapita.wpcomstaging.com\/wp-content\/uploads\/2023\/04\/4INF_TransAqua-10-e1680761783313.jpg?resize=300%2C300&amp;ssl=1 300w, https:\/\/i0.wp.com\/escolagrancapita.wpcomstaging.com\/wp-content\/uploads\/2023\/04\/4INF_TransAqua-10-e1680761783313.jpg?resize=1024%2C1024&amp;ssl=1 1024w, https:\/\/i0.wp.com\/escolagrancapita.wpcomstaging.com\/wp-content\/uploads\/2023\/04\/4INF_TransAqua-10-e1680761783313.jpg?resize=150%2C150&amp;ssl=1 150w, https:\/\/i0.wp.com\/escolagrancapita.wpcomstaging.com\/wp-content\/uploads\/2023\/04\/4INF_TransAqua-10-e1680761783313.jpg?resize=768%2C768&amp;ssl=1 768w, https:\/\/i0.wp.com\/escolagrancapita.wpcomstaging.com\/wp-content\/uploads\/2023\/04\/4INF_TransAqua-10-e1680761783313.jpg?resize=270%2C270&amp;ssl=1 270w, https:\/\/i0.wp.com\/escolagrancapita.wpcomstaging.com\/wp-content\/uploads\/2023\/04\/4INF_TransAqua-10-e1680761783313.jpg?resize=230%2C230&amp;ssl=1 230w\" sizes=\"auto, (max-width: 750px) 100vw, 750px\" \/>\n\t\t\t<\/div><\/figure>\n\t\t<\/div>\n\n<p style=\"text-align: justify;\">Han jugat amb la <a href=\"https:\/\/escolagrancapita.wpcomstaging.com\/?page_id=2387\" target=\"_blank\" rel=\"noopener\">Bee Bot<\/a> per arribar a diferents transports, han descobert quins s\u00f3n els materials que s&#8217;utilitzen per fer els transports aqu\u00e0tics i finalment han realitzat un transport aqu\u00e0tic en grups cooperatius.<\/p>\n<div id='gallery-4' class='gallery galleryid-19891 gallery-columns-2 gallery-size-full'><figure class='gallery-item'>\n\t\t\t<div class='gallery-icon portrait'>\n\t\t\t\t<img loading=\"lazy\" decoding=\"async\" width=\"1536\" height=\"2048\" src=\"https:\/\/i0.wp.com\/escolagrancapita.wpcomstaging.com\/wp-content\/uploads\/2023\/04\/4INF_TransAqua-8.jpg?fit=1536%2C2048&amp;ssl=1\" class=\"attachment-full size-full\" alt=\"\" srcset=\"https:\/\/i0.wp.com\/escolagrancapita.wpcomstaging.com\/wp-content\/uploads\/2023\/04\/4INF_TransAqua-8.jpg?w=1536&amp;ssl=1 1536w, https:\/\/i0.wp.com\/escolagrancapita.wpcomstaging.com\/wp-content\/uploads\/2023\/04\/4INF_TransAqua-8.jpg?resize=225%2C300&amp;ssl=1 225w, https:\/\/i0.wp.com\/escolagrancapita.wpcomstaging.com\/wp-content\/uploads\/2023\/04\/4INF_TransAqua-8.jpg?resize=768%2C1024&amp;ssl=1 768w, https:\/\/i0.wp.com\/escolagrancapita.wpcomstaging.com\/wp-content\/uploads\/2023\/04\/4INF_TransAqua-8.jpg?resize=1152%2C1536&amp;ssl=1 1152w\" sizes=\"auto, (max-width: 750px) 100vw, 750px\" \/>\n\t\t\t<\/div><\/figure><figure class='gallery-item'>\n\t\t\t<div class='gallery-icon portrait'>\n\t\t\t\t<img loading=\"lazy\" decoding=\"async\" width=\"1536\" height=\"2048\" src=\"https:\/\/i0.wp.com\/escolagrancapita.wpcomstaging.com\/wp-content\/uploads\/2023\/04\/4INF_TransAqua-9.jpg?fit=1536%2C2048&amp;ssl=1\" class=\"attachment-full size-full\" alt=\"\" srcset=\"https:\/\/i0.wp.com\/escolagrancapita.wpcomstaging.com\/wp-content\/uploads\/2023\/04\/4INF_TransAqua-9.jpg?w=1536&amp;ssl=1 1536w, https:\/\/i0.wp.com\/escolagrancapita.wpcomstaging.com\/wp-content\/uploads\/2023\/04\/4INF_TransAqua-9.jpg?resize=225%2C300&amp;ssl=1 225w, https:\/\/i0.wp.com\/escolagrancapita.wpcomstaging.com\/wp-content\/uploads\/2023\/04\/4INF_TransAqua-9.jpg?resize=768%2C1024&amp;ssl=1 768w, https:\/\/i0.wp.com\/escolagrancapita.wpcomstaging.com\/wp-content\/uploads\/2023\/04\/4INF_TransAqua-9.jpg?resize=1152%2C1536&amp;ssl=1 1152w\" sizes=\"auto, (max-width: 750px) 100vw, 750px\" \/>\n\t\t\t<\/div><\/figure>\n\t\t<\/div>\n\n<div id='gallery-5' class='gallery galleryid-19891 gallery-columns-3 gallery-size-full'><figure class='gallery-item'>\n\t\t\t<div class='gallery-icon landscape'>\n\t\t\t\t<img loading=\"lazy\" decoding=\"async\" width=\"1440\" height=\"810\" src=\"https:\/\/i0.wp.com\/escolagrancapita.wpcomstaging.com\/wp-content\/uploads\/2023\/04\/4INF_TransAqua-14.jpg?fit=1440%2C810&amp;ssl=1\" class=\"attachment-full size-full\" alt=\"\" srcset=\"https:\/\/i0.wp.com\/escolagrancapita.wpcomstaging.com\/wp-content\/uploads\/2023\/04\/4INF_TransAqua-14.jpg?w=1440&amp;ssl=1 1440w, https:\/\/i0.wp.com\/escolagrancapita.wpcomstaging.com\/wp-content\/uploads\/2023\/04\/4INF_TransAqua-14.jpg?resize=300%2C169&amp;ssl=1 300w, https:\/\/i0.wp.com\/escolagrancapita.wpcomstaging.com\/wp-content\/uploads\/2023\/04\/4INF_TransAqua-14.jpg?resize=1024%2C576&amp;ssl=1 1024w, https:\/\/i0.wp.com\/escolagrancapita.wpcomstaging.com\/wp-content\/uploads\/2023\/04\/4INF_TransAqua-14.jpg?resize=768%2C432&amp;ssl=1 768w\" sizes=\"auto, (max-width: 750px) 100vw, 750px\" \/>\n\t\t\t<\/div><\/figure><figure class='gallery-item'>\n\t\t\t<div class='gallery-icon landscape'>\n\t\t\t\t<img loading=\"lazy\" decoding=\"async\" width=\"1440\" height=\"810\" src=\"https:\/\/i0.wp.com\/escolagrancapita.wpcomstaging.com\/wp-content\/uploads\/2023\/04\/4INF_TransAqua-15.jpg?fit=1440%2C810&amp;ssl=1\" class=\"attachment-full size-full\" alt=\"\" srcset=\"https:\/\/i0.wp.com\/escolagrancapita.wpcomstaging.com\/wp-content\/uploads\/2023\/04\/4INF_TransAqua-15.jpg?w=1440&amp;ssl=1 1440w, https:\/\/i0.wp.com\/escolagrancapita.wpcomstaging.com\/wp-content\/uploads\/2023\/04\/4INF_TransAqua-15.jpg?resize=300%2C169&amp;ssl=1 300w, https:\/\/i0.wp.com\/escolagrancapita.wpcomstaging.com\/wp-content\/uploads\/2023\/04\/4INF_TransAqua-15.jpg?resize=1024%2C576&amp;ssl=1 1024w, https:\/\/i0.wp.com\/escolagrancapita.wpcomstaging.com\/wp-content\/uploads\/2023\/04\/4INF_TransAqua-15.jpg?resize=768%2C432&amp;ssl=1 768w\" sizes=\"auto, (max-width: 750px) 100vw, 750px\" \/>\n\t\t\t<\/div><\/figure><figure class='gallery-item'>\n\t\t\t<div class='gallery-icon landscape'>\n\t\t\t\t<img loading=\"lazy\" decoding=\"async\" width=\"1440\" height=\"810\" src=\"https:\/\/i0.wp.com\/escolagrancapita.wpcomstaging.com\/wp-content\/uploads\/2023\/04\/4INF_TransAqua-1.jpg?fit=1440%2C810&amp;ssl=1\" class=\"attachment-full size-full\" alt=\"\" srcset=\"https:\/\/i0.wp.com\/escolagrancapita.wpcomstaging.com\/wp-content\/uploads\/2023\/04\/4INF_TransAqua-1.jpg?w=1440&amp;ssl=1 1440w, https:\/\/i0.wp.com\/escolagrancapita.wpcomstaging.com\/wp-content\/uploads\/2023\/04\/4INF_TransAqua-1.jpg?resize=300%2C169&amp;ssl=1 300w, https:\/\/i0.wp.com\/escolagrancapita.wpcomstaging.com\/wp-content\/uploads\/2023\/04\/4INF_TransAqua-1.jpg?resize=1024%2C576&amp;ssl=1 1024w, https:\/\/i0.wp.com\/escolagrancapita.wpcomstaging.com\/wp-content\/uploads\/2023\/04\/4INF_TransAqua-1.jpg?resize=768%2C432&amp;ssl=1 768w\" sizes=\"auto, (max-width: 750px) 100vw, 750px\" \/>\n\t\t\t<\/div><\/figure><figure class='gallery-item'>\n\t\t\t<div class='gallery-icon landscape'>\n\t\t\t\t<img loading=\"lazy\" decoding=\"async\" width=\"1440\" height=\"810\" src=\"https:\/\/i0.wp.com\/escolagrancapita.wpcomstaging.com\/wp-content\/uploads\/2023\/04\/4INF_TransAqua-11.jpg?fit=1440%2C810&amp;ssl=1\" class=\"attachment-full size-full\" alt=\"\" srcset=\"https:\/\/i0.wp.com\/escolagrancapita.wpcomstaging.com\/wp-content\/uploads\/2023\/04\/4INF_TransAqua-11.jpg?w=1440&amp;ssl=1 1440w, https:\/\/i0.wp.com\/escolagrancapita.wpcomstaging.com\/wp-content\/uploads\/2023\/04\/4INF_TransAqua-11.jpg?resize=300%2C169&amp;ssl=1 300w, https:\/\/i0.wp.com\/escolagrancapita.wpcomstaging.com\/wp-content\/uploads\/2023\/04\/4INF_TransAqua-11.jpg?resize=1024%2C576&amp;ssl=1 1024w, https:\/\/i0.wp.com\/escolagrancapita.wpcomstaging.com\/wp-content\/uploads\/2023\/04\/4INF_TransAqua-11.jpg?resize=768%2C432&amp;ssl=1 768w\" sizes=\"auto, (max-width: 750px) 100vw, 750px\" \/>\n\t\t\t<\/div><\/figure><figure class='gallery-item'>\n\t\t\t<div class='gallery-icon landscape'>\n\t\t\t\t<img loading=\"lazy\" decoding=\"async\" width=\"1440\" height=\"810\" src=\"https:\/\/i0.wp.com\/escolagrancapita.wpcomstaging.com\/wp-content\/uploads\/2023\/04\/4INF_TransAqua-12.jpg?fit=1440%2C810&amp;ssl=1\" class=\"attachment-full size-full\" alt=\"\" srcset=\"https:\/\/i0.wp.com\/escolagrancapita.wpcomstaging.com\/wp-content\/uploads\/2023\/04\/4INF_TransAqua-12.jpg?w=1440&amp;ssl=1 1440w, https:\/\/i0.wp.com\/escolagrancapita.wpcomstaging.com\/wp-content\/uploads\/2023\/04\/4INF_TransAqua-12.jpg?resize=300%2C169&amp;ssl=1 300w, https:\/\/i0.wp.com\/escolagrancapita.wpcomstaging.com\/wp-content\/uploads\/2023\/04\/4INF_TransAqua-12.jpg?resize=1024%2C576&amp;ssl=1 1024w, https:\/\/i0.wp.com\/escolagrancapita.wpcomstaging.com\/wp-content\/uploads\/2023\/04\/4INF_TransAqua-12.jpg?resize=768%2C432&amp;ssl=1 768w\" sizes=\"auto, (max-width: 750px) 100vw, 750px\" \/>\n\t\t\t<\/div><\/figure><figure class='gallery-item'>\n\t\t\t<div class='gallery-icon landscape'>\n\t\t\t\t<img loading=\"lazy\" decoding=\"async\" width=\"1440\" height=\"810\" src=\"https:\/\/i0.wp.com\/escolagrancapita.wpcomstaging.com\/wp-content\/uploads\/2023\/04\/4INF_TransAqua-13.jpg?fit=1440%2C810&amp;ssl=1\" class=\"attachment-full size-full\" alt=\"\" srcset=\"https:\/\/i0.wp.com\/escolagrancapita.wpcomstaging.com\/wp-content\/uploads\/2023\/04\/4INF_TransAqua-13.jpg?w=1440&amp;ssl=1 1440w, https:\/\/i0.wp.com\/escolagrancapita.wpcomstaging.com\/wp-content\/uploads\/2023\/04\/4INF_TransAqua-13.jpg?resize=300%2C169&amp;ssl=1 300w, https:\/\/i0.wp.com\/escolagrancapita.wpcomstaging.com\/wp-content\/uploads\/2023\/04\/4INF_TransAqua-13.jpg?resize=1024%2C576&amp;ssl=1 1024w, https:\/\/i0.wp.com\/escolagrancapita.wpcomstaging.com\/wp-content\/uploads\/2023\/04\/4INF_TransAqua-13.jpg?resize=768%2C432&amp;ssl=1 768w\" sizes=\"auto, (max-width: 750px) 100vw, 750px\" \/>\n\t\t\t<\/div><\/figure>\n\t\t<\/div>\n\n<p style=\"text-align: justify;\">Aquest projecte els ha descobert el submar\u00ed, el vaixell de vela i el de motor, la moto aqu\u00e0tica, la canoa&#8230; S&#8217;ho han passat d&#8217;all\u00f2 m\u00e9s b\u00e9 aprenent sobre aquests transports i coneixent quines s\u00f3n les seves caracter\u00edstiques. &#x1f30a;!<\/p>\n","protected":false},"excerpt":{"rendered":"<p>P4 ha arribat al final del projecte d&#8217;aquest segon trimestre: els transports aqu\u00e0tics. &#x1f6a4;&#x1f6e5;&#xfe0f;&#x1f6f6;&#x26f5;! Aquest va sorgir quan els infants d&#8217;infantil van mostrar inter\u00e8s pels transports i, entre tots, van decidir que podria ser un projecte en l&#8217;\u00e0mbit del cicle.<\/p>\n","protected":false},"author":1,"featured_media":0,"parent":2927,"menu_order":0,"comment_status":"closed","ping_status":"closed","template":"","meta":{"_crdt_document":"","footnotes":""},"categories":[92],"tags":[135,77,111],"class_list":["post-19891","page","type-page","status-publish","hentry","category-projectes","tag-curs-2022-23","tag-ed-infantil","tag-steam"],"jetpack_sharing_enabled":true,"_links":{"self":[{"href":"https:\/\/escolagrancapita.wpcomstaging.com\/index.php?rest_route=\/wp\/v2\/pages\/19891","targetHints":{"allow":["GET"]}}],"collection":[{"href":"https:\/\/escolagrancapita.wpcomstaging.com\/index.php?rest_route=\/wp\/v2\/pages"}],"about":[{"href":"https:\/\/escolagrancapita.wpcomstaging.com\/index.php?rest_route=\/wp\/v2\/types\/page"}],"author":[{"embeddable":true,"href":"https:\/\/escolagrancapita.wpcomstaging.com\/index.php?rest_route=\/wp\/v2\/users\/1"}],"replies":[{"embeddable":true,"href":"https:\/\/escolagrancapita.wpcomstaging.com\/index.php?rest_route=%2Fwp%2Fv2%2Fcomments&post=19891"}],"version-history":[{"count":0,"href":"https:\/\/escolagrancapita.wpcomstaging.com\/index.php?rest_route=\/wp\/v2\/pages\/19891\/revisions"}],"up":[{"embeddable":true,"href":"https:\/\/escolagrancapita.wpcomstaging.com\/index.php?rest_route=\/wp\/v2\/pages\/2927"}],"wp:attachment":[{"href":"https:\/\/escolagrancapita.wpcomstaging.com\/index.php?rest_route=%2Fwp%2Fv2%2Fmedia&parent=19891"}],"wp:term":[{"taxonomy":"category","embeddable":true,"href":"https:\/\/escolagrancapita.wpcomstaging.com\/index.php?rest_route=%2Fwp%2Fv2%2Fcategories&post=19891"},{"taxonomy":"post_tag","embeddable":true,"href":"https:\/\/escolagrancapita.wpcomstaging.com\/index.php?rest_route=%2Fwp%2Fv2%2Ftags&post=19891"}],"curies":[{"name":"wp","href":"https:\/\/api.w.org\/{rel}","templated":true}]}}