{"id":20,"date":"2013-10-18T16:16:01","date_gmt":"2013-10-18T16:16:01","guid":{"rendered":"http:\/\/escolagrancapita.wpcomstaging.com\/?page_id=20"},"modified":"2018-10-02T17:36:03","modified_gmt":"2018-10-02T17:36:03","slug":"activitats","status":"publish","type":"page","link":"https:\/\/escolagrancapita.wpcomstaging.com\/?page_id=20","title":{"rendered":"Activitats"},"content":{"rendered":"<ul>\n<li><a href=\"https:\/\/escolagrancapita.wpcomstaging.com\/?tag=escola\">Escola<\/a><\/li>\n<li><a href=\"https:\/\/escolagrancapita.wpcomstaging.com\/?page_id=2927\">Educaci\u00f3 Infantil<\/a><\/li>\n<li><a href=\"https:\/\/escolagrancapita.wpcomstaging.com\/?page_id=661\">Educaci\u00f3 Prim\u00e0ria<\/a><\/li>\n<li><a href=\"https:\/\/escolagrancapita.wpcomstaging.com\/?page_id=659\">Educaci\u00f3 Secund\u00e0ria<\/a><\/li>\n<\/ul>\n","protected":false},"excerpt":{"rendered":"<p>Escola Educaci\u00f3 Infantil Educaci\u00f3 Prim\u00e0ria Educaci\u00f3 Secund\u00e0ria<\/p>\n","protected":false},"author":1,"featured_media":0,"parent":0,"menu_order":3,"comment_status":"closed","ping_status":"closed","template":"","meta":{"_crdt_document":"","footnotes":""},"categories":[91],"tags":[],"class_list":["post-20","page","type-page","status-publish","hentry","category-web"],"jetpack_sharing_enabled":true,"_links":{"self":[{"href":"https:\/\/escolagrancapita.wpcomstaging.com\/index.php?rest_route=\/wp\/v2\/pages\/20","targetHints":{"allow":["GET"]}}],"collection":[{"href":"https:\/\/escolagrancapita.wpcomstaging.com\/index.php?rest_route=\/wp\/v2\/pages"}],"about":[{"href":"https:\/\/escolagrancapita.wpcomstaging.com\/index.php?rest_route=\/wp\/v2\/types\/page"}],"author":[{"embeddable":true,"href":"https:\/\/escolagrancapita.wpcomstaging.com\/index.php?rest_route=\/wp\/v2\/users\/1"}],"replies":[{"embeddable":true,"href":"https:\/\/escolagrancapita.wpcomstaging.com\/index.php?rest_route=%2Fwp%2Fv2%2Fcomments&post=20"}],"version-history":[{"count":0,"href":"https:\/\/escolagrancapita.wpcomstaging.com\/index.php?rest_route=\/wp\/v2\/pages\/20\/revisions"}],"wp:attachment":[{"href":"https:\/\/escolagrancapita.wpcomstaging.com\/index.php?rest_route=%2Fwp%2Fv2%2Fmedia&parent=20"}],"wp:term":[{"taxonomy":"category","embeddable":true,"href":"https:\/\/escolagrancapita.wpcomstaging.com\/index.php?rest_route=%2Fwp%2Fv2%2Fcategories&post=20"},{"taxonomy":"post_tag","embeddable":true,"href":"https:\/\/escolagrancapita.wpcomstaging.com\/index.php?rest_route=%2Fwp%2Fv2%2Ftags&post=20"}],"curies":[{"name":"wp","href":"https:\/\/api.w.org\/{rel}","templated":true}]}}