{"id":20165,"date":"2023-05-21T17:10:54","date_gmt":"2023-05-21T17:10:54","guid":{"rendered":"https:\/\/escolagrancapita.wpcomstaging.com\/?page_id=20165"},"modified":"2023-05-21T17:10:54","modified_gmt":"2023-05-21T17:10:54","slug":"robots-de-lego-a-latac","status":"publish","type":"page","link":"https:\/\/escolagrancapita.wpcomstaging.com\/?page_id=20165","title":{"rendered":"Robots de LEGO a l&#8217;atac"},"content":{"rendered":"<p>L&#8217;alumnat de 5\u00e8 de prim\u00e0ria ja s&#8217;ha iniciat en l&#8217;\u00fas del Kit de rob\u00f2tica <a href=\"https:\/\/escolagrancapita.wpcomstaging.com\/?page_id=2387\" target=\"_blank\" rel=\"noopener\">LEGO WeDo 2.0<\/a>.<\/p>\n<p>Durant les darreres sessions, han apr\u00e8s a programar els seus robots per dur a terme diverses tasques, com ara moure&#8217;s i respondre als diferents sensors.<\/p>\n<p>Al maig, l&#8217;\u00faltima pr\u00e0ctica que van realitzar requer\u00eda la <strong>col\u00b7laboraci\u00f3 entre dos equips<\/strong>.<\/p>\n<div id='gallery-1' class='gallery galleryid-20165 gallery-columns-2 gallery-size-full'><figure class='gallery-item'>\n\t\t\t<div class='gallery-icon landscape'>\n\t\t\t\t<img loading=\"lazy\" decoding=\"async\" width=\"1280\" height=\"960\" src=\"https:\/\/i0.wp.com\/escolagrancapita.wpcomstaging.com\/wp-content\/uploads\/2023\/05\/5PRI_RobotsAtac-2.jpg?fit=1280%2C960&amp;ssl=1\" class=\"attachment-full size-full\" alt=\"\" srcset=\"https:\/\/i0.wp.com\/escolagrancapita.wpcomstaging.com\/wp-content\/uploads\/2023\/05\/5PRI_RobotsAtac-2.jpg?w=1280&amp;ssl=1 1280w, https:\/\/i0.wp.com\/escolagrancapita.wpcomstaging.com\/wp-content\/uploads\/2023\/05\/5PRI_RobotsAtac-2.jpg?resize=300%2C225&amp;ssl=1 300w, https:\/\/i0.wp.com\/escolagrancapita.wpcomstaging.com\/wp-content\/uploads\/2023\/05\/5PRI_RobotsAtac-2.jpg?resize=1024%2C768&amp;ssl=1 1024w, https:\/\/i0.wp.com\/escolagrancapita.wpcomstaging.com\/wp-content\/uploads\/2023\/05\/5PRI_RobotsAtac-2.jpg?resize=768%2C576&amp;ssl=1 768w\" sizes=\"auto, (max-width: 750px) 100vw, 750px\" \/>\n\t\t\t<\/div><\/figure><figure class='gallery-item'>\n\t\t\t<div class='gallery-icon landscape'>\n\t\t\t\t<img loading=\"lazy\" decoding=\"async\" width=\"1280\" height=\"960\" src=\"https:\/\/i0.wp.com\/escolagrancapita.wpcomstaging.com\/wp-content\/uploads\/2023\/05\/5PRI_RobotsAtac-4.jpg?fit=1280%2C960&amp;ssl=1\" class=\"attachment-full size-full\" alt=\"\" srcset=\"https:\/\/i0.wp.com\/escolagrancapita.wpcomstaging.com\/wp-content\/uploads\/2023\/05\/5PRI_RobotsAtac-4.jpg?w=1280&amp;ssl=1 1280w, https:\/\/i0.wp.com\/escolagrancapita.wpcomstaging.com\/wp-content\/uploads\/2023\/05\/5PRI_RobotsAtac-4.jpg?resize=300%2C225&amp;ssl=1 300w, https:\/\/i0.wp.com\/escolagrancapita.wpcomstaging.com\/wp-content\/uploads\/2023\/05\/5PRI_RobotsAtac-4.jpg?resize=1024%2C768&amp;ssl=1 1024w, https:\/\/i0.wp.com\/escolagrancapita.wpcomstaging.com\/wp-content\/uploads\/2023\/05\/5PRI_RobotsAtac-4.jpg?resize=768%2C576&amp;ssl=1 768w\" sizes=\"auto, (max-width: 750px) 100vw, 750px\" \/>\n\t\t\t<\/div><\/figure>\n\t\t<\/div>\n\n<p>Primerament, cada equip va muntar el seu propi robot Milo (el vehicle espacial cient\u00edfic dels kits WeDo 2.0). Posteriorment, els dos robots van ser connectats per tal de permetre l&#8217;observaci\u00f3 del moviment conjunt. Actuaven com una \u00fanica entitat! &#x1f916;+&#x1f916;!<\/p>\n<p>A trav\u00e9s d&#8217;aquesta activitat, han pogut desenvolupar les seves habilitats de resoluci\u00f3 de problemes, pensament cr\u00edtic i treball en grup. A m\u00e9s, han tingut l&#8217;oportunitat de compartir les seves creacions amb els seus companys\/es, fent presentacions i explicant com han constru\u00eft i programat els seus robots. Aix\u00f2 ha afavorit la seva capacitat de comunicar-se i expressar idees de manera clara i concisa.<\/p>\n<div id='gallery-2' class='gallery galleryid-20165 gallery-columns-3 gallery-size-full'><figure class='gallery-item'>\n\t\t\t<div class='gallery-icon landscape'>\n\t\t\t\t<img loading=\"lazy\" decoding=\"async\" width=\"640\" height=\"480\" src=\"https:\/\/i0.wp.com\/escolagrancapita.wpcomstaging.com\/wp-content\/uploads\/2023\/05\/5PRI_RobotsAtac-1.jpg?fit=640%2C480&amp;ssl=1\" class=\"attachment-full size-full\" alt=\"\" srcset=\"https:\/\/i0.wp.com\/escolagrancapita.wpcomstaging.com\/wp-content\/uploads\/2023\/05\/5PRI_RobotsAtac-1.jpg?w=640&amp;ssl=1 640w, https:\/\/i0.wp.com\/escolagrancapita.wpcomstaging.com\/wp-content\/uploads\/2023\/05\/5PRI_RobotsAtac-1.jpg?resize=300%2C225&amp;ssl=1 300w\" sizes=\"auto, (max-width: 640px) 100vw, 640px\" \/>\n\t\t\t<\/div><\/figure><figure class='gallery-item'>\n\t\t\t<div class='gallery-icon landscape'>\n\t\t\t\t<img loading=\"lazy\" decoding=\"async\" width=\"640\" height=\"481\" src=\"https:\/\/i0.wp.com\/escolagrancapita.wpcomstaging.com\/wp-content\/uploads\/2023\/05\/5PRI_RobotsAtac-5.jpg?fit=640%2C481&amp;ssl=1\" class=\"attachment-full size-full\" alt=\"\" srcset=\"https:\/\/i0.wp.com\/escolagrancapita.wpcomstaging.com\/wp-content\/uploads\/2023\/05\/5PRI_RobotsAtac-5.jpg?w=640&amp;ssl=1 640w, https:\/\/i0.wp.com\/escolagrancapita.wpcomstaging.com\/wp-content\/uploads\/2023\/05\/5PRI_RobotsAtac-5.jpg?resize=300%2C225&amp;ssl=1 300w\" sizes=\"auto, (max-width: 640px) 100vw, 640px\" \/>\n\t\t\t<\/div><\/figure><figure class='gallery-item'>\n\t\t\t<div class='gallery-icon landscape'>\n\t\t\t\t<img loading=\"lazy\" decoding=\"async\" width=\"1280\" height=\"960\" src=\"https:\/\/i0.wp.com\/escolagrancapita.wpcomstaging.com\/wp-content\/uploads\/2023\/05\/5PRI_RobotsAtac-3.jpg?fit=1280%2C960&amp;ssl=1\" class=\"attachment-full size-full\" alt=\"\" srcset=\"https:\/\/i0.wp.com\/escolagrancapita.wpcomstaging.com\/wp-content\/uploads\/2023\/05\/5PRI_RobotsAtac-3.jpg?w=1280&amp;ssl=1 1280w, https:\/\/i0.wp.com\/escolagrancapita.wpcomstaging.com\/wp-content\/uploads\/2023\/05\/5PRI_RobotsAtac-3.jpg?resize=300%2C225&amp;ssl=1 300w, https:\/\/i0.wp.com\/escolagrancapita.wpcomstaging.com\/wp-content\/uploads\/2023\/05\/5PRI_RobotsAtac-3.jpg?resize=1024%2C768&amp;ssl=1 1024w, https:\/\/i0.wp.com\/escolagrancapita.wpcomstaging.com\/wp-content\/uploads\/2023\/05\/5PRI_RobotsAtac-3.jpg?resize=768%2C576&amp;ssl=1 768w\" sizes=\"auto, (max-width: 750px) 100vw, 750px\" \/>\n\t\t\t<\/div><\/figure>\n\t\t<\/div>\n\n","protected":false},"excerpt":{"rendered":"<p>L&#8217;alumnat de 5\u00e8 de prim\u00e0ria ja s&#8217;ha iniciat en l&#8217;\u00fas del Kit de rob\u00f2tica LEGO WeDo 2.0. Durant les darreres sessions, han apr\u00e8s a programar els seus robots per dur a terme diverses tasques, com ara moure&#8217;s i respondre als<\/p>\n","protected":false},"author":1,"featured_media":0,"parent":661,"menu_order":0,"comment_status":"closed","ping_status":"closed","template":"","meta":{"_crdt_document":"","footnotes":""},"categories":[75],"tags":[135,86,111],"class_list":["post-20165","page","type-page","status-publish","hentry","category-activitats","tag-curs-2022-23","tag-ed-primaria","tag-steam"],"jetpack_sharing_enabled":true,"_links":{"self":[{"href":"https:\/\/escolagrancapita.wpcomstaging.com\/index.php?rest_route=\/wp\/v2\/pages\/20165","targetHints":{"allow":["GET"]}}],"collection":[{"href":"https:\/\/escolagrancapita.wpcomstaging.com\/index.php?rest_route=\/wp\/v2\/pages"}],"about":[{"href":"https:\/\/escolagrancapita.wpcomstaging.com\/index.php?rest_route=\/wp\/v2\/types\/page"}],"author":[{"embeddable":true,"href":"https:\/\/escolagrancapita.wpcomstaging.com\/index.php?rest_route=\/wp\/v2\/users\/1"}],"replies":[{"embeddable":true,"href":"https:\/\/escolagrancapita.wpcomstaging.com\/index.php?rest_route=%2Fwp%2Fv2%2Fcomments&post=20165"}],"version-history":[{"count":0,"href":"https:\/\/escolagrancapita.wpcomstaging.com\/index.php?rest_route=\/wp\/v2\/pages\/20165\/revisions"}],"up":[{"embeddable":true,"href":"https:\/\/escolagrancapita.wpcomstaging.com\/index.php?rest_route=\/wp\/v2\/pages\/661"}],"wp:attachment":[{"href":"https:\/\/escolagrancapita.wpcomstaging.com\/index.php?rest_route=%2Fwp%2Fv2%2Fmedia&parent=20165"}],"wp:term":[{"taxonomy":"category","embeddable":true,"href":"https:\/\/escolagrancapita.wpcomstaging.com\/index.php?rest_route=%2Fwp%2Fv2%2Fcategories&post=20165"},{"taxonomy":"post_tag","embeddable":true,"href":"https:\/\/escolagrancapita.wpcomstaging.com\/index.php?rest_route=%2Fwp%2Fv2%2Ftags&post=20165"}],"curies":[{"name":"wp","href":"https:\/\/api.w.org\/{rel}","templated":true}]}}