{"id":21266,"date":"2023-11-26T10:46:50","date_gmt":"2023-11-26T10:46:50","guid":{"rendered":"https:\/\/escolagrancapita.wpcomstaging.com\/?page_id=21266"},"modified":"2023-11-26T10:47:50","modified_gmt":"2023-11-26T10:47:50","slug":"les-emocions-di3","status":"publish","type":"page","link":"https:\/\/escolagrancapita.wpcomstaging.com\/?page_id=21266","title":{"rendered":"Les emocions d&#8217;I3 &#x1f603;&#x1f642;&#x1f625;&#x1f633;&#x1f620;"},"content":{"rendered":"<p style=\"text-align: justify;\">Durant el primer trimestre, a I3 han realitzat assemblees per discutir algunes de les emocions que sorgeixen a la classe. En aquest context, han triat per parelles una emoci\u00f3 i l&#8217;han representat situacions quotidianes.<\/p>\n<div id='gallery-1' class='gallery galleryid-21266 gallery-columns-1 gallery-size-full'><figure class='gallery-item'>\n\t\t\t<div class='gallery-icon portrait'>\n\t\t\t\t<img loading=\"lazy\" decoding=\"async\" width=\"3244\" height=\"3523\" src=\"https:\/\/i0.wp.com\/escolagrancapita.wpcomstaging.com\/wp-content\/uploads\/2023\/11\/3INF_emocions23-2-e1700995550538.jpg?fit=3244%2C3523&amp;ssl=1\" class=\"attachment-full size-full\" alt=\"\" srcset=\"https:\/\/i0.wp.com\/escolagrancapita.wpcomstaging.com\/wp-content\/uploads\/2023\/11\/3INF_emocions23-2-e1700995550538.jpg?w=3244&amp;ssl=1 3244w, https:\/\/i0.wp.com\/escolagrancapita.wpcomstaging.com\/wp-content\/uploads\/2023\/11\/3INF_emocions23-2-e1700995550538.jpg?resize=276%2C300&amp;ssl=1 276w, https:\/\/i0.wp.com\/escolagrancapita.wpcomstaging.com\/wp-content\/uploads\/2023\/11\/3INF_emocions23-2-e1700995550538.jpg?resize=943%2C1024&amp;ssl=1 943w, https:\/\/i0.wp.com\/escolagrancapita.wpcomstaging.com\/wp-content\/uploads\/2023\/11\/3INF_emocions23-2-e1700995550538.jpg?resize=768%2C834&amp;ssl=1 768w, https:\/\/i0.wp.com\/escolagrancapita.wpcomstaging.com\/wp-content\/uploads\/2023\/11\/3INF_emocions23-2-e1700995550538.jpg?resize=1414%2C1536&amp;ssl=1 1414w, https:\/\/i0.wp.com\/escolagrancapita.wpcomstaging.com\/wp-content\/uploads\/2023\/11\/3INF_emocions23-2-e1700995550538.jpg?resize=1886%2C2048&amp;ssl=1 1886w, https:\/\/i0.wp.com\/escolagrancapita.wpcomstaging.com\/wp-content\/uploads\/2023\/11\/3INF_emocions23-2-e1700995550538.jpg?resize=1200%2C1303&amp;ssl=1 1200w, https:\/\/i0.wp.com\/escolagrancapita.wpcomstaging.com\/wp-content\/uploads\/2023\/11\/3INF_emocions23-2-e1700995550538.jpg?w=1500&amp;ssl=1 1500w, https:\/\/i0.wp.com\/escolagrancapita.wpcomstaging.com\/wp-content\/uploads\/2023\/11\/3INF_emocions23-2-e1700995550538.jpg?w=2250&amp;ssl=1 2250w\" sizes=\"auto, (max-width: 750px) 100vw, 750px\" \/>\n\t\t\t<\/div><\/figure>\n\t\t<\/div>\n\n<p style=\"text-align: justify;\">Aquests s\u00f3n alguns exemples:<\/p>\n<ul style=\"text-align: justify;\">\n<li><strong>La r\u00e0bia:<\/strong> &#8220;Experimento enuig quan algun company\/a em pren la joguina sense demanar-me perm\u00eds.&#8221;<\/li>\n<\/ul>\n<div id='gallery-2' class='gallery galleryid-21266 gallery-columns-2 gallery-size-full'><figure class='gallery-item'>\n\t\t\t<div class='gallery-icon portrait'>\n\t\t\t\t<img loading=\"lazy\" decoding=\"async\" width=\"3240\" height=\"5760\" src=\"https:\/\/i0.wp.com\/escolagrancapita.wpcomstaging.com\/wp-content\/uploads\/2023\/11\/3INF_emocions23-3.jpg?fit=3240%2C5760&amp;ssl=1\" class=\"attachment-full size-full\" alt=\"\" srcset=\"https:\/\/i0.wp.com\/escolagrancapita.wpcomstaging.com\/wp-content\/uploads\/2023\/11\/3INF_emocions23-3.jpg?w=3240&amp;ssl=1 3240w, https:\/\/i0.wp.com\/escolagrancapita.wpcomstaging.com\/wp-content\/uploads\/2023\/11\/3INF_emocions23-3.jpg?resize=169%2C300&amp;ssl=1 169w, https:\/\/i0.wp.com\/escolagrancapita.wpcomstaging.com\/wp-content\/uploads\/2023\/11\/3INF_emocions23-3.jpg?resize=576%2C1024&amp;ssl=1 576w, https:\/\/i0.wp.com\/escolagrancapita.wpcomstaging.com\/wp-content\/uploads\/2023\/11\/3INF_emocions23-3.jpg?resize=768%2C1365&amp;ssl=1 768w, https:\/\/i0.wp.com\/escolagrancapita.wpcomstaging.com\/wp-content\/uploads\/2023\/11\/3INF_emocions23-3.jpg?resize=864%2C1536&amp;ssl=1 864w, https:\/\/i0.wp.com\/escolagrancapita.wpcomstaging.com\/wp-content\/uploads\/2023\/11\/3INF_emocions23-3.jpg?resize=1152%2C2048&amp;ssl=1 1152w, https:\/\/i0.wp.com\/escolagrancapita.wpcomstaging.com\/wp-content\/uploads\/2023\/11\/3INF_emocions23-3.jpg?resize=1200%2C2133&amp;ssl=1 1200w, https:\/\/i0.wp.com\/escolagrancapita.wpcomstaging.com\/wp-content\/uploads\/2023\/11\/3INF_emocions23-3.jpg?w=1500&amp;ssl=1 1500w, https:\/\/i0.wp.com\/escolagrancapita.wpcomstaging.com\/wp-content\/uploads\/2023\/11\/3INF_emocions23-3.jpg?w=2250&amp;ssl=1 2250w\" sizes=\"auto, (max-width: 750px) 100vw, 750px\" \/>\n\t\t\t<\/div><\/figure><figure class='gallery-item'>\n\t\t\t<div class='gallery-icon portrait'>\n\t\t\t\t<img loading=\"lazy\" decoding=\"async\" width=\"3240\" height=\"5760\" src=\"https:\/\/i0.wp.com\/escolagrancapita.wpcomstaging.com\/wp-content\/uploads\/2023\/11\/3INF_emocions23-4.jpg?fit=3240%2C5760&amp;ssl=1\" class=\"attachment-full size-full\" alt=\"\" srcset=\"https:\/\/i0.wp.com\/escolagrancapita.wpcomstaging.com\/wp-content\/uploads\/2023\/11\/3INF_emocions23-4.jpg?w=3240&amp;ssl=1 3240w, https:\/\/i0.wp.com\/escolagrancapita.wpcomstaging.com\/wp-content\/uploads\/2023\/11\/3INF_emocions23-4.jpg?resize=169%2C300&amp;ssl=1 169w, https:\/\/i0.wp.com\/escolagrancapita.wpcomstaging.com\/wp-content\/uploads\/2023\/11\/3INF_emocions23-4.jpg?resize=576%2C1024&amp;ssl=1 576w, https:\/\/i0.wp.com\/escolagrancapita.wpcomstaging.com\/wp-content\/uploads\/2023\/11\/3INF_emocions23-4.jpg?resize=768%2C1365&amp;ssl=1 768w, https:\/\/i0.wp.com\/escolagrancapita.wpcomstaging.com\/wp-content\/uploads\/2023\/11\/3INF_emocions23-4.jpg?resize=864%2C1536&amp;ssl=1 864w, https:\/\/i0.wp.com\/escolagrancapita.wpcomstaging.com\/wp-content\/uploads\/2023\/11\/3INF_emocions23-4.jpg?resize=1152%2C2048&amp;ssl=1 1152w, https:\/\/i0.wp.com\/escolagrancapita.wpcomstaging.com\/wp-content\/uploads\/2023\/11\/3INF_emocions23-4.jpg?resize=1200%2C2133&amp;ssl=1 1200w, https:\/\/i0.wp.com\/escolagrancapita.wpcomstaging.com\/wp-content\/uploads\/2023\/11\/3INF_emocions23-4.jpg?w=1500&amp;ssl=1 1500w, https:\/\/i0.wp.com\/escolagrancapita.wpcomstaging.com\/wp-content\/uploads\/2023\/11\/3INF_emocions23-4.jpg?w=2250&amp;ssl=1 2250w\" sizes=\"auto, (max-width: 750px) 100vw, 750px\" \/>\n\t\t\t<\/div><\/figure>\n\t\t<\/div>\n\n<ul style=\"text-align: justify;\">\n<li><strong>L&#8217;alegria:<\/strong> &#8220;Em sento content\/a quan em toca ser el protagonista de la setmana.&#8221;<\/li>\n<\/ul>\n<div id='gallery-3' class='gallery galleryid-21266 gallery-columns-2 gallery-size-full'><figure class='gallery-item'>\n\t\t\t<div class='gallery-icon portrait'>\n\t\t\t\t<img loading=\"lazy\" decoding=\"async\" width=\"3240\" height=\"5760\" src=\"https:\/\/i0.wp.com\/escolagrancapita.wpcomstaging.com\/wp-content\/uploads\/2023\/11\/3INF_emocions23-5.jpg?fit=3240%2C5760&amp;ssl=1\" class=\"attachment-full size-full\" alt=\"\" srcset=\"https:\/\/i0.wp.com\/escolagrancapita.wpcomstaging.com\/wp-content\/uploads\/2023\/11\/3INF_emocions23-5.jpg?w=3240&amp;ssl=1 3240w, https:\/\/i0.wp.com\/escolagrancapita.wpcomstaging.com\/wp-content\/uploads\/2023\/11\/3INF_emocions23-5.jpg?resize=169%2C300&amp;ssl=1 169w, https:\/\/i0.wp.com\/escolagrancapita.wpcomstaging.com\/wp-content\/uploads\/2023\/11\/3INF_emocions23-5.jpg?resize=576%2C1024&amp;ssl=1 576w, https:\/\/i0.wp.com\/escolagrancapita.wpcomstaging.com\/wp-content\/uploads\/2023\/11\/3INF_emocions23-5.jpg?resize=768%2C1365&amp;ssl=1 768w, https:\/\/i0.wp.com\/escolagrancapita.wpcomstaging.com\/wp-content\/uploads\/2023\/11\/3INF_emocions23-5.jpg?resize=864%2C1536&amp;ssl=1 864w, https:\/\/i0.wp.com\/escolagrancapita.wpcomstaging.com\/wp-content\/uploads\/2023\/11\/3INF_emocions23-5.jpg?resize=1152%2C2048&amp;ssl=1 1152w, https:\/\/i0.wp.com\/escolagrancapita.wpcomstaging.com\/wp-content\/uploads\/2023\/11\/3INF_emocions23-5.jpg?resize=1200%2C2133&amp;ssl=1 1200w, https:\/\/i0.wp.com\/escolagrancapita.wpcomstaging.com\/wp-content\/uploads\/2023\/11\/3INF_emocions23-5.jpg?w=1500&amp;ssl=1 1500w, https:\/\/i0.wp.com\/escolagrancapita.wpcomstaging.com\/wp-content\/uploads\/2023\/11\/3INF_emocions23-5.jpg?w=2250&amp;ssl=1 2250w\" sizes=\"auto, (max-width: 750px) 100vw, 750px\" \/>\n\t\t\t<\/div><\/figure><figure class='gallery-item'>\n\t\t\t<div class='gallery-icon portrait'>\n\t\t\t\t<img loading=\"lazy\" decoding=\"async\" width=\"2232\" height=\"3968\" src=\"https:\/\/i0.wp.com\/escolagrancapita.wpcomstaging.com\/wp-content\/uploads\/2023\/11\/3INF_emocions23-6.jpg?fit=2232%2C3968&amp;ssl=1\" class=\"attachment-full size-full\" alt=\"\" srcset=\"https:\/\/i0.wp.com\/escolagrancapita.wpcomstaging.com\/wp-content\/uploads\/2023\/11\/3INF_emocions23-6.jpg?w=2232&amp;ssl=1 2232w, https:\/\/i0.wp.com\/escolagrancapita.wpcomstaging.com\/wp-content\/uploads\/2023\/11\/3INF_emocions23-6.jpg?resize=169%2C300&amp;ssl=1 169w, https:\/\/i0.wp.com\/escolagrancapita.wpcomstaging.com\/wp-content\/uploads\/2023\/11\/3INF_emocions23-6.jpg?resize=576%2C1024&amp;ssl=1 576w, https:\/\/i0.wp.com\/escolagrancapita.wpcomstaging.com\/wp-content\/uploads\/2023\/11\/3INF_emocions23-6.jpg?resize=768%2C1365&amp;ssl=1 768w, https:\/\/i0.wp.com\/escolagrancapita.wpcomstaging.com\/wp-content\/uploads\/2023\/11\/3INF_emocions23-6.jpg?resize=864%2C1536&amp;ssl=1 864w, https:\/\/i0.wp.com\/escolagrancapita.wpcomstaging.com\/wp-content\/uploads\/2023\/11\/3INF_emocions23-6.jpg?resize=1152%2C2048&amp;ssl=1 1152w, https:\/\/i0.wp.com\/escolagrancapita.wpcomstaging.com\/wp-content\/uploads\/2023\/11\/3INF_emocions23-6.jpg?resize=1200%2C2133&amp;ssl=1 1200w, https:\/\/i0.wp.com\/escolagrancapita.wpcomstaging.com\/wp-content\/uploads\/2023\/11\/3INF_emocions23-6.jpg?w=1500&amp;ssl=1 1500w\" sizes=\"auto, (max-width: 750px) 100vw, 750px\" \/>\n\t\t\t<\/div><\/figure>\n\t\t<\/div>\n\n<ul style=\"text-align: justify;\">\n<li><strong>El nerviosisme:<\/strong> &#8220;Em poso nervi\u00f3s\/a quan s&#8217;apropa el meu aniversari i tothom em felicita.&#8221;<\/li>\n<\/ul>\n<div id='gallery-4' class='gallery galleryid-21266 gallery-columns-2 gallery-size-full'><figure class='gallery-item'>\n\t\t\t<div class='gallery-icon portrait'>\n\t\t\t\t<img loading=\"lazy\" decoding=\"async\" width=\"3240\" height=\"5760\" src=\"https:\/\/i0.wp.com\/escolagrancapita.wpcomstaging.com\/wp-content\/uploads\/2023\/11\/3INF_emocions23-7.jpg?fit=3240%2C5760&amp;ssl=1\" class=\"attachment-full size-full\" alt=\"\" srcset=\"https:\/\/i0.wp.com\/escolagrancapita.wpcomstaging.com\/wp-content\/uploads\/2023\/11\/3INF_emocions23-7.jpg?w=3240&amp;ssl=1 3240w, https:\/\/i0.wp.com\/escolagrancapita.wpcomstaging.com\/wp-content\/uploads\/2023\/11\/3INF_emocions23-7.jpg?resize=169%2C300&amp;ssl=1 169w, https:\/\/i0.wp.com\/escolagrancapita.wpcomstaging.com\/wp-content\/uploads\/2023\/11\/3INF_emocions23-7.jpg?resize=576%2C1024&amp;ssl=1 576w, https:\/\/i0.wp.com\/escolagrancapita.wpcomstaging.com\/wp-content\/uploads\/2023\/11\/3INF_emocions23-7.jpg?resize=768%2C1365&amp;ssl=1 768w, https:\/\/i0.wp.com\/escolagrancapita.wpcomstaging.com\/wp-content\/uploads\/2023\/11\/3INF_emocions23-7.jpg?resize=864%2C1536&amp;ssl=1 864w, https:\/\/i0.wp.com\/escolagrancapita.wpcomstaging.com\/wp-content\/uploads\/2023\/11\/3INF_emocions23-7.jpg?resize=1152%2C2048&amp;ssl=1 1152w, https:\/\/i0.wp.com\/escolagrancapita.wpcomstaging.com\/wp-content\/uploads\/2023\/11\/3INF_emocions23-7.jpg?resize=1200%2C2133&amp;ssl=1 1200w, https:\/\/i0.wp.com\/escolagrancapita.wpcomstaging.com\/wp-content\/uploads\/2023\/11\/3INF_emocions23-7.jpg?w=1500&amp;ssl=1 1500w, https:\/\/i0.wp.com\/escolagrancapita.wpcomstaging.com\/wp-content\/uploads\/2023\/11\/3INF_emocions23-7.jpg?w=2250&amp;ssl=1 2250w\" sizes=\"auto, (max-width: 750px) 100vw, 750px\" \/>\n\t\t\t<\/div><\/figure><figure class='gallery-item'>\n\t\t\t<div class='gallery-icon portrait'>\n\t\t\t\t<img loading=\"lazy\" decoding=\"async\" width=\"3240\" height=\"5760\" src=\"https:\/\/i0.wp.com\/escolagrancapita.wpcomstaging.com\/wp-content\/uploads\/2023\/11\/3INF_emocions23-8.jpg?fit=3240%2C5760&amp;ssl=1\" class=\"attachment-full size-full\" alt=\"\" srcset=\"https:\/\/i0.wp.com\/escolagrancapita.wpcomstaging.com\/wp-content\/uploads\/2023\/11\/3INF_emocions23-8.jpg?w=3240&amp;ssl=1 3240w, https:\/\/i0.wp.com\/escolagrancapita.wpcomstaging.com\/wp-content\/uploads\/2023\/11\/3INF_emocions23-8.jpg?resize=169%2C300&amp;ssl=1 169w, https:\/\/i0.wp.com\/escolagrancapita.wpcomstaging.com\/wp-content\/uploads\/2023\/11\/3INF_emocions23-8.jpg?resize=576%2C1024&amp;ssl=1 576w, https:\/\/i0.wp.com\/escolagrancapita.wpcomstaging.com\/wp-content\/uploads\/2023\/11\/3INF_emocions23-8.jpg?resize=768%2C1365&amp;ssl=1 768w, https:\/\/i0.wp.com\/escolagrancapita.wpcomstaging.com\/wp-content\/uploads\/2023\/11\/3INF_emocions23-8.jpg?resize=864%2C1536&amp;ssl=1 864w, https:\/\/i0.wp.com\/escolagrancapita.wpcomstaging.com\/wp-content\/uploads\/2023\/11\/3INF_emocions23-8.jpg?resize=1152%2C2048&amp;ssl=1 1152w, https:\/\/i0.wp.com\/escolagrancapita.wpcomstaging.com\/wp-content\/uploads\/2023\/11\/3INF_emocions23-8.jpg?resize=1200%2C2133&amp;ssl=1 1200w, https:\/\/i0.wp.com\/escolagrancapita.wpcomstaging.com\/wp-content\/uploads\/2023\/11\/3INF_emocions23-8.jpg?w=1500&amp;ssl=1 1500w, https:\/\/i0.wp.com\/escolagrancapita.wpcomstaging.com\/wp-content\/uploads\/2023\/11\/3INF_emocions23-8.jpg?w=2250&amp;ssl=1 2250w\" sizes=\"auto, (max-width: 750px) 100vw, 750px\" \/>\n\t\t\t<\/div><\/figure>\n\t\t<\/div>\n\n<ul style=\"text-align: justify;\">\n<li><strong>La tristesa:<\/strong> &#8220;Em sento trist\/a quan alg\u00fa no em deixa participar en el joc.&#8221;<\/li>\n<\/ul>\n<div id='gallery-5' class='gallery galleryid-21266 gallery-columns-2 gallery-size-full'><figure class='gallery-item'>\n\t\t\t<div class='gallery-icon portrait'>\n\t\t\t\t<img loading=\"lazy\" decoding=\"async\" width=\"3240\" height=\"5760\" src=\"https:\/\/i0.wp.com\/escolagrancapita.wpcomstaging.com\/wp-content\/uploads\/2023\/11\/3INF_emocions23-9.jpg?fit=3240%2C5760&amp;ssl=1\" class=\"attachment-full size-full\" alt=\"\" srcset=\"https:\/\/i0.wp.com\/escolagrancapita.wpcomstaging.com\/wp-content\/uploads\/2023\/11\/3INF_emocions23-9.jpg?w=3240&amp;ssl=1 3240w, https:\/\/i0.wp.com\/escolagrancapita.wpcomstaging.com\/wp-content\/uploads\/2023\/11\/3INF_emocions23-9.jpg?resize=169%2C300&amp;ssl=1 169w, https:\/\/i0.wp.com\/escolagrancapita.wpcomstaging.com\/wp-content\/uploads\/2023\/11\/3INF_emocions23-9.jpg?resize=576%2C1024&amp;ssl=1 576w, https:\/\/i0.wp.com\/escolagrancapita.wpcomstaging.com\/wp-content\/uploads\/2023\/11\/3INF_emocions23-9.jpg?resize=768%2C1365&amp;ssl=1 768w, https:\/\/i0.wp.com\/escolagrancapita.wpcomstaging.com\/wp-content\/uploads\/2023\/11\/3INF_emocions23-9.jpg?resize=864%2C1536&amp;ssl=1 864w, https:\/\/i0.wp.com\/escolagrancapita.wpcomstaging.com\/wp-content\/uploads\/2023\/11\/3INF_emocions23-9.jpg?resize=1152%2C2048&amp;ssl=1 1152w, https:\/\/i0.wp.com\/escolagrancapita.wpcomstaging.com\/wp-content\/uploads\/2023\/11\/3INF_emocions23-9.jpg?resize=1200%2C2133&amp;ssl=1 1200w, https:\/\/i0.wp.com\/escolagrancapita.wpcomstaging.com\/wp-content\/uploads\/2023\/11\/3INF_emocions23-9.jpg?w=1500&amp;ssl=1 1500w, https:\/\/i0.wp.com\/escolagrancapita.wpcomstaging.com\/wp-content\/uploads\/2023\/11\/3INF_emocions23-9.jpg?w=2250&amp;ssl=1 2250w\" sizes=\"auto, (max-width: 750px) 100vw, 750px\" \/>\n\t\t\t<\/div><\/figure><figure class='gallery-item'>\n\t\t\t<div class='gallery-icon portrait'>\n\t\t\t\t<img loading=\"lazy\" decoding=\"async\" width=\"3240\" height=\"5760\" src=\"https:\/\/i0.wp.com\/escolagrancapita.wpcomstaging.com\/wp-content\/uploads\/2023\/11\/3INF_emocions23-10.jpg?fit=3240%2C5760&amp;ssl=1\" class=\"attachment-full size-full\" alt=\"\" srcset=\"https:\/\/i0.wp.com\/escolagrancapita.wpcomstaging.com\/wp-content\/uploads\/2023\/11\/3INF_emocions23-10.jpg?w=3240&amp;ssl=1 3240w, https:\/\/i0.wp.com\/escolagrancapita.wpcomstaging.com\/wp-content\/uploads\/2023\/11\/3INF_emocions23-10.jpg?resize=169%2C300&amp;ssl=1 169w, https:\/\/i0.wp.com\/escolagrancapita.wpcomstaging.com\/wp-content\/uploads\/2023\/11\/3INF_emocions23-10.jpg?resize=576%2C1024&amp;ssl=1 576w, https:\/\/i0.wp.com\/escolagrancapita.wpcomstaging.com\/wp-content\/uploads\/2023\/11\/3INF_emocions23-10.jpg?resize=768%2C1365&amp;ssl=1 768w, https:\/\/i0.wp.com\/escolagrancapita.wpcomstaging.com\/wp-content\/uploads\/2023\/11\/3INF_emocions23-10.jpg?resize=864%2C1536&amp;ssl=1 864w, https:\/\/i0.wp.com\/escolagrancapita.wpcomstaging.com\/wp-content\/uploads\/2023\/11\/3INF_emocions23-10.jpg?resize=1152%2C2048&amp;ssl=1 1152w, https:\/\/i0.wp.com\/escolagrancapita.wpcomstaging.com\/wp-content\/uploads\/2023\/11\/3INF_emocions23-10.jpg?resize=1200%2C2133&amp;ssl=1 1200w, https:\/\/i0.wp.com\/escolagrancapita.wpcomstaging.com\/wp-content\/uploads\/2023\/11\/3INF_emocions23-10.jpg?w=1500&amp;ssl=1 1500w, https:\/\/i0.wp.com\/escolagrancapita.wpcomstaging.com\/wp-content\/uploads\/2023\/11\/3INF_emocions23-10.jpg?w=2250&amp;ssl=1 2250w\" sizes=\"auto, (max-width: 750px) 100vw, 750px\" \/>\n\t\t\t<\/div><\/figure>\n\t\t<\/div>\n\n<ul style=\"text-align: justify;\">\n<li><strong>La calma:<\/strong> &#8220;Experimento serenitat quan practico la meditaci\u00f3 conscient a la classe.&#8221;<\/li>\n<\/ul>\n<div id='gallery-6' class='gallery galleryid-21266 gallery-columns-2 gallery-size-full'><figure class='gallery-item'>\n\t\t\t<div class='gallery-icon portrait'>\n\t\t\t\t<img loading=\"lazy\" decoding=\"async\" width=\"3240\" height=\"5760\" src=\"https:\/\/i0.wp.com\/escolagrancapita.wpcomstaging.com\/wp-content\/uploads\/2023\/11\/3INF_emocions23-11.jpg?fit=3240%2C5760&amp;ssl=1\" class=\"attachment-full size-full\" alt=\"\" srcset=\"https:\/\/i0.wp.com\/escolagrancapita.wpcomstaging.com\/wp-content\/uploads\/2023\/11\/3INF_emocions23-11.jpg?w=3240&amp;ssl=1 3240w, https:\/\/i0.wp.com\/escolagrancapita.wpcomstaging.com\/wp-content\/uploads\/2023\/11\/3INF_emocions23-11.jpg?resize=169%2C300&amp;ssl=1 169w, https:\/\/i0.wp.com\/escolagrancapita.wpcomstaging.com\/wp-content\/uploads\/2023\/11\/3INF_emocions23-11.jpg?resize=576%2C1024&amp;ssl=1 576w, https:\/\/i0.wp.com\/escolagrancapita.wpcomstaging.com\/wp-content\/uploads\/2023\/11\/3INF_emocions23-11.jpg?resize=768%2C1365&amp;ssl=1 768w, https:\/\/i0.wp.com\/escolagrancapita.wpcomstaging.com\/wp-content\/uploads\/2023\/11\/3INF_emocions23-11.jpg?resize=864%2C1536&amp;ssl=1 864w, https:\/\/i0.wp.com\/escolagrancapita.wpcomstaging.com\/wp-content\/uploads\/2023\/11\/3INF_emocions23-11.jpg?resize=1152%2C2048&amp;ssl=1 1152w, https:\/\/i0.wp.com\/escolagrancapita.wpcomstaging.com\/wp-content\/uploads\/2023\/11\/3INF_emocions23-11.jpg?resize=1200%2C2133&amp;ssl=1 1200w, https:\/\/i0.wp.com\/escolagrancapita.wpcomstaging.com\/wp-content\/uploads\/2023\/11\/3INF_emocions23-11.jpg?w=1500&amp;ssl=1 1500w, https:\/\/i0.wp.com\/escolagrancapita.wpcomstaging.com\/wp-content\/uploads\/2023\/11\/3INF_emocions23-11.jpg?w=2250&amp;ssl=1 2250w\" sizes=\"auto, (max-width: 750px) 100vw, 750px\" \/>\n\t\t\t<\/div><\/figure><figure class='gallery-item'>\n\t\t\t<div class='gallery-icon portrait'>\n\t\t\t\t<img loading=\"lazy\" decoding=\"async\" width=\"3240\" height=\"5760\" src=\"https:\/\/i0.wp.com\/escolagrancapita.wpcomstaging.com\/wp-content\/uploads\/2023\/11\/3INF_emocions23-12.jpg?fit=3240%2C5760&amp;ssl=1\" class=\"attachment-full size-full\" alt=\"\" srcset=\"https:\/\/i0.wp.com\/escolagrancapita.wpcomstaging.com\/wp-content\/uploads\/2023\/11\/3INF_emocions23-12.jpg?w=3240&amp;ssl=1 3240w, https:\/\/i0.wp.com\/escolagrancapita.wpcomstaging.com\/wp-content\/uploads\/2023\/11\/3INF_emocions23-12.jpg?resize=169%2C300&amp;ssl=1 169w, https:\/\/i0.wp.com\/escolagrancapita.wpcomstaging.com\/wp-content\/uploads\/2023\/11\/3INF_emocions23-12.jpg?resize=576%2C1024&amp;ssl=1 576w, https:\/\/i0.wp.com\/escolagrancapita.wpcomstaging.com\/wp-content\/uploads\/2023\/11\/3INF_emocions23-12.jpg?resize=768%2C1365&amp;ssl=1 768w, https:\/\/i0.wp.com\/escolagrancapita.wpcomstaging.com\/wp-content\/uploads\/2023\/11\/3INF_emocions23-12.jpg?resize=864%2C1536&amp;ssl=1 864w, https:\/\/i0.wp.com\/escolagrancapita.wpcomstaging.com\/wp-content\/uploads\/2023\/11\/3INF_emocions23-12.jpg?resize=1152%2C2048&amp;ssl=1 1152w, https:\/\/i0.wp.com\/escolagrancapita.wpcomstaging.com\/wp-content\/uploads\/2023\/11\/3INF_emocions23-12.jpg?resize=1200%2C2133&amp;ssl=1 1200w, https:\/\/i0.wp.com\/escolagrancapita.wpcomstaging.com\/wp-content\/uploads\/2023\/11\/3INF_emocions23-12.jpg?w=1500&amp;ssl=1 1500w, https:\/\/i0.wp.com\/escolagrancapita.wpcomstaging.com\/wp-content\/uploads\/2023\/11\/3INF_emocions23-12.jpg?w=2250&amp;ssl=1 2250w\" sizes=\"auto, (max-width: 750px) 100vw, 750px\" \/>\n\t\t\t<\/div><\/figure>\n\t\t<\/div>\n\n<p style=\"text-align: justify;\">Mitjan\u00e7ant aquestes representacions, han tingut l&#8217;oportunitat de compartir les seves experi\u00e8ncies reals viscudes a la classe.<\/p>\n<div id='gallery-7' class='gallery galleryid-21266 gallery-columns-1 gallery-size-full'><figure class='gallery-item'>\n\t\t\t<div class='gallery-icon landscape'>\n\t\t\t\t<img loading=\"lazy\" decoding=\"async\" width=\"5760\" height=\"3240\" src=\"https:\/\/i0.wp.com\/escolagrancapita.wpcomstaging.com\/wp-content\/uploads\/2023\/11\/3INF_emocions23-1.jpg?fit=5760%2C3240&amp;ssl=1\" class=\"attachment-full size-full\" alt=\"\" srcset=\"https:\/\/i0.wp.com\/escolagrancapita.wpcomstaging.com\/wp-content\/uploads\/2023\/11\/3INF_emocions23-1.jpg?w=5760&amp;ssl=1 5760w, https:\/\/i0.wp.com\/escolagrancapita.wpcomstaging.com\/wp-content\/uploads\/2023\/11\/3INF_emocions23-1.jpg?resize=300%2C169&amp;ssl=1 300w, https:\/\/i0.wp.com\/escolagrancapita.wpcomstaging.com\/wp-content\/uploads\/2023\/11\/3INF_emocions23-1.jpg?resize=1024%2C576&amp;ssl=1 1024w, https:\/\/i0.wp.com\/escolagrancapita.wpcomstaging.com\/wp-content\/uploads\/2023\/11\/3INF_emocions23-1.jpg?resize=768%2C432&amp;ssl=1 768w, https:\/\/i0.wp.com\/escolagrancapita.wpcomstaging.com\/wp-content\/uploads\/2023\/11\/3INF_emocions23-1.jpg?resize=1536%2C864&amp;ssl=1 1536w, https:\/\/i0.wp.com\/escolagrancapita.wpcomstaging.com\/wp-content\/uploads\/2023\/11\/3INF_emocions23-1.jpg?resize=2048%2C1152&amp;ssl=1 2048w, https:\/\/i0.wp.com\/escolagrancapita.wpcomstaging.com\/wp-content\/uploads\/2023\/11\/3INF_emocions23-1.jpg?resize=1200%2C675&amp;ssl=1 1200w, https:\/\/i0.wp.com\/escolagrancapita.wpcomstaging.com\/wp-content\/uploads\/2023\/11\/3INF_emocions23-1.jpg?w=2250&amp;ssl=1 2250w\" sizes=\"auto, (max-width: 750px) 100vw, 750px\" \/>\n\t\t\t<\/div><\/figure>\n\t\t<\/div>\n\n<p style=\"text-align: justify;\">Aquest exercici ha perm\u00e8s que prenguin consci\u00e8ncia de les seves pr\u00f2pies emocions, aix\u00ed com de les emocions dels altres. A m\u00e9s, han estat treballant activament en el desenvolupament de les seves habilitats emocionals, contribuint d&#8217;aquesta manera al seu creixement emocional.<\/p>\n","protected":false},"excerpt":{"rendered":"<p>Durant el primer trimestre, a I3 han realitzat assemblees per discutir algunes de les emocions que sorgeixen a la classe. En aquest context, han triat per parelles una emoci\u00f3 i l&#8217;han representat situacions quotidianes. Aquests s\u00f3n alguns exemples: La r\u00e0bia:<\/p>\n","protected":false},"author":1,"featured_media":0,"parent":0,"menu_order":0,"comment_status":"closed","ping_status":"closed","template":"","meta":{"_crdt_document":"","footnotes":""},"categories":[75],"tags":[139,77],"class_list":["post-21266","page","type-page","status-publish","hentry","category-activitats","tag-curs-2023-24","tag-ed-infantil"],"jetpack_sharing_enabled":true,"_links":{"self":[{"href":"https:\/\/escolagrancapita.wpcomstaging.com\/index.php?rest_route=\/wp\/v2\/pages\/21266","targetHints":{"allow":["GET"]}}],"collection":[{"href":"https:\/\/escolagrancapita.wpcomstaging.com\/index.php?rest_route=\/wp\/v2\/pages"}],"about":[{"href":"https:\/\/escolagrancapita.wpcomstaging.com\/index.php?rest_route=\/wp\/v2\/types\/page"}],"author":[{"embeddable":true,"href":"https:\/\/escolagrancapita.wpcomstaging.com\/index.php?rest_route=\/wp\/v2\/users\/1"}],"replies":[{"embeddable":true,"href":"https:\/\/escolagrancapita.wpcomstaging.com\/index.php?rest_route=%2Fwp%2Fv2%2Fcomments&post=21266"}],"version-history":[{"count":5,"href":"https:\/\/escolagrancapita.wpcomstaging.com\/index.php?rest_route=\/wp\/v2\/pages\/21266\/revisions"}],"predecessor-version":[{"id":21283,"href":"https:\/\/escolagrancapita.wpcomstaging.com\/index.php?rest_route=\/wp\/v2\/pages\/21266\/revisions\/21283"}],"wp:attachment":[{"href":"https:\/\/escolagrancapita.wpcomstaging.com\/index.php?rest_route=%2Fwp%2Fv2%2Fmedia&parent=21266"}],"wp:term":[{"taxonomy":"category","embeddable":true,"href":"https:\/\/escolagrancapita.wpcomstaging.com\/index.php?rest_route=%2Fwp%2Fv2%2Fcategories&post=21266"},{"taxonomy":"post_tag","embeddable":true,"href":"https:\/\/escolagrancapita.wpcomstaging.com\/index.php?rest_route=%2Fwp%2Fv2%2Ftags&post=21266"}],"curies":[{"name":"wp","href":"https:\/\/api.w.org\/{rel}","templated":true}]}}