{"id":21293,"date":"2024-05-31T11:25:52","date_gmt":"2024-05-31T11:25:52","guid":{"rendered":"https:\/\/escolagrancapita.wpcomstaging.com\/?page_id=21293"},"modified":"2024-05-31T16:38:53","modified_gmt":"2024-05-31T16:38:53","slug":"projecte-etwinning","status":"publish","type":"page","link":"https:\/\/escolagrancapita.wpcomstaging.com\/?page_id=21293","title":{"rendered":"Projecte eTwinning"},"content":{"rendered":"<p style=\"text-align: justify;\">Durant aquest curs, un grup d&#8217;alumnes de 3r d&#8217;ESO i una alumna de 4t estan participant en un projecte internacional dins de la plataforma eTwinning. Es tracta d&#8217;elaborar un \u201c<strong>International School Magazine<\/strong>\u201d.<\/p>\n<p style=\"text-align: justify;\">En aquest projecte participen diversos instituts d&#8217;arreu d&#8217;Europa: It\u00e0lia, Litu\u00e0nia, Fran\u00e7a i Alemanya, a m\u00e9s del Gran Capit\u00e0 com a representaci\u00f3 espanyola.<\/p>\n<div id='gallery-1' class='gallery galleryid-21293 gallery-columns-1 gallery-size-full'><figure class='gallery-item'>\n\t\t\t<div class='gallery-icon landscape'>\n\t\t\t\t<img loading=\"lazy\" decoding=\"async\" width=\"4624\" height=\"3468\" src=\"https:\/\/i0.wp.com\/escolagrancapita.wpcomstaging.com\/wp-content\/uploads\/2023\/11\/ESO_eTwinning_1-2.jpg?fit=4624%2C3468&amp;ssl=1\" class=\"attachment-full size-full\" alt=\"\" srcset=\"https:\/\/i0.wp.com\/escolagrancapita.wpcomstaging.com\/wp-content\/uploads\/2023\/11\/ESO_eTwinning_1-2.jpg?w=4624&amp;ssl=1 4624w, https:\/\/i0.wp.com\/escolagrancapita.wpcomstaging.com\/wp-content\/uploads\/2023\/11\/ESO_eTwinning_1-2.jpg?resize=300%2C225&amp;ssl=1 300w, https:\/\/i0.wp.com\/escolagrancapita.wpcomstaging.com\/wp-content\/uploads\/2023\/11\/ESO_eTwinning_1-2.jpg?resize=1024%2C768&amp;ssl=1 1024w, https:\/\/i0.wp.com\/escolagrancapita.wpcomstaging.com\/wp-content\/uploads\/2023\/11\/ESO_eTwinning_1-2.jpg?resize=768%2C576&amp;ssl=1 768w, https:\/\/i0.wp.com\/escolagrancapita.wpcomstaging.com\/wp-content\/uploads\/2023\/11\/ESO_eTwinning_1-2.jpg?resize=1536%2C1152&amp;ssl=1 1536w, https:\/\/i0.wp.com\/escolagrancapita.wpcomstaging.com\/wp-content\/uploads\/2023\/11\/ESO_eTwinning_1-2.jpg?resize=2048%2C1536&amp;ssl=1 2048w, https:\/\/i0.wp.com\/escolagrancapita.wpcomstaging.com\/wp-content\/uploads\/2023\/11\/ESO_eTwinning_1-2.jpg?resize=1200%2C900&amp;ssl=1 1200w, https:\/\/i0.wp.com\/escolagrancapita.wpcomstaging.com\/wp-content\/uploads\/2023\/11\/ESO_eTwinning_1-2.jpg?resize=800%2C600&amp;ssl=1 800w, https:\/\/i0.wp.com\/escolagrancapita.wpcomstaging.com\/wp-content\/uploads\/2023\/11\/ESO_eTwinning_1-2.jpg?resize=600%2C450&amp;ssl=1 600w, https:\/\/i0.wp.com\/escolagrancapita.wpcomstaging.com\/wp-content\/uploads\/2023\/11\/ESO_eTwinning_1-2.jpg?resize=400%2C300&amp;ssl=1 400w, https:\/\/i0.wp.com\/escolagrancapita.wpcomstaging.com\/wp-content\/uploads\/2023\/11\/ESO_eTwinning_1-2.jpg?resize=200%2C150&amp;ssl=1 200w, https:\/\/i0.wp.com\/escolagrancapita.wpcomstaging.com\/wp-content\/uploads\/2023\/11\/ESO_eTwinning_1-2.jpg?w=2250&amp;ssl=1 2250w\" sizes=\"auto, (max-width: 750px) 100vw, 750px\" \/>\n\t\t\t<\/div><\/figure>\n\t\t<\/div>\n\n<p style=\"text-align: justify;\">El membres del projecte ja han realitzat diverses videoconfer\u00e8ncies per poder-se coordinar, entre el professorat implicat i tamb\u00e9 amb els alumnes, com a manera de contactar entre ells.<\/p>\n<div id='gallery-2' class='gallery galleryid-21293 gallery-columns-2 gallery-size-full'><figure class='gallery-item'>\n\t\t\t<div class='gallery-icon landscape'>\n\t\t\t\t<img loading=\"lazy\" decoding=\"async\" width=\"1366\" height=\"618\" src=\"https:\/\/i0.wp.com\/escolagrancapita.wpcomstaging.com\/wp-content\/uploads\/2023\/11\/ESO_eTwinning_1-3-1.jpg?fit=1366%2C618&amp;ssl=1\" class=\"attachment-full size-full\" alt=\"\" srcset=\"https:\/\/i0.wp.com\/escolagrancapita.wpcomstaging.com\/wp-content\/uploads\/2023\/11\/ESO_eTwinning_1-3-1.jpg?w=1366&amp;ssl=1 1366w, https:\/\/i0.wp.com\/escolagrancapita.wpcomstaging.com\/wp-content\/uploads\/2023\/11\/ESO_eTwinning_1-3-1.jpg?resize=300%2C136&amp;ssl=1 300w, https:\/\/i0.wp.com\/escolagrancapita.wpcomstaging.com\/wp-content\/uploads\/2023\/11\/ESO_eTwinning_1-3-1.jpg?resize=1024%2C463&amp;ssl=1 1024w, https:\/\/i0.wp.com\/escolagrancapita.wpcomstaging.com\/wp-content\/uploads\/2023\/11\/ESO_eTwinning_1-3-1.jpg?resize=768%2C347&amp;ssl=1 768w, https:\/\/i0.wp.com\/escolagrancapita.wpcomstaging.com\/wp-content\/uploads\/2023\/11\/ESO_eTwinning_1-3-1.jpg?resize=1200%2C543&amp;ssl=1 1200w\" sizes=\"auto, (max-width: 750px) 100vw, 750px\" \/>\n\t\t\t<\/div><\/figure><figure class='gallery-item'>\n\t\t\t<div class='gallery-icon landscape'>\n\t\t\t\t<img loading=\"lazy\" decoding=\"async\" width=\"1366\" height=\"618\" src=\"https:\/\/i0.wp.com\/escolagrancapita.wpcomstaging.com\/wp-content\/uploads\/2023\/11\/ESO_eTwinning_1-4.jpg?fit=1366%2C618&amp;ssl=1\" class=\"attachment-full size-full\" alt=\"\" srcset=\"https:\/\/i0.wp.com\/escolagrancapita.wpcomstaging.com\/wp-content\/uploads\/2023\/11\/ESO_eTwinning_1-4.jpg?w=1366&amp;ssl=1 1366w, https:\/\/i0.wp.com\/escolagrancapita.wpcomstaging.com\/wp-content\/uploads\/2023\/11\/ESO_eTwinning_1-4.jpg?resize=300%2C136&amp;ssl=1 300w, https:\/\/i0.wp.com\/escolagrancapita.wpcomstaging.com\/wp-content\/uploads\/2023\/11\/ESO_eTwinning_1-4.jpg?resize=1024%2C463&amp;ssl=1 1024w, https:\/\/i0.wp.com\/escolagrancapita.wpcomstaging.com\/wp-content\/uploads\/2023\/11\/ESO_eTwinning_1-4.jpg?resize=768%2C347&amp;ssl=1 768w, https:\/\/i0.wp.com\/escolagrancapita.wpcomstaging.com\/wp-content\/uploads\/2023\/11\/ESO_eTwinning_1-4.jpg?resize=1200%2C543&amp;ssl=1 1200w\" sizes=\"auto, (max-width: 750px) 100vw, 750px\" \/>\n\t\t\t<\/div><\/figure>\n\t\t<\/div>\n\n<p style=\"text-align: justify;\">Els alumnes participants dels diversos instituts han participat en l&#8217;elecci\u00f3 del nom del magazine: The Bridge, finalment, i han decidit sobre quin tema tractaran els seus primers articles.<\/p>\n<div id='gallery-3' class='gallery galleryid-21293 gallery-columns-1 gallery-size-full'><figure class='gallery-item'>\n\t\t\t<div class='gallery-icon landscape'>\n\t\t\t\t<img loading=\"lazy\" decoding=\"async\" width=\"1600\" height=\"672\" src=\"https:\/\/i0.wp.com\/escolagrancapita.wpcomstaging.com\/wp-content\/uploads\/2023\/11\/ESO_eTwinning_1-3.jpg?fit=1600%2C672&amp;ssl=1\" class=\"attachment-full size-full\" alt=\"\" srcset=\"https:\/\/i0.wp.com\/escolagrancapita.wpcomstaging.com\/wp-content\/uploads\/2023\/11\/ESO_eTwinning_1-3.jpg?w=1600&amp;ssl=1 1600w, https:\/\/i0.wp.com\/escolagrancapita.wpcomstaging.com\/wp-content\/uploads\/2023\/11\/ESO_eTwinning_1-3.jpg?resize=300%2C126&amp;ssl=1 300w, https:\/\/i0.wp.com\/escolagrancapita.wpcomstaging.com\/wp-content\/uploads\/2023\/11\/ESO_eTwinning_1-3.jpg?resize=1024%2C430&amp;ssl=1 1024w, https:\/\/i0.wp.com\/escolagrancapita.wpcomstaging.com\/wp-content\/uploads\/2023\/11\/ESO_eTwinning_1-3.jpg?resize=768%2C323&amp;ssl=1 768w, https:\/\/i0.wp.com\/escolagrancapita.wpcomstaging.com\/wp-content\/uploads\/2023\/11\/ESO_eTwinning_1-3.jpg?resize=1536%2C645&amp;ssl=1 1536w, https:\/\/i0.wp.com\/escolagrancapita.wpcomstaging.com\/wp-content\/uploads\/2023\/11\/ESO_eTwinning_1-3.jpg?resize=1200%2C504&amp;ssl=1 1200w\" sizes=\"auto, (max-width: 750px) 100vw, 750px\" \/>\n\t\t\t<\/div><\/figure>\n\t\t<\/div>\n\n<p style=\"text-align: justify;\">Les nostres alumnes ja han posat fill a l&#8217;agulla i estan en plena redacci\u00f3 de la seva primera elaboraci\u00f3. A m\u00e9s, han gravat un v\u00eddeo per presentar la nostra escola a la resta de centres.<\/p>\n<p style=\"text-align: center;\"><iframe loading=\"lazy\" title=\"Projecte eTwinning\" src=\"https:\/\/www.youtube.com\/embed\/x5k8VZWr2I4\" width=\"893\" height=\"502\" frameborder=\"0\" allowfullscreen=\"allowfullscreen\"><\/iframe><\/p>\n<p>Continuarem informant-vos!<\/p>\n<h5>Actualitzaci\u00f3 &#8211; Maig<\/h5>\n<p style=\"text-align: justify;\">Despr\u00e9s d\u2019un curs treballant de valent, per fi s\u2019ha publicat la col\u00b7laboraci\u00f3 eTwinning amb d\u2019altres instituts europeus.<\/p>\n<p style=\"text-align: justify;\">El tema sobre el qual havien d\u2019escriure era la Identitat, vista des de diferents perspectives i tem\u00e0tiques.<\/p>\n<p style=\"text-align: justify;\">Aqu\u00ed teniu la seva primera revista internacional: <a href=\"https:\/\/escolagrancapita.wpcomstaging.com\/wp-content\/uploads\/2024\/05\/The_Bridge-_Magazine_12.pdf\" target=\"_blank\" rel=\"noopener\"><strong>The Bridge<\/strong><\/a>.<\/p>\n<p style=\"text-align: justify;\"><strong>Esperen que us agradi!<\/strong><\/p>\n","protected":false},"excerpt":{"rendered":"<p>Durant aquest curs, un grup d&#8217;alumnes de 3r d&#8217;ESO i una alumna de 4t estan participant en un projecte internacional dins de la plataforma eTwinning. Es tracta d&#8217;elaborar un \u201cInternational School Magazine\u201d. En aquest projecte participen diversos instituts d&#8217;arreu d&#8217;Europa:<\/p>\n","protected":false},"author":1,"featured_media":0,"parent":0,"menu_order":0,"comment_status":"closed","ping_status":"closed","template":"","meta":{"_crdt_document":"","footnotes":""},"categories":[92],"tags":[139,43,137],"class_list":["post-21293","page","type-page","status-publish","hentry","category-projectes","tag-curs-2023-24","tag-ed-secundaria","tag-internacionalitzacio"],"jetpack_sharing_enabled":true,"_links":{"self":[{"href":"https:\/\/escolagrancapita.wpcomstaging.com\/index.php?rest_route=\/wp\/v2\/pages\/21293","targetHints":{"allow":["GET"]}}],"collection":[{"href":"https:\/\/escolagrancapita.wpcomstaging.com\/index.php?rest_route=\/wp\/v2\/pages"}],"about":[{"href":"https:\/\/escolagrancapita.wpcomstaging.com\/index.php?rest_route=\/wp\/v2\/types\/page"}],"author":[{"embeddable":true,"href":"https:\/\/escolagrancapita.wpcomstaging.com\/index.php?rest_route=\/wp\/v2\/users\/1"}],"replies":[{"embeddable":true,"href":"https:\/\/escolagrancapita.wpcomstaging.com\/index.php?rest_route=%2Fwp%2Fv2%2Fcomments&post=21293"}],"version-history":[{"count":6,"href":"https:\/\/escolagrancapita.wpcomstaging.com\/index.php?rest_route=\/wp\/v2\/pages\/21293\/revisions"}],"predecessor-version":[{"id":23374,"href":"https:\/\/escolagrancapita.wpcomstaging.com\/index.php?rest_route=\/wp\/v2\/pages\/21293\/revisions\/23374"}],"wp:attachment":[{"href":"https:\/\/escolagrancapita.wpcomstaging.com\/index.php?rest_route=%2Fwp%2Fv2%2Fmedia&parent=21293"}],"wp:term":[{"taxonomy":"category","embeddable":true,"href":"https:\/\/escolagrancapita.wpcomstaging.com\/index.php?rest_route=%2Fwp%2Fv2%2Fcategories&post=21293"},{"taxonomy":"post_tag","embeddable":true,"href":"https:\/\/escolagrancapita.wpcomstaging.com\/index.php?rest_route=%2Fwp%2Fv2%2Ftags&post=21293"}],"curies":[{"name":"wp","href":"https:\/\/api.w.org\/{rel}","templated":true}]}}