{"id":21313,"date":"2023-11-26T12:04:32","date_gmt":"2023-11-26T12:04:32","guid":{"rendered":"https:\/\/escolagrancapita.wpcomstaging.com\/?page_id=21313"},"modified":"2023-11-26T12:04:32","modified_gmt":"2023-11-26T12:04:32","slug":"prenent-consciencia-de-les-discapacitats-fisiques","status":"publish","type":"page","link":"https:\/\/escolagrancapita.wpcomstaging.com\/?page_id=21313","title":{"rendered":"Prenent consci\u00e8ncia de les discapacitats f\u00edsiques"},"content":{"rendered":"<p style=\"text-align: justify;\">4t d&#8217;ESO, en commemoraci\u00f3 del <strong>Dia Internacional de les Persones amb Discapacitat<\/strong> (3 de desembre), va participar activament en una iniciativa de sensibilitzaci\u00f3 sobre les dificultats que experimenta di\u00e0riament una persona que utilitza una cadira de rodes.<\/p>\n<p style=\"text-align: justify;\">En aquesta activitat, els nois i noies van enfrontar circuits que simulaven els reptes de moure&#8217;s amb una cadira de rodes, culminant amb la participaci\u00f3 en un partit de b\u00e0squet adaptat.<\/p>\n<div id='gallery-1' class='gallery galleryid-21313 gallery-columns-2 gallery-size-full'><figure class='gallery-item'>\n\t\t\t<div class='gallery-icon landscape'>\n\t\t\t\t<img loading=\"lazy\" decoding=\"async\" width=\"2016\" height=\"1134\" src=\"https:\/\/i0.wp.com\/escolagrancapita.wpcomstaging.com\/wp-content\/uploads\/2023\/11\/4ESO_discapacitat23-3.jpeg?fit=2016%2C1134&amp;ssl=1\" class=\"attachment-full size-full\" alt=\"\" srcset=\"https:\/\/i0.wp.com\/escolagrancapita.wpcomstaging.com\/wp-content\/uploads\/2023\/11\/4ESO_discapacitat23-3.jpeg?w=2016&amp;ssl=1 2016w, https:\/\/i0.wp.com\/escolagrancapita.wpcomstaging.com\/wp-content\/uploads\/2023\/11\/4ESO_discapacitat23-3.jpeg?resize=300%2C169&amp;ssl=1 300w, https:\/\/i0.wp.com\/escolagrancapita.wpcomstaging.com\/wp-content\/uploads\/2023\/11\/4ESO_discapacitat23-3.jpeg?resize=1024%2C576&amp;ssl=1 1024w, https:\/\/i0.wp.com\/escolagrancapita.wpcomstaging.com\/wp-content\/uploads\/2023\/11\/4ESO_discapacitat23-3.jpeg?resize=768%2C432&amp;ssl=1 768w, https:\/\/i0.wp.com\/escolagrancapita.wpcomstaging.com\/wp-content\/uploads\/2023\/11\/4ESO_discapacitat23-3.jpeg?resize=1536%2C864&amp;ssl=1 1536w, https:\/\/i0.wp.com\/escolagrancapita.wpcomstaging.com\/wp-content\/uploads\/2023\/11\/4ESO_discapacitat23-3.jpeg?resize=1200%2C675&amp;ssl=1 1200w\" sizes=\"auto, (max-width: 750px) 100vw, 750px\" \/>\n\t\t\t<\/div><\/figure><figure class='gallery-item'>\n\t\t\t<div class='gallery-icon landscape'>\n\t\t\t\t<img loading=\"lazy\" decoding=\"async\" width=\"2016\" height=\"1134\" src=\"https:\/\/i0.wp.com\/escolagrancapita.wpcomstaging.com\/wp-content\/uploads\/2023\/11\/4ESO_discapacitat23-4.jpeg?fit=2016%2C1134&amp;ssl=1\" class=\"attachment-full size-full\" alt=\"\" srcset=\"https:\/\/i0.wp.com\/escolagrancapita.wpcomstaging.com\/wp-content\/uploads\/2023\/11\/4ESO_discapacitat23-4.jpeg?w=2016&amp;ssl=1 2016w, https:\/\/i0.wp.com\/escolagrancapita.wpcomstaging.com\/wp-content\/uploads\/2023\/11\/4ESO_discapacitat23-4.jpeg?resize=300%2C169&amp;ssl=1 300w, https:\/\/i0.wp.com\/escolagrancapita.wpcomstaging.com\/wp-content\/uploads\/2023\/11\/4ESO_discapacitat23-4.jpeg?resize=1024%2C576&amp;ssl=1 1024w, https:\/\/i0.wp.com\/escolagrancapita.wpcomstaging.com\/wp-content\/uploads\/2023\/11\/4ESO_discapacitat23-4.jpeg?resize=768%2C432&amp;ssl=1 768w, https:\/\/i0.wp.com\/escolagrancapita.wpcomstaging.com\/wp-content\/uploads\/2023\/11\/4ESO_discapacitat23-4.jpeg?resize=1536%2C864&amp;ssl=1 1536w, https:\/\/i0.wp.com\/escolagrancapita.wpcomstaging.com\/wp-content\/uploads\/2023\/11\/4ESO_discapacitat23-4.jpeg?resize=1200%2C675&amp;ssl=1 1200w\" sizes=\"auto, (max-width: 750px) 100vw, 750px\" \/>\n\t\t\t<\/div><\/figure><figure class='gallery-item'>\n\t\t\t<div class='gallery-icon landscape'>\n\t\t\t\t<img loading=\"lazy\" decoding=\"async\" width=\"2016\" height=\"1134\" src=\"https:\/\/i0.wp.com\/escolagrancapita.wpcomstaging.com\/wp-content\/uploads\/2023\/11\/4ESO_discapacitat23-5.jpeg?fit=2016%2C1134&amp;ssl=1\" class=\"attachment-full size-full\" alt=\"\" srcset=\"https:\/\/i0.wp.com\/escolagrancapita.wpcomstaging.com\/wp-content\/uploads\/2023\/11\/4ESO_discapacitat23-5.jpeg?w=2016&amp;ssl=1 2016w, https:\/\/i0.wp.com\/escolagrancapita.wpcomstaging.com\/wp-content\/uploads\/2023\/11\/4ESO_discapacitat23-5.jpeg?resize=300%2C169&amp;ssl=1 300w, https:\/\/i0.wp.com\/escolagrancapita.wpcomstaging.com\/wp-content\/uploads\/2023\/11\/4ESO_discapacitat23-5.jpeg?resize=1024%2C576&amp;ssl=1 1024w, https:\/\/i0.wp.com\/escolagrancapita.wpcomstaging.com\/wp-content\/uploads\/2023\/11\/4ESO_discapacitat23-5.jpeg?resize=768%2C432&amp;ssl=1 768w, https:\/\/i0.wp.com\/escolagrancapita.wpcomstaging.com\/wp-content\/uploads\/2023\/11\/4ESO_discapacitat23-5.jpeg?resize=1536%2C864&amp;ssl=1 1536w, https:\/\/i0.wp.com\/escolagrancapita.wpcomstaging.com\/wp-content\/uploads\/2023\/11\/4ESO_discapacitat23-5.jpeg?resize=1200%2C675&amp;ssl=1 1200w\" sizes=\"auto, (max-width: 750px) 100vw, 750px\" \/>\n\t\t\t<\/div><\/figure><figure class='gallery-item'>\n\t\t\t<div class='gallery-icon landscape'>\n\t\t\t\t<img loading=\"lazy\" decoding=\"async\" width=\"2016\" height=\"1134\" src=\"https:\/\/i0.wp.com\/escolagrancapita.wpcomstaging.com\/wp-content\/uploads\/2023\/11\/4ESO_discapacitat23-1.jpeg?fit=2016%2C1134&amp;ssl=1\" class=\"attachment-full size-full\" alt=\"\" srcset=\"https:\/\/i0.wp.com\/escolagrancapita.wpcomstaging.com\/wp-content\/uploads\/2023\/11\/4ESO_discapacitat23-1.jpeg?w=2016&amp;ssl=1 2016w, https:\/\/i0.wp.com\/escolagrancapita.wpcomstaging.com\/wp-content\/uploads\/2023\/11\/4ESO_discapacitat23-1.jpeg?resize=300%2C169&amp;ssl=1 300w, https:\/\/i0.wp.com\/escolagrancapita.wpcomstaging.com\/wp-content\/uploads\/2023\/11\/4ESO_discapacitat23-1.jpeg?resize=1024%2C576&amp;ssl=1 1024w, https:\/\/i0.wp.com\/escolagrancapita.wpcomstaging.com\/wp-content\/uploads\/2023\/11\/4ESO_discapacitat23-1.jpeg?resize=768%2C432&amp;ssl=1 768w, https:\/\/i0.wp.com\/escolagrancapita.wpcomstaging.com\/wp-content\/uploads\/2023\/11\/4ESO_discapacitat23-1.jpeg?resize=1536%2C864&amp;ssl=1 1536w, https:\/\/i0.wp.com\/escolagrancapita.wpcomstaging.com\/wp-content\/uploads\/2023\/11\/4ESO_discapacitat23-1.jpeg?resize=1200%2C675&amp;ssl=1 1200w\" sizes=\"auto, (max-width: 750px) 100vw, 750px\" \/>\n\t\t\t<\/div><\/figure>\n\t\t<\/div>\n\n<p style=\"text-align: justify;\">All\u00f2 que inicialment semblava una activitat divertida va acabar essent esgotadora i complexa. Van prendre consci\u00e8ncia que una activitat aparentment senzilla, com jugar a b\u00e0squet, requeria un esfor\u00e7 considerable i presentava m\u00faltiples dificultats per girar les rodes.<\/p>\n<div id='gallery-2' class='gallery galleryid-21313 gallery-columns-1 gallery-size-full'><figure class='gallery-item'>\n\t\t\t<div class='gallery-icon landscape'>\n\t\t\t\t<img loading=\"lazy\" decoding=\"async\" width=\"2016\" height=\"1134\" src=\"https:\/\/i0.wp.com\/escolagrancapita.wpcomstaging.com\/wp-content\/uploads\/2023\/11\/4ESO_discapacitat23-2.jpeg?fit=2016%2C1134&amp;ssl=1\" class=\"attachment-full size-full\" alt=\"\" srcset=\"https:\/\/i0.wp.com\/escolagrancapita.wpcomstaging.com\/wp-content\/uploads\/2023\/11\/4ESO_discapacitat23-2.jpeg?w=2016&amp;ssl=1 2016w, https:\/\/i0.wp.com\/escolagrancapita.wpcomstaging.com\/wp-content\/uploads\/2023\/11\/4ESO_discapacitat23-2.jpeg?resize=300%2C169&amp;ssl=1 300w, https:\/\/i0.wp.com\/escolagrancapita.wpcomstaging.com\/wp-content\/uploads\/2023\/11\/4ESO_discapacitat23-2.jpeg?resize=1024%2C576&amp;ssl=1 1024w, https:\/\/i0.wp.com\/escolagrancapita.wpcomstaging.com\/wp-content\/uploads\/2023\/11\/4ESO_discapacitat23-2.jpeg?resize=768%2C432&amp;ssl=1 768w, https:\/\/i0.wp.com\/escolagrancapita.wpcomstaging.com\/wp-content\/uploads\/2023\/11\/4ESO_discapacitat23-2.jpeg?resize=1536%2C864&amp;ssl=1 1536w, https:\/\/i0.wp.com\/escolagrancapita.wpcomstaging.com\/wp-content\/uploads\/2023\/11\/4ESO_discapacitat23-2.jpeg?resize=1200%2C675&amp;ssl=1 1200w\" sizes=\"auto, (max-width: 750px) 100vw, 750px\" \/>\n\t\t\t<\/div><\/figure>\n\t\t<\/div>\n\n<p style=\"text-align: justify;\">D&#8217;aquesta experi\u00e8ncia, van concloure que, malgrat que les persones amb discapacitat f\u00edsica poden participar en diverses activitats, \u00e9s crucial recon\u00e8ixer que les infraestructures de la nostra societat encara no estan totalment adaptades per a aquelles persones que utilitzen cadires de rodes. Aix\u00f2 destaca la duresa de la seva vida quotidiana. En conseq\u00fc\u00e8ncia, van expressar la import\u00e0ncia d&#8217;evitar situacions que els exposin al risc de lesions medul\u00b7lars i van subratllar la necessitat de fer tot el possible per millorar la integraci\u00f3 i accessibilitat per a tots.<\/p>\n","protected":false},"excerpt":{"rendered":"<p>4t d&#8217;ESO, en commemoraci\u00f3 del Dia Internacional de les Persones amb Discapacitat (3 de desembre), va participar activament en una iniciativa de sensibilitzaci\u00f3 sobre les dificultats que experimenta di\u00e0riament una persona que utilitza una cadira de rodes. En aquesta activitat,<\/p>\n","protected":false},"author":1,"featured_media":0,"parent":0,"menu_order":0,"comment_status":"closed","ping_status":"closed","template":"","meta":{"_crdt_document":"","footnotes":""},"categories":[75],"tags":[139,43],"class_list":["post-21313","page","type-page","status-publish","hentry","category-activitats","tag-curs-2023-24","tag-ed-secundaria"],"jetpack_sharing_enabled":true,"_links":{"self":[{"href":"https:\/\/escolagrancapita.wpcomstaging.com\/index.php?rest_route=\/wp\/v2\/pages\/21313","targetHints":{"allow":["GET"]}}],"collection":[{"href":"https:\/\/escolagrancapita.wpcomstaging.com\/index.php?rest_route=\/wp\/v2\/pages"}],"about":[{"href":"https:\/\/escolagrancapita.wpcomstaging.com\/index.php?rest_route=\/wp\/v2\/types\/page"}],"author":[{"embeddable":true,"href":"https:\/\/escolagrancapita.wpcomstaging.com\/index.php?rest_route=\/wp\/v2\/users\/1"}],"replies":[{"embeddable":true,"href":"https:\/\/escolagrancapita.wpcomstaging.com\/index.php?rest_route=%2Fwp%2Fv2%2Fcomments&post=21313"}],"version-history":[{"count":2,"href":"https:\/\/escolagrancapita.wpcomstaging.com\/index.php?rest_route=\/wp\/v2\/pages\/21313\/revisions"}],"predecessor-version":[{"id":21320,"href":"https:\/\/escolagrancapita.wpcomstaging.com\/index.php?rest_route=\/wp\/v2\/pages\/21313\/revisions\/21320"}],"wp:attachment":[{"href":"https:\/\/escolagrancapita.wpcomstaging.com\/index.php?rest_route=%2Fwp%2Fv2%2Fmedia&parent=21313"}],"wp:term":[{"taxonomy":"category","embeddable":true,"href":"https:\/\/escolagrancapita.wpcomstaging.com\/index.php?rest_route=%2Fwp%2Fv2%2Fcategories&post=21313"},{"taxonomy":"post_tag","embeddable":true,"href":"https:\/\/escolagrancapita.wpcomstaging.com\/index.php?rest_route=%2Fwp%2Fv2%2Ftags&post=21313"}],"curies":[{"name":"wp","href":"https:\/\/api.w.org\/{rel}","templated":true}]}}