{"id":21365,"date":"2023-12-06T16:17:26","date_gmt":"2023-12-06T16:17:26","guid":{"rendered":"https:\/\/escolagrancapita.wpcomstaging.com\/?page_id=21365"},"modified":"2023-12-06T16:17:26","modified_gmt":"2023-12-06T16:17:26","slug":"setmana-de-la-ciencia-poliominos","status":"publish","type":"page","link":"https:\/\/escolagrancapita.wpcomstaging.com\/?page_id=21365","title":{"rendered":"Setmana de la Ci\u00e8ncia: Poli\u00f2minos"},"content":{"rendered":"<p style=\"text-align: justify;\">3r de Prim\u00e0ria ha tingut l&#8217;oportunitat d&#8217;explorar el fascinant m\u00f3n dels <a href=\"https:\/\/ca.wikipedia.org\/wiki\/Poli%C3%B2mino\" target=\"_blank\" rel=\"noopener\">poli\u00f2minos<\/a>, que s\u00f3n objectes geom\u00e8trics que permeten la combinaci\u00f3 de diversos quadrats o cel\u00b7les de la mateixa mida per crear una gran varietat de figures geom\u00e8triques.<\/p>\n<p style=\"text-align: justify;\">A m\u00e9s, han tingut la sort de rebre la visita d&#8217;un cient\u00edfic matem\u00e0tic que ha compartit els seus coneixements a l&#8217;aula, explicant-los qu\u00e8 s\u00f3n els poli\u00f2minos i com es poden trobar al seu entorn.<\/p>\n<div id='gallery-1' class='gallery galleryid-21365 gallery-columns-2 gallery-size-full'><figure class='gallery-item'>\n\t\t\t<div class='gallery-icon portrait'>\n\t\t\t\t<img loading=\"lazy\" decoding=\"async\" width=\"758\" height=\"1599\" src=\"https:\/\/i0.wp.com\/escolagrancapita.wpcomstaging.com\/wp-content\/uploads\/2023\/12\/PRI_SC23-2.jpeg?fit=758%2C1599&amp;ssl=1\" class=\"attachment-full size-full\" alt=\"\" srcset=\"https:\/\/i0.wp.com\/escolagrancapita.wpcomstaging.com\/wp-content\/uploads\/2023\/12\/PRI_SC23-2.jpeg?w=758&amp;ssl=1 758w, https:\/\/i0.wp.com\/escolagrancapita.wpcomstaging.com\/wp-content\/uploads\/2023\/12\/PRI_SC23-2.jpeg?resize=142%2C300&amp;ssl=1 142w, https:\/\/i0.wp.com\/escolagrancapita.wpcomstaging.com\/wp-content\/uploads\/2023\/12\/PRI_SC23-2.jpeg?resize=485%2C1024&amp;ssl=1 485w, https:\/\/i0.wp.com\/escolagrancapita.wpcomstaging.com\/wp-content\/uploads\/2023\/12\/PRI_SC23-2.jpeg?resize=728%2C1536&amp;ssl=1 728w\" sizes=\"auto, (max-width: 750px) 100vw, 750px\" \/>\n\t\t\t<\/div><\/figure><figure class='gallery-item'>\n\t\t\t<div class='gallery-icon portrait'>\n\t\t\t\t<img loading=\"lazy\" decoding=\"async\" width=\"758\" height=\"1599\" src=\"https:\/\/i0.wp.com\/escolagrancapita.wpcomstaging.com\/wp-content\/uploads\/2023\/12\/PRI_SC23-3.jpeg?fit=758%2C1599&amp;ssl=1\" class=\"attachment-full size-full\" alt=\"\" srcset=\"https:\/\/i0.wp.com\/escolagrancapita.wpcomstaging.com\/wp-content\/uploads\/2023\/12\/PRI_SC23-3.jpeg?w=758&amp;ssl=1 758w, https:\/\/i0.wp.com\/escolagrancapita.wpcomstaging.com\/wp-content\/uploads\/2023\/12\/PRI_SC23-3.jpeg?resize=142%2C300&amp;ssl=1 142w, https:\/\/i0.wp.com\/escolagrancapita.wpcomstaging.com\/wp-content\/uploads\/2023\/12\/PRI_SC23-3.jpeg?resize=485%2C1024&amp;ssl=1 485w, https:\/\/i0.wp.com\/escolagrancapita.wpcomstaging.com\/wp-content\/uploads\/2023\/12\/PRI_SC23-3.jpeg?resize=728%2C1536&amp;ssl=1 728w\" sizes=\"auto, (max-width: 750px) 100vw, 750px\" \/>\n\t\t\t<\/div><\/figure><figure class='gallery-item'>\n\t\t\t<div class='gallery-icon portrait'>\n\t\t\t\t<img loading=\"lazy\" decoding=\"async\" width=\"758\" height=\"1599\" src=\"https:\/\/i0.wp.com\/escolagrancapita.wpcomstaging.com\/wp-content\/uploads\/2023\/12\/PRI_SC23-4.jpeg?fit=758%2C1599&amp;ssl=1\" class=\"attachment-full size-full\" alt=\"\" srcset=\"https:\/\/i0.wp.com\/escolagrancapita.wpcomstaging.com\/wp-content\/uploads\/2023\/12\/PRI_SC23-4.jpeg?w=758&amp;ssl=1 758w, https:\/\/i0.wp.com\/escolagrancapita.wpcomstaging.com\/wp-content\/uploads\/2023\/12\/PRI_SC23-4.jpeg?resize=142%2C300&amp;ssl=1 142w, https:\/\/i0.wp.com\/escolagrancapita.wpcomstaging.com\/wp-content\/uploads\/2023\/12\/PRI_SC23-4.jpeg?resize=485%2C1024&amp;ssl=1 485w, https:\/\/i0.wp.com\/escolagrancapita.wpcomstaging.com\/wp-content\/uploads\/2023\/12\/PRI_SC23-4.jpeg?resize=728%2C1536&amp;ssl=1 728w\" sizes=\"auto, (max-width: 750px) 100vw, 750px\" \/>\n\t\t\t<\/div><\/figure><figure class='gallery-item'>\n\t\t\t<div class='gallery-icon portrait'>\n\t\t\t\t<img loading=\"lazy\" decoding=\"async\" width=\"758\" height=\"1599\" src=\"https:\/\/i0.wp.com\/escolagrancapita.wpcomstaging.com\/wp-content\/uploads\/2023\/12\/PRI_SC23-5.jpeg?fit=758%2C1599&amp;ssl=1\" class=\"attachment-full size-full\" alt=\"\" srcset=\"https:\/\/i0.wp.com\/escolagrancapita.wpcomstaging.com\/wp-content\/uploads\/2023\/12\/PRI_SC23-5.jpeg?w=758&amp;ssl=1 758w, https:\/\/i0.wp.com\/escolagrancapita.wpcomstaging.com\/wp-content\/uploads\/2023\/12\/PRI_SC23-5.jpeg?resize=142%2C300&amp;ssl=1 142w, https:\/\/i0.wp.com\/escolagrancapita.wpcomstaging.com\/wp-content\/uploads\/2023\/12\/PRI_SC23-5.jpeg?resize=485%2C1024&amp;ssl=1 485w, https:\/\/i0.wp.com\/escolagrancapita.wpcomstaging.com\/wp-content\/uploads\/2023\/12\/PRI_SC23-5.jpeg?resize=728%2C1536&amp;ssl=1 728w\" sizes=\"auto, (max-width: 750px) 100vw, 750px\" \/>\n\t\t\t<\/div><\/figure>\n\t\t<\/div>\n\n<p style=\"text-align: justify;\">Per altra banda, 4t de Prim\u00e0ria ha participat activament en la Ci\u00e8ncia Compartida amb els alumnes de segon d&#8217;ESO del nostre i altres instituts. En el marc d&#8217;aquesta interacci\u00f3, els estudiants de secund\u00e0ria han organitzat diversos experiments, que posteriorment han compartit amb els alumnes de quart de prim\u00e0ria.<\/p>\n<div id='gallery-2' class='gallery galleryid-21365 gallery-columns-2 gallery-size-full'><figure class='gallery-item'>\n\t\t\t<div class='gallery-icon portrait'>\n\t\t\t\t<img loading=\"lazy\" decoding=\"async\" width=\"3024\" height=\"4032\" src=\"https:\/\/i0.wp.com\/escolagrancapita.wpcomstaging.com\/wp-content\/uploads\/2023\/12\/PRI_SC23-6-rotated.jpeg?fit=3024%2C4032&amp;ssl=1\" class=\"attachment-full size-full\" alt=\"\" srcset=\"https:\/\/i0.wp.com\/escolagrancapita.wpcomstaging.com\/wp-content\/uploads\/2023\/12\/PRI_SC23-6-rotated.jpeg?w=3024&amp;ssl=1 3024w, https:\/\/i0.wp.com\/escolagrancapita.wpcomstaging.com\/wp-content\/uploads\/2023\/12\/PRI_SC23-6-rotated.jpeg?resize=225%2C300&amp;ssl=1 225w, https:\/\/i0.wp.com\/escolagrancapita.wpcomstaging.com\/wp-content\/uploads\/2023\/12\/PRI_SC23-6-rotated.jpeg?resize=768%2C1024&amp;ssl=1 768w, https:\/\/i0.wp.com\/escolagrancapita.wpcomstaging.com\/wp-content\/uploads\/2023\/12\/PRI_SC23-6-rotated.jpeg?resize=1152%2C1536&amp;ssl=1 1152w, https:\/\/i0.wp.com\/escolagrancapita.wpcomstaging.com\/wp-content\/uploads\/2023\/12\/PRI_SC23-6-rotated.jpeg?resize=1536%2C2048&amp;ssl=1 1536w, https:\/\/i0.wp.com\/escolagrancapita.wpcomstaging.com\/wp-content\/uploads\/2023\/12\/PRI_SC23-6-rotated.jpeg?resize=900%2C1200&amp;ssl=1 900w, https:\/\/i0.wp.com\/escolagrancapita.wpcomstaging.com\/wp-content\/uploads\/2023\/12\/PRI_SC23-6-rotated.jpeg?resize=600%2C800&amp;ssl=1 600w, https:\/\/i0.wp.com\/escolagrancapita.wpcomstaging.com\/wp-content\/uploads\/2023\/12\/PRI_SC23-6-rotated.jpeg?resize=450%2C600&amp;ssl=1 450w, https:\/\/i0.wp.com\/escolagrancapita.wpcomstaging.com\/wp-content\/uploads\/2023\/12\/PRI_SC23-6-rotated.jpeg?resize=300%2C400&amp;ssl=1 300w, https:\/\/i0.wp.com\/escolagrancapita.wpcomstaging.com\/wp-content\/uploads\/2023\/12\/PRI_SC23-6-rotated.jpeg?resize=150%2C200&amp;ssl=1 150w, https:\/\/i0.wp.com\/escolagrancapita.wpcomstaging.com\/wp-content\/uploads\/2023\/12\/PRI_SC23-6-rotated.jpeg?resize=1200%2C1600&amp;ssl=1 1200w, https:\/\/i0.wp.com\/escolagrancapita.wpcomstaging.com\/wp-content\/uploads\/2023\/12\/PRI_SC23-6-rotated.jpeg?w=2250&amp;ssl=1 2250w\" sizes=\"auto, (max-width: 750px) 100vw, 750px\" \/>\n\t\t\t<\/div><\/figure><figure class='gallery-item'>\n\t\t\t<div class='gallery-icon portrait'>\n\t\t\t\t<img loading=\"lazy\" decoding=\"async\" width=\"3024\" height=\"4032\" src=\"https:\/\/i0.wp.com\/escolagrancapita.wpcomstaging.com\/wp-content\/uploads\/2023\/12\/PRI_SC23-7-rotated.jpeg?fit=3024%2C4032&amp;ssl=1\" class=\"attachment-full size-full\" alt=\"\" srcset=\"https:\/\/i0.wp.com\/escolagrancapita.wpcomstaging.com\/wp-content\/uploads\/2023\/12\/PRI_SC23-7-rotated.jpeg?w=3024&amp;ssl=1 3024w, https:\/\/i0.wp.com\/escolagrancapita.wpcomstaging.com\/wp-content\/uploads\/2023\/12\/PRI_SC23-7-rotated.jpeg?resize=225%2C300&amp;ssl=1 225w, https:\/\/i0.wp.com\/escolagrancapita.wpcomstaging.com\/wp-content\/uploads\/2023\/12\/PRI_SC23-7-rotated.jpeg?resize=768%2C1024&amp;ssl=1 768w, https:\/\/i0.wp.com\/escolagrancapita.wpcomstaging.com\/wp-content\/uploads\/2023\/12\/PRI_SC23-7-rotated.jpeg?resize=1152%2C1536&amp;ssl=1 1152w, https:\/\/i0.wp.com\/escolagrancapita.wpcomstaging.com\/wp-content\/uploads\/2023\/12\/PRI_SC23-7-rotated.jpeg?resize=1536%2C2048&amp;ssl=1 1536w, https:\/\/i0.wp.com\/escolagrancapita.wpcomstaging.com\/wp-content\/uploads\/2023\/12\/PRI_SC23-7-rotated.jpeg?resize=900%2C1200&amp;ssl=1 900w, https:\/\/i0.wp.com\/escolagrancapita.wpcomstaging.com\/wp-content\/uploads\/2023\/12\/PRI_SC23-7-rotated.jpeg?resize=600%2C800&amp;ssl=1 600w, https:\/\/i0.wp.com\/escolagrancapita.wpcomstaging.com\/wp-content\/uploads\/2023\/12\/PRI_SC23-7-rotated.jpeg?resize=450%2C600&amp;ssl=1 450w, https:\/\/i0.wp.com\/escolagrancapita.wpcomstaging.com\/wp-content\/uploads\/2023\/12\/PRI_SC23-7-rotated.jpeg?resize=300%2C400&amp;ssl=1 300w, https:\/\/i0.wp.com\/escolagrancapita.wpcomstaging.com\/wp-content\/uploads\/2023\/12\/PRI_SC23-7-rotated.jpeg?resize=150%2C200&amp;ssl=1 150w, https:\/\/i0.wp.com\/escolagrancapita.wpcomstaging.com\/wp-content\/uploads\/2023\/12\/PRI_SC23-7-rotated.jpeg?resize=1200%2C1600&amp;ssl=1 1200w, https:\/\/i0.wp.com\/escolagrancapita.wpcomstaging.com\/wp-content\/uploads\/2023\/12\/PRI_SC23-7-rotated.jpeg?w=2250&amp;ssl=1 2250w\" sizes=\"auto, (max-width: 750px) 100vw, 750px\" \/>\n\t\t\t<\/div><\/figure><figure class='gallery-item'>\n\t\t\t<div class='gallery-icon portrait'>\n\t\t\t\t<img loading=\"lazy\" decoding=\"async\" width=\"3024\" height=\"4032\" src=\"https:\/\/i0.wp.com\/escolagrancapita.wpcomstaging.com\/wp-content\/uploads\/2023\/12\/PRI_SC23-9-rotated.jpeg?fit=3024%2C4032&amp;ssl=1\" class=\"attachment-full size-full\" alt=\"\" srcset=\"https:\/\/i0.wp.com\/escolagrancapita.wpcomstaging.com\/wp-content\/uploads\/2023\/12\/PRI_SC23-9-rotated.jpeg?w=3024&amp;ssl=1 3024w, https:\/\/i0.wp.com\/escolagrancapita.wpcomstaging.com\/wp-content\/uploads\/2023\/12\/PRI_SC23-9-rotated.jpeg?resize=225%2C300&amp;ssl=1 225w, https:\/\/i0.wp.com\/escolagrancapita.wpcomstaging.com\/wp-content\/uploads\/2023\/12\/PRI_SC23-9-rotated.jpeg?resize=768%2C1024&amp;ssl=1 768w, https:\/\/i0.wp.com\/escolagrancapita.wpcomstaging.com\/wp-content\/uploads\/2023\/12\/PRI_SC23-9-rotated.jpeg?resize=1152%2C1536&amp;ssl=1 1152w, https:\/\/i0.wp.com\/escolagrancapita.wpcomstaging.com\/wp-content\/uploads\/2023\/12\/PRI_SC23-9-rotated.jpeg?resize=1536%2C2048&amp;ssl=1 1536w, https:\/\/i0.wp.com\/escolagrancapita.wpcomstaging.com\/wp-content\/uploads\/2023\/12\/PRI_SC23-9-rotated.jpeg?resize=900%2C1200&amp;ssl=1 900w, https:\/\/i0.wp.com\/escolagrancapita.wpcomstaging.com\/wp-content\/uploads\/2023\/12\/PRI_SC23-9-rotated.jpeg?resize=600%2C800&amp;ssl=1 600w, https:\/\/i0.wp.com\/escolagrancapita.wpcomstaging.com\/wp-content\/uploads\/2023\/12\/PRI_SC23-9-rotated.jpeg?resize=450%2C600&amp;ssl=1 450w, https:\/\/i0.wp.com\/escolagrancapita.wpcomstaging.com\/wp-content\/uploads\/2023\/12\/PRI_SC23-9-rotated.jpeg?resize=300%2C400&amp;ssl=1 300w, https:\/\/i0.wp.com\/escolagrancapita.wpcomstaging.com\/wp-content\/uploads\/2023\/12\/PRI_SC23-9-rotated.jpeg?resize=150%2C200&amp;ssl=1 150w, https:\/\/i0.wp.com\/escolagrancapita.wpcomstaging.com\/wp-content\/uploads\/2023\/12\/PRI_SC23-9-rotated.jpeg?resize=1200%2C1600&amp;ssl=1 1200w, https:\/\/i0.wp.com\/escolagrancapita.wpcomstaging.com\/wp-content\/uploads\/2023\/12\/PRI_SC23-9-rotated.jpeg?w=2250&amp;ssl=1 2250w\" sizes=\"auto, (max-width: 750px) 100vw, 750px\" \/>\n\t\t\t<\/div><\/figure><figure class='gallery-item'>\n\t\t\t<div class='gallery-icon portrait'>\n\t\t\t\t<img loading=\"lazy\" decoding=\"async\" width=\"3024\" height=\"4032\" src=\"https:\/\/i0.wp.com\/escolagrancapita.wpcomstaging.com\/wp-content\/uploads\/2023\/12\/PRI_SC23-1-rotated.jpeg?fit=3024%2C4032&amp;ssl=1\" class=\"attachment-full size-full\" alt=\"\" srcset=\"https:\/\/i0.wp.com\/escolagrancapita.wpcomstaging.com\/wp-content\/uploads\/2023\/12\/PRI_SC23-1-rotated.jpeg?w=3024&amp;ssl=1 3024w, https:\/\/i0.wp.com\/escolagrancapita.wpcomstaging.com\/wp-content\/uploads\/2023\/12\/PRI_SC23-1-rotated.jpeg?resize=225%2C300&amp;ssl=1 225w, https:\/\/i0.wp.com\/escolagrancapita.wpcomstaging.com\/wp-content\/uploads\/2023\/12\/PRI_SC23-1-rotated.jpeg?resize=768%2C1024&amp;ssl=1 768w, https:\/\/i0.wp.com\/escolagrancapita.wpcomstaging.com\/wp-content\/uploads\/2023\/12\/PRI_SC23-1-rotated.jpeg?resize=1152%2C1536&amp;ssl=1 1152w, https:\/\/i0.wp.com\/escolagrancapita.wpcomstaging.com\/wp-content\/uploads\/2023\/12\/PRI_SC23-1-rotated.jpeg?resize=1536%2C2048&amp;ssl=1 1536w, https:\/\/i0.wp.com\/escolagrancapita.wpcomstaging.com\/wp-content\/uploads\/2023\/12\/PRI_SC23-1-rotated.jpeg?resize=900%2C1200&amp;ssl=1 900w, https:\/\/i0.wp.com\/escolagrancapita.wpcomstaging.com\/wp-content\/uploads\/2023\/12\/PRI_SC23-1-rotated.jpeg?resize=600%2C800&amp;ssl=1 600w, https:\/\/i0.wp.com\/escolagrancapita.wpcomstaging.com\/wp-content\/uploads\/2023\/12\/PRI_SC23-1-rotated.jpeg?resize=450%2C600&amp;ssl=1 450w, https:\/\/i0.wp.com\/escolagrancapita.wpcomstaging.com\/wp-content\/uploads\/2023\/12\/PRI_SC23-1-rotated.jpeg?resize=300%2C400&amp;ssl=1 300w, https:\/\/i0.wp.com\/escolagrancapita.wpcomstaging.com\/wp-content\/uploads\/2023\/12\/PRI_SC23-1-rotated.jpeg?resize=150%2C200&amp;ssl=1 150w, https:\/\/i0.wp.com\/escolagrancapita.wpcomstaging.com\/wp-content\/uploads\/2023\/12\/PRI_SC23-1-rotated.jpeg?resize=1200%2C1600&amp;ssl=1 1200w, https:\/\/i0.wp.com\/escolagrancapita.wpcomstaging.com\/wp-content\/uploads\/2023\/12\/PRI_SC23-1-rotated.jpeg?w=2250&amp;ssl=1 2250w\" sizes=\"auto, (max-width: 750px) 100vw, 750px\" \/>\n\t\t\t<\/div><\/figure>\n\t\t<\/div>\n\n<p style=\"text-align: justify;\">Aquesta experi\u00e8ncia ha perm\u00e8s als m\u00e9s petits no nom\u00e9s aprendre nous conceptes cient\u00edfics, sin\u00f3 tamb\u00e9 gaudir del proc\u00e9s d&#8217;experimentaci\u00f3.<\/p>\n<p style=\"text-align: center;\"><iframe loading=\"lazy\" title=\"PRI SC23 1\" src=\"https:\/\/www.youtube.com\/embed\/-xu-CJOyv90\" width=\"470\" height=\"835\" frameborder=\"0\" allowfullscreen=\"allowfullscreen\"><\/iframe><\/p>\n<p style=\"text-align: justify;\">En resum, aquesta setmana ha estat una experi\u00e8ncia enriquidora i divertida per a tots els participants, consolidant l&#8217;entusiasme per la ci\u00e8ncia a tots els nivells educatius de l&#8217;escola.<\/p>\n","protected":false},"excerpt":{"rendered":"<p>3r de Prim\u00e0ria ha tingut l&#8217;oportunitat d&#8217;explorar el fascinant m\u00f3n dels poli\u00f2minos, que s\u00f3n objectes geom\u00e8trics que permeten la combinaci\u00f3 de diversos quadrats o cel\u00b7les de la mateixa mida per crear una gran varietat de figures geom\u00e8triques. A m\u00e9s, han<\/p>\n","protected":false},"author":1,"featured_media":0,"parent":0,"menu_order":0,"comment_status":"closed","ping_status":"closed","template":"","meta":{"_crdt_document":"","footnotes":""},"categories":[75],"tags":[139,86,43,56,102],"class_list":["post-21365","page","type-page","status-publish","hentry","category-activitats","tag-curs-2023-24","tag-ed-primaria","tag-ed-secundaria","tag-sant-joan-despi","tag-setmana-de-la-ciencia"],"jetpack_sharing_enabled":true,"_links":{"self":[{"href":"https:\/\/escolagrancapita.wpcomstaging.com\/index.php?rest_route=\/wp\/v2\/pages\/21365","targetHints":{"allow":["GET"]}}],"collection":[{"href":"https:\/\/escolagrancapita.wpcomstaging.com\/index.php?rest_route=\/wp\/v2\/pages"}],"about":[{"href":"https:\/\/escolagrancapita.wpcomstaging.com\/index.php?rest_route=\/wp\/v2\/types\/page"}],"author":[{"embeddable":true,"href":"https:\/\/escolagrancapita.wpcomstaging.com\/index.php?rest_route=\/wp\/v2\/users\/1"}],"replies":[{"embeddable":true,"href":"https:\/\/escolagrancapita.wpcomstaging.com\/index.php?rest_route=%2Fwp%2Fv2%2Fcomments&post=21365"}],"version-history":[{"count":5,"href":"https:\/\/escolagrancapita.wpcomstaging.com\/index.php?rest_route=\/wp\/v2\/pages\/21365\/revisions"}],"predecessor-version":[{"id":21426,"href":"https:\/\/escolagrancapita.wpcomstaging.com\/index.php?rest_route=\/wp\/v2\/pages\/21365\/revisions\/21426"}],"wp:attachment":[{"href":"https:\/\/escolagrancapita.wpcomstaging.com\/index.php?rest_route=%2Fwp%2Fv2%2Fmedia&parent=21365"}],"wp:term":[{"taxonomy":"category","embeddable":true,"href":"https:\/\/escolagrancapita.wpcomstaging.com\/index.php?rest_route=%2Fwp%2Fv2%2Fcategories&post=21365"},{"taxonomy":"post_tag","embeddable":true,"href":"https:\/\/escolagrancapita.wpcomstaging.com\/index.php?rest_route=%2Fwp%2Fv2%2Ftags&post=21365"}],"curies":[{"name":"wp","href":"https:\/\/api.w.org\/{rel}","templated":true}]}}