{"id":21437,"date":"2023-12-06T16:54:53","date_gmt":"2023-12-06T16:54:53","guid":{"rendered":"https:\/\/escolagrancapita.wpcomstaging.com\/?page_id=21437"},"modified":"2023-12-06T16:57:03","modified_gmt":"2023-12-06T16:57:03","slug":"visita-al-poblat-neolitic-de-la-draga","status":"publish","type":"page","link":"https:\/\/escolagrancapita.wpcomstaging.com\/?page_id=21437","title":{"rendered":"Visita al poblat neol\u00edtic de La Draga"},"content":{"rendered":"<p style=\"text-align: justify;\">1r d&#8217;ESO va tenir l&#8217;oportunitat de viure una aut\u00e8ntica experi\u00e8ncia prehist\u00f2rica el passat dijous 30 de novembre en la seva visita al poblat neol\u00edtic de <a href=\"https:\/\/ca.wikipedia.org\/wiki\/La_Draga\" target=\"_blank\" rel=\"noopener\">La Draga<\/a>, a Banyoles.<\/p>\n<p style=\"text-align: justify;\">Aquesta jornada va oferir una immersi\u00f3 fascinant en la vida de l&#8217;\u00e8poca, permetent-los explorar l&#8217;interior de les cabanes neol\u00edtiques on vivien els seus antics habitants.<\/p>\n<div id='gallery-1' class='gallery galleryid-21437 gallery-columns-3 gallery-size-full'><figure class='gallery-item'>\n\t\t\t<div class='gallery-icon portrait'>\n\t\t\t\t<img loading=\"lazy\" decoding=\"async\" width=\"720\" height=\"1600\" src=\"https:\/\/i0.wp.com\/escolagrancapita.wpcomstaging.com\/wp-content\/uploads\/2023\/12\/1ESO_Draga-7.jpeg?fit=720%2C1600&amp;ssl=1\" class=\"attachment-full size-full\" alt=\"\" srcset=\"https:\/\/i0.wp.com\/escolagrancapita.wpcomstaging.com\/wp-content\/uploads\/2023\/12\/1ESO_Draga-7.jpeg?w=720&amp;ssl=1 720w, https:\/\/i0.wp.com\/escolagrancapita.wpcomstaging.com\/wp-content\/uploads\/2023\/12\/1ESO_Draga-7.jpeg?resize=135%2C300&amp;ssl=1 135w, https:\/\/i0.wp.com\/escolagrancapita.wpcomstaging.com\/wp-content\/uploads\/2023\/12\/1ESO_Draga-7.jpeg?resize=461%2C1024&amp;ssl=1 461w, https:\/\/i0.wp.com\/escolagrancapita.wpcomstaging.com\/wp-content\/uploads\/2023\/12\/1ESO_Draga-7.jpeg?resize=691%2C1536&amp;ssl=1 691w\" sizes=\"auto, (max-width: 720px) 100vw, 720px\" \/>\n\t\t\t<\/div><\/figure><figure class='gallery-item'>\n\t\t\t<div class='gallery-icon portrait'>\n\t\t\t\t<img loading=\"lazy\" decoding=\"async\" width=\"720\" height=\"1600\" src=\"https:\/\/i0.wp.com\/escolagrancapita.wpcomstaging.com\/wp-content\/uploads\/2023\/12\/1ESO_Draga-8.jpeg?fit=720%2C1600&amp;ssl=1\" class=\"attachment-full size-full\" alt=\"\" srcset=\"https:\/\/i0.wp.com\/escolagrancapita.wpcomstaging.com\/wp-content\/uploads\/2023\/12\/1ESO_Draga-8.jpeg?w=720&amp;ssl=1 720w, https:\/\/i0.wp.com\/escolagrancapita.wpcomstaging.com\/wp-content\/uploads\/2023\/12\/1ESO_Draga-8.jpeg?resize=135%2C300&amp;ssl=1 135w, https:\/\/i0.wp.com\/escolagrancapita.wpcomstaging.com\/wp-content\/uploads\/2023\/12\/1ESO_Draga-8.jpeg?resize=461%2C1024&amp;ssl=1 461w, https:\/\/i0.wp.com\/escolagrancapita.wpcomstaging.com\/wp-content\/uploads\/2023\/12\/1ESO_Draga-8.jpeg?resize=691%2C1536&amp;ssl=1 691w\" sizes=\"auto, (max-width: 720px) 100vw, 720px\" \/>\n\t\t\t<\/div><\/figure><figure class='gallery-item'>\n\t\t\t<div class='gallery-icon portrait'>\n\t\t\t\t<img loading=\"lazy\" decoding=\"async\" width=\"720\" height=\"1600\" src=\"https:\/\/i0.wp.com\/escolagrancapita.wpcomstaging.com\/wp-content\/uploads\/2023\/12\/1ESO_Draga-1.jpeg?fit=720%2C1600&amp;ssl=1\" class=\"attachment-full size-full\" alt=\"\" srcset=\"https:\/\/i0.wp.com\/escolagrancapita.wpcomstaging.com\/wp-content\/uploads\/2023\/12\/1ESO_Draga-1.jpeg?w=720&amp;ssl=1 720w, https:\/\/i0.wp.com\/escolagrancapita.wpcomstaging.com\/wp-content\/uploads\/2023\/12\/1ESO_Draga-1.jpeg?resize=135%2C300&amp;ssl=1 135w, https:\/\/i0.wp.com\/escolagrancapita.wpcomstaging.com\/wp-content\/uploads\/2023\/12\/1ESO_Draga-1.jpeg?resize=461%2C1024&amp;ssl=1 461w, https:\/\/i0.wp.com\/escolagrancapita.wpcomstaging.com\/wp-content\/uploads\/2023\/12\/1ESO_Draga-1.jpeg?resize=691%2C1536&amp;ssl=1 691w\" sizes=\"auto, (max-width: 720px) 100vw, 720px\" \/>\n\t\t\t<\/div><\/figure>\n\t\t<\/div>\n\n<p style=\"text-align: justify;\">M\u00e9s enll\u00e0 de contemplar les restes arqueol\u00f2giques, els\/les alumnes van tenir l&#8217;oportunitat de connectar amb el passat al tocar un <strong>tronc amb m\u00e9s de 7000<\/strong> anys d&#8217;antiguitat, una experi\u00e8ncia que els va traslladar directament a una \u00e8poca llunyana.<\/p>\n<div id='gallery-2' class='gallery galleryid-21437 gallery-columns-2 gallery-size-full'><figure class='gallery-item'>\n\t\t\t<div class='gallery-icon landscape'>\n\t\t\t\t<img loading=\"lazy\" decoding=\"async\" width=\"1600\" height=\"720\" src=\"https:\/\/i0.wp.com\/escolagrancapita.wpcomstaging.com\/wp-content\/uploads\/2023\/12\/1ESO_Draga-2.jpeg?fit=1600%2C720&amp;ssl=1\" class=\"attachment-full size-full\" alt=\"\" srcset=\"https:\/\/i0.wp.com\/escolagrancapita.wpcomstaging.com\/wp-content\/uploads\/2023\/12\/1ESO_Draga-2.jpeg?w=1600&amp;ssl=1 1600w, https:\/\/i0.wp.com\/escolagrancapita.wpcomstaging.com\/wp-content\/uploads\/2023\/12\/1ESO_Draga-2.jpeg?resize=300%2C135&amp;ssl=1 300w, https:\/\/i0.wp.com\/escolagrancapita.wpcomstaging.com\/wp-content\/uploads\/2023\/12\/1ESO_Draga-2.jpeg?resize=1024%2C461&amp;ssl=1 1024w, https:\/\/i0.wp.com\/escolagrancapita.wpcomstaging.com\/wp-content\/uploads\/2023\/12\/1ESO_Draga-2.jpeg?resize=768%2C346&amp;ssl=1 768w, https:\/\/i0.wp.com\/escolagrancapita.wpcomstaging.com\/wp-content\/uploads\/2023\/12\/1ESO_Draga-2.jpeg?resize=1536%2C691&amp;ssl=1 1536w, https:\/\/i0.wp.com\/escolagrancapita.wpcomstaging.com\/wp-content\/uploads\/2023\/12\/1ESO_Draga-2.jpeg?resize=1200%2C540&amp;ssl=1 1200w\" sizes=\"auto, (max-width: 750px) 100vw, 750px\" \/>\n\t\t\t<\/div><\/figure><figure class='gallery-item'>\n\t\t\t<div class='gallery-icon landscape'>\n\t\t\t\t<img loading=\"lazy\" decoding=\"async\" width=\"1600\" height=\"720\" src=\"https:\/\/i0.wp.com\/escolagrancapita.wpcomstaging.com\/wp-content\/uploads\/2023\/12\/1ESO_Draga-3.jpeg?fit=1600%2C720&amp;ssl=1\" class=\"attachment-full size-full\" alt=\"\" srcset=\"https:\/\/i0.wp.com\/escolagrancapita.wpcomstaging.com\/wp-content\/uploads\/2023\/12\/1ESO_Draga-3.jpeg?w=1600&amp;ssl=1 1600w, https:\/\/i0.wp.com\/escolagrancapita.wpcomstaging.com\/wp-content\/uploads\/2023\/12\/1ESO_Draga-3.jpeg?resize=300%2C135&amp;ssl=1 300w, https:\/\/i0.wp.com\/escolagrancapita.wpcomstaging.com\/wp-content\/uploads\/2023\/12\/1ESO_Draga-3.jpeg?resize=1024%2C461&amp;ssl=1 1024w, https:\/\/i0.wp.com\/escolagrancapita.wpcomstaging.com\/wp-content\/uploads\/2023\/12\/1ESO_Draga-3.jpeg?resize=768%2C346&amp;ssl=1 768w, https:\/\/i0.wp.com\/escolagrancapita.wpcomstaging.com\/wp-content\/uploads\/2023\/12\/1ESO_Draga-3.jpeg?resize=1536%2C691&amp;ssl=1 1536w, https:\/\/i0.wp.com\/escolagrancapita.wpcomstaging.com\/wp-content\/uploads\/2023\/12\/1ESO_Draga-3.jpeg?resize=1200%2C540&amp;ssl=1 1200w\" sizes=\"auto, (max-width: 750px) 100vw, 750px\" \/>\n\t\t\t<\/div><\/figure><figure class='gallery-item'>\n\t\t\t<div class='gallery-icon landscape'>\n\t\t\t\t<img loading=\"lazy\" decoding=\"async\" width=\"1600\" height=\"720\" src=\"https:\/\/i0.wp.com\/escolagrancapita.wpcomstaging.com\/wp-content\/uploads\/2023\/12\/1ESO_Draga-4.jpeg?fit=1600%2C720&amp;ssl=1\" class=\"attachment-full size-full\" alt=\"\" srcset=\"https:\/\/i0.wp.com\/escolagrancapita.wpcomstaging.com\/wp-content\/uploads\/2023\/12\/1ESO_Draga-4.jpeg?w=1600&amp;ssl=1 1600w, https:\/\/i0.wp.com\/escolagrancapita.wpcomstaging.com\/wp-content\/uploads\/2023\/12\/1ESO_Draga-4.jpeg?resize=300%2C135&amp;ssl=1 300w, https:\/\/i0.wp.com\/escolagrancapita.wpcomstaging.com\/wp-content\/uploads\/2023\/12\/1ESO_Draga-4.jpeg?resize=1024%2C461&amp;ssl=1 1024w, https:\/\/i0.wp.com\/escolagrancapita.wpcomstaging.com\/wp-content\/uploads\/2023\/12\/1ESO_Draga-4.jpeg?resize=768%2C346&amp;ssl=1 768w, https:\/\/i0.wp.com\/escolagrancapita.wpcomstaging.com\/wp-content\/uploads\/2023\/12\/1ESO_Draga-4.jpeg?resize=1536%2C691&amp;ssl=1 1536w, https:\/\/i0.wp.com\/escolagrancapita.wpcomstaging.com\/wp-content\/uploads\/2023\/12\/1ESO_Draga-4.jpeg?resize=1200%2C540&amp;ssl=1 1200w\" sizes=\"auto, (max-width: 750px) 100vw, 750px\" \/>\n\t\t\t<\/div><\/figure><figure class='gallery-item'>\n\t\t\t<div class='gallery-icon landscape'>\n\t\t\t\t<img loading=\"lazy\" decoding=\"async\" width=\"1600\" height=\"720\" src=\"https:\/\/i0.wp.com\/escolagrancapita.wpcomstaging.com\/wp-content\/uploads\/2023\/12\/1ESO_Draga-5.jpeg?fit=1600%2C720&amp;ssl=1\" class=\"attachment-full size-full\" alt=\"\" srcset=\"https:\/\/i0.wp.com\/escolagrancapita.wpcomstaging.com\/wp-content\/uploads\/2023\/12\/1ESO_Draga-5.jpeg?w=1600&amp;ssl=1 1600w, https:\/\/i0.wp.com\/escolagrancapita.wpcomstaging.com\/wp-content\/uploads\/2023\/12\/1ESO_Draga-5.jpeg?resize=300%2C135&amp;ssl=1 300w, https:\/\/i0.wp.com\/escolagrancapita.wpcomstaging.com\/wp-content\/uploads\/2023\/12\/1ESO_Draga-5.jpeg?resize=1024%2C461&amp;ssl=1 1024w, https:\/\/i0.wp.com\/escolagrancapita.wpcomstaging.com\/wp-content\/uploads\/2023\/12\/1ESO_Draga-5.jpeg?resize=768%2C346&amp;ssl=1 768w, https:\/\/i0.wp.com\/escolagrancapita.wpcomstaging.com\/wp-content\/uploads\/2023\/12\/1ESO_Draga-5.jpeg?resize=1536%2C691&amp;ssl=1 1536w, https:\/\/i0.wp.com\/escolagrancapita.wpcomstaging.com\/wp-content\/uploads\/2023\/12\/1ESO_Draga-5.jpeg?resize=1200%2C540&amp;ssl=1 1200w\" sizes=\"auto, (max-width: 750px) 100vw, 750px\" \/>\n\t\t\t<\/div><\/figure><figure class='gallery-item'>\n\t\t\t<div class='gallery-icon landscape'>\n\t\t\t\t<img loading=\"lazy\" decoding=\"async\" width=\"1600\" height=\"720\" src=\"https:\/\/i0.wp.com\/escolagrancapita.wpcomstaging.com\/wp-content\/uploads\/2023\/12\/1ESO_Draga-6.jpeg?fit=1600%2C720&amp;ssl=1\" class=\"attachment-full size-full\" alt=\"\" srcset=\"https:\/\/i0.wp.com\/escolagrancapita.wpcomstaging.com\/wp-content\/uploads\/2023\/12\/1ESO_Draga-6.jpeg?w=1600&amp;ssl=1 1600w, https:\/\/i0.wp.com\/escolagrancapita.wpcomstaging.com\/wp-content\/uploads\/2023\/12\/1ESO_Draga-6.jpeg?resize=300%2C135&amp;ssl=1 300w, https:\/\/i0.wp.com\/escolagrancapita.wpcomstaging.com\/wp-content\/uploads\/2023\/12\/1ESO_Draga-6.jpeg?resize=1024%2C461&amp;ssl=1 1024w, https:\/\/i0.wp.com\/escolagrancapita.wpcomstaging.com\/wp-content\/uploads\/2023\/12\/1ESO_Draga-6.jpeg?resize=768%2C346&amp;ssl=1 768w, https:\/\/i0.wp.com\/escolagrancapita.wpcomstaging.com\/wp-content\/uploads\/2023\/12\/1ESO_Draga-6.jpeg?resize=1536%2C691&amp;ssl=1 1536w, https:\/\/i0.wp.com\/escolagrancapita.wpcomstaging.com\/wp-content\/uploads\/2023\/12\/1ESO_Draga-6.jpeg?resize=1200%2C540&amp;ssl=1 1200w\" sizes=\"auto, (max-width: 750px) 100vw, 750px\" \/>\n\t\t\t<\/div><\/figure><figure class='gallery-item'>\n\t\t\t<div class='gallery-icon landscape'>\n\t\t\t\t<img loading=\"lazy\" decoding=\"async\" width=\"1600\" height=\"720\" src=\"https:\/\/i0.wp.com\/escolagrancapita.wpcomstaging.com\/wp-content\/uploads\/2023\/12\/1ESO_Draga-9.jpeg?fit=1600%2C720&amp;ssl=1\" class=\"attachment-full size-full\" alt=\"\" srcset=\"https:\/\/i0.wp.com\/escolagrancapita.wpcomstaging.com\/wp-content\/uploads\/2023\/12\/1ESO_Draga-9.jpeg?w=1600&amp;ssl=1 1600w, https:\/\/i0.wp.com\/escolagrancapita.wpcomstaging.com\/wp-content\/uploads\/2023\/12\/1ESO_Draga-9.jpeg?resize=300%2C135&amp;ssl=1 300w, https:\/\/i0.wp.com\/escolagrancapita.wpcomstaging.com\/wp-content\/uploads\/2023\/12\/1ESO_Draga-9.jpeg?resize=1024%2C461&amp;ssl=1 1024w, https:\/\/i0.wp.com\/escolagrancapita.wpcomstaging.com\/wp-content\/uploads\/2023\/12\/1ESO_Draga-9.jpeg?resize=768%2C346&amp;ssl=1 768w, https:\/\/i0.wp.com\/escolagrancapita.wpcomstaging.com\/wp-content\/uploads\/2023\/12\/1ESO_Draga-9.jpeg?resize=1536%2C691&amp;ssl=1 1536w, https:\/\/i0.wp.com\/escolagrancapita.wpcomstaging.com\/wp-content\/uploads\/2023\/12\/1ESO_Draga-9.jpeg?resize=1200%2C540&amp;ssl=1 1200w\" sizes=\"auto, (max-width: 750px) 100vw, 750px\" \/>\n\t\t\t<\/div><\/figure>\n\t\t<\/div>\n\n<p style=\"text-align: justify;\">Va ser una immersi\u00f3 total en el m\u00f3n prehist\u00f2ric. Van viure un dia carregat d&#8217;aventures, des d&#8217;encendre foc fins a llan\u00e7ar fletxes i fins i tot elaborar eines neol\u00edtiques.<\/p>\n<p style=\"text-align: center;\"><iframe loading=\"lazy\" title=\"Visita al poblat neol\u00edtic de La Draga\" src=\"https:\/\/www.youtube.com\/embed\/_SXADGr1LV8\" width=\"895\" height=\"507\" frameborder=\"0\" allowfullscreen=\"allowfullscreen\"><\/iframe><\/p>\n<p style=\"text-align: justify;\">L&#8217;experi\u00e8ncia va permetre aprendre i viure la prehist\u00f2ria de primera m\u00e0, connectant amb les pr\u00e0ctiques i les experi\u00e8ncies dels nostres antics avantpassats.<\/p>\n","protected":false},"excerpt":{"rendered":"<p>1r d&#8217;ESO va tenir l&#8217;oportunitat de viure una aut\u00e8ntica experi\u00e8ncia prehist\u00f2rica el passat dijous 30 de novembre en la seva visita al poblat neol\u00edtic de La Draga, a Banyoles. Aquesta jornada va oferir una immersi\u00f3 fascinant en la vida de<\/p>\n","protected":false},"author":1,"featured_media":0,"parent":0,"menu_order":0,"comment_status":"closed","ping_status":"closed","template":"","meta":{"_crdt_document":"","footnotes":""},"categories":[75],"tags":[139,43,82],"class_list":["post-21437","page","type-page","status-publish","hentry","category-activitats","tag-curs-2023-24","tag-ed-secundaria","tag-sortides"],"jetpack_sharing_enabled":true,"_links":{"self":[{"href":"https:\/\/escolagrancapita.wpcomstaging.com\/index.php?rest_route=\/wp\/v2\/pages\/21437","targetHints":{"allow":["GET"]}}],"collection":[{"href":"https:\/\/escolagrancapita.wpcomstaging.com\/index.php?rest_route=\/wp\/v2\/pages"}],"about":[{"href":"https:\/\/escolagrancapita.wpcomstaging.com\/index.php?rest_route=\/wp\/v2\/types\/page"}],"author":[{"embeddable":true,"href":"https:\/\/escolagrancapita.wpcomstaging.com\/index.php?rest_route=\/wp\/v2\/users\/1"}],"replies":[{"embeddable":true,"href":"https:\/\/escolagrancapita.wpcomstaging.com\/index.php?rest_route=%2Fwp%2Fv2%2Fcomments&post=21437"}],"version-history":[{"count":6,"href":"https:\/\/escolagrancapita.wpcomstaging.com\/index.php?rest_route=\/wp\/v2\/pages\/21437\/revisions"}],"predecessor-version":[{"id":21461,"href":"https:\/\/escolagrancapita.wpcomstaging.com\/index.php?rest_route=\/wp\/v2\/pages\/21437\/revisions\/21461"}],"wp:attachment":[{"href":"https:\/\/escolagrancapita.wpcomstaging.com\/index.php?rest_route=%2Fwp%2Fv2%2Fmedia&parent=21437"}],"wp:term":[{"taxonomy":"category","embeddable":true,"href":"https:\/\/escolagrancapita.wpcomstaging.com\/index.php?rest_route=%2Fwp%2Fv2%2Fcategories&post=21437"},{"taxonomy":"post_tag","embeddable":true,"href":"https:\/\/escolagrancapita.wpcomstaging.com\/index.php?rest_route=%2Fwp%2Fv2%2Ftags&post=21437"}],"curies":[{"name":"wp","href":"https:\/\/api.w.org\/{rel}","templated":true}]}}