{"id":21462,"date":"2023-12-06T17:21:07","date_gmt":"2023-12-06T17:21:07","guid":{"rendered":"https:\/\/escolagrancapita.wpcomstaging.com\/?page_id=21462"},"modified":"2023-12-06T17:21:07","modified_gmt":"2023-12-06T17:21:07","slug":"hominitzat","status":"publish","type":"page","link":"https:\/\/escolagrancapita.wpcomstaging.com\/?page_id=21462","title":{"rendered":"Hominitza&#8217;t"},"content":{"rendered":"<p style=\"text-align: justify;\">1r d&#8217;ESO ha participat amb entusiasme en l&#8217;activitat &#8220;<strong>Hominitza&#8217;t<\/strong>&#8220;, que ha consistit en la creaci\u00f3 d&#8217;un joc de cartes centrades en els <a href=\"https:\/\/ca.wikipedia.org\/wiki\/Hom%C3%ADnids\" target=\"_blank\" rel=\"noopener\">hom\u00ednids<\/a> que han contribu\u00eft a l&#8217;evoluci\u00f3 humana.<\/p>\n<div id='gallery-1' class='gallery galleryid-21462 gallery-columns-1 gallery-size-full'><figure class='gallery-item'>\n\t\t\t<div class='gallery-icon landscape'>\n\t\t\t\t<img loading=\"lazy\" decoding=\"async\" width=\"1699\" height=\"921\" src=\"https:\/\/i0.wp.com\/escolagrancapita.wpcomstaging.com\/wp-content\/uploads\/2023\/12\/1ESO_Hominids-3-e1701883152763.jpeg?fit=1699%2C921&amp;ssl=1\" class=\"attachment-full size-full\" alt=\"\" srcset=\"https:\/\/i0.wp.com\/escolagrancapita.wpcomstaging.com\/wp-content\/uploads\/2023\/12\/1ESO_Hominids-3-e1701883152763.jpeg?w=1699&amp;ssl=1 1699w, https:\/\/i0.wp.com\/escolagrancapita.wpcomstaging.com\/wp-content\/uploads\/2023\/12\/1ESO_Hominids-3-e1701883152763.jpeg?resize=300%2C163&amp;ssl=1 300w, https:\/\/i0.wp.com\/escolagrancapita.wpcomstaging.com\/wp-content\/uploads\/2023\/12\/1ESO_Hominids-3-e1701883152763.jpeg?resize=1024%2C555&amp;ssl=1 1024w, https:\/\/i0.wp.com\/escolagrancapita.wpcomstaging.com\/wp-content\/uploads\/2023\/12\/1ESO_Hominids-3-e1701883152763.jpeg?resize=768%2C416&amp;ssl=1 768w, https:\/\/i0.wp.com\/escolagrancapita.wpcomstaging.com\/wp-content\/uploads\/2023\/12\/1ESO_Hominids-3-e1701883152763.jpeg?resize=1536%2C833&amp;ssl=1 1536w, https:\/\/i0.wp.com\/escolagrancapita.wpcomstaging.com\/wp-content\/uploads\/2023\/12\/1ESO_Hominids-3-e1701883152763.jpeg?resize=1200%2C651&amp;ssl=1 1200w\" sizes=\"auto, (max-width: 750px) 100vw, 750px\" \/>\n\t\t\t<\/div><\/figure>\n\t\t<\/div>\n\n<p style=\"text-align: justify;\">Amb gran creativitat, han dissenyat i elaborat aquest joc de manera col\u00b7laborativa, culminant el projecte amb una emocionant sessi\u00f3 de joc.<\/p>\n<div id='gallery-2' class='gallery galleryid-21462 gallery-columns-3 gallery-size-full'><figure class='gallery-item'>\n\t\t\t<div class='gallery-icon portrait'>\n\t\t\t\t<img loading=\"lazy\" decoding=\"async\" width=\"921\" height=\"2048\" src=\"https:\/\/i0.wp.com\/escolagrancapita.wpcomstaging.com\/wp-content\/uploads\/2023\/12\/1ESO_Hominids-2.jpeg?fit=921%2C2048&amp;ssl=1\" class=\"attachment-full size-full\" alt=\"\" srcset=\"https:\/\/i0.wp.com\/escolagrancapita.wpcomstaging.com\/wp-content\/uploads\/2023\/12\/1ESO_Hominids-2.jpeg?w=921&amp;ssl=1 921w, https:\/\/i0.wp.com\/escolagrancapita.wpcomstaging.com\/wp-content\/uploads\/2023\/12\/1ESO_Hominids-2.jpeg?resize=135%2C300&amp;ssl=1 135w, https:\/\/i0.wp.com\/escolagrancapita.wpcomstaging.com\/wp-content\/uploads\/2023\/12\/1ESO_Hominids-2.jpeg?resize=461%2C1024&amp;ssl=1 461w, https:\/\/i0.wp.com\/escolagrancapita.wpcomstaging.com\/wp-content\/uploads\/2023\/12\/1ESO_Hominids-2.jpeg?resize=768%2C1708&amp;ssl=1 768w, https:\/\/i0.wp.com\/escolagrancapita.wpcomstaging.com\/wp-content\/uploads\/2023\/12\/1ESO_Hominids-2.jpeg?resize=691%2C1536&amp;ssl=1 691w\" sizes=\"auto, (max-width: 750px) 100vw, 750px\" \/>\n\t\t\t<\/div><\/figure><figure class='gallery-item'>\n\t\t\t<div class='gallery-icon portrait'>\n\t\t\t\t<img loading=\"lazy\" decoding=\"async\" width=\"900\" height=\"2000\" src=\"https:\/\/i0.wp.com\/escolagrancapita.wpcomstaging.com\/wp-content\/uploads\/2023\/12\/1ESO_Hominids-4.jpeg?fit=900%2C2000&amp;ssl=1\" class=\"attachment-full size-full\" alt=\"\" srcset=\"https:\/\/i0.wp.com\/escolagrancapita.wpcomstaging.com\/wp-content\/uploads\/2023\/12\/1ESO_Hominids-4.jpeg?w=900&amp;ssl=1 900w, https:\/\/i0.wp.com\/escolagrancapita.wpcomstaging.com\/wp-content\/uploads\/2023\/12\/1ESO_Hominids-4.jpeg?resize=135%2C300&amp;ssl=1 135w, https:\/\/i0.wp.com\/escolagrancapita.wpcomstaging.com\/wp-content\/uploads\/2023\/12\/1ESO_Hominids-4.jpeg?resize=461%2C1024&amp;ssl=1 461w, https:\/\/i0.wp.com\/escolagrancapita.wpcomstaging.com\/wp-content\/uploads\/2023\/12\/1ESO_Hominids-4.jpeg?resize=768%2C1707&amp;ssl=1 768w, https:\/\/i0.wp.com\/escolagrancapita.wpcomstaging.com\/wp-content\/uploads\/2023\/12\/1ESO_Hominids-4.jpeg?resize=691%2C1536&amp;ssl=1 691w\" sizes=\"auto, (max-width: 750px) 100vw, 750px\" \/>\n\t\t\t<\/div><\/figure><figure class='gallery-item'>\n\t\t\t<div class='gallery-icon portrait'>\n\t\t\t\t<img loading=\"lazy\" decoding=\"async\" width=\"900\" height=\"2000\" src=\"https:\/\/i0.wp.com\/escolagrancapita.wpcomstaging.com\/wp-content\/uploads\/2023\/12\/1ESO_Hominids-1.jpeg?fit=900%2C2000&amp;ssl=1\" class=\"attachment-full size-full\" alt=\"\" srcset=\"https:\/\/i0.wp.com\/escolagrancapita.wpcomstaging.com\/wp-content\/uploads\/2023\/12\/1ESO_Hominids-1.jpeg?w=900&amp;ssl=1 900w, https:\/\/i0.wp.com\/escolagrancapita.wpcomstaging.com\/wp-content\/uploads\/2023\/12\/1ESO_Hominids-1.jpeg?resize=135%2C300&amp;ssl=1 135w, https:\/\/i0.wp.com\/escolagrancapita.wpcomstaging.com\/wp-content\/uploads\/2023\/12\/1ESO_Hominids-1.jpeg?resize=461%2C1024&amp;ssl=1 461w, https:\/\/i0.wp.com\/escolagrancapita.wpcomstaging.com\/wp-content\/uploads\/2023\/12\/1ESO_Hominids-1.jpeg?resize=768%2C1707&amp;ssl=1 768w, https:\/\/i0.wp.com\/escolagrancapita.wpcomstaging.com\/wp-content\/uploads\/2023\/12\/1ESO_Hominids-1.jpeg?resize=691%2C1536&amp;ssl=1 691w\" sizes=\"auto, (max-width: 750px) 100vw, 750px\" \/>\n\t\t\t<\/div><\/figure>\n\t\t<\/div>\n\n<p style=\"text-align: justify;\">Aquesta iniciativa no nom\u00e9s els ha proporcionat l&#8217;oportunitat d&#8217;explorar i comprendre millor la l\u00ednia evolutiva dels hom\u00ednids, sin\u00f3 que tamb\u00e9 ha afavorit la seva creativitat. A trav\u00e9s del joc, han integrat de manera divertida els coneixements adquirits, convertint l&#8217;aprenentatge en una experi\u00e8ncia m\u00e9s din\u00e0mica i memorable.<\/p>\n","protected":false},"excerpt":{"rendered":"<p>1r d&#8217;ESO ha participat amb entusiasme en l&#8217;activitat &#8220;Hominitza&#8217;t&#8220;, que ha consistit en la creaci\u00f3 d&#8217;un joc de cartes centrades en els hom\u00ednids que han contribu\u00eft a l&#8217;evoluci\u00f3 humana. Amb gran creativitat, han dissenyat i elaborat aquest joc de manera<\/p>\n","protected":false},"author":1,"featured_media":0,"parent":0,"menu_order":0,"comment_status":"closed","ping_status":"closed","template":"","meta":{"_crdt_document":"","footnotes":""},"categories":[75],"tags":[139,43],"class_list":["post-21462","page","type-page","status-publish","hentry","category-activitats","tag-curs-2023-24","tag-ed-secundaria"],"jetpack_sharing_enabled":true,"_links":{"self":[{"href":"https:\/\/escolagrancapita.wpcomstaging.com\/index.php?rest_route=\/wp\/v2\/pages\/21462","targetHints":{"allow":["GET"]}}],"collection":[{"href":"https:\/\/escolagrancapita.wpcomstaging.com\/index.php?rest_route=\/wp\/v2\/pages"}],"about":[{"href":"https:\/\/escolagrancapita.wpcomstaging.com\/index.php?rest_route=\/wp\/v2\/types\/page"}],"author":[{"embeddable":true,"href":"https:\/\/escolagrancapita.wpcomstaging.com\/index.php?rest_route=\/wp\/v2\/users\/1"}],"replies":[{"embeddable":true,"href":"https:\/\/escolagrancapita.wpcomstaging.com\/index.php?rest_route=%2Fwp%2Fv2%2Fcomments&post=21462"}],"version-history":[{"count":2,"href":"https:\/\/escolagrancapita.wpcomstaging.com\/index.php?rest_route=\/wp\/v2\/pages\/21462\/revisions"}],"predecessor-version":[{"id":21479,"href":"https:\/\/escolagrancapita.wpcomstaging.com\/index.php?rest_route=\/wp\/v2\/pages\/21462\/revisions\/21479"}],"wp:attachment":[{"href":"https:\/\/escolagrancapita.wpcomstaging.com\/index.php?rest_route=%2Fwp%2Fv2%2Fmedia&parent=21462"}],"wp:term":[{"taxonomy":"category","embeddable":true,"href":"https:\/\/escolagrancapita.wpcomstaging.com\/index.php?rest_route=%2Fwp%2Fv2%2Fcategories&post=21462"},{"taxonomy":"post_tag","embeddable":true,"href":"https:\/\/escolagrancapita.wpcomstaging.com\/index.php?rest_route=%2Fwp%2Fv2%2Ftags&post=21462"}],"curies":[{"name":"wp","href":"https:\/\/api.w.org\/{rel}","templated":true}]}}