{"id":21466,"date":"2023-12-06T17:16:37","date_gmt":"2023-12-06T17:16:37","guid":{"rendered":"https:\/\/escolagrancapita.wpcomstaging.com\/?page_id=21466"},"modified":"2023-12-06T17:16:37","modified_gmt":"2023-12-06T17:16:37","slug":"propostes-empresarials-als-reis-catolics","status":"publish","type":"page","link":"https:\/\/escolagrancapita.wpcomstaging.com\/?page_id=21466","title":{"rendered":"Propostes empresarials als Reis Cat\u00f2lics"},"content":{"rendered":"<p style=\"text-align: justify;\">\n<p style=\"text-align: justify;\">3r d&#8217;ESO han protagonitzat una experi\u00e8ncia excepcional en les seves classes de socials, viatjant en el temps per presentar una proposta empresarial innovadora als <a href=\"https:\/\/ca.wikipedia.org\/wiki\/Reis_Cat%C3%B2lics\" target=\"_blank\" rel=\"noopener\">Reis Cat\u00f2lics<\/a>.<\/p>\n<p style=\"text-align: justify;\">Amb un enfocament original, els\/les joves han explorat la hist\u00f2ria de manera interactiva i pr\u00e0ctica. Han apr\u00e8s no nom\u00e9s sobre els contextos hist\u00f2rics i les figures importants de l&#8217;\u00e8poca, sin\u00f3 tamb\u00e9 han aplicat habilitats empresarials contempor\u00e0nies en un context hist\u00f2ric.<\/p>\n<div id='gallery-1' class='gallery galleryid-21466 gallery-columns-1 gallery-size-full'><figure class='gallery-item'>\n\t\t\t<div class='gallery-icon landscape'>\n\t\t\t\t<img loading=\"lazy\" decoding=\"async\" width=\"2000\" height=\"900\" src=\"https:\/\/i0.wp.com\/escolagrancapita.wpcomstaging.com\/wp-content\/uploads\/2023\/12\/3rESO_ReisCat-1.jpeg?fit=2000%2C900&amp;ssl=1\" class=\"attachment-full size-full\" alt=\"\" srcset=\"https:\/\/i0.wp.com\/escolagrancapita.wpcomstaging.com\/wp-content\/uploads\/2023\/12\/3rESO_ReisCat-1.jpeg?w=2000&amp;ssl=1 2000w, https:\/\/i0.wp.com\/escolagrancapita.wpcomstaging.com\/wp-content\/uploads\/2023\/12\/3rESO_ReisCat-1.jpeg?resize=300%2C135&amp;ssl=1 300w, https:\/\/i0.wp.com\/escolagrancapita.wpcomstaging.com\/wp-content\/uploads\/2023\/12\/3rESO_ReisCat-1.jpeg?resize=1024%2C461&amp;ssl=1 1024w, https:\/\/i0.wp.com\/escolagrancapita.wpcomstaging.com\/wp-content\/uploads\/2023\/12\/3rESO_ReisCat-1.jpeg?resize=768%2C346&amp;ssl=1 768w, https:\/\/i0.wp.com\/escolagrancapita.wpcomstaging.com\/wp-content\/uploads\/2023\/12\/3rESO_ReisCat-1.jpeg?resize=1536%2C691&amp;ssl=1 1536w, https:\/\/i0.wp.com\/escolagrancapita.wpcomstaging.com\/wp-content\/uploads\/2023\/12\/3rESO_ReisCat-1.jpeg?resize=1200%2C540&amp;ssl=1 1200w\" sizes=\"auto, (max-width: 750px) 100vw, 750px\" \/>\n\t\t\t<\/div><\/figure>\n\t\t<\/div>\n\n<p style=\"text-align: justify;\">La lectura col\u00b7lectiva de les propostes ha afegit una dimensi\u00f3 compartida i enriquidora a l&#8217;experi\u00e8ncia educativa, permetent als estudiants exposar i escoltar les diverses visions de la seva imaginativa proposta empresarial.<\/p>\n<div id='gallery-2' class='gallery galleryid-21466 gallery-columns-2 gallery-size-full'><figure class='gallery-item'>\n\t\t\t<div class='gallery-icon landscape'>\n\t\t\t\t<img loading=\"lazy\" decoding=\"async\" width=\"2000\" height=\"900\" src=\"https:\/\/i0.wp.com\/escolagrancapita.wpcomstaging.com\/wp-content\/uploads\/2023\/12\/3rESO_ReisCat-2.jpeg?fit=2000%2C900&amp;ssl=1\" class=\"attachment-full size-full\" alt=\"\" srcset=\"https:\/\/i0.wp.com\/escolagrancapita.wpcomstaging.com\/wp-content\/uploads\/2023\/12\/3rESO_ReisCat-2.jpeg?w=2000&amp;ssl=1 2000w, https:\/\/i0.wp.com\/escolagrancapita.wpcomstaging.com\/wp-content\/uploads\/2023\/12\/3rESO_ReisCat-2.jpeg?resize=300%2C135&amp;ssl=1 300w, https:\/\/i0.wp.com\/escolagrancapita.wpcomstaging.com\/wp-content\/uploads\/2023\/12\/3rESO_ReisCat-2.jpeg?resize=1024%2C461&amp;ssl=1 1024w, https:\/\/i0.wp.com\/escolagrancapita.wpcomstaging.com\/wp-content\/uploads\/2023\/12\/3rESO_ReisCat-2.jpeg?resize=768%2C346&amp;ssl=1 768w, https:\/\/i0.wp.com\/escolagrancapita.wpcomstaging.com\/wp-content\/uploads\/2023\/12\/3rESO_ReisCat-2.jpeg?resize=1536%2C691&amp;ssl=1 1536w, https:\/\/i0.wp.com\/escolagrancapita.wpcomstaging.com\/wp-content\/uploads\/2023\/12\/3rESO_ReisCat-2.jpeg?resize=1200%2C540&amp;ssl=1 1200w\" sizes=\"auto, (max-width: 750px) 100vw, 750px\" \/>\n\t\t\t<\/div><\/figure><figure class='gallery-item'>\n\t\t\t<div class='gallery-icon landscape'>\n\t\t\t\t<img loading=\"lazy\" decoding=\"async\" width=\"2000\" height=\"900\" src=\"https:\/\/i0.wp.com\/escolagrancapita.wpcomstaging.com\/wp-content\/uploads\/2023\/12\/3rESO_ReisCat-4.jpeg?fit=2000%2C900&amp;ssl=1\" class=\"attachment-full size-full\" alt=\"\" srcset=\"https:\/\/i0.wp.com\/escolagrancapita.wpcomstaging.com\/wp-content\/uploads\/2023\/12\/3rESO_ReisCat-4.jpeg?w=2000&amp;ssl=1 2000w, https:\/\/i0.wp.com\/escolagrancapita.wpcomstaging.com\/wp-content\/uploads\/2023\/12\/3rESO_ReisCat-4.jpeg?resize=300%2C135&amp;ssl=1 300w, https:\/\/i0.wp.com\/escolagrancapita.wpcomstaging.com\/wp-content\/uploads\/2023\/12\/3rESO_ReisCat-4.jpeg?resize=1024%2C461&amp;ssl=1 1024w, https:\/\/i0.wp.com\/escolagrancapita.wpcomstaging.com\/wp-content\/uploads\/2023\/12\/3rESO_ReisCat-4.jpeg?resize=768%2C346&amp;ssl=1 768w, https:\/\/i0.wp.com\/escolagrancapita.wpcomstaging.com\/wp-content\/uploads\/2023\/12\/3rESO_ReisCat-4.jpeg?resize=1536%2C691&amp;ssl=1 1536w, https:\/\/i0.wp.com\/escolagrancapita.wpcomstaging.com\/wp-content\/uploads\/2023\/12\/3rESO_ReisCat-4.jpeg?resize=1200%2C540&amp;ssl=1 1200w\" sizes=\"auto, (max-width: 750px) 100vw, 750px\" \/>\n\t\t\t<\/div><\/figure>\n\t\t<\/div>\n\n<p style=\"text-align: justify;\">Aquest activitat no nom\u00e9s reflecteix la creativitat dels estudiants, sin\u00f3 tamb\u00e9 com la hist\u00f2ria pot ser una eina din\u00e0mica per aprendre i connectar amb el present.<\/p>\n","protected":false},"excerpt":{"rendered":"<p>3r d&#8217;ESO han protagonitzat una experi\u00e8ncia excepcional en les seves classes de socials, viatjant en el temps per presentar una proposta empresarial innovadora als Reis Cat\u00f2lics. Amb un enfocament original, els\/les joves han explorat la hist\u00f2ria de manera interactiva i<\/p>\n","protected":false},"author":1,"featured_media":0,"parent":0,"menu_order":0,"comment_status":"closed","ping_status":"closed","template":"","meta":{"_crdt_document":"","footnotes":""},"categories":[75],"tags":[139,43],"class_list":["post-21466","page","type-page","status-publish","hentry","category-activitats","tag-curs-2023-24","tag-ed-secundaria"],"jetpack_sharing_enabled":true,"_links":{"self":[{"href":"https:\/\/escolagrancapita.wpcomstaging.com\/index.php?rest_route=\/wp\/v2\/pages\/21466","targetHints":{"allow":["GET"]}}],"collection":[{"href":"https:\/\/escolagrancapita.wpcomstaging.com\/index.php?rest_route=\/wp\/v2\/pages"}],"about":[{"href":"https:\/\/escolagrancapita.wpcomstaging.com\/index.php?rest_route=\/wp\/v2\/types\/page"}],"author":[{"embeddable":true,"href":"https:\/\/escolagrancapita.wpcomstaging.com\/index.php?rest_route=\/wp\/v2\/users\/1"}],"replies":[{"embeddable":true,"href":"https:\/\/escolagrancapita.wpcomstaging.com\/index.php?rest_route=%2Fwp%2Fv2%2Fcomments&post=21466"}],"version-history":[{"count":4,"href":"https:\/\/escolagrancapita.wpcomstaging.com\/index.php?rest_route=\/wp\/v2\/pages\/21466\/revisions"}],"predecessor-version":[{"id":21474,"href":"https:\/\/escolagrancapita.wpcomstaging.com\/index.php?rest_route=\/wp\/v2\/pages\/21466\/revisions\/21474"}],"wp:attachment":[{"href":"https:\/\/escolagrancapita.wpcomstaging.com\/index.php?rest_route=%2Fwp%2Fv2%2Fmedia&parent=21466"}],"wp:term":[{"taxonomy":"category","embeddable":true,"href":"https:\/\/escolagrancapita.wpcomstaging.com\/index.php?rest_route=%2Fwp%2Fv2%2Fcategories&post=21466"},{"taxonomy":"post_tag","embeddable":true,"href":"https:\/\/escolagrancapita.wpcomstaging.com\/index.php?rest_route=%2Fwp%2Fv2%2Ftags&post=21466"}],"curies":[{"name":"wp","href":"https:\/\/api.w.org\/{rel}","templated":true}]}}