{"id":21554,"date":"2023-12-16T10:21:09","date_gmt":"2023-12-16T10:21:09","guid":{"rendered":"https:\/\/escolagrancapita.wpcomstaging.com\/?page_id=21554"},"modified":"2023-12-16T10:24:24","modified_gmt":"2023-12-16T10:24:24","slug":"grafisme-creatiu-%e2%9c%8f","status":"publish","type":"page","link":"https:\/\/escolagrancapita.wpcomstaging.com\/?page_id=21554","title":{"rendered":"Grafisme creatiu &#x270f;"},"content":{"rendered":"<p style=\"text-align: justify;\">Durant el primer trimestre, I3 han participat en un conjunt d&#8217;activitats dedicades a perfeccionar la seva habilitat en el tra\u00e7.<\/p>\n<p><img data-recalc-dims=\"1\" loading=\"lazy\" decoding=\"async\" class=\"aligncenter size-full wp-image-21558\" src=\"https:\/\/i0.wp.com\/escolagrancapita.wpcomstaging.com\/wp-content\/uploads\/2023\/12\/3INF_Grafisme-1.jpg?resize=750%2C422&#038;ssl=1\" alt=\"\" width=\"750\" height=\"422\" srcset=\"https:\/\/i0.wp.com\/escolagrancapita.wpcomstaging.com\/wp-content\/uploads\/2023\/12\/3INF_Grafisme-1.jpg?w=3968&amp;ssl=1 3968w, https:\/\/i0.wp.com\/escolagrancapita.wpcomstaging.com\/wp-content\/uploads\/2023\/12\/3INF_Grafisme-1.jpg?resize=300%2C169&amp;ssl=1 300w, https:\/\/i0.wp.com\/escolagrancapita.wpcomstaging.com\/wp-content\/uploads\/2023\/12\/3INF_Grafisme-1.jpg?resize=1024%2C576&amp;ssl=1 1024w, https:\/\/i0.wp.com\/escolagrancapita.wpcomstaging.com\/wp-content\/uploads\/2023\/12\/3INF_Grafisme-1.jpg?resize=768%2C432&amp;ssl=1 768w, https:\/\/i0.wp.com\/escolagrancapita.wpcomstaging.com\/wp-content\/uploads\/2023\/12\/3INF_Grafisme-1.jpg?resize=1536%2C864&amp;ssl=1 1536w, https:\/\/i0.wp.com\/escolagrancapita.wpcomstaging.com\/wp-content\/uploads\/2023\/12\/3INF_Grafisme-1.jpg?resize=2048%2C1152&amp;ssl=1 2048w, https:\/\/i0.wp.com\/escolagrancapita.wpcomstaging.com\/wp-content\/uploads\/2023\/12\/3INF_Grafisme-1.jpg?resize=1200%2C675&amp;ssl=1 1200w, https:\/\/i0.wp.com\/escolagrancapita.wpcomstaging.com\/wp-content\/uploads\/2023\/12\/3INF_Grafisme-1.jpg?w=2250&amp;ssl=1 2250w\" sizes=\"auto, (max-width: 750px) 100vw, 750px\" \/><\/p>\n<p style=\"text-align: justify;\">Recentment, van aprofitar una setmana plujosa per explorar i comprendre les l\u00ednies verticals. Utilitzant una cartolina negra com a fons nocturn i cot\u00f3 blanc per representar n\u00favols, van recrear l&#8217;escena de la pluja amb l\u00ednies verticals i ceres blanques.<\/p>\n<div id='gallery-1' class='gallery galleryid-21554 gallery-columns-2 gallery-size-full'><figure class='gallery-item'>\n\t\t\t<div class='gallery-icon landscape'>\n\t\t\t\t<img loading=\"lazy\" decoding=\"async\" width=\"5760\" height=\"3240\" src=\"https:\/\/i0.wp.com\/escolagrancapita.wpcomstaging.com\/wp-content\/uploads\/2023\/12\/3INF_Grafisme-2.jpg?fit=5760%2C3240&amp;ssl=1\" class=\"attachment-full size-full\" alt=\"\" srcset=\"https:\/\/i0.wp.com\/escolagrancapita.wpcomstaging.com\/wp-content\/uploads\/2023\/12\/3INF_Grafisme-2.jpg?w=5760&amp;ssl=1 5760w, https:\/\/i0.wp.com\/escolagrancapita.wpcomstaging.com\/wp-content\/uploads\/2023\/12\/3INF_Grafisme-2.jpg?resize=300%2C169&amp;ssl=1 300w, https:\/\/i0.wp.com\/escolagrancapita.wpcomstaging.com\/wp-content\/uploads\/2023\/12\/3INF_Grafisme-2.jpg?resize=1024%2C576&amp;ssl=1 1024w, https:\/\/i0.wp.com\/escolagrancapita.wpcomstaging.com\/wp-content\/uploads\/2023\/12\/3INF_Grafisme-2.jpg?resize=768%2C432&amp;ssl=1 768w, https:\/\/i0.wp.com\/escolagrancapita.wpcomstaging.com\/wp-content\/uploads\/2023\/12\/3INF_Grafisme-2.jpg?resize=1536%2C864&amp;ssl=1 1536w, https:\/\/i0.wp.com\/escolagrancapita.wpcomstaging.com\/wp-content\/uploads\/2023\/12\/3INF_Grafisme-2.jpg?resize=2048%2C1152&amp;ssl=1 2048w, https:\/\/i0.wp.com\/escolagrancapita.wpcomstaging.com\/wp-content\/uploads\/2023\/12\/3INF_Grafisme-2.jpg?resize=1200%2C675&amp;ssl=1 1200w, https:\/\/i0.wp.com\/escolagrancapita.wpcomstaging.com\/wp-content\/uploads\/2023\/12\/3INF_Grafisme-2.jpg?w=2250&amp;ssl=1 2250w\" sizes=\"auto, (max-width: 750px) 100vw, 750px\" \/>\n\t\t\t<\/div><\/figure><figure class='gallery-item'>\n\t\t\t<div class='gallery-icon landscape'>\n\t\t\t\t<img loading=\"lazy\" decoding=\"async\" width=\"5760\" height=\"3240\" src=\"https:\/\/i0.wp.com\/escolagrancapita.wpcomstaging.com\/wp-content\/uploads\/2023\/12\/3INF_Grafisme-4.jpg?fit=5760%2C3240&amp;ssl=1\" class=\"attachment-full size-full\" alt=\"\" srcset=\"https:\/\/i0.wp.com\/escolagrancapita.wpcomstaging.com\/wp-content\/uploads\/2023\/12\/3INF_Grafisme-4.jpg?w=5760&amp;ssl=1 5760w, https:\/\/i0.wp.com\/escolagrancapita.wpcomstaging.com\/wp-content\/uploads\/2023\/12\/3INF_Grafisme-4.jpg?resize=300%2C169&amp;ssl=1 300w, https:\/\/i0.wp.com\/escolagrancapita.wpcomstaging.com\/wp-content\/uploads\/2023\/12\/3INF_Grafisme-4.jpg?resize=1024%2C576&amp;ssl=1 1024w, https:\/\/i0.wp.com\/escolagrancapita.wpcomstaging.com\/wp-content\/uploads\/2023\/12\/3INF_Grafisme-4.jpg?resize=768%2C432&amp;ssl=1 768w, https:\/\/i0.wp.com\/escolagrancapita.wpcomstaging.com\/wp-content\/uploads\/2023\/12\/3INF_Grafisme-4.jpg?resize=1536%2C864&amp;ssl=1 1536w, https:\/\/i0.wp.com\/escolagrancapita.wpcomstaging.com\/wp-content\/uploads\/2023\/12\/3INF_Grafisme-4.jpg?resize=2048%2C1152&amp;ssl=1 2048w, https:\/\/i0.wp.com\/escolagrancapita.wpcomstaging.com\/wp-content\/uploads\/2023\/12\/3INF_Grafisme-4.jpg?resize=1200%2C675&amp;ssl=1 1200w, https:\/\/i0.wp.com\/escolagrancapita.wpcomstaging.com\/wp-content\/uploads\/2023\/12\/3INF_Grafisme-4.jpg?w=2250&amp;ssl=1 2250w\" sizes=\"auto, (max-width: 750px) 100vw, 750px\" \/>\n\t\t\t<\/div><\/figure>\n\t\t<\/div>\n\n<p style=\"text-align: justify;\">Aquesta activitat destaca com una experi\u00e8ncia significativa per desenvolupar les seves destreses en el tra\u00e7. &#x1f61c;!<\/p>\n","protected":false},"excerpt":{"rendered":"<p>Durant el primer trimestre, I3 han participat en un conjunt d&#8217;activitats dedicades a perfeccionar la seva habilitat en el tra\u00e7. Recentment, van aprofitar una setmana plujosa per explorar i comprendre les l\u00ednies verticals. Utilitzant una cartolina negra com a fons<\/p>\n","protected":false},"author":1,"featured_media":0,"parent":0,"menu_order":0,"comment_status":"closed","ping_status":"closed","template":"","meta":{"_crdt_document":"","footnotes":""},"categories":[75],"tags":[139,77],"class_list":["post-21554","page","type-page","status-publish","hentry","category-activitats","tag-curs-2023-24","tag-ed-infantil"],"jetpack_sharing_enabled":true,"_links":{"self":[{"href":"https:\/\/escolagrancapita.wpcomstaging.com\/index.php?rest_route=\/wp\/v2\/pages\/21554","targetHints":{"allow":["GET"]}}],"collection":[{"href":"https:\/\/escolagrancapita.wpcomstaging.com\/index.php?rest_route=\/wp\/v2\/pages"}],"about":[{"href":"https:\/\/escolagrancapita.wpcomstaging.com\/index.php?rest_route=\/wp\/v2\/types\/page"}],"author":[{"embeddable":true,"href":"https:\/\/escolagrancapita.wpcomstaging.com\/index.php?rest_route=\/wp\/v2\/users\/1"}],"replies":[{"embeddable":true,"href":"https:\/\/escolagrancapita.wpcomstaging.com\/index.php?rest_route=%2Fwp%2Fv2%2Fcomments&post=21554"}],"version-history":[{"count":4,"href":"https:\/\/escolagrancapita.wpcomstaging.com\/index.php?rest_route=\/wp\/v2\/pages\/21554\/revisions"}],"predecessor-version":[{"id":21562,"href":"https:\/\/escolagrancapita.wpcomstaging.com\/index.php?rest_route=\/wp\/v2\/pages\/21554\/revisions\/21562"}],"wp:attachment":[{"href":"https:\/\/escolagrancapita.wpcomstaging.com\/index.php?rest_route=%2Fwp%2Fv2%2Fmedia&parent=21554"}],"wp:term":[{"taxonomy":"category","embeddable":true,"href":"https:\/\/escolagrancapita.wpcomstaging.com\/index.php?rest_route=%2Fwp%2Fv2%2Fcategories&post=21554"},{"taxonomy":"post_tag","embeddable":true,"href":"https:\/\/escolagrancapita.wpcomstaging.com\/index.php?rest_route=%2Fwp%2Fv2%2Ftags&post=21554"}],"curies":[{"name":"wp","href":"https:\/\/api.w.org\/{rel}","templated":true}]}}