{"id":21659,"date":"2023-12-17T11:11:24","date_gmt":"2023-12-17T11:11:24","guid":{"rendered":"https:\/\/escolagrancapita.wpcomstaging.com\/?page_id=21659"},"modified":"2023-12-17T11:11:51","modified_gmt":"2023-12-17T11:11:51","slug":"setmana-de-la-ciencia-cicle-inicial","status":"publish","type":"page","link":"https:\/\/escolagrancapita.wpcomstaging.com\/?page_id=21659","title":{"rendered":"Setmana de la Ci\u00e8ncia: Cicle Inicial"},"content":{"rendered":"<p style=\"text-align: justify;\">Al llarg de la <strong>Setmana de la Ci\u00e8ncia<\/strong>, Cicle Inicial va dur a terme diferents activitats.<\/p>\n<p style=\"text-align: justify;\">En primer lloc, <strong>1r de Prim\u00e0ria<\/strong> van abordar la problem\u00e0tica dels residus artificials al mar (pl\u00e0stics, mascaretes&#8230;), les seves conseq\u00fc\u00e8ncies i que podem fer per aturar-ho.<\/p>\n<div id='gallery-1' class='gallery galleryid-21659 gallery-columns-2 gallery-size-full'><figure class='gallery-item'>\n\t\t\t<div class='gallery-icon landscape'>\n\t\t\t\t<img loading=\"lazy\" decoding=\"async\" width=\"1600\" height=\"1200\" src=\"https:\/\/i0.wp.com\/escolagrancapita.wpcomstaging.com\/wp-content\/uploads\/2023\/12\/PRI_SC23-3.jpg?fit=1600%2C1200&amp;ssl=1\" class=\"attachment-full size-full\" alt=\"\" srcset=\"https:\/\/i0.wp.com\/escolagrancapita.wpcomstaging.com\/wp-content\/uploads\/2023\/12\/PRI_SC23-3.jpg?w=1600&amp;ssl=1 1600w, https:\/\/i0.wp.com\/escolagrancapita.wpcomstaging.com\/wp-content\/uploads\/2023\/12\/PRI_SC23-3.jpg?resize=300%2C225&amp;ssl=1 300w, https:\/\/i0.wp.com\/escolagrancapita.wpcomstaging.com\/wp-content\/uploads\/2023\/12\/PRI_SC23-3.jpg?resize=1024%2C768&amp;ssl=1 1024w, https:\/\/i0.wp.com\/escolagrancapita.wpcomstaging.com\/wp-content\/uploads\/2023\/12\/PRI_SC23-3.jpg?resize=768%2C576&amp;ssl=1 768w, https:\/\/i0.wp.com\/escolagrancapita.wpcomstaging.com\/wp-content\/uploads\/2023\/12\/PRI_SC23-3.jpg?resize=1536%2C1152&amp;ssl=1 1536w, https:\/\/i0.wp.com\/escolagrancapita.wpcomstaging.com\/wp-content\/uploads\/2023\/12\/PRI_SC23-3.jpg?resize=1200%2C900&amp;ssl=1 1200w, https:\/\/i0.wp.com\/escolagrancapita.wpcomstaging.com\/wp-content\/uploads\/2023\/12\/PRI_SC23-3.jpg?resize=800%2C600&amp;ssl=1 800w, https:\/\/i0.wp.com\/escolagrancapita.wpcomstaging.com\/wp-content\/uploads\/2023\/12\/PRI_SC23-3.jpg?resize=600%2C450&amp;ssl=1 600w, https:\/\/i0.wp.com\/escolagrancapita.wpcomstaging.com\/wp-content\/uploads\/2023\/12\/PRI_SC23-3.jpg?resize=400%2C300&amp;ssl=1 400w, https:\/\/i0.wp.com\/escolagrancapita.wpcomstaging.com\/wp-content\/uploads\/2023\/12\/PRI_SC23-3.jpg?resize=200%2C150&amp;ssl=1 200w\" sizes=\"auto, (max-width: 750px) 100vw, 750px\" \/>\n\t\t\t<\/div><\/figure><figure class='gallery-item'>\n\t\t\t<div class='gallery-icon landscape'>\n\t\t\t\t<img loading=\"lazy\" decoding=\"async\" width=\"1600\" height=\"1200\" src=\"https:\/\/i0.wp.com\/escolagrancapita.wpcomstaging.com\/wp-content\/uploads\/2023\/12\/PRI_SC23-2.jpg?fit=1600%2C1200&amp;ssl=1\" class=\"attachment-full size-full\" alt=\"\" srcset=\"https:\/\/i0.wp.com\/escolagrancapita.wpcomstaging.com\/wp-content\/uploads\/2023\/12\/PRI_SC23-2.jpg?w=1600&amp;ssl=1 1600w, https:\/\/i0.wp.com\/escolagrancapita.wpcomstaging.com\/wp-content\/uploads\/2023\/12\/PRI_SC23-2.jpg?resize=300%2C225&amp;ssl=1 300w, https:\/\/i0.wp.com\/escolagrancapita.wpcomstaging.com\/wp-content\/uploads\/2023\/12\/PRI_SC23-2.jpg?resize=1024%2C768&amp;ssl=1 1024w, https:\/\/i0.wp.com\/escolagrancapita.wpcomstaging.com\/wp-content\/uploads\/2023\/12\/PRI_SC23-2.jpg?resize=768%2C576&amp;ssl=1 768w, https:\/\/i0.wp.com\/escolagrancapita.wpcomstaging.com\/wp-content\/uploads\/2023\/12\/PRI_SC23-2.jpg?resize=1536%2C1152&amp;ssl=1 1536w, https:\/\/i0.wp.com\/escolagrancapita.wpcomstaging.com\/wp-content\/uploads\/2023\/12\/PRI_SC23-2.jpg?resize=1200%2C900&amp;ssl=1 1200w, https:\/\/i0.wp.com\/escolagrancapita.wpcomstaging.com\/wp-content\/uploads\/2023\/12\/PRI_SC23-2.jpg?resize=800%2C600&amp;ssl=1 800w, https:\/\/i0.wp.com\/escolagrancapita.wpcomstaging.com\/wp-content\/uploads\/2023\/12\/PRI_SC23-2.jpg?resize=600%2C450&amp;ssl=1 600w, https:\/\/i0.wp.com\/escolagrancapita.wpcomstaging.com\/wp-content\/uploads\/2023\/12\/PRI_SC23-2.jpg?resize=400%2C300&amp;ssl=1 400w, https:\/\/i0.wp.com\/escolagrancapita.wpcomstaging.com\/wp-content\/uploads\/2023\/12\/PRI_SC23-2.jpg?resize=200%2C150&amp;ssl=1 200w\" sizes=\"auto, (max-width: 750px) 100vw, 750px\" \/>\n\t\t\t<\/div><\/figure>\n\t\t<\/div>\n\n<p style=\"text-align: justify;\">L&#8217;activitat va seguir el <a href=\"https:\/\/ca.wikipedia.org\/wiki\/M%C3%A8tode_cient%C3%ADfic\" target=\"_blank\" rel=\"noopener\">m\u00e8tode cient\u00edfic<\/a>.\u00a0Inicialment, van formular hip\u00f2tesis mitjan\u00e7ant dibuixos representant les seves percepcions del fons mar\u00ed. Les diferents idees es van plasmar a la pissarra, creant una representaci\u00f3 col\u00b7lectiva del fons mar\u00ed.<\/p>\n<p style=\"text-align: justify;\">A continuaci\u00f3, van passar a la pr\u00e0ctica. Treballant en grups, van disposar d&#8217;una safata amb sorra per classificar els objectes que simbolitzaven elements naturals i no naturals. Van utilitzar eines com lupa, pinces i guies d&#8217;animals per aprofundir en la seva investigaci\u00f3.<\/p>\n<p style=\"text-align: justify;\">Finalment, van analitzar les seves troballes i van identificar accions concretes per prevenir aquesta problem\u00e0tica.<\/p>\n<div id='gallery-2' class='gallery galleryid-21659 gallery-columns-2 gallery-size-full'><figure class='gallery-item'>\n\t\t\t<div class='gallery-icon portrait'>\n\t\t\t\t<img loading=\"lazy\" decoding=\"async\" width=\"1536\" height=\"2048\" src=\"https:\/\/i0.wp.com\/escolagrancapita.wpcomstaging.com\/wp-content\/uploads\/2023\/12\/PRI_SC23-4.jpg?fit=1536%2C2048&amp;ssl=1\" class=\"attachment-full size-full\" alt=\"\" srcset=\"https:\/\/i0.wp.com\/escolagrancapita.wpcomstaging.com\/wp-content\/uploads\/2023\/12\/PRI_SC23-4.jpg?w=1536&amp;ssl=1 1536w, https:\/\/i0.wp.com\/escolagrancapita.wpcomstaging.com\/wp-content\/uploads\/2023\/12\/PRI_SC23-4.jpg?resize=225%2C300&amp;ssl=1 225w, https:\/\/i0.wp.com\/escolagrancapita.wpcomstaging.com\/wp-content\/uploads\/2023\/12\/PRI_SC23-4.jpg?resize=768%2C1024&amp;ssl=1 768w, https:\/\/i0.wp.com\/escolagrancapita.wpcomstaging.com\/wp-content\/uploads\/2023\/12\/PRI_SC23-4.jpg?resize=1152%2C1536&amp;ssl=1 1152w, https:\/\/i0.wp.com\/escolagrancapita.wpcomstaging.com\/wp-content\/uploads\/2023\/12\/PRI_SC23-4.jpg?resize=900%2C1200&amp;ssl=1 900w, https:\/\/i0.wp.com\/escolagrancapita.wpcomstaging.com\/wp-content\/uploads\/2023\/12\/PRI_SC23-4.jpg?resize=600%2C800&amp;ssl=1 600w, https:\/\/i0.wp.com\/escolagrancapita.wpcomstaging.com\/wp-content\/uploads\/2023\/12\/PRI_SC23-4.jpg?resize=450%2C600&amp;ssl=1 450w, https:\/\/i0.wp.com\/escolagrancapita.wpcomstaging.com\/wp-content\/uploads\/2023\/12\/PRI_SC23-4.jpg?resize=300%2C400&amp;ssl=1 300w, https:\/\/i0.wp.com\/escolagrancapita.wpcomstaging.com\/wp-content\/uploads\/2023\/12\/PRI_SC23-4.jpg?resize=150%2C200&amp;ssl=1 150w, https:\/\/i0.wp.com\/escolagrancapita.wpcomstaging.com\/wp-content\/uploads\/2023\/12\/PRI_SC23-4.jpg?resize=1200%2C1600&amp;ssl=1 1200w\" sizes=\"auto, (max-width: 750px) 100vw, 750px\" \/>\n\t\t\t<\/div><\/figure><figure class='gallery-item'>\n\t\t\t<div class='gallery-icon portrait'>\n\t\t\t\t<img loading=\"lazy\" decoding=\"async\" width=\"1536\" height=\"2048\" src=\"https:\/\/i0.wp.com\/escolagrancapita.wpcomstaging.com\/wp-content\/uploads\/2023\/12\/PRI_SC23-1.jpg?fit=1536%2C2048&amp;ssl=1\" class=\"attachment-full size-full\" alt=\"\" srcset=\"https:\/\/i0.wp.com\/escolagrancapita.wpcomstaging.com\/wp-content\/uploads\/2023\/12\/PRI_SC23-1.jpg?w=1536&amp;ssl=1 1536w, https:\/\/i0.wp.com\/escolagrancapita.wpcomstaging.com\/wp-content\/uploads\/2023\/12\/PRI_SC23-1.jpg?resize=225%2C300&amp;ssl=1 225w, https:\/\/i0.wp.com\/escolagrancapita.wpcomstaging.com\/wp-content\/uploads\/2023\/12\/PRI_SC23-1.jpg?resize=768%2C1024&amp;ssl=1 768w, https:\/\/i0.wp.com\/escolagrancapita.wpcomstaging.com\/wp-content\/uploads\/2023\/12\/PRI_SC23-1.jpg?resize=1152%2C1536&amp;ssl=1 1152w, https:\/\/i0.wp.com\/escolagrancapita.wpcomstaging.com\/wp-content\/uploads\/2023\/12\/PRI_SC23-1.jpg?resize=900%2C1200&amp;ssl=1 900w, https:\/\/i0.wp.com\/escolagrancapita.wpcomstaging.com\/wp-content\/uploads\/2023\/12\/PRI_SC23-1.jpg?resize=600%2C800&amp;ssl=1 600w, https:\/\/i0.wp.com\/escolagrancapita.wpcomstaging.com\/wp-content\/uploads\/2023\/12\/PRI_SC23-1.jpg?resize=450%2C600&amp;ssl=1 450w, https:\/\/i0.wp.com\/escolagrancapita.wpcomstaging.com\/wp-content\/uploads\/2023\/12\/PRI_SC23-1.jpg?resize=300%2C400&amp;ssl=1 300w, https:\/\/i0.wp.com\/escolagrancapita.wpcomstaging.com\/wp-content\/uploads\/2023\/12\/PRI_SC23-1.jpg?resize=150%2C200&amp;ssl=1 150w, https:\/\/i0.wp.com\/escolagrancapita.wpcomstaging.com\/wp-content\/uploads\/2023\/12\/PRI_SC23-1.jpg?resize=1200%2C1600&amp;ssl=1 1200w\" sizes=\"auto, (max-width: 750px) 100vw, 750px\" \/>\n\t\t\t<\/div><\/figure>\n\t\t<\/div>\n\n<p style=\"text-align: justify;\">D&#8217;altra banda, <strong>2n de Prim\u00e0ria<\/strong> es va endinsar en l&#8217;<a href=\"https:\/\/ca.wikipedia.org\/wiki\/Astronomia\" target=\"_blank\" rel=\"noopener\">astronomia<\/a>. Per tal de fer-ho possible, van fer un recorregut per la nostra gal\u00e0xia i les constel\u00b7lacions que ens envolten, a trav\u00e9s de diferents hist\u00f2ries, contes i llegendes.<\/p>\n<p style=\"text-align: justify;\">D&#8217;aquesta manera van con\u00e8ixer les estrelles m\u00e9s properes al nostre planeta i les m\u00e9s llunyanes.<\/p>\n<p style=\"text-align: justify;\">A m\u00e9s, van descobrir que hi ha estrelles de diferents colors: blaus, vermelles, taronges, grogues&#8230;<\/p>\n<p style=\"text-align: justify;\"><strong>Ambdues activitats van resultar molt interessants pels infants! &#x1f469;&#x200d;&#x1f52c;&#x1f468;&#x200d;&#x1f52c;!<\/strong><\/p>\n","protected":false},"excerpt":{"rendered":"<p>Al llarg de la Setmana de la Ci\u00e8ncia, Cicle Inicial va dur a terme diferents activitats. En primer lloc, 1r de Prim\u00e0ria van abordar la problem\u00e0tica dels residus artificials al mar (pl\u00e0stics, mascaretes&#8230;), les seves conseq\u00fc\u00e8ncies i que podem fer<\/p>\n","protected":false},"author":1,"featured_media":0,"parent":0,"menu_order":0,"comment_status":"closed","ping_status":"closed","template":"","meta":{"_crdt_document":"","footnotes":""},"categories":[75],"tags":[139,86,43,102],"class_list":["post-21659","page","type-page","status-publish","hentry","category-activitats","tag-curs-2023-24","tag-ed-primaria","tag-ed-secundaria","tag-setmana-de-la-ciencia"],"jetpack_sharing_enabled":true,"_links":{"self":[{"href":"https:\/\/escolagrancapita.wpcomstaging.com\/index.php?rest_route=\/wp\/v2\/pages\/21659","targetHints":{"allow":["GET"]}}],"collection":[{"href":"https:\/\/escolagrancapita.wpcomstaging.com\/index.php?rest_route=\/wp\/v2\/pages"}],"about":[{"href":"https:\/\/escolagrancapita.wpcomstaging.com\/index.php?rest_route=\/wp\/v2\/types\/page"}],"author":[{"embeddable":true,"href":"https:\/\/escolagrancapita.wpcomstaging.com\/index.php?rest_route=\/wp\/v2\/users\/1"}],"replies":[{"embeddable":true,"href":"https:\/\/escolagrancapita.wpcomstaging.com\/index.php?rest_route=%2Fwp%2Fv2%2Fcomments&post=21659"}],"version-history":[{"count":6,"href":"https:\/\/escolagrancapita.wpcomstaging.com\/index.php?rest_route=\/wp\/v2\/pages\/21659\/revisions"}],"predecessor-version":[{"id":21677,"href":"https:\/\/escolagrancapita.wpcomstaging.com\/index.php?rest_route=\/wp\/v2\/pages\/21659\/revisions\/21677"}],"wp:attachment":[{"href":"https:\/\/escolagrancapita.wpcomstaging.com\/index.php?rest_route=%2Fwp%2Fv2%2Fmedia&parent=21659"}],"wp:term":[{"taxonomy":"category","embeddable":true,"href":"https:\/\/escolagrancapita.wpcomstaging.com\/index.php?rest_route=%2Fwp%2Fv2%2Fcategories&post=21659"},{"taxonomy":"post_tag","embeddable":true,"href":"https:\/\/escolagrancapita.wpcomstaging.com\/index.php?rest_route=%2Fwp%2Fv2%2Ftags&post=21659"}],"curies":[{"name":"wp","href":"https:\/\/api.w.org\/{rel}","templated":true}]}}