{"id":21756,"date":"2024-01-20T12:22:40","date_gmt":"2024-01-20T12:22:40","guid":{"rendered":"https:\/\/escolagrancapita.wpcomstaging.com\/?page_id=21756"},"modified":"2024-01-20T12:22:40","modified_gmt":"2024-01-20T12:22:40","slug":"estrenant-carnet-de-boligraf","status":"publish","type":"page","link":"https:\/\/escolagrancapita.wpcomstaging.com\/?page_id=21756","title":{"rendered":"Estrenant carnet de bol\u00edgraf"},"content":{"rendered":"<p style=\"text-align: justify;\">3r de Prim\u00e0ria ha aconseguit amb \u00e8xit el tan esperat carnet de bol\u00edgraf despr\u00e9s d&#8217;haver realitzat una excel\u00b7lent tasca en cal\u00b7ligrafia i presentaci\u00f3 de llibreta.<\/p>\n<p style=\"text-align: justify;\">Durant el primer trimestre, han adquirit habilitats per escriure amb precisi\u00f3, respectant els marges i les l\u00ednies, i, sobretot, mantenint una cal\u00b7ligrafia impecable. A partir del proper dilluns, tindran l&#8217;oportunitat de traslladar aquestes habilitats, fins ara desenvolupades amb llapis, al m\u00f3n del bol\u00edgraf, marcat el comen\u00e7ament d&#8217;una nova etapa emocionant en la seva vida escolar.<\/p>\n<div id='gallery-1' class='gallery galleryid-21756 gallery-columns-1 gallery-size-full'><figure class='gallery-item'>\n\t\t\t<div class='gallery-icon landscape'>\n\t\t\t\t<img loading=\"lazy\" decoding=\"async\" width=\"756\" height=\"684\" src=\"https:\/\/i0.wp.com\/escolagrancapita.wpcomstaging.com\/wp-content\/uploads\/2024\/01\/3PRI_boli-1-e1705753339106.jpeg?fit=756%2C684&amp;ssl=1\" class=\"attachment-full size-full\" alt=\"\" srcset=\"https:\/\/i0.wp.com\/escolagrancapita.wpcomstaging.com\/wp-content\/uploads\/2024\/01\/3PRI_boli-1-e1705753339106.jpeg?w=756&amp;ssl=1 756w, https:\/\/i0.wp.com\/escolagrancapita.wpcomstaging.com\/wp-content\/uploads\/2024\/01\/3PRI_boli-1-e1705753339106.jpeg?resize=300%2C271&amp;ssl=1 300w\" sizes=\"auto, (max-width: 750px) 100vw, 750px\" \/>\n\t\t\t<\/div><\/figure>\n\t\t<\/div>\n\n<p style=\"text-align: justify;\">Estan plens d&#8217;il\u00b7lusi\u00f3 amb el nou carnet, tot i que les seves professores els han recordat l&#8217;import\u00e0ncia de continuar esfor\u00e7ant-se cada dia per mantenir i millorar les seves destreses escrites. Aquesta etapa representa no nom\u00e9s un \u00e8xit present, sin\u00f3 tamb\u00e9 el comprom\u00eds continu amb la millora constant. &#x1f58a;!<\/p>\n<div id='gallery-2' class='gallery galleryid-21756 gallery-columns-1 gallery-size-full'><figure class='gallery-item'>\n\t\t\t<div class='gallery-icon landscape'>\n\t\t\t\t<img loading=\"lazy\" decoding=\"async\" width=\"1599\" height=\"758\" src=\"https:\/\/i0.wp.com\/escolagrancapita.wpcomstaging.com\/wp-content\/uploads\/2024\/01\/3PRI_boli-2.jpeg?fit=1599%2C758&amp;ssl=1\" class=\"attachment-full size-full\" alt=\"\" srcset=\"https:\/\/i0.wp.com\/escolagrancapita.wpcomstaging.com\/wp-content\/uploads\/2024\/01\/3PRI_boli-2.jpeg?w=1599&amp;ssl=1 1599w, https:\/\/i0.wp.com\/escolagrancapita.wpcomstaging.com\/wp-content\/uploads\/2024\/01\/3PRI_boli-2.jpeg?resize=300%2C142&amp;ssl=1 300w, https:\/\/i0.wp.com\/escolagrancapita.wpcomstaging.com\/wp-content\/uploads\/2024\/01\/3PRI_boli-2.jpeg?resize=1024%2C485&amp;ssl=1 1024w, https:\/\/i0.wp.com\/escolagrancapita.wpcomstaging.com\/wp-content\/uploads\/2024\/01\/3PRI_boli-2.jpeg?resize=768%2C364&amp;ssl=1 768w, https:\/\/i0.wp.com\/escolagrancapita.wpcomstaging.com\/wp-content\/uploads\/2024\/01\/3PRI_boli-2.jpeg?resize=1536%2C728&amp;ssl=1 1536w, https:\/\/i0.wp.com\/escolagrancapita.wpcomstaging.com\/wp-content\/uploads\/2024\/01\/3PRI_boli-2.jpeg?resize=1200%2C569&amp;ssl=1 1200w\" sizes=\"auto, (max-width: 750px) 100vw, 750px\" \/>\n\t\t\t<\/div><\/figure>\n\t\t<\/div>\n\n","protected":false},"excerpt":{"rendered":"<p>3r de Prim\u00e0ria ha aconseguit amb \u00e8xit el tan esperat carnet de bol\u00edgraf despr\u00e9s d&#8217;haver realitzat una excel\u00b7lent tasca en cal\u00b7ligrafia i presentaci\u00f3 de llibreta. Durant el primer trimestre, han adquirit habilitats per escriure amb precisi\u00f3, respectant els marges i<\/p>\n","protected":false},"author":1,"featured_media":0,"parent":0,"menu_order":0,"comment_status":"closed","ping_status":"closed","template":"","meta":{"_crdt_document":"","footnotes":""},"categories":[75],"tags":[139,86],"class_list":["post-21756","page","type-page","status-publish","hentry","category-activitats","tag-curs-2023-24","tag-ed-primaria"],"jetpack_sharing_enabled":true,"_links":{"self":[{"href":"https:\/\/escolagrancapita.wpcomstaging.com\/index.php?rest_route=\/wp\/v2\/pages\/21756","targetHints":{"allow":["GET"]}}],"collection":[{"href":"https:\/\/escolagrancapita.wpcomstaging.com\/index.php?rest_route=\/wp\/v2\/pages"}],"about":[{"href":"https:\/\/escolagrancapita.wpcomstaging.com\/index.php?rest_route=\/wp\/v2\/types\/page"}],"author":[{"embeddable":true,"href":"https:\/\/escolagrancapita.wpcomstaging.com\/index.php?rest_route=\/wp\/v2\/users\/1"}],"replies":[{"embeddable":true,"href":"https:\/\/escolagrancapita.wpcomstaging.com\/index.php?rest_route=%2Fwp%2Fv2%2Fcomments&post=21756"}],"version-history":[{"count":2,"href":"https:\/\/escolagrancapita.wpcomstaging.com\/index.php?rest_route=\/wp\/v2\/pages\/21756\/revisions"}],"predecessor-version":[{"id":21760,"href":"https:\/\/escolagrancapita.wpcomstaging.com\/index.php?rest_route=\/wp\/v2\/pages\/21756\/revisions\/21760"}],"wp:attachment":[{"href":"https:\/\/escolagrancapita.wpcomstaging.com\/index.php?rest_route=%2Fwp%2Fv2%2Fmedia&parent=21756"}],"wp:term":[{"taxonomy":"category","embeddable":true,"href":"https:\/\/escolagrancapita.wpcomstaging.com\/index.php?rest_route=%2Fwp%2Fv2%2Fcategories&post=21756"},{"taxonomy":"post_tag","embeddable":true,"href":"https:\/\/escolagrancapita.wpcomstaging.com\/index.php?rest_route=%2Fwp%2Fv2%2Ftags&post=21756"}],"curies":[{"name":"wp","href":"https:\/\/api.w.org\/{rel}","templated":true}]}}