{"id":21761,"date":"2024-01-27T10:59:56","date_gmt":"2024-01-27T10:59:56","guid":{"rendered":"https:\/\/escolagrancapita.wpcomstaging.com\/?page_id=21761"},"modified":"2024-01-27T11:00:25","modified_gmt":"2024-01-27T11:00:25","slug":"visita-a-lajuntament","status":"publish","type":"page","link":"https:\/\/escolagrancapita.wpcomstaging.com\/?page_id=21761","title":{"rendered":"Visita a l&#8217;ajuntament"},"content":{"rendered":"<p style=\"text-align: justify;\">Aquest tercer trimestre, 3r de Prim\u00e0ria va tenir l&#8217;oportunitat de visitar l&#8217;ajuntament i con\u00e8ixer personalment l&#8217;alcaldessa.<\/p>\n<p style=\"text-align: justify;\">Durant la visita, la regidora d&#8217;educaci\u00f3 de la ciutat, va oferir una explicaci\u00f3 detallada sobre la fascinant fa\u00e7ana de l&#8217;ajuntament, destacant els seus elements significatius. Va compartir informaci\u00f3 rellevant sobre l&#8217;escut, les banderes, l&#8217;estil arquitect\u00f2nic i la generosa persona que va cedir els terrenys per a la construcci\u00f3 d&#8217;aquest emblem\u00e0tic edifici.<\/p>\n<div id='gallery-1' class='gallery galleryid-21761 gallery-columns-2 gallery-size-full'><figure class='gallery-item'>\n\t\t\t<div class='gallery-icon landscape'>\n\t\t\t\t<img loading=\"lazy\" decoding=\"async\" width=\"1600\" height=\"757\" src=\"https:\/\/i0.wp.com\/escolagrancapita.wpcomstaging.com\/wp-content\/uploads\/2024\/01\/3PRI_Ajuntament-2.jpeg?fit=1600%2C757&amp;ssl=1\" class=\"attachment-full size-full\" alt=\"\" srcset=\"https:\/\/i0.wp.com\/escolagrancapita.wpcomstaging.com\/wp-content\/uploads\/2024\/01\/3PRI_Ajuntament-2.jpeg?w=1600&amp;ssl=1 1600w, https:\/\/i0.wp.com\/escolagrancapita.wpcomstaging.com\/wp-content\/uploads\/2024\/01\/3PRI_Ajuntament-2.jpeg?resize=300%2C142&amp;ssl=1 300w, https:\/\/i0.wp.com\/escolagrancapita.wpcomstaging.com\/wp-content\/uploads\/2024\/01\/3PRI_Ajuntament-2.jpeg?resize=1024%2C484&amp;ssl=1 1024w, https:\/\/i0.wp.com\/escolagrancapita.wpcomstaging.com\/wp-content\/uploads\/2024\/01\/3PRI_Ajuntament-2.jpeg?resize=768%2C363&amp;ssl=1 768w, https:\/\/i0.wp.com\/escolagrancapita.wpcomstaging.com\/wp-content\/uploads\/2024\/01\/3PRI_Ajuntament-2.jpeg?resize=1536%2C727&amp;ssl=1 1536w, https:\/\/i0.wp.com\/escolagrancapita.wpcomstaging.com\/wp-content\/uploads\/2024\/01\/3PRI_Ajuntament-2.jpeg?resize=1200%2C568&amp;ssl=1 1200w\" sizes=\"auto, (max-width: 750px) 100vw, 750px\" \/>\n\t\t\t<\/div><\/figure><figure class='gallery-item'>\n\t\t\t<div class='gallery-icon landscape'>\n\t\t\t\t<img loading=\"lazy\" decoding=\"async\" width=\"1599\" height=\"758\" src=\"https:\/\/i0.wp.com\/escolagrancapita.wpcomstaging.com\/wp-content\/uploads\/2024\/01\/3PRI_Ajuntament-4.jpeg?fit=1599%2C758&amp;ssl=1\" class=\"attachment-full size-full\" alt=\"\" srcset=\"https:\/\/i0.wp.com\/escolagrancapita.wpcomstaging.com\/wp-content\/uploads\/2024\/01\/3PRI_Ajuntament-4.jpeg?w=1599&amp;ssl=1 1599w, https:\/\/i0.wp.com\/escolagrancapita.wpcomstaging.com\/wp-content\/uploads\/2024\/01\/3PRI_Ajuntament-4.jpeg?resize=300%2C142&amp;ssl=1 300w, https:\/\/i0.wp.com\/escolagrancapita.wpcomstaging.com\/wp-content\/uploads\/2024\/01\/3PRI_Ajuntament-4.jpeg?resize=1024%2C485&amp;ssl=1 1024w, https:\/\/i0.wp.com\/escolagrancapita.wpcomstaging.com\/wp-content\/uploads\/2024\/01\/3PRI_Ajuntament-4.jpeg?resize=768%2C364&amp;ssl=1 768w, https:\/\/i0.wp.com\/escolagrancapita.wpcomstaging.com\/wp-content\/uploads\/2024\/01\/3PRI_Ajuntament-4.jpeg?resize=1536%2C728&amp;ssl=1 1536w, https:\/\/i0.wp.com\/escolagrancapita.wpcomstaging.com\/wp-content\/uploads\/2024\/01\/3PRI_Ajuntament-4.jpeg?resize=1200%2C569&amp;ssl=1 1200w\" sizes=\"auto, (max-width: 750px) 100vw, 750px\" \/>\n\t\t\t<\/div><\/figure>\n\t\t<\/div>\n\n<p style=\"text-align: justify;\">Un cop dins, van tenir l&#8217;oportunitat de pujar a la sala de plens i gaudir d&#8217;un emocionant v\u00eddeo sobre la ciutat, creat pels <a href=\"https:\/\/escolagrancapita.wpcomstaging.com\/?page_id=21296\" target=\"_blank\" rel=\"noopener\">Consellers dels Infants<\/a>, que explorava les zones m\u00e9s representatives.<\/p>\n<p style=\"text-align: center;\"><iframe loading=\"lazy\" title=\"Visita a l'ajuntament\" src=\"https:\/\/www.youtube.com\/embed\/dcTximmnpk0\" width=\"1280\" height=\"604\" frameborder=\"0\" allowfullscreen=\"allowfullscreen\"><\/iframe><\/p>\n<div id='gallery-2' class='gallery galleryid-21761 gallery-columns-1 gallery-size-full'><figure class='gallery-item'>\n\t\t\t<div class='gallery-icon landscape'>\n\t\t\t\t<img loading=\"lazy\" decoding=\"async\" width=\"1600\" height=\"757\" src=\"https:\/\/i0.wp.com\/escolagrancapita.wpcomstaging.com\/wp-content\/uploads\/2024\/01\/3PRI_Ajuntament-5.jpeg?fit=1600%2C757&amp;ssl=1\" class=\"attachment-full size-full\" alt=\"\" srcset=\"https:\/\/i0.wp.com\/escolagrancapita.wpcomstaging.com\/wp-content\/uploads\/2024\/01\/3PRI_Ajuntament-5.jpeg?w=1600&amp;ssl=1 1600w, https:\/\/i0.wp.com\/escolagrancapita.wpcomstaging.com\/wp-content\/uploads\/2024\/01\/3PRI_Ajuntament-5.jpeg?resize=300%2C142&amp;ssl=1 300w, https:\/\/i0.wp.com\/escolagrancapita.wpcomstaging.com\/wp-content\/uploads\/2024\/01\/3PRI_Ajuntament-5.jpeg?resize=1024%2C484&amp;ssl=1 1024w, https:\/\/i0.wp.com\/escolagrancapita.wpcomstaging.com\/wp-content\/uploads\/2024\/01\/3PRI_Ajuntament-5.jpeg?resize=768%2C363&amp;ssl=1 768w, https:\/\/i0.wp.com\/escolagrancapita.wpcomstaging.com\/wp-content\/uploads\/2024\/01\/3PRI_Ajuntament-5.jpeg?resize=1536%2C727&amp;ssl=1 1536w, https:\/\/i0.wp.com\/escolagrancapita.wpcomstaging.com\/wp-content\/uploads\/2024\/01\/3PRI_Ajuntament-5.jpeg?resize=1200%2C568&amp;ssl=1 1200w\" sizes=\"auto, (max-width: 750px) 100vw, 750px\" \/>\n\t\t\t<\/div><\/figure>\n\t\t<\/div>\n\n<p style=\"text-align: justify;\">Durant la trobada amb l&#8217;alcaldessa, l&#8217;alumnat va fer preguntes sobre la seva feina i van tenir l&#8217;oportunitat de xerrar amb ella d&#8217;una manera m\u00e9s relaxada. Al final, van proposar-li que visit\u00e9s la nostra escola, proposta que va ser alegrement acceptada.<\/p>\n<div id='gallery-3' class='gallery galleryid-21761 gallery-columns-2 gallery-size-full'><figure class='gallery-item'>\n\t\t\t<div class='gallery-icon landscape'>\n\t\t\t\t<img loading=\"lazy\" decoding=\"async\" width=\"1600\" height=\"757\" src=\"https:\/\/i0.wp.com\/escolagrancapita.wpcomstaging.com\/wp-content\/uploads\/2024\/01\/3PRI_Ajuntament-1.jpeg?fit=1600%2C757&amp;ssl=1\" class=\"attachment-full size-full\" alt=\"\" srcset=\"https:\/\/i0.wp.com\/escolagrancapita.wpcomstaging.com\/wp-content\/uploads\/2024\/01\/3PRI_Ajuntament-1.jpeg?w=1600&amp;ssl=1 1600w, https:\/\/i0.wp.com\/escolagrancapita.wpcomstaging.com\/wp-content\/uploads\/2024\/01\/3PRI_Ajuntament-1.jpeg?resize=300%2C142&amp;ssl=1 300w, https:\/\/i0.wp.com\/escolagrancapita.wpcomstaging.com\/wp-content\/uploads\/2024\/01\/3PRI_Ajuntament-1.jpeg?resize=1024%2C484&amp;ssl=1 1024w, https:\/\/i0.wp.com\/escolagrancapita.wpcomstaging.com\/wp-content\/uploads\/2024\/01\/3PRI_Ajuntament-1.jpeg?resize=768%2C363&amp;ssl=1 768w, https:\/\/i0.wp.com\/escolagrancapita.wpcomstaging.com\/wp-content\/uploads\/2024\/01\/3PRI_Ajuntament-1.jpeg?resize=1536%2C727&amp;ssl=1 1536w, https:\/\/i0.wp.com\/escolagrancapita.wpcomstaging.com\/wp-content\/uploads\/2024\/01\/3PRI_Ajuntament-1.jpeg?resize=1200%2C568&amp;ssl=1 1200w\" sizes=\"auto, (max-width: 750px) 100vw, 750px\" \/>\n\t\t\t<\/div><\/figure><figure class='gallery-item'>\n\t\t\t<div class='gallery-icon landscape'>\n\t\t\t\t<img loading=\"lazy\" decoding=\"async\" width=\"1600\" height=\"757\" src=\"https:\/\/i0.wp.com\/escolagrancapita.wpcomstaging.com\/wp-content\/uploads\/2024\/01\/3PRI_Ajuntament-6.jpeg?fit=1600%2C757&amp;ssl=1\" class=\"attachment-full size-full\" alt=\"\" srcset=\"https:\/\/i0.wp.com\/escolagrancapita.wpcomstaging.com\/wp-content\/uploads\/2024\/01\/3PRI_Ajuntament-6.jpeg?w=1600&amp;ssl=1 1600w, https:\/\/i0.wp.com\/escolagrancapita.wpcomstaging.com\/wp-content\/uploads\/2024\/01\/3PRI_Ajuntament-6.jpeg?resize=300%2C142&amp;ssl=1 300w, https:\/\/i0.wp.com\/escolagrancapita.wpcomstaging.com\/wp-content\/uploads\/2024\/01\/3PRI_Ajuntament-6.jpeg?resize=1024%2C484&amp;ssl=1 1024w, https:\/\/i0.wp.com\/escolagrancapita.wpcomstaging.com\/wp-content\/uploads\/2024\/01\/3PRI_Ajuntament-6.jpeg?resize=768%2C363&amp;ssl=1 768w, https:\/\/i0.wp.com\/escolagrancapita.wpcomstaging.com\/wp-content\/uploads\/2024\/01\/3PRI_Ajuntament-6.jpeg?resize=1536%2C727&amp;ssl=1 1536w, https:\/\/i0.wp.com\/escolagrancapita.wpcomstaging.com\/wp-content\/uploads\/2024\/01\/3PRI_Ajuntament-6.jpeg?resize=1200%2C568&amp;ssl=1 1200w\" sizes=\"auto, (max-width: 750px) 100vw, 750px\" \/>\n\t\t\t<\/div><\/figure>\n\t\t<\/div>\n\n<p style=\"text-align: justify;\">En acabar la visita, tothom va ser obsequiat amb una motxilla i un malet\u00ed ple de pintures com a record de l&#8217;experi\u00e8ncia. Volem expressar el nostre agra\u00efment a l&#8217;alcaldessa i a la regidora d&#8217;educaci\u00f3 per la seva proximitat amb la comunitat educativa de la ciutat.<\/p>\n","protected":false},"excerpt":{"rendered":"<p>Aquest tercer trimestre, 3r de Prim\u00e0ria va tenir l&#8217;oportunitat de visitar l&#8217;ajuntament i con\u00e8ixer personalment l&#8217;alcaldessa. Durant la visita, la regidora d&#8217;educaci\u00f3 de la ciutat, va oferir una explicaci\u00f3 detallada sobre la fascinant fa\u00e7ana de l&#8217;ajuntament, destacant els seus elements<\/p>\n","protected":false},"author":1,"featured_media":0,"parent":0,"menu_order":0,"comment_status":"closed","ping_status":"closed","template":"","meta":{"_crdt_document":"","footnotes":""},"categories":[75],"tags":[139,86,56,82],"class_list":["post-21761","page","type-page","status-publish","hentry","category-activitats","tag-curs-2023-24","tag-ed-primaria","tag-sant-joan-despi","tag-sortides"],"jetpack_sharing_enabled":true,"_links":{"self":[{"href":"https:\/\/escolagrancapita.wpcomstaging.com\/index.php?rest_route=\/wp\/v2\/pages\/21761","targetHints":{"allow":["GET"]}}],"collection":[{"href":"https:\/\/escolagrancapita.wpcomstaging.com\/index.php?rest_route=\/wp\/v2\/pages"}],"about":[{"href":"https:\/\/escolagrancapita.wpcomstaging.com\/index.php?rest_route=\/wp\/v2\/types\/page"}],"author":[{"embeddable":true,"href":"https:\/\/escolagrancapita.wpcomstaging.com\/index.php?rest_route=\/wp\/v2\/users\/1"}],"replies":[{"embeddable":true,"href":"https:\/\/escolagrancapita.wpcomstaging.com\/index.php?rest_route=%2Fwp%2Fv2%2Fcomments&post=21761"}],"version-history":[{"count":4,"href":"https:\/\/escolagrancapita.wpcomstaging.com\/index.php?rest_route=\/wp\/v2\/pages\/21761\/revisions"}],"predecessor-version":[{"id":21805,"href":"https:\/\/escolagrancapita.wpcomstaging.com\/index.php?rest_route=\/wp\/v2\/pages\/21761\/revisions\/21805"}],"wp:attachment":[{"href":"https:\/\/escolagrancapita.wpcomstaging.com\/index.php?rest_route=%2Fwp%2Fv2%2Fmedia&parent=21761"}],"wp:term":[{"taxonomy":"category","embeddable":true,"href":"https:\/\/escolagrancapita.wpcomstaging.com\/index.php?rest_route=%2Fwp%2Fv2%2Fcategories&post=21761"},{"taxonomy":"post_tag","embeddable":true,"href":"https:\/\/escolagrancapita.wpcomstaging.com\/index.php?rest_route=%2Fwp%2Fv2%2Ftags&post=21761"}],"curies":[{"name":"wp","href":"https:\/\/api.w.org\/{rel}","templated":true}]}}