{"id":21907,"date":"2024-02-03T10:30:30","date_gmt":"2024-02-03T10:30:30","guid":{"rendered":"https:\/\/escolagrancapita.wpcomstaging.com\/?page_id=21907"},"modified":"2024-02-03T10:30:30","modified_gmt":"2024-02-03T10:30:30","slug":"dia-escolar-de-la-no-violencia-i-la-pau","status":"publish","type":"page","link":"https:\/\/escolagrancapita.wpcomstaging.com\/?page_id=21907","title":{"rendered":"Dia Escolar de la No-viol\u00e8ncia i la Pau"},"content":{"rendered":"<p style=\"text-align: justify;\">El 30 de gener, coincidint amb l&#8217;aniversari de la mort de <a href=\"https:\/\/ca.wikipedia.org\/wiki\/Mohandas_Gandhi\" target=\"_blank\" rel=\"noopener\">Mahatma Gandhi<\/a>, se celebra el <strong>Dia Escolar de la No-viol\u00e8ncia i la Pau<\/strong>.<\/p>\n<p style=\"text-align: justify;\">Per commemorar aquest dia, tots els cursos han realitzat una manualitat al respecte. A l&#8217;escola volem posar l&#8217;accent en els valors fonamentals que abra\u00e7a aquest concepte: la toler\u00e0ncia, la solidaritat i el respecte als drets humans.<\/p>\n<div id='gallery-1' class='gallery galleryid-21907 gallery-columns-2 gallery-size-full'><figure class='gallery-item'>\n\t\t\t<div class='gallery-icon portrait'>\n\t\t\t\t<img loading=\"lazy\" decoding=\"async\" width=\"1200\" height=\"1600\" src=\"https:\/\/i0.wp.com\/escolagrancapita.wpcomstaging.com\/wp-content\/uploads\/2024\/02\/WhatsApp-Image-2024-01-30-at-10.07.08-Soraya-Sanchez.jpeg?fit=1200%2C1600&amp;ssl=1\" class=\"attachment-full size-full\" alt=\"\" srcset=\"https:\/\/i0.wp.com\/escolagrancapita.wpcomstaging.com\/wp-content\/uploads\/2024\/02\/WhatsApp-Image-2024-01-30-at-10.07.08-Soraya-Sanchez.jpeg?w=1200&amp;ssl=1 1200w, https:\/\/i0.wp.com\/escolagrancapita.wpcomstaging.com\/wp-content\/uploads\/2024\/02\/WhatsApp-Image-2024-01-30-at-10.07.08-Soraya-Sanchez.jpeg?resize=225%2C300&amp;ssl=1 225w, https:\/\/i0.wp.com\/escolagrancapita.wpcomstaging.com\/wp-content\/uploads\/2024\/02\/WhatsApp-Image-2024-01-30-at-10.07.08-Soraya-Sanchez.jpeg?resize=768%2C1024&amp;ssl=1 768w, https:\/\/i0.wp.com\/escolagrancapita.wpcomstaging.com\/wp-content\/uploads\/2024\/02\/WhatsApp-Image-2024-01-30-at-10.07.08-Soraya-Sanchez.jpeg?resize=1152%2C1536&amp;ssl=1 1152w, https:\/\/i0.wp.com\/escolagrancapita.wpcomstaging.com\/wp-content\/uploads\/2024\/02\/WhatsApp-Image-2024-01-30-at-10.07.08-Soraya-Sanchez.jpeg?resize=900%2C1200&amp;ssl=1 900w, https:\/\/i0.wp.com\/escolagrancapita.wpcomstaging.com\/wp-content\/uploads\/2024\/02\/WhatsApp-Image-2024-01-30-at-10.07.08-Soraya-Sanchez.jpeg?resize=600%2C800&amp;ssl=1 600w, https:\/\/i0.wp.com\/escolagrancapita.wpcomstaging.com\/wp-content\/uploads\/2024\/02\/WhatsApp-Image-2024-01-30-at-10.07.08-Soraya-Sanchez.jpeg?resize=450%2C600&amp;ssl=1 450w, https:\/\/i0.wp.com\/escolagrancapita.wpcomstaging.com\/wp-content\/uploads\/2024\/02\/WhatsApp-Image-2024-01-30-at-10.07.08-Soraya-Sanchez.jpeg?resize=300%2C400&amp;ssl=1 300w, https:\/\/i0.wp.com\/escolagrancapita.wpcomstaging.com\/wp-content\/uploads\/2024\/02\/WhatsApp-Image-2024-01-30-at-10.07.08-Soraya-Sanchez.jpeg?resize=150%2C200&amp;ssl=1 150w\" sizes=\"auto, (max-width: 750px) 100vw, 750px\" \/>\n\t\t\t<\/div><\/figure><figure class='gallery-item'>\n\t\t\t<div class='gallery-icon portrait'>\n\t\t\t\t<img loading=\"lazy\" decoding=\"async\" width=\"1537\" height=\"2048\" src=\"https:\/\/i0.wp.com\/escolagrancapita.wpcomstaging.com\/wp-content\/uploads\/2024\/02\/WhatsApp-Image-2024-01-30-at-10.18.58-Soraya-Sanchez.jpeg?fit=1537%2C2048&amp;ssl=1\" class=\"attachment-full size-full\" alt=\"\" srcset=\"https:\/\/i0.wp.com\/escolagrancapita.wpcomstaging.com\/wp-content\/uploads\/2024\/02\/WhatsApp-Image-2024-01-30-at-10.18.58-Soraya-Sanchez.jpeg?w=1537&amp;ssl=1 1537w, https:\/\/i0.wp.com\/escolagrancapita.wpcomstaging.com\/wp-content\/uploads\/2024\/02\/WhatsApp-Image-2024-01-30-at-10.18.58-Soraya-Sanchez.jpeg?resize=225%2C300&amp;ssl=1 225w, https:\/\/i0.wp.com\/escolagrancapita.wpcomstaging.com\/wp-content\/uploads\/2024\/02\/WhatsApp-Image-2024-01-30-at-10.18.58-Soraya-Sanchez.jpeg?resize=769%2C1024&amp;ssl=1 769w, https:\/\/i0.wp.com\/escolagrancapita.wpcomstaging.com\/wp-content\/uploads\/2024\/02\/WhatsApp-Image-2024-01-30-at-10.18.58-Soraya-Sanchez.jpeg?resize=768%2C1023&amp;ssl=1 768w, https:\/\/i0.wp.com\/escolagrancapita.wpcomstaging.com\/wp-content\/uploads\/2024\/02\/WhatsApp-Image-2024-01-30-at-10.18.58-Soraya-Sanchez.jpeg?resize=1153%2C1536&amp;ssl=1 1153w, https:\/\/i0.wp.com\/escolagrancapita.wpcomstaging.com\/wp-content\/uploads\/2024\/02\/WhatsApp-Image-2024-01-30-at-10.18.58-Soraya-Sanchez.jpeg?resize=900%2C1200&amp;ssl=1 900w, https:\/\/i0.wp.com\/escolagrancapita.wpcomstaging.com\/wp-content\/uploads\/2024\/02\/WhatsApp-Image-2024-01-30-at-10.18.58-Soraya-Sanchez.jpeg?resize=600%2C800&amp;ssl=1 600w, https:\/\/i0.wp.com\/escolagrancapita.wpcomstaging.com\/wp-content\/uploads\/2024\/02\/WhatsApp-Image-2024-01-30-at-10.18.58-Soraya-Sanchez.jpeg?resize=450%2C600&amp;ssl=1 450w, https:\/\/i0.wp.com\/escolagrancapita.wpcomstaging.com\/wp-content\/uploads\/2024\/02\/WhatsApp-Image-2024-01-30-at-10.18.58-Soraya-Sanchez.jpeg?resize=300%2C400&amp;ssl=1 300w, https:\/\/i0.wp.com\/escolagrancapita.wpcomstaging.com\/wp-content\/uploads\/2024\/02\/WhatsApp-Image-2024-01-30-at-10.18.58-Soraya-Sanchez.jpeg?resize=150%2C200&amp;ssl=1 150w, https:\/\/i0.wp.com\/escolagrancapita.wpcomstaging.com\/wp-content\/uploads\/2024\/02\/WhatsApp-Image-2024-01-30-at-10.18.58-Soraya-Sanchez.jpeg?resize=1200%2C1599&amp;ssl=1 1200w\" sizes=\"auto, (max-width: 750px) 100vw, 750px\" \/>\n\t\t\t<\/div><\/figure>\n\t\t<\/div>\n\n<div id='gallery-2' class='gallery galleryid-21907 gallery-columns-1 gallery-size-full'><figure class='gallery-item'>\n\t\t\t<div class='gallery-icon landscape'>\n\t\t\t\t<img loading=\"lazy\" decoding=\"async\" width=\"1887\" height=\"945\" src=\"https:\/\/i0.wp.com\/escolagrancapita.wpcomstaging.com\/wp-content\/uploads\/2024\/02\/WhatsApp-Image-2024-01-30-at-11.24.44-Soraya-Sanchez-e1706955718268.jpeg?fit=1887%2C945&amp;ssl=1\" class=\"attachment-full size-full\" alt=\"\" srcset=\"https:\/\/i0.wp.com\/escolagrancapita.wpcomstaging.com\/wp-content\/uploads\/2024\/02\/WhatsApp-Image-2024-01-30-at-11.24.44-Soraya-Sanchez-e1706955718268.jpeg?w=1887&amp;ssl=1 1887w, https:\/\/i0.wp.com\/escolagrancapita.wpcomstaging.com\/wp-content\/uploads\/2024\/02\/WhatsApp-Image-2024-01-30-at-11.24.44-Soraya-Sanchez-e1706955718268.jpeg?resize=300%2C150&amp;ssl=1 300w, https:\/\/i0.wp.com\/escolagrancapita.wpcomstaging.com\/wp-content\/uploads\/2024\/02\/WhatsApp-Image-2024-01-30-at-11.24.44-Soraya-Sanchez-e1706955718268.jpeg?resize=1024%2C513&amp;ssl=1 1024w, https:\/\/i0.wp.com\/escolagrancapita.wpcomstaging.com\/wp-content\/uploads\/2024\/02\/WhatsApp-Image-2024-01-30-at-11.24.44-Soraya-Sanchez-e1706955718268.jpeg?resize=768%2C385&amp;ssl=1 768w, https:\/\/i0.wp.com\/escolagrancapita.wpcomstaging.com\/wp-content\/uploads\/2024\/02\/WhatsApp-Image-2024-01-30-at-11.24.44-Soraya-Sanchez-e1706955718268.jpeg?resize=1536%2C769&amp;ssl=1 1536w, https:\/\/i0.wp.com\/escolagrancapita.wpcomstaging.com\/wp-content\/uploads\/2024\/02\/WhatsApp-Image-2024-01-30-at-11.24.44-Soraya-Sanchez-e1706955718268.jpeg?resize=1200%2C601&amp;ssl=1 1200w\" sizes=\"auto, (max-width: 750px) 100vw, 750px\" \/>\n\t\t\t<\/div><\/figure><figure class='gallery-item'>\n\t\t\t<div class='gallery-icon landscape'>\n\t\t\t\t<img loading=\"lazy\" decoding=\"async\" width=\"1496\" height=\"1496\" src=\"https:\/\/i0.wp.com\/escolagrancapita.wpcomstaging.com\/wp-content\/uploads\/2024\/02\/WhatsApp-Image-2024-01-30-at-11.50.18-Soraya-Sanchez.jpeg?fit=1496%2C1496&amp;ssl=1\" class=\"attachment-full size-full\" alt=\"\" srcset=\"https:\/\/i0.wp.com\/escolagrancapita.wpcomstaging.com\/wp-content\/uploads\/2024\/02\/WhatsApp-Image-2024-01-30-at-11.50.18-Soraya-Sanchez.jpeg?w=1496&amp;ssl=1 1496w, https:\/\/i0.wp.com\/escolagrancapita.wpcomstaging.com\/wp-content\/uploads\/2024\/02\/WhatsApp-Image-2024-01-30-at-11.50.18-Soraya-Sanchez.jpeg?resize=300%2C300&amp;ssl=1 300w, https:\/\/i0.wp.com\/escolagrancapita.wpcomstaging.com\/wp-content\/uploads\/2024\/02\/WhatsApp-Image-2024-01-30-at-11.50.18-Soraya-Sanchez.jpeg?resize=1024%2C1024&amp;ssl=1 1024w, https:\/\/i0.wp.com\/escolagrancapita.wpcomstaging.com\/wp-content\/uploads\/2024\/02\/WhatsApp-Image-2024-01-30-at-11.50.18-Soraya-Sanchez.jpeg?resize=150%2C150&amp;ssl=1 150w, https:\/\/i0.wp.com\/escolagrancapita.wpcomstaging.com\/wp-content\/uploads\/2024\/02\/WhatsApp-Image-2024-01-30-at-11.50.18-Soraya-Sanchez.jpeg?resize=768%2C768&amp;ssl=1 768w, https:\/\/i0.wp.com\/escolagrancapita.wpcomstaging.com\/wp-content\/uploads\/2024\/02\/WhatsApp-Image-2024-01-30-at-11.50.18-Soraya-Sanchez.jpeg?resize=1200%2C1200&amp;ssl=1 1200w, https:\/\/i0.wp.com\/escolagrancapita.wpcomstaging.com\/wp-content\/uploads\/2024\/02\/WhatsApp-Image-2024-01-30-at-11.50.18-Soraya-Sanchez.jpeg?resize=800%2C800&amp;ssl=1 800w, https:\/\/i0.wp.com\/escolagrancapita.wpcomstaging.com\/wp-content\/uploads\/2024\/02\/WhatsApp-Image-2024-01-30-at-11.50.18-Soraya-Sanchez.jpeg?resize=600%2C600&amp;ssl=1 600w, https:\/\/i0.wp.com\/escolagrancapita.wpcomstaging.com\/wp-content\/uploads\/2024\/02\/WhatsApp-Image-2024-01-30-at-11.50.18-Soraya-Sanchez.jpeg?resize=400%2C400&amp;ssl=1 400w, https:\/\/i0.wp.com\/escolagrancapita.wpcomstaging.com\/wp-content\/uploads\/2024\/02\/WhatsApp-Image-2024-01-30-at-11.50.18-Soraya-Sanchez.jpeg?resize=200%2C200&amp;ssl=1 200w, https:\/\/i0.wp.com\/escolagrancapita.wpcomstaging.com\/wp-content\/uploads\/2024\/02\/WhatsApp-Image-2024-01-30-at-11.50.18-Soraya-Sanchez.jpeg?resize=270%2C270&amp;ssl=1 270w, https:\/\/i0.wp.com\/escolagrancapita.wpcomstaging.com\/wp-content\/uploads\/2024\/02\/WhatsApp-Image-2024-01-30-at-11.50.18-Soraya-Sanchez.jpeg?resize=230%2C230&amp;ssl=1 230w\" sizes=\"auto, (max-width: 750px) 100vw, 750px\" \/>\n\t\t\t<\/div><\/figure>\n\t\t<\/div>\n\n<p style=\"text-align: justify;\">Cada dia, ens esforcem per tenir-los presents a les aules, respectant les nostres difer\u00e8ncies i maneres de pensar. D&#8217;altra banda, impartim estrat\u00e8gies per resoldre els conflictes de manera positiva, evitant la viol\u00e8ncia.<\/p>\n<div id='gallery-3' class='gallery galleryid-21907 gallery-columns-1 gallery-size-full'><figure class='gallery-item'>\n\t\t\t<div class='gallery-icon landscape'>\n\t\t\t\t<img loading=\"lazy\" decoding=\"async\" width=\"1205\" height=\"1200\" src=\"https:\/\/i0.wp.com\/escolagrancapita.wpcomstaging.com\/wp-content\/uploads\/2024\/02\/WhatsApp-Image-2024-01-30-at-13.09.41-1-Soraya-Sanchez-e1706955634834.jpeg?fit=1205%2C1200&amp;ssl=1\" class=\"attachment-full size-full\" alt=\"\" srcset=\"https:\/\/i0.wp.com\/escolagrancapita.wpcomstaging.com\/wp-content\/uploads\/2024\/02\/WhatsApp-Image-2024-01-30-at-13.09.41-1-Soraya-Sanchez-e1706955634834.jpeg?w=1205&amp;ssl=1 1205w, https:\/\/i0.wp.com\/escolagrancapita.wpcomstaging.com\/wp-content\/uploads\/2024\/02\/WhatsApp-Image-2024-01-30-at-13.09.41-1-Soraya-Sanchez-e1706955634834.jpeg?resize=300%2C300&amp;ssl=1 300w, https:\/\/i0.wp.com\/escolagrancapita.wpcomstaging.com\/wp-content\/uploads\/2024\/02\/WhatsApp-Image-2024-01-30-at-13.09.41-1-Soraya-Sanchez-e1706955634834.jpeg?resize=1024%2C1020&amp;ssl=1 1024w, https:\/\/i0.wp.com\/escolagrancapita.wpcomstaging.com\/wp-content\/uploads\/2024\/02\/WhatsApp-Image-2024-01-30-at-13.09.41-1-Soraya-Sanchez-e1706955634834.jpeg?resize=150%2C150&amp;ssl=1 150w, https:\/\/i0.wp.com\/escolagrancapita.wpcomstaging.com\/wp-content\/uploads\/2024\/02\/WhatsApp-Image-2024-01-30-at-13.09.41-1-Soraya-Sanchez-e1706955634834.jpeg?resize=768%2C765&amp;ssl=1 768w, https:\/\/i0.wp.com\/escolagrancapita.wpcomstaging.com\/wp-content\/uploads\/2024\/02\/WhatsApp-Image-2024-01-30-at-13.09.41-1-Soraya-Sanchez-e1706955634834.jpeg?resize=200%2C200&amp;ssl=1 200w, https:\/\/i0.wp.com\/escolagrancapita.wpcomstaging.com\/wp-content\/uploads\/2024\/02\/WhatsApp-Image-2024-01-30-at-13.09.41-1-Soraya-Sanchez-e1706955634834.jpeg?resize=1200%2C1195&amp;ssl=1 1200w, https:\/\/i0.wp.com\/escolagrancapita.wpcomstaging.com\/wp-content\/uploads\/2024\/02\/WhatsApp-Image-2024-01-30-at-13.09.41-1-Soraya-Sanchez-e1706955634834.jpeg?resize=270%2C270&amp;ssl=1 270w, https:\/\/i0.wp.com\/escolagrancapita.wpcomstaging.com\/wp-content\/uploads\/2024\/02\/WhatsApp-Image-2024-01-30-at-13.09.41-1-Soraya-Sanchez-e1706955634834.jpeg?resize=230%2C230&amp;ssl=1 230w\" sizes=\"auto, (max-width: 750px) 100vw, 750px\" \/>\n\t\t\t<\/div><\/figure><figure class='gallery-item'>\n\t\t\t<div class='gallery-icon portrait'>\n\t\t\t\t<img loading=\"lazy\" decoding=\"async\" width=\"1120\" height=\"1256\" src=\"https:\/\/i0.wp.com\/escolagrancapita.wpcomstaging.com\/wp-content\/uploads\/2024\/02\/WhatsApp-Image-2024-01-30-at-12.57.29-Soraya-Sanchez-e1706955577441.jpeg?fit=1120%2C1256&amp;ssl=1\" class=\"attachment-full size-full\" alt=\"\" srcset=\"https:\/\/i0.wp.com\/escolagrancapita.wpcomstaging.com\/wp-content\/uploads\/2024\/02\/WhatsApp-Image-2024-01-30-at-12.57.29-Soraya-Sanchez-e1706955577441.jpeg?w=1120&amp;ssl=1 1120w, https:\/\/i0.wp.com\/escolagrancapita.wpcomstaging.com\/wp-content\/uploads\/2024\/02\/WhatsApp-Image-2024-01-30-at-12.57.29-Soraya-Sanchez-e1706955577441.jpeg?resize=268%2C300&amp;ssl=1 268w, https:\/\/i0.wp.com\/escolagrancapita.wpcomstaging.com\/wp-content\/uploads\/2024\/02\/WhatsApp-Image-2024-01-30-at-12.57.29-Soraya-Sanchez-e1706955577441.jpeg?resize=913%2C1024&amp;ssl=1 913w, https:\/\/i0.wp.com\/escolagrancapita.wpcomstaging.com\/wp-content\/uploads\/2024\/02\/WhatsApp-Image-2024-01-30-at-12.57.29-Soraya-Sanchez-e1706955577441.jpeg?resize=768%2C861&amp;ssl=1 768w\" sizes=\"auto, (max-width: 750px) 100vw, 750px\" \/>\n\t\t\t<\/div><\/figure>\n\t\t<\/div>\n\n<div id='gallery-4' class='gallery galleryid-21907 gallery-columns-2 gallery-size-full'><figure class='gallery-item'>\n\t\t\t<div class='gallery-icon landscape'>\n\t\t\t\t<img loading=\"lazy\" decoding=\"async\" width=\"2048\" height=\"1536\" src=\"https:\/\/i0.wp.com\/escolagrancapita.wpcomstaging.com\/wp-content\/uploads\/2024\/02\/WhatsApp-Image-2024-01-30-at-10.04.16-Soraya-Sanchez.jpeg?fit=2048%2C1536&amp;ssl=1\" class=\"attachment-full size-full\" alt=\"\" srcset=\"https:\/\/i0.wp.com\/escolagrancapita.wpcomstaging.com\/wp-content\/uploads\/2024\/02\/WhatsApp-Image-2024-01-30-at-10.04.16-Soraya-Sanchez.jpeg?w=2048&amp;ssl=1 2048w, https:\/\/i0.wp.com\/escolagrancapita.wpcomstaging.com\/wp-content\/uploads\/2024\/02\/WhatsApp-Image-2024-01-30-at-10.04.16-Soraya-Sanchez.jpeg?resize=300%2C225&amp;ssl=1 300w, https:\/\/i0.wp.com\/escolagrancapita.wpcomstaging.com\/wp-content\/uploads\/2024\/02\/WhatsApp-Image-2024-01-30-at-10.04.16-Soraya-Sanchez.jpeg?resize=1024%2C768&amp;ssl=1 1024w, https:\/\/i0.wp.com\/escolagrancapita.wpcomstaging.com\/wp-content\/uploads\/2024\/02\/WhatsApp-Image-2024-01-30-at-10.04.16-Soraya-Sanchez.jpeg?resize=768%2C576&amp;ssl=1 768w, https:\/\/i0.wp.com\/escolagrancapita.wpcomstaging.com\/wp-content\/uploads\/2024\/02\/WhatsApp-Image-2024-01-30-at-10.04.16-Soraya-Sanchez.jpeg?resize=1536%2C1152&amp;ssl=1 1536w, https:\/\/i0.wp.com\/escolagrancapita.wpcomstaging.com\/wp-content\/uploads\/2024\/02\/WhatsApp-Image-2024-01-30-at-10.04.16-Soraya-Sanchez.jpeg?resize=1200%2C900&amp;ssl=1 1200w, https:\/\/i0.wp.com\/escolagrancapita.wpcomstaging.com\/wp-content\/uploads\/2024\/02\/WhatsApp-Image-2024-01-30-at-10.04.16-Soraya-Sanchez.jpeg?resize=800%2C600&amp;ssl=1 800w, https:\/\/i0.wp.com\/escolagrancapita.wpcomstaging.com\/wp-content\/uploads\/2024\/02\/WhatsApp-Image-2024-01-30-at-10.04.16-Soraya-Sanchez.jpeg?resize=600%2C450&amp;ssl=1 600w, https:\/\/i0.wp.com\/escolagrancapita.wpcomstaging.com\/wp-content\/uploads\/2024\/02\/WhatsApp-Image-2024-01-30-at-10.04.16-Soraya-Sanchez.jpeg?resize=400%2C300&amp;ssl=1 400w, https:\/\/i0.wp.com\/escolagrancapita.wpcomstaging.com\/wp-content\/uploads\/2024\/02\/WhatsApp-Image-2024-01-30-at-10.04.16-Soraya-Sanchez.jpeg?resize=200%2C150&amp;ssl=1 200w\" sizes=\"auto, (max-width: 750px) 100vw, 750px\" \/>\n\t\t\t<\/div><\/figure><figure class='gallery-item'>\n\t\t\t<div class='gallery-icon landscape'>\n\t\t\t\t<img loading=\"lazy\" decoding=\"async\" width=\"1600\" height=\"1200\" src=\"https:\/\/i0.wp.com\/escolagrancapita.wpcomstaging.com\/wp-content\/uploads\/2024\/02\/WhatsApp-Image-2024-01-30-at-13.09.41-Soraya-Sanchez.jpeg?fit=1600%2C1200&amp;ssl=1\" class=\"attachment-full size-full\" alt=\"\" srcset=\"https:\/\/i0.wp.com\/escolagrancapita.wpcomstaging.com\/wp-content\/uploads\/2024\/02\/WhatsApp-Image-2024-01-30-at-13.09.41-Soraya-Sanchez.jpeg?w=1600&amp;ssl=1 1600w, https:\/\/i0.wp.com\/escolagrancapita.wpcomstaging.com\/wp-content\/uploads\/2024\/02\/WhatsApp-Image-2024-01-30-at-13.09.41-Soraya-Sanchez.jpeg?resize=300%2C225&amp;ssl=1 300w, https:\/\/i0.wp.com\/escolagrancapita.wpcomstaging.com\/wp-content\/uploads\/2024\/02\/WhatsApp-Image-2024-01-30-at-13.09.41-Soraya-Sanchez.jpeg?resize=1024%2C768&amp;ssl=1 1024w, https:\/\/i0.wp.com\/escolagrancapita.wpcomstaging.com\/wp-content\/uploads\/2024\/02\/WhatsApp-Image-2024-01-30-at-13.09.41-Soraya-Sanchez.jpeg?resize=768%2C576&amp;ssl=1 768w, https:\/\/i0.wp.com\/escolagrancapita.wpcomstaging.com\/wp-content\/uploads\/2024\/02\/WhatsApp-Image-2024-01-30-at-13.09.41-Soraya-Sanchez.jpeg?resize=1536%2C1152&amp;ssl=1 1536w, https:\/\/i0.wp.com\/escolagrancapita.wpcomstaging.com\/wp-content\/uploads\/2024\/02\/WhatsApp-Image-2024-01-30-at-13.09.41-Soraya-Sanchez.jpeg?resize=1200%2C900&amp;ssl=1 1200w, https:\/\/i0.wp.com\/escolagrancapita.wpcomstaging.com\/wp-content\/uploads\/2024\/02\/WhatsApp-Image-2024-01-30-at-13.09.41-Soraya-Sanchez.jpeg?resize=800%2C600&amp;ssl=1 800w, https:\/\/i0.wp.com\/escolagrancapita.wpcomstaging.com\/wp-content\/uploads\/2024\/02\/WhatsApp-Image-2024-01-30-at-13.09.41-Soraya-Sanchez.jpeg?resize=600%2C450&amp;ssl=1 600w, https:\/\/i0.wp.com\/escolagrancapita.wpcomstaging.com\/wp-content\/uploads\/2024\/02\/WhatsApp-Image-2024-01-30-at-13.09.41-Soraya-Sanchez.jpeg?resize=400%2C300&amp;ssl=1 400w, https:\/\/i0.wp.com\/escolagrancapita.wpcomstaging.com\/wp-content\/uploads\/2024\/02\/WhatsApp-Image-2024-01-30-at-13.09.41-Soraya-Sanchez.jpeg?resize=200%2C150&amp;ssl=1 200w\" sizes=\"auto, (max-width: 750px) 100vw, 750px\" \/>\n\t\t\t<\/div><\/figure>\n\t\t<\/div>\n\n<div id='gallery-5' class='gallery galleryid-21907 gallery-columns-1 gallery-size-full'><figure class='gallery-item'>\n\t\t\t<div class='gallery-icon landscape'>\n\t\t\t\t<img loading=\"lazy\" decoding=\"async\" width=\"1153\" height=\"1133\" src=\"https:\/\/i0.wp.com\/escolagrancapita.wpcomstaging.com\/wp-content\/uploads\/2024\/02\/WhatsApp-Image-2024-01-30-at-11.56.17-1-Soraya-Sanchez-e1706955517574.jpeg?fit=1153%2C1133&amp;ssl=1\" class=\"attachment-full size-full\" alt=\"\" srcset=\"https:\/\/i0.wp.com\/escolagrancapita.wpcomstaging.com\/wp-content\/uploads\/2024\/02\/WhatsApp-Image-2024-01-30-at-11.56.17-1-Soraya-Sanchez-e1706955517574.jpeg?w=1153&amp;ssl=1 1153w, https:\/\/i0.wp.com\/escolagrancapita.wpcomstaging.com\/wp-content\/uploads\/2024\/02\/WhatsApp-Image-2024-01-30-at-11.56.17-1-Soraya-Sanchez-e1706955517574.jpeg?resize=300%2C295&amp;ssl=1 300w, https:\/\/i0.wp.com\/escolagrancapita.wpcomstaging.com\/wp-content\/uploads\/2024\/02\/WhatsApp-Image-2024-01-30-at-11.56.17-1-Soraya-Sanchez-e1706955517574.jpeg?resize=1024%2C1006&amp;ssl=1 1024w, https:\/\/i0.wp.com\/escolagrancapita.wpcomstaging.com\/wp-content\/uploads\/2024\/02\/WhatsApp-Image-2024-01-30-at-11.56.17-1-Soraya-Sanchez-e1706955517574.jpeg?resize=768%2C755&amp;ssl=1 768w\" sizes=\"auto, (max-width: 750px) 100vw, 750px\" \/>\n\t\t\t<\/div><\/figure><figure class='gallery-item'>\n\t\t\t<div class='gallery-icon landscape'>\n\t\t\t\t<img loading=\"lazy\" decoding=\"async\" width=\"1200\" height=\"1021\" src=\"https:\/\/i0.wp.com\/escolagrancapita.wpcomstaging.com\/wp-content\/uploads\/2024\/02\/WhatsApp-Image-2024-01-30-at-13.09.05-Soraya-Sanchez-e1706955533102.jpeg?fit=1200%2C1021&amp;ssl=1\" class=\"attachment-full size-full\" alt=\"\" srcset=\"https:\/\/i0.wp.com\/escolagrancapita.wpcomstaging.com\/wp-content\/uploads\/2024\/02\/WhatsApp-Image-2024-01-30-at-13.09.05-Soraya-Sanchez-e1706955533102.jpeg?w=1200&amp;ssl=1 1200w, https:\/\/i0.wp.com\/escolagrancapita.wpcomstaging.com\/wp-content\/uploads\/2024\/02\/WhatsApp-Image-2024-01-30-at-13.09.05-Soraya-Sanchez-e1706955533102.jpeg?resize=300%2C255&amp;ssl=1 300w, https:\/\/i0.wp.com\/escolagrancapita.wpcomstaging.com\/wp-content\/uploads\/2024\/02\/WhatsApp-Image-2024-01-30-at-13.09.05-Soraya-Sanchez-e1706955533102.jpeg?resize=1024%2C871&amp;ssl=1 1024w, https:\/\/i0.wp.com\/escolagrancapita.wpcomstaging.com\/wp-content\/uploads\/2024\/02\/WhatsApp-Image-2024-01-30-at-13.09.05-Soraya-Sanchez-e1706955533102.jpeg?resize=768%2C653&amp;ssl=1 768w\" sizes=\"auto, (max-width: 750px) 100vw, 750px\" \/>\n\t\t\t<\/div><\/figure>\n\t\t<\/div>\n\n<p>&#x1f54a;&#x262e;!<\/p>\n","protected":false},"excerpt":{"rendered":"<p>El 30 de gener, coincidint amb l&#8217;aniversari de la mort de Mahatma Gandhi, se celebra el Dia Escolar de la No-viol\u00e8ncia i la Pau. Per commemorar aquest dia, tots els cursos han realitzat una manualitat al respecte. A l&#8217;escola volem<\/p>\n","protected":false},"author":1,"featured_media":0,"parent":0,"menu_order":0,"comment_status":"closed","ping_status":"closed","template":"","meta":{"_crdt_document":"","footnotes":""},"categories":[75],"tags":[139,48,62],"class_list":["post-21907","page","type-page","status-publish","hentry","category-activitats","tag-curs-2023-24","tag-escola","tag-valors"],"jetpack_sharing_enabled":true,"_links":{"self":[{"href":"https:\/\/escolagrancapita.wpcomstaging.com\/index.php?rest_route=\/wp\/v2\/pages\/21907","targetHints":{"allow":["GET"]}}],"collection":[{"href":"https:\/\/escolagrancapita.wpcomstaging.com\/index.php?rest_route=\/wp\/v2\/pages"}],"about":[{"href":"https:\/\/escolagrancapita.wpcomstaging.com\/index.php?rest_route=\/wp\/v2\/types\/page"}],"author":[{"embeddable":true,"href":"https:\/\/escolagrancapita.wpcomstaging.com\/index.php?rest_route=\/wp\/v2\/users\/1"}],"replies":[{"embeddable":true,"href":"https:\/\/escolagrancapita.wpcomstaging.com\/index.php?rest_route=%2Fwp%2Fv2%2Fcomments&post=21907"}],"version-history":[{"count":3,"href":"https:\/\/escolagrancapita.wpcomstaging.com\/index.php?rest_route=\/wp\/v2\/pages\/21907\/revisions"}],"predecessor-version":[{"id":21920,"href":"https:\/\/escolagrancapita.wpcomstaging.com\/index.php?rest_route=\/wp\/v2\/pages\/21907\/revisions\/21920"}],"wp:attachment":[{"href":"https:\/\/escolagrancapita.wpcomstaging.com\/index.php?rest_route=%2Fwp%2Fv2%2Fmedia&parent=21907"}],"wp:term":[{"taxonomy":"category","embeddable":true,"href":"https:\/\/escolagrancapita.wpcomstaging.com\/index.php?rest_route=%2Fwp%2Fv2%2Fcategories&post=21907"},{"taxonomy":"post_tag","embeddable":true,"href":"https:\/\/escolagrancapita.wpcomstaging.com\/index.php?rest_route=%2Fwp%2Fv2%2Ftags&post=21907"}],"curies":[{"name":"wp","href":"https:\/\/api.w.org\/{rel}","templated":true}]}}