{"id":21921,"date":"2024-02-03T10:39:48","date_gmt":"2024-02-03T10:39:48","guid":{"rendered":"https:\/\/escolagrancapita.wpcomstaging.com\/?page_id=21921"},"modified":"2024-02-19T10:50:26","modified_gmt":"2024-02-19T10:50:26","slug":"jugant-amb-neu-artificial","status":"publish","type":"page","link":"https:\/\/escolagrancapita.wpcomstaging.com\/?page_id=21921","title":{"rendered":"Jugant amb neu artificial"},"content":{"rendered":"<p style=\"text-align: justify;\">Ja ha arribat l&#8217;hivern i el fred, i els nens i les nenes de P5 tenen moltes ganes de jugar amb la neu. Per\u00f2, <strong>es pot fer neu a la classe?<\/strong><\/p>\n<p style=\"text-align: justify;\">Els cient\u00edfics i les cient\u00edfiques de I5 han fet una visita al laboratori de l&#8217;escola per tal de resoldre el seu dubte. Organitzats en petits grups de treball, els alumnes de P5 han portat a terme un experiment per aconseguir realitzar neu artificial.<\/p>\n<div id='gallery-1' class='gallery galleryid-21921 gallery-columns-3 gallery-size-full'><figure class='gallery-item'>\n\t\t\t<div class='gallery-icon portrait'>\n\t\t\t\t<img loading=\"lazy\" decoding=\"async\" width=\"1536\" height=\"2048\" src=\"https:\/\/i0.wp.com\/escolagrancapita.wpcomstaging.com\/wp-content\/uploads\/2024\/02\/5INF_Neu-4.jpg?fit=1536%2C2048&amp;ssl=1\" class=\"attachment-full size-full\" alt=\"\" srcset=\"https:\/\/i0.wp.com\/escolagrancapita.wpcomstaging.com\/wp-content\/uploads\/2024\/02\/5INF_Neu-4.jpg?w=1536&amp;ssl=1 1536w, https:\/\/i0.wp.com\/escolagrancapita.wpcomstaging.com\/wp-content\/uploads\/2024\/02\/5INF_Neu-4.jpg?resize=225%2C300&amp;ssl=1 225w, https:\/\/i0.wp.com\/escolagrancapita.wpcomstaging.com\/wp-content\/uploads\/2024\/02\/5INF_Neu-4.jpg?resize=768%2C1024&amp;ssl=1 768w, https:\/\/i0.wp.com\/escolagrancapita.wpcomstaging.com\/wp-content\/uploads\/2024\/02\/5INF_Neu-4.jpg?resize=1152%2C1536&amp;ssl=1 1152w, https:\/\/i0.wp.com\/escolagrancapita.wpcomstaging.com\/wp-content\/uploads\/2024\/02\/5INF_Neu-4.jpg?resize=900%2C1200&amp;ssl=1 900w, https:\/\/i0.wp.com\/escolagrancapita.wpcomstaging.com\/wp-content\/uploads\/2024\/02\/5INF_Neu-4.jpg?resize=600%2C800&amp;ssl=1 600w, https:\/\/i0.wp.com\/escolagrancapita.wpcomstaging.com\/wp-content\/uploads\/2024\/02\/5INF_Neu-4.jpg?resize=450%2C600&amp;ssl=1 450w, https:\/\/i0.wp.com\/escolagrancapita.wpcomstaging.com\/wp-content\/uploads\/2024\/02\/5INF_Neu-4.jpg?resize=300%2C400&amp;ssl=1 300w, https:\/\/i0.wp.com\/escolagrancapita.wpcomstaging.com\/wp-content\/uploads\/2024\/02\/5INF_Neu-4.jpg?resize=150%2C200&amp;ssl=1 150w, https:\/\/i0.wp.com\/escolagrancapita.wpcomstaging.com\/wp-content\/uploads\/2024\/02\/5INF_Neu-4.jpg?resize=1200%2C1600&amp;ssl=1 1200w\" sizes=\"auto, (max-width: 750px) 100vw, 750px\" \/>\n\t\t\t<\/div><\/figure><figure class='gallery-item'>\n\t\t\t<div class='gallery-icon portrait'>\n\t\t\t\t<img loading=\"lazy\" decoding=\"async\" width=\"1536\" height=\"2048\" src=\"https:\/\/i0.wp.com\/escolagrancapita.wpcomstaging.com\/wp-content\/uploads\/2024\/02\/5INF_Neu-5.jpg?fit=1536%2C2048&amp;ssl=1\" class=\"attachment-full size-full\" alt=\"\" srcset=\"https:\/\/i0.wp.com\/escolagrancapita.wpcomstaging.com\/wp-content\/uploads\/2024\/02\/5INF_Neu-5.jpg?w=1536&amp;ssl=1 1536w, https:\/\/i0.wp.com\/escolagrancapita.wpcomstaging.com\/wp-content\/uploads\/2024\/02\/5INF_Neu-5.jpg?resize=225%2C300&amp;ssl=1 225w, https:\/\/i0.wp.com\/escolagrancapita.wpcomstaging.com\/wp-content\/uploads\/2024\/02\/5INF_Neu-5.jpg?resize=768%2C1024&amp;ssl=1 768w, https:\/\/i0.wp.com\/escolagrancapita.wpcomstaging.com\/wp-content\/uploads\/2024\/02\/5INF_Neu-5.jpg?resize=1152%2C1536&amp;ssl=1 1152w, https:\/\/i0.wp.com\/escolagrancapita.wpcomstaging.com\/wp-content\/uploads\/2024\/02\/5INF_Neu-5.jpg?resize=900%2C1200&amp;ssl=1 900w, https:\/\/i0.wp.com\/escolagrancapita.wpcomstaging.com\/wp-content\/uploads\/2024\/02\/5INF_Neu-5.jpg?resize=600%2C800&amp;ssl=1 600w, https:\/\/i0.wp.com\/escolagrancapita.wpcomstaging.com\/wp-content\/uploads\/2024\/02\/5INF_Neu-5.jpg?resize=450%2C600&amp;ssl=1 450w, https:\/\/i0.wp.com\/escolagrancapita.wpcomstaging.com\/wp-content\/uploads\/2024\/02\/5INF_Neu-5.jpg?resize=300%2C400&amp;ssl=1 300w, https:\/\/i0.wp.com\/escolagrancapita.wpcomstaging.com\/wp-content\/uploads\/2024\/02\/5INF_Neu-5.jpg?resize=150%2C200&amp;ssl=1 150w, https:\/\/i0.wp.com\/escolagrancapita.wpcomstaging.com\/wp-content\/uploads\/2024\/02\/5INF_Neu-5.jpg?resize=1200%2C1600&amp;ssl=1 1200w\" sizes=\"auto, (max-width: 750px) 100vw, 750px\" \/>\n\t\t\t<\/div><\/figure><figure class='gallery-item'>\n\t\t\t<div class='gallery-icon portrait'>\n\t\t\t\t<img loading=\"lazy\" decoding=\"async\" width=\"1536\" height=\"2048\" src=\"https:\/\/i0.wp.com\/escolagrancapita.wpcomstaging.com\/wp-content\/uploads\/2024\/02\/5INF_Neu-6.jpg?fit=1536%2C2048&amp;ssl=1\" class=\"attachment-full size-full\" alt=\"\" srcset=\"https:\/\/i0.wp.com\/escolagrancapita.wpcomstaging.com\/wp-content\/uploads\/2024\/02\/5INF_Neu-6.jpg?w=1536&amp;ssl=1 1536w, https:\/\/i0.wp.com\/escolagrancapita.wpcomstaging.com\/wp-content\/uploads\/2024\/02\/5INF_Neu-6.jpg?resize=225%2C300&amp;ssl=1 225w, https:\/\/i0.wp.com\/escolagrancapita.wpcomstaging.com\/wp-content\/uploads\/2024\/02\/5INF_Neu-6.jpg?resize=768%2C1024&amp;ssl=1 768w, https:\/\/i0.wp.com\/escolagrancapita.wpcomstaging.com\/wp-content\/uploads\/2024\/02\/5INF_Neu-6.jpg?resize=1152%2C1536&amp;ssl=1 1152w, https:\/\/i0.wp.com\/escolagrancapita.wpcomstaging.com\/wp-content\/uploads\/2024\/02\/5INF_Neu-6.jpg?resize=900%2C1200&amp;ssl=1 900w, https:\/\/i0.wp.com\/escolagrancapita.wpcomstaging.com\/wp-content\/uploads\/2024\/02\/5INF_Neu-6.jpg?resize=600%2C800&amp;ssl=1 600w, https:\/\/i0.wp.com\/escolagrancapita.wpcomstaging.com\/wp-content\/uploads\/2024\/02\/5INF_Neu-6.jpg?resize=450%2C600&amp;ssl=1 450w, https:\/\/i0.wp.com\/escolagrancapita.wpcomstaging.com\/wp-content\/uploads\/2024\/02\/5INF_Neu-6.jpg?resize=300%2C400&amp;ssl=1 300w, https:\/\/i0.wp.com\/escolagrancapita.wpcomstaging.com\/wp-content\/uploads\/2024\/02\/5INF_Neu-6.jpg?resize=150%2C200&amp;ssl=1 150w, https:\/\/i0.wp.com\/escolagrancapita.wpcomstaging.com\/wp-content\/uploads\/2024\/02\/5INF_Neu-6.jpg?resize=1200%2C1600&amp;ssl=1 1200w\" sizes=\"auto, (max-width: 750px) 100vw, 750px\" \/>\n\t\t\t<\/div><\/figure>\n\t\t<\/div>\n\n<div id='gallery-2' class='gallery galleryid-21921 gallery-columns-2 gallery-size-full'><figure class='gallery-item'>\n\t\t\t<div class='gallery-icon landscape'>\n\t\t\t\t<img loading=\"lazy\" decoding=\"async\" width=\"4032\" height=\"3024\" src=\"https:\/\/i0.wp.com\/escolagrancapita.wpcomstaging.com\/wp-content\/uploads\/2024\/02\/5INF_Neu-10.jpg?fit=4032%2C3024&amp;ssl=1\" class=\"attachment-full size-full\" alt=\"\" srcset=\"https:\/\/i0.wp.com\/escolagrancapita.wpcomstaging.com\/wp-content\/uploads\/2024\/02\/5INF_Neu-10.jpg?w=4032&amp;ssl=1 4032w, https:\/\/i0.wp.com\/escolagrancapita.wpcomstaging.com\/wp-content\/uploads\/2024\/02\/5INF_Neu-10.jpg?resize=300%2C225&amp;ssl=1 300w, https:\/\/i0.wp.com\/escolagrancapita.wpcomstaging.com\/wp-content\/uploads\/2024\/02\/5INF_Neu-10.jpg?resize=1024%2C768&amp;ssl=1 1024w, https:\/\/i0.wp.com\/escolagrancapita.wpcomstaging.com\/wp-content\/uploads\/2024\/02\/5INF_Neu-10.jpg?resize=768%2C576&amp;ssl=1 768w, https:\/\/i0.wp.com\/escolagrancapita.wpcomstaging.com\/wp-content\/uploads\/2024\/02\/5INF_Neu-10.jpg?resize=1536%2C1152&amp;ssl=1 1536w, https:\/\/i0.wp.com\/escolagrancapita.wpcomstaging.com\/wp-content\/uploads\/2024\/02\/5INF_Neu-10.jpg?resize=2048%2C1536&amp;ssl=1 2048w, https:\/\/i0.wp.com\/escolagrancapita.wpcomstaging.com\/wp-content\/uploads\/2024\/02\/5INF_Neu-10.jpg?resize=1200%2C900&amp;ssl=1 1200w, https:\/\/i0.wp.com\/escolagrancapita.wpcomstaging.com\/wp-content\/uploads\/2024\/02\/5INF_Neu-10.jpg?resize=800%2C600&amp;ssl=1 800w, https:\/\/i0.wp.com\/escolagrancapita.wpcomstaging.com\/wp-content\/uploads\/2024\/02\/5INF_Neu-10.jpg?resize=600%2C450&amp;ssl=1 600w, https:\/\/i0.wp.com\/escolagrancapita.wpcomstaging.com\/wp-content\/uploads\/2024\/02\/5INF_Neu-10.jpg?resize=400%2C300&amp;ssl=1 400w, https:\/\/i0.wp.com\/escolagrancapita.wpcomstaging.com\/wp-content\/uploads\/2024\/02\/5INF_Neu-10.jpg?resize=200%2C150&amp;ssl=1 200w, https:\/\/i0.wp.com\/escolagrancapita.wpcomstaging.com\/wp-content\/uploads\/2024\/02\/5INF_Neu-10.jpg?w=2250&amp;ssl=1 2250w\" sizes=\"auto, (max-width: 750px) 100vw, 750px\" \/>\n\t\t\t<\/div><\/figure><figure class='gallery-item'>\n\t\t\t<div class='gallery-icon landscape'>\n\t\t\t\t<img loading=\"lazy\" decoding=\"async\" width=\"4032\" height=\"3024\" src=\"https:\/\/i0.wp.com\/escolagrancapita.wpcomstaging.com\/wp-content\/uploads\/2024\/02\/5INF_Neu-11-rotated-e1706956521744.jpg?fit=4032%2C3024&amp;ssl=1\" class=\"attachment-full size-full\" alt=\"\" srcset=\"https:\/\/i0.wp.com\/escolagrancapita.wpcomstaging.com\/wp-content\/uploads\/2024\/02\/5INF_Neu-11-rotated-e1706956521744.jpg?w=4032&amp;ssl=1 4032w, https:\/\/i0.wp.com\/escolagrancapita.wpcomstaging.com\/wp-content\/uploads\/2024\/02\/5INF_Neu-11-rotated-e1706956521744.jpg?resize=300%2C225&amp;ssl=1 300w, https:\/\/i0.wp.com\/escolagrancapita.wpcomstaging.com\/wp-content\/uploads\/2024\/02\/5INF_Neu-11-rotated-e1706956521744.jpg?resize=1024%2C768&amp;ssl=1 1024w, https:\/\/i0.wp.com\/escolagrancapita.wpcomstaging.com\/wp-content\/uploads\/2024\/02\/5INF_Neu-11-rotated-e1706956521744.jpg?resize=768%2C576&amp;ssl=1 768w, https:\/\/i0.wp.com\/escolagrancapita.wpcomstaging.com\/wp-content\/uploads\/2024\/02\/5INF_Neu-11-rotated-e1706956521744.jpg?resize=1536%2C1152&amp;ssl=1 1536w, https:\/\/i0.wp.com\/escolagrancapita.wpcomstaging.com\/wp-content\/uploads\/2024\/02\/5INF_Neu-11-rotated-e1706956521744.jpg?resize=2048%2C1536&amp;ssl=1 2048w, https:\/\/i0.wp.com\/escolagrancapita.wpcomstaging.com\/wp-content\/uploads\/2024\/02\/5INF_Neu-11-rotated-e1706956521744.jpg?resize=1200%2C900&amp;ssl=1 1200w, https:\/\/i0.wp.com\/escolagrancapita.wpcomstaging.com\/wp-content\/uploads\/2024\/02\/5INF_Neu-11-rotated-e1706956521744.jpg?resize=800%2C600&amp;ssl=1 800w, https:\/\/i0.wp.com\/escolagrancapita.wpcomstaging.com\/wp-content\/uploads\/2024\/02\/5INF_Neu-11-rotated-e1706956521744.jpg?resize=600%2C450&amp;ssl=1 600w, https:\/\/i0.wp.com\/escolagrancapita.wpcomstaging.com\/wp-content\/uploads\/2024\/02\/5INF_Neu-11-rotated-e1706956521744.jpg?resize=400%2C300&amp;ssl=1 400w, https:\/\/i0.wp.com\/escolagrancapita.wpcomstaging.com\/wp-content\/uploads\/2024\/02\/5INF_Neu-11-rotated-e1706956521744.jpg?resize=200%2C150&amp;ssl=1 200w, https:\/\/i0.wp.com\/escolagrancapita.wpcomstaging.com\/wp-content\/uploads\/2024\/02\/5INF_Neu-11-rotated-e1706956521744.jpg?w=2250&amp;ssl=1 2250w\" sizes=\"auto, (max-width: 750px) 100vw, 750px\" \/>\n\t\t\t<\/div><\/figure>\n\t\t<\/div>\n\n<p style=\"text-align: justify;\">Han gaudit molt experimentant amb la barreja d&#8217;aigua i bicarbonat.<\/p>\n<p style=\"text-align: center;\"><iframe loading=\"lazy\" title=\"\" src=\"https:\/\/www.youtube.com\/embed\/tcF6foZA5uU\" width=\"463\" height=\"823\" frameborder=\"0\" allowfullscreen=\"allowfullscreen\"><\/iframe><\/p>\n<div id='gallery-3' class='gallery galleryid-21921 gallery-columns-3 gallery-size-full'><figure class='gallery-item'>\n\t\t\t<div class='gallery-icon portrait'>\n\t\t\t\t<img loading=\"lazy\" decoding=\"async\" width=\"1536\" height=\"2048\" src=\"https:\/\/i0.wp.com\/escolagrancapita.wpcomstaging.com\/wp-content\/uploads\/2024\/02\/5INF_Neu-1.jpg?fit=1536%2C2048&amp;ssl=1\" class=\"attachment-full size-full\" alt=\"\" srcset=\"https:\/\/i0.wp.com\/escolagrancapita.wpcomstaging.com\/wp-content\/uploads\/2024\/02\/5INF_Neu-1.jpg?w=1536&amp;ssl=1 1536w, https:\/\/i0.wp.com\/escolagrancapita.wpcomstaging.com\/wp-content\/uploads\/2024\/02\/5INF_Neu-1.jpg?resize=225%2C300&amp;ssl=1 225w, https:\/\/i0.wp.com\/escolagrancapita.wpcomstaging.com\/wp-content\/uploads\/2024\/02\/5INF_Neu-1.jpg?resize=768%2C1024&amp;ssl=1 768w, https:\/\/i0.wp.com\/escolagrancapita.wpcomstaging.com\/wp-content\/uploads\/2024\/02\/5INF_Neu-1.jpg?resize=1152%2C1536&amp;ssl=1 1152w, https:\/\/i0.wp.com\/escolagrancapita.wpcomstaging.com\/wp-content\/uploads\/2024\/02\/5INF_Neu-1.jpg?resize=900%2C1200&amp;ssl=1 900w, https:\/\/i0.wp.com\/escolagrancapita.wpcomstaging.com\/wp-content\/uploads\/2024\/02\/5INF_Neu-1.jpg?resize=600%2C800&amp;ssl=1 600w, https:\/\/i0.wp.com\/escolagrancapita.wpcomstaging.com\/wp-content\/uploads\/2024\/02\/5INF_Neu-1.jpg?resize=450%2C600&amp;ssl=1 450w, https:\/\/i0.wp.com\/escolagrancapita.wpcomstaging.com\/wp-content\/uploads\/2024\/02\/5INF_Neu-1.jpg?resize=300%2C400&amp;ssl=1 300w, https:\/\/i0.wp.com\/escolagrancapita.wpcomstaging.com\/wp-content\/uploads\/2024\/02\/5INF_Neu-1.jpg?resize=150%2C200&amp;ssl=1 150w, https:\/\/i0.wp.com\/escolagrancapita.wpcomstaging.com\/wp-content\/uploads\/2024\/02\/5INF_Neu-1.jpg?resize=1200%2C1600&amp;ssl=1 1200w\" sizes=\"auto, (max-width: 750px) 100vw, 750px\" \/>\n\t\t\t<\/div><\/figure><figure class='gallery-item'>\n\t\t\t<div class='gallery-icon portrait'>\n\t\t\t\t<img loading=\"lazy\" decoding=\"async\" width=\"1536\" height=\"2048\" src=\"https:\/\/i0.wp.com\/escolagrancapita.wpcomstaging.com\/wp-content\/uploads\/2024\/02\/5INF_Neu-2.jpg?fit=1536%2C2048&amp;ssl=1\" class=\"attachment-full size-full\" alt=\"\" srcset=\"https:\/\/i0.wp.com\/escolagrancapita.wpcomstaging.com\/wp-content\/uploads\/2024\/02\/5INF_Neu-2.jpg?w=1536&amp;ssl=1 1536w, https:\/\/i0.wp.com\/escolagrancapita.wpcomstaging.com\/wp-content\/uploads\/2024\/02\/5INF_Neu-2.jpg?resize=225%2C300&amp;ssl=1 225w, https:\/\/i0.wp.com\/escolagrancapita.wpcomstaging.com\/wp-content\/uploads\/2024\/02\/5INF_Neu-2.jpg?resize=768%2C1024&amp;ssl=1 768w, https:\/\/i0.wp.com\/escolagrancapita.wpcomstaging.com\/wp-content\/uploads\/2024\/02\/5INF_Neu-2.jpg?resize=1152%2C1536&amp;ssl=1 1152w, https:\/\/i0.wp.com\/escolagrancapita.wpcomstaging.com\/wp-content\/uploads\/2024\/02\/5INF_Neu-2.jpg?resize=900%2C1200&amp;ssl=1 900w, https:\/\/i0.wp.com\/escolagrancapita.wpcomstaging.com\/wp-content\/uploads\/2024\/02\/5INF_Neu-2.jpg?resize=600%2C800&amp;ssl=1 600w, https:\/\/i0.wp.com\/escolagrancapita.wpcomstaging.com\/wp-content\/uploads\/2024\/02\/5INF_Neu-2.jpg?resize=450%2C600&amp;ssl=1 450w, https:\/\/i0.wp.com\/escolagrancapita.wpcomstaging.com\/wp-content\/uploads\/2024\/02\/5INF_Neu-2.jpg?resize=300%2C400&amp;ssl=1 300w, https:\/\/i0.wp.com\/escolagrancapita.wpcomstaging.com\/wp-content\/uploads\/2024\/02\/5INF_Neu-2.jpg?resize=150%2C200&amp;ssl=1 150w, https:\/\/i0.wp.com\/escolagrancapita.wpcomstaging.com\/wp-content\/uploads\/2024\/02\/5INF_Neu-2.jpg?resize=1200%2C1600&amp;ssl=1 1200w\" sizes=\"auto, (max-width: 750px) 100vw, 750px\" \/>\n\t\t\t<\/div><\/figure><figure class='gallery-item'>\n\t\t\t<div class='gallery-icon portrait'>\n\t\t\t\t<img loading=\"lazy\" decoding=\"async\" width=\"1536\" height=\"2048\" src=\"https:\/\/i0.wp.com\/escolagrancapita.wpcomstaging.com\/wp-content\/uploads\/2024\/02\/5INF_Neu-3.jpg?fit=1536%2C2048&amp;ssl=1\" class=\"attachment-full size-full\" alt=\"\" srcset=\"https:\/\/i0.wp.com\/escolagrancapita.wpcomstaging.com\/wp-content\/uploads\/2024\/02\/5INF_Neu-3.jpg?w=1536&amp;ssl=1 1536w, https:\/\/i0.wp.com\/escolagrancapita.wpcomstaging.com\/wp-content\/uploads\/2024\/02\/5INF_Neu-3.jpg?resize=225%2C300&amp;ssl=1 225w, https:\/\/i0.wp.com\/escolagrancapita.wpcomstaging.com\/wp-content\/uploads\/2024\/02\/5INF_Neu-3.jpg?resize=768%2C1024&amp;ssl=1 768w, https:\/\/i0.wp.com\/escolagrancapita.wpcomstaging.com\/wp-content\/uploads\/2024\/02\/5INF_Neu-3.jpg?resize=1152%2C1536&amp;ssl=1 1152w, https:\/\/i0.wp.com\/escolagrancapita.wpcomstaging.com\/wp-content\/uploads\/2024\/02\/5INF_Neu-3.jpg?resize=900%2C1200&amp;ssl=1 900w, https:\/\/i0.wp.com\/escolagrancapita.wpcomstaging.com\/wp-content\/uploads\/2024\/02\/5INF_Neu-3.jpg?resize=600%2C800&amp;ssl=1 600w, https:\/\/i0.wp.com\/escolagrancapita.wpcomstaging.com\/wp-content\/uploads\/2024\/02\/5INF_Neu-3.jpg?resize=450%2C600&amp;ssl=1 450w, https:\/\/i0.wp.com\/escolagrancapita.wpcomstaging.com\/wp-content\/uploads\/2024\/02\/5INF_Neu-3.jpg?resize=300%2C400&amp;ssl=1 300w, https:\/\/i0.wp.com\/escolagrancapita.wpcomstaging.com\/wp-content\/uploads\/2024\/02\/5INF_Neu-3.jpg?resize=150%2C200&amp;ssl=1 150w, https:\/\/i0.wp.com\/escolagrancapita.wpcomstaging.com\/wp-content\/uploads\/2024\/02\/5INF_Neu-3.jpg?resize=1200%2C1600&amp;ssl=1 1200w\" sizes=\"auto, (max-width: 750px) 100vw, 750px\" \/>\n\t\t\t<\/div><\/figure><figure class='gallery-item'>\n\t\t\t<div class='gallery-icon portrait'>\n\t\t\t\t<img loading=\"lazy\" decoding=\"async\" width=\"1536\" height=\"2048\" src=\"https:\/\/i0.wp.com\/escolagrancapita.wpcomstaging.com\/wp-content\/uploads\/2024\/02\/5INF_Neu-5.jpg?fit=1536%2C2048&amp;ssl=1\" class=\"attachment-full size-full\" alt=\"\" srcset=\"https:\/\/i0.wp.com\/escolagrancapita.wpcomstaging.com\/wp-content\/uploads\/2024\/02\/5INF_Neu-5.jpg?w=1536&amp;ssl=1 1536w, https:\/\/i0.wp.com\/escolagrancapita.wpcomstaging.com\/wp-content\/uploads\/2024\/02\/5INF_Neu-5.jpg?resize=225%2C300&amp;ssl=1 225w, https:\/\/i0.wp.com\/escolagrancapita.wpcomstaging.com\/wp-content\/uploads\/2024\/02\/5INF_Neu-5.jpg?resize=768%2C1024&amp;ssl=1 768w, https:\/\/i0.wp.com\/escolagrancapita.wpcomstaging.com\/wp-content\/uploads\/2024\/02\/5INF_Neu-5.jpg?resize=1152%2C1536&amp;ssl=1 1152w, https:\/\/i0.wp.com\/escolagrancapita.wpcomstaging.com\/wp-content\/uploads\/2024\/02\/5INF_Neu-5.jpg?resize=900%2C1200&amp;ssl=1 900w, https:\/\/i0.wp.com\/escolagrancapita.wpcomstaging.com\/wp-content\/uploads\/2024\/02\/5INF_Neu-5.jpg?resize=600%2C800&amp;ssl=1 600w, https:\/\/i0.wp.com\/escolagrancapita.wpcomstaging.com\/wp-content\/uploads\/2024\/02\/5INF_Neu-5.jpg?resize=450%2C600&amp;ssl=1 450w, https:\/\/i0.wp.com\/escolagrancapita.wpcomstaging.com\/wp-content\/uploads\/2024\/02\/5INF_Neu-5.jpg?resize=300%2C400&amp;ssl=1 300w, https:\/\/i0.wp.com\/escolagrancapita.wpcomstaging.com\/wp-content\/uploads\/2024\/02\/5INF_Neu-5.jpg?resize=150%2C200&amp;ssl=1 150w, https:\/\/i0.wp.com\/escolagrancapita.wpcomstaging.com\/wp-content\/uploads\/2024\/02\/5INF_Neu-5.jpg?resize=1200%2C1600&amp;ssl=1 1200w\" sizes=\"auto, (max-width: 750px) 100vw, 750px\" \/>\n\t\t\t<\/div><\/figure><figure class='gallery-item'>\n\t\t\t<div class='gallery-icon portrait'>\n\t\t\t\t<img loading=\"lazy\" decoding=\"async\" width=\"1536\" height=\"2048\" src=\"https:\/\/i0.wp.com\/escolagrancapita.wpcomstaging.com\/wp-content\/uploads\/2024\/02\/5INF_Neu-7.jpg?fit=1536%2C2048&amp;ssl=1\" class=\"attachment-full size-full\" alt=\"\" srcset=\"https:\/\/i0.wp.com\/escolagrancapita.wpcomstaging.com\/wp-content\/uploads\/2024\/02\/5INF_Neu-7.jpg?w=1536&amp;ssl=1 1536w, https:\/\/i0.wp.com\/escolagrancapita.wpcomstaging.com\/wp-content\/uploads\/2024\/02\/5INF_Neu-7.jpg?resize=225%2C300&amp;ssl=1 225w, https:\/\/i0.wp.com\/escolagrancapita.wpcomstaging.com\/wp-content\/uploads\/2024\/02\/5INF_Neu-7.jpg?resize=768%2C1024&amp;ssl=1 768w, https:\/\/i0.wp.com\/escolagrancapita.wpcomstaging.com\/wp-content\/uploads\/2024\/02\/5INF_Neu-7.jpg?resize=1152%2C1536&amp;ssl=1 1152w, https:\/\/i0.wp.com\/escolagrancapita.wpcomstaging.com\/wp-content\/uploads\/2024\/02\/5INF_Neu-7.jpg?resize=900%2C1200&amp;ssl=1 900w, https:\/\/i0.wp.com\/escolagrancapita.wpcomstaging.com\/wp-content\/uploads\/2024\/02\/5INF_Neu-7.jpg?resize=600%2C800&amp;ssl=1 600w, https:\/\/i0.wp.com\/escolagrancapita.wpcomstaging.com\/wp-content\/uploads\/2024\/02\/5INF_Neu-7.jpg?resize=450%2C600&amp;ssl=1 450w, https:\/\/i0.wp.com\/escolagrancapita.wpcomstaging.com\/wp-content\/uploads\/2024\/02\/5INF_Neu-7.jpg?resize=300%2C400&amp;ssl=1 300w, https:\/\/i0.wp.com\/escolagrancapita.wpcomstaging.com\/wp-content\/uploads\/2024\/02\/5INF_Neu-7.jpg?resize=150%2C200&amp;ssl=1 150w, https:\/\/i0.wp.com\/escolagrancapita.wpcomstaging.com\/wp-content\/uploads\/2024\/02\/5INF_Neu-7.jpg?resize=1200%2C1600&amp;ssl=1 1200w\" sizes=\"auto, (max-width: 750px) 100vw, 750px\" \/>\n\t\t\t<\/div><\/figure><figure class='gallery-item'>\n\t\t\t<div class='gallery-icon portrait'>\n\t\t\t\t<img loading=\"lazy\" decoding=\"async\" width=\"1536\" height=\"2048\" src=\"https:\/\/i0.wp.com\/escolagrancapita.wpcomstaging.com\/wp-content\/uploads\/2024\/02\/5INF_Neu-8.jpg?fit=1536%2C2048&amp;ssl=1\" class=\"attachment-full size-full\" alt=\"\" srcset=\"https:\/\/i0.wp.com\/escolagrancapita.wpcomstaging.com\/wp-content\/uploads\/2024\/02\/5INF_Neu-8.jpg?w=1536&amp;ssl=1 1536w, https:\/\/i0.wp.com\/escolagrancapita.wpcomstaging.com\/wp-content\/uploads\/2024\/02\/5INF_Neu-8.jpg?resize=225%2C300&amp;ssl=1 225w, https:\/\/i0.wp.com\/escolagrancapita.wpcomstaging.com\/wp-content\/uploads\/2024\/02\/5INF_Neu-8.jpg?resize=768%2C1024&amp;ssl=1 768w, https:\/\/i0.wp.com\/escolagrancapita.wpcomstaging.com\/wp-content\/uploads\/2024\/02\/5INF_Neu-8.jpg?resize=1152%2C1536&amp;ssl=1 1152w, https:\/\/i0.wp.com\/escolagrancapita.wpcomstaging.com\/wp-content\/uploads\/2024\/02\/5INF_Neu-8.jpg?resize=900%2C1200&amp;ssl=1 900w, https:\/\/i0.wp.com\/escolagrancapita.wpcomstaging.com\/wp-content\/uploads\/2024\/02\/5INF_Neu-8.jpg?resize=600%2C800&amp;ssl=1 600w, https:\/\/i0.wp.com\/escolagrancapita.wpcomstaging.com\/wp-content\/uploads\/2024\/02\/5INF_Neu-8.jpg?resize=450%2C600&amp;ssl=1 450w, https:\/\/i0.wp.com\/escolagrancapita.wpcomstaging.com\/wp-content\/uploads\/2024\/02\/5INF_Neu-8.jpg?resize=300%2C400&amp;ssl=1 300w, https:\/\/i0.wp.com\/escolagrancapita.wpcomstaging.com\/wp-content\/uploads\/2024\/02\/5INF_Neu-8.jpg?resize=150%2C200&amp;ssl=1 150w, https:\/\/i0.wp.com\/escolagrancapita.wpcomstaging.com\/wp-content\/uploads\/2024\/02\/5INF_Neu-8.jpg?resize=1200%2C1600&amp;ssl=1 1200w\" sizes=\"auto, (max-width: 750px) 100vw, 750px\" \/>\n\t\t\t<\/div><\/figure>\n\t\t<\/div>\n\n<p style=\"text-align: justify;\">S&#8217;ho han passat d&#8217;all\u00f2 m\u00e9s b\u00e9 fent volves de neu artificial! &#x2744;&#x2744;&#x2744;!<\/p>\n","protected":false},"excerpt":{"rendered":"<p>Ja ha arribat l&#8217;hivern i el fred, i els nens i les nenes de P5 tenen moltes ganes de jugar amb la neu. Per\u00f2, es pot fer neu a la classe? Els cient\u00edfics i les cient\u00edfiques de I5 han fet<\/p>\n","protected":false},"author":1,"featured_media":0,"parent":0,"menu_order":0,"comment_status":"closed","ping_status":"closed","template":"","meta":{"_crdt_document":"","footnotes":""},"categories":[75],"tags":[139,77],"class_list":["post-21921","page","type-page","status-publish","hentry","category-activitats","tag-curs-2023-24","tag-ed-infantil"],"jetpack_sharing_enabled":true,"_links":{"self":[{"href":"https:\/\/escolagrancapita.wpcomstaging.com\/index.php?rest_route=\/wp\/v2\/pages\/21921","targetHints":{"allow":["GET"]}}],"collection":[{"href":"https:\/\/escolagrancapita.wpcomstaging.com\/index.php?rest_route=\/wp\/v2\/pages"}],"about":[{"href":"https:\/\/escolagrancapita.wpcomstaging.com\/index.php?rest_route=\/wp\/v2\/types\/page"}],"author":[{"embeddable":true,"href":"https:\/\/escolagrancapita.wpcomstaging.com\/index.php?rest_route=\/wp\/v2\/users\/1"}],"replies":[{"embeddable":true,"href":"https:\/\/escolagrancapita.wpcomstaging.com\/index.php?rest_route=%2Fwp%2Fv2%2Fcomments&post=21921"}],"version-history":[{"count":4,"href":"https:\/\/escolagrancapita.wpcomstaging.com\/index.php?rest_route=\/wp\/v2\/pages\/21921\/revisions"}],"predecessor-version":[{"id":21936,"href":"https:\/\/escolagrancapita.wpcomstaging.com\/index.php?rest_route=\/wp\/v2\/pages\/21921\/revisions\/21936"}],"wp:attachment":[{"href":"https:\/\/escolagrancapita.wpcomstaging.com\/index.php?rest_route=%2Fwp%2Fv2%2Fmedia&parent=21921"}],"wp:term":[{"taxonomy":"category","embeddable":true,"href":"https:\/\/escolagrancapita.wpcomstaging.com\/index.php?rest_route=%2Fwp%2Fv2%2Fcategories&post=21921"},{"taxonomy":"post_tag","embeddable":true,"href":"https:\/\/escolagrancapita.wpcomstaging.com\/index.php?rest_route=%2Fwp%2Fv2%2Ftags&post=21921"}],"curies":[{"name":"wp","href":"https:\/\/api.w.org\/{rel}","templated":true}]}}