{"id":21951,"date":"2024-02-17T10:36:37","date_gmt":"2024-02-17T10:36:37","guid":{"rendered":"https:\/\/escolagrancapita.wpcomstaging.com\/?page_id=21951"},"modified":"2024-02-17T10:36:37","modified_gmt":"2024-02-17T10:36:37","slug":"habits-i-autonomia","status":"publish","type":"page","link":"https:\/\/escolagrancapita.wpcomstaging.com\/?page_id=21951","title":{"rendered":"H\u00e0bits i autonomia"},"content":{"rendered":"<p style=\"text-align: justify;\">Un dels aspectes essencials per al desenvolupament dels infants s\u00f3n les <strong>rutines i els h\u00e0bits<\/strong>. \u00c9s per aix\u00f2 que han de <strong>treballar-se tant a casa com a l&#8217;escola<\/strong>. A mesura que els nens i les nenes els adquireixin, experimentaran una sensaci\u00f3 de major seguretat, tranquil\u00b7litat i m\u00e9s inter\u00e8s per aprendre.<\/p>\n<p style=\"text-align: justify;\">Per aquest motiu, a partir d&#8217;aquest v\u00eddeo, l&#8217;equip de mestres d&#8217;Infantil ha elaborat un conjunt de pautes que formen part de la vida quotidiana dels alumnes de l&#8217;escola. \u00c9s incre\u00efble veure com dia rere dia, els nens i les nenes d&#8217;Infantil estan adquirint aquests h\u00e0bits de manera progressiva.<\/p>\n<p style=\"text-align: center;\"><iframe loading=\"lazy\" title=\"H\u00e0bits i autonomia\" src=\"https:\/\/www.youtube.com\/embed\/gI39LFeph5U\" width=\"454\" height=\"807\" frameborder=\"0\" allowfullscreen=\"allowfullscreen\"><\/iframe><\/p>\n<p><strong>A practicar!\u00a0<\/strong><\/p>\n","protected":false},"excerpt":{"rendered":"<p>Un dels aspectes essencials per al desenvolupament dels infants s\u00f3n les rutines i els h\u00e0bits. \u00c9s per aix\u00f2 que han de treballar-se tant a casa com a l&#8217;escola. A mesura que els nens i les nenes els adquireixin, experimentaran una<\/p>\n","protected":false},"author":1,"featured_media":0,"parent":0,"menu_order":0,"comment_status":"closed","ping_status":"closed","template":"","meta":{"_crdt_document":"","footnotes":""},"categories":[75],"tags":[139,77],"class_list":["post-21951","page","type-page","status-publish","hentry","category-activitats","tag-curs-2023-24","tag-ed-infantil"],"jetpack_sharing_enabled":true,"_links":{"self":[{"href":"https:\/\/escolagrancapita.wpcomstaging.com\/index.php?rest_route=\/wp\/v2\/pages\/21951","targetHints":{"allow":["GET"]}}],"collection":[{"href":"https:\/\/escolagrancapita.wpcomstaging.com\/index.php?rest_route=\/wp\/v2\/pages"}],"about":[{"href":"https:\/\/escolagrancapita.wpcomstaging.com\/index.php?rest_route=\/wp\/v2\/types\/page"}],"author":[{"embeddable":true,"href":"https:\/\/escolagrancapita.wpcomstaging.com\/index.php?rest_route=\/wp\/v2\/users\/1"}],"replies":[{"embeddable":true,"href":"https:\/\/escolagrancapita.wpcomstaging.com\/index.php?rest_route=%2Fwp%2Fv2%2Fcomments&post=21951"}],"version-history":[{"count":4,"href":"https:\/\/escolagrancapita.wpcomstaging.com\/index.php?rest_route=\/wp\/v2\/pages\/21951\/revisions"}],"predecessor-version":[{"id":22012,"href":"https:\/\/escolagrancapita.wpcomstaging.com\/index.php?rest_route=\/wp\/v2\/pages\/21951\/revisions\/22012"}],"wp:attachment":[{"href":"https:\/\/escolagrancapita.wpcomstaging.com\/index.php?rest_route=%2Fwp%2Fv2%2Fmedia&parent=21951"}],"wp:term":[{"taxonomy":"category","embeddable":true,"href":"https:\/\/escolagrancapita.wpcomstaging.com\/index.php?rest_route=%2Fwp%2Fv2%2Fcategories&post=21951"},{"taxonomy":"post_tag","embeddable":true,"href":"https:\/\/escolagrancapita.wpcomstaging.com\/index.php?rest_route=%2Fwp%2Fv2%2Ftags&post=21951"}],"curies":[{"name":"wp","href":"https:\/\/api.w.org\/{rel}","templated":true}]}}