{"id":21967,"date":"2024-02-03T11:27:20","date_gmt":"2024-02-03T11:27:20","guid":{"rendered":"https:\/\/escolagrancapita.wpcomstaging.com\/?page_id=21967"},"modified":"2024-02-03T11:27:20","modified_gmt":"2024-02-03T11:27:20","slug":"el-termometre-%f0%9f%8c%a1","status":"publish","type":"page","link":"https:\/\/escolagrancapita.wpcomstaging.com\/?page_id=21967","title":{"rendered":"El term\u00f2metre &#x1f321;"},"content":{"rendered":"<p style=\"text-align: justify;\">A 1r de Prim\u00e0ria s&#8217;han convertit en cient\u00edfics durant una setmana, ja que han hagut de mesurar diferents temperatures fent servir un term\u00f2metre.<\/p>\n<p style=\"text-align: justify;\">En primer lloc, van realitzar una pluja d&#8217;idees sobre quins estris coneixen per mesurar i quines caracter\u00edstiques tenen cadascun d&#8217;ells.<\/p>\n<div id='gallery-1' class='gallery galleryid-21967 gallery-columns-1 gallery-size-full'><figure class='gallery-item'>\n\t\t\t<div class='gallery-icon landscape'>\n\t\t\t\t<img loading=\"lazy\" decoding=\"async\" width=\"3096\" height=\"2862\" src=\"https:\/\/i0.wp.com\/escolagrancapita.wpcomstaging.com\/wp-content\/uploads\/2024\/02\/1PRI_termometre-2-rotated-e1706959628289.jpg?fit=3096%2C2862&amp;ssl=1\" class=\"attachment-full size-full\" alt=\"\" srcset=\"https:\/\/i0.wp.com\/escolagrancapita.wpcomstaging.com\/wp-content\/uploads\/2024\/02\/1PRI_termometre-2-rotated-e1706959628289.jpg?w=3096&amp;ssl=1 3096w, https:\/\/i0.wp.com\/escolagrancapita.wpcomstaging.com\/wp-content\/uploads\/2024\/02\/1PRI_termometre-2-rotated-e1706959628289.jpg?resize=300%2C277&amp;ssl=1 300w, https:\/\/i0.wp.com\/escolagrancapita.wpcomstaging.com\/wp-content\/uploads\/2024\/02\/1PRI_termometre-2-rotated-e1706959628289.jpg?resize=1024%2C947&amp;ssl=1 1024w, https:\/\/i0.wp.com\/escolagrancapita.wpcomstaging.com\/wp-content\/uploads\/2024\/02\/1PRI_termometre-2-rotated-e1706959628289.jpg?resize=768%2C710&amp;ssl=1 768w, https:\/\/i0.wp.com\/escolagrancapita.wpcomstaging.com\/wp-content\/uploads\/2024\/02\/1PRI_termometre-2-rotated-e1706959628289.jpg?resize=1536%2C1420&amp;ssl=1 1536w, https:\/\/i0.wp.com\/escolagrancapita.wpcomstaging.com\/wp-content\/uploads\/2024\/02\/1PRI_termometre-2-rotated-e1706959628289.jpg?resize=2048%2C1893&amp;ssl=1 2048w, https:\/\/i0.wp.com\/escolagrancapita.wpcomstaging.com\/wp-content\/uploads\/2024\/02\/1PRI_termometre-2-rotated-e1706959628289.jpg?resize=1200%2C1109&amp;ssl=1 1200w, https:\/\/i0.wp.com\/escolagrancapita.wpcomstaging.com\/wp-content\/uploads\/2024\/02\/1PRI_termometre-2-rotated-e1706959628289.jpg?w=2250&amp;ssl=1 2250w\" sizes=\"auto, (max-width: 750px) 100vw, 750px\" \/>\n\t\t\t<\/div><\/figure>\n\t\t<\/div>\n\n<p style=\"text-align: justify;\">A continuaci\u00f3, es van centrar en el term\u00f2metre i van dur a terme diverses activitats.<\/p>\n<ol style=\"text-align: justify;\">\n<li>Van mesurar la temperatura de l&#8217;aigua. Per fer-ho, van omplir un recipient amb aigua freda i un altre amb aigua calenta. Van inserir el term\u00f2metre, van esperar un minut i van observar com canviava la temperatura.<\/li>\n<\/ol>\n<div id='gallery-2' class='gallery galleryid-21967 gallery-columns-1 gallery-size-full'><figure class='gallery-item'>\n\t\t\t<div class='gallery-icon landscape'>\n\t\t\t\t<img loading=\"lazy\" decoding=\"async\" width=\"4128\" height=\"3096\" src=\"https:\/\/i0.wp.com\/escolagrancapita.wpcomstaging.com\/wp-content\/uploads\/2024\/02\/1PRI_termometre-5.jpg?fit=4128%2C3096&amp;ssl=1\" class=\"attachment-full size-full\" alt=\"\" srcset=\"https:\/\/i0.wp.com\/escolagrancapita.wpcomstaging.com\/wp-content\/uploads\/2024\/02\/1PRI_termometre-5.jpg?w=4128&amp;ssl=1 4128w, https:\/\/i0.wp.com\/escolagrancapita.wpcomstaging.com\/wp-content\/uploads\/2024\/02\/1PRI_termometre-5.jpg?resize=300%2C225&amp;ssl=1 300w, https:\/\/i0.wp.com\/escolagrancapita.wpcomstaging.com\/wp-content\/uploads\/2024\/02\/1PRI_termometre-5.jpg?resize=1024%2C768&amp;ssl=1 1024w, https:\/\/i0.wp.com\/escolagrancapita.wpcomstaging.com\/wp-content\/uploads\/2024\/02\/1PRI_termometre-5.jpg?resize=768%2C576&amp;ssl=1 768w, https:\/\/i0.wp.com\/escolagrancapita.wpcomstaging.com\/wp-content\/uploads\/2024\/02\/1PRI_termometre-5.jpg?resize=1536%2C1152&amp;ssl=1 1536w, https:\/\/i0.wp.com\/escolagrancapita.wpcomstaging.com\/wp-content\/uploads\/2024\/02\/1PRI_termometre-5.jpg?resize=2048%2C1536&amp;ssl=1 2048w, https:\/\/i0.wp.com\/escolagrancapita.wpcomstaging.com\/wp-content\/uploads\/2024\/02\/1PRI_termometre-5.jpg?resize=1200%2C900&amp;ssl=1 1200w, https:\/\/i0.wp.com\/escolagrancapita.wpcomstaging.com\/wp-content\/uploads\/2024\/02\/1PRI_termometre-5.jpg?resize=800%2C600&amp;ssl=1 800w, https:\/\/i0.wp.com\/escolagrancapita.wpcomstaging.com\/wp-content\/uploads\/2024\/02\/1PRI_termometre-5.jpg?resize=600%2C450&amp;ssl=1 600w, https:\/\/i0.wp.com\/escolagrancapita.wpcomstaging.com\/wp-content\/uploads\/2024\/02\/1PRI_termometre-5.jpg?resize=400%2C300&amp;ssl=1 400w, https:\/\/i0.wp.com\/escolagrancapita.wpcomstaging.com\/wp-content\/uploads\/2024\/02\/1PRI_termometre-5.jpg?resize=200%2C150&amp;ssl=1 200w, https:\/\/i0.wp.com\/escolagrancapita.wpcomstaging.com\/wp-content\/uploads\/2024\/02\/1PRI_termometre-5.jpg?w=2250&amp;ssl=1 2250w\" sizes=\"auto, (max-width: 750px) 100vw, 750px\" \/>\n\t\t\t<\/div><\/figure><figure class='gallery-item'>\n\t\t\t<div class='gallery-icon portrait'>\n\t\t\t\t<img loading=\"lazy\" decoding=\"async\" width=\"3096\" height=\"3584\" src=\"https:\/\/i0.wp.com\/escolagrancapita.wpcomstaging.com\/wp-content\/uploads\/2024\/02\/1PRI_termometre-1-rotated-e1706959567391.jpg?fit=3096%2C3584&amp;ssl=1\" class=\"attachment-full size-full\" alt=\"\" srcset=\"https:\/\/i0.wp.com\/escolagrancapita.wpcomstaging.com\/wp-content\/uploads\/2024\/02\/1PRI_termometre-1-rotated-e1706959567391.jpg?w=3096&amp;ssl=1 3096w, https:\/\/i0.wp.com\/escolagrancapita.wpcomstaging.com\/wp-content\/uploads\/2024\/02\/1PRI_termometre-1-rotated-e1706959567391.jpg?resize=259%2C300&amp;ssl=1 259w, https:\/\/i0.wp.com\/escolagrancapita.wpcomstaging.com\/wp-content\/uploads\/2024\/02\/1PRI_termometre-1-rotated-e1706959567391.jpg?resize=885%2C1024&amp;ssl=1 885w, https:\/\/i0.wp.com\/escolagrancapita.wpcomstaging.com\/wp-content\/uploads\/2024\/02\/1PRI_termometre-1-rotated-e1706959567391.jpg?resize=768%2C889&amp;ssl=1 768w, https:\/\/i0.wp.com\/escolagrancapita.wpcomstaging.com\/wp-content\/uploads\/2024\/02\/1PRI_termometre-1-rotated-e1706959567391.jpg?resize=1327%2C1536&amp;ssl=1 1327w, https:\/\/i0.wp.com\/escolagrancapita.wpcomstaging.com\/wp-content\/uploads\/2024\/02\/1PRI_termometre-1-rotated-e1706959567391.jpg?resize=1769%2C2048&amp;ssl=1 1769w, https:\/\/i0.wp.com\/escolagrancapita.wpcomstaging.com\/wp-content\/uploads\/2024\/02\/1PRI_termometre-1-rotated-e1706959567391.jpg?resize=1200%2C1389&amp;ssl=1 1200w, https:\/\/i0.wp.com\/escolagrancapita.wpcomstaging.com\/wp-content\/uploads\/2024\/02\/1PRI_termometre-1-rotated-e1706959567391.jpg?w=1500&amp;ssl=1 1500w, https:\/\/i0.wp.com\/escolagrancapita.wpcomstaging.com\/wp-content\/uploads\/2024\/02\/1PRI_termometre-1-rotated-e1706959567391.jpg?w=2250&amp;ssl=1 2250w\" sizes=\"auto, (max-width: 750px) 100vw, 750px\" \/>\n\t\t\t<\/div><\/figure>\n\t\t<\/div>\n\n<ol style=\"text-align: justify;\">\n<li>Van mesurar la temperatura de l&#8217;ambient. Durant una setmana, van col\u00b7locar el term\u00f2metre al pati de l&#8217;escola. Despr\u00e9s d&#8217;uns minuts, van observar quina temperatura marcava. En una taula, cada nen va anotar cada dia els graus que feia.<\/li>\n<\/ol>\n<div id='gallery-3' class='gallery galleryid-21967 gallery-columns-2 gallery-size-full'><figure class='gallery-item'>\n\t\t\t<div class='gallery-icon portrait'>\n\t\t\t\t<img loading=\"lazy\" decoding=\"async\" width=\"3096\" height=\"4128\" src=\"https:\/\/i0.wp.com\/escolagrancapita.wpcomstaging.com\/wp-content\/uploads\/2024\/02\/1PRI_termometre-3-rotated.jpg?fit=3096%2C4128&amp;ssl=1\" class=\"attachment-full size-full\" alt=\"\" srcset=\"https:\/\/i0.wp.com\/escolagrancapita.wpcomstaging.com\/wp-content\/uploads\/2024\/02\/1PRI_termometre-3-rotated.jpg?w=3096&amp;ssl=1 3096w, https:\/\/i0.wp.com\/escolagrancapita.wpcomstaging.com\/wp-content\/uploads\/2024\/02\/1PRI_termometre-3-rotated.jpg?resize=225%2C300&amp;ssl=1 225w, https:\/\/i0.wp.com\/escolagrancapita.wpcomstaging.com\/wp-content\/uploads\/2024\/02\/1PRI_termometre-3-rotated.jpg?resize=768%2C1024&amp;ssl=1 768w, https:\/\/i0.wp.com\/escolagrancapita.wpcomstaging.com\/wp-content\/uploads\/2024\/02\/1PRI_termometre-3-rotated.jpg?resize=1152%2C1536&amp;ssl=1 1152w, https:\/\/i0.wp.com\/escolagrancapita.wpcomstaging.com\/wp-content\/uploads\/2024\/02\/1PRI_termometre-3-rotated.jpg?resize=1536%2C2048&amp;ssl=1 1536w, https:\/\/i0.wp.com\/escolagrancapita.wpcomstaging.com\/wp-content\/uploads\/2024\/02\/1PRI_termometre-3-rotated.jpg?resize=900%2C1200&amp;ssl=1 900w, https:\/\/i0.wp.com\/escolagrancapita.wpcomstaging.com\/wp-content\/uploads\/2024\/02\/1PRI_termometre-3-rotated.jpg?resize=600%2C800&amp;ssl=1 600w, https:\/\/i0.wp.com\/escolagrancapita.wpcomstaging.com\/wp-content\/uploads\/2024\/02\/1PRI_termometre-3-rotated.jpg?resize=450%2C600&amp;ssl=1 450w, https:\/\/i0.wp.com\/escolagrancapita.wpcomstaging.com\/wp-content\/uploads\/2024\/02\/1PRI_termometre-3-rotated.jpg?resize=300%2C400&amp;ssl=1 300w, https:\/\/i0.wp.com\/escolagrancapita.wpcomstaging.com\/wp-content\/uploads\/2024\/02\/1PRI_termometre-3-rotated.jpg?resize=150%2C200&amp;ssl=1 150w, https:\/\/i0.wp.com\/escolagrancapita.wpcomstaging.com\/wp-content\/uploads\/2024\/02\/1PRI_termometre-3-rotated.jpg?resize=1200%2C1600&amp;ssl=1 1200w, https:\/\/i0.wp.com\/escolagrancapita.wpcomstaging.com\/wp-content\/uploads\/2024\/02\/1PRI_termometre-3-rotated.jpg?w=2250&amp;ssl=1 2250w\" sizes=\"auto, (max-width: 750px) 100vw, 750px\" \/>\n\t\t\t<\/div><\/figure><figure class='gallery-item'>\n\t\t\t<div class='gallery-icon portrait'>\n\t\t\t\t<img loading=\"lazy\" decoding=\"async\" width=\"3096\" height=\"4128\" src=\"https:\/\/i0.wp.com\/escolagrancapita.wpcomstaging.com\/wp-content\/uploads\/2024\/02\/1PRI_termometre-4-rotated.jpg?fit=3096%2C4128&amp;ssl=1\" class=\"attachment-full size-full\" alt=\"\" srcset=\"https:\/\/i0.wp.com\/escolagrancapita.wpcomstaging.com\/wp-content\/uploads\/2024\/02\/1PRI_termometre-4-rotated.jpg?w=3096&amp;ssl=1 3096w, https:\/\/i0.wp.com\/escolagrancapita.wpcomstaging.com\/wp-content\/uploads\/2024\/02\/1PRI_termometre-4-rotated.jpg?resize=225%2C300&amp;ssl=1 225w, https:\/\/i0.wp.com\/escolagrancapita.wpcomstaging.com\/wp-content\/uploads\/2024\/02\/1PRI_termometre-4-rotated.jpg?resize=768%2C1024&amp;ssl=1 768w, https:\/\/i0.wp.com\/escolagrancapita.wpcomstaging.com\/wp-content\/uploads\/2024\/02\/1PRI_termometre-4-rotated.jpg?resize=1152%2C1536&amp;ssl=1 1152w, https:\/\/i0.wp.com\/escolagrancapita.wpcomstaging.com\/wp-content\/uploads\/2024\/02\/1PRI_termometre-4-rotated.jpg?resize=1536%2C2048&amp;ssl=1 1536w, https:\/\/i0.wp.com\/escolagrancapita.wpcomstaging.com\/wp-content\/uploads\/2024\/02\/1PRI_termometre-4-rotated.jpg?resize=900%2C1200&amp;ssl=1 900w, https:\/\/i0.wp.com\/escolagrancapita.wpcomstaging.com\/wp-content\/uploads\/2024\/02\/1PRI_termometre-4-rotated.jpg?resize=600%2C800&amp;ssl=1 600w, https:\/\/i0.wp.com\/escolagrancapita.wpcomstaging.com\/wp-content\/uploads\/2024\/02\/1PRI_termometre-4-rotated.jpg?resize=450%2C600&amp;ssl=1 450w, https:\/\/i0.wp.com\/escolagrancapita.wpcomstaging.com\/wp-content\/uploads\/2024\/02\/1PRI_termometre-4-rotated.jpg?resize=300%2C400&amp;ssl=1 300w, https:\/\/i0.wp.com\/escolagrancapita.wpcomstaging.com\/wp-content\/uploads\/2024\/02\/1PRI_termometre-4-rotated.jpg?resize=150%2C200&amp;ssl=1 150w, https:\/\/i0.wp.com\/escolagrancapita.wpcomstaging.com\/wp-content\/uploads\/2024\/02\/1PRI_termometre-4-rotated.jpg?resize=1200%2C1600&amp;ssl=1 1200w, https:\/\/i0.wp.com\/escolagrancapita.wpcomstaging.com\/wp-content\/uploads\/2024\/02\/1PRI_termometre-4-rotated.jpg?w=2250&amp;ssl=1 2250w\" sizes=\"auto, (max-width: 750px) 100vw, 750px\" \/>\n\t\t\t<\/div><\/figure>\n\t\t<\/div>\n\n<p style=\"text-align: justify;\">Han gaudit molt realitzant aquesta activitat!<\/p>\n","protected":false},"excerpt":{"rendered":"<p>A 1r de Prim\u00e0ria s&#8217;han convertit en cient\u00edfics durant una setmana, ja que han hagut de mesurar diferents temperatures fent servir un term\u00f2metre. En primer lloc, van realitzar una pluja d&#8217;idees sobre quins estris coneixen per mesurar i quines caracter\u00edstiques<\/p>\n","protected":false},"author":1,"featured_media":0,"parent":0,"menu_order":0,"comment_status":"closed","ping_status":"closed","template":"","meta":{"_crdt_document":"","footnotes":""},"categories":[75],"tags":[139,86],"class_list":["post-21967","page","type-page","status-publish","hentry","category-activitats","tag-curs-2023-24","tag-ed-primaria"],"jetpack_sharing_enabled":true,"_links":{"self":[{"href":"https:\/\/escolagrancapita.wpcomstaging.com\/index.php?rest_route=\/wp\/v2\/pages\/21967","targetHints":{"allow":["GET"]}}],"collection":[{"href":"https:\/\/escolagrancapita.wpcomstaging.com\/index.php?rest_route=\/wp\/v2\/pages"}],"about":[{"href":"https:\/\/escolagrancapita.wpcomstaging.com\/index.php?rest_route=\/wp\/v2\/types\/page"}],"author":[{"embeddable":true,"href":"https:\/\/escolagrancapita.wpcomstaging.com\/index.php?rest_route=\/wp\/v2\/users\/1"}],"replies":[{"embeddable":true,"href":"https:\/\/escolagrancapita.wpcomstaging.com\/index.php?rest_route=%2Fwp%2Fv2%2Fcomments&post=21967"}],"version-history":[{"count":3,"href":"https:\/\/escolagrancapita.wpcomstaging.com\/index.php?rest_route=\/wp\/v2\/pages\/21967\/revisions"}],"predecessor-version":[{"id":21975,"href":"https:\/\/escolagrancapita.wpcomstaging.com\/index.php?rest_route=\/wp\/v2\/pages\/21967\/revisions\/21975"}],"wp:attachment":[{"href":"https:\/\/escolagrancapita.wpcomstaging.com\/index.php?rest_route=%2Fwp%2Fv2%2Fmedia&parent=21967"}],"wp:term":[{"taxonomy":"category","embeddable":true,"href":"https:\/\/escolagrancapita.wpcomstaging.com\/index.php?rest_route=%2Fwp%2Fv2%2Fcategories&post=21967"},{"taxonomy":"post_tag","embeddable":true,"href":"https:\/\/escolagrancapita.wpcomstaging.com\/index.php?rest_route=%2Fwp%2Fv2%2Ftags&post=21967"}],"curies":[{"name":"wp","href":"https:\/\/api.w.org\/{rel}","templated":true}]}}