{"id":22139,"date":"2024-02-17T12:25:25","date_gmt":"2024-02-17T12:25:25","guid":{"rendered":"https:\/\/escolagrancapita.wpcomstaging.com\/?page_id=22139"},"modified":"2024-02-17T12:25:25","modified_gmt":"2024-02-17T12:25:25","slug":"estalvi-daigua-%f0%9f%92%a7","status":"publish","type":"page","link":"https:\/\/escolagrancapita.wpcomstaging.com\/?page_id=22139","title":{"rendered":"Estalvi d&#8217;aigua &#x1f4a7;"},"content":{"rendered":"<p>Com \u00e9s ben sabut, ens trobem en temps de sequera. \u00c9s per aix\u00f2 que els nostres delegats verds us presenten les mesures que prenem a l&#8217;escola per a l&#8217;estalvi d&#8217;aigua. &#x1f4a7;<\/p>\n<p style=\"text-align: center;\"><iframe loading=\"lazy\" title=\"Estalvi d'aigua &#x1f4a7;\" src=\"https:\/\/www.youtube.com\/embed\/Ibt-YbYMpgY\" width=\"454\" height=\"807\" frameborder=\"0\" allowfullscreen=\"allowfullscreen\"><\/iframe><\/p>\n<p>Des de l&#8217;escola, estem compromesos amb la implementaci\u00f3 de mesures per a la cura del nostre planeta. &#x1f30d;&#x1f493;!<\/p>\n","protected":false},"excerpt":{"rendered":"<p>Com \u00e9s ben sabut, ens trobem en temps de sequera. \u00c9s per aix\u00f2 que els nostres delegats verds us presenten les mesures que prenem a l&#8217;escola per a l&#8217;estalvi d&#8217;aigua. &#x1f4a7; Des de l&#8217;escola, estem compromesos amb la implementaci\u00f3 de<\/p>\n","protected":false},"author":1,"featured_media":0,"parent":0,"menu_order":0,"comment_status":"closed","ping_status":"closed","template":"","meta":{"_crdt_document":"","footnotes":""},"categories":[75],"tags":[139,77,86,43,48,118],"class_list":["post-22139","page","type-page","status-publish","hentry","category-activitats","tag-curs-2023-24","tag-ed-infantil","tag-ed-primaria","tag-ed-secundaria","tag-escola","tag-sostenibilitat"],"jetpack_sharing_enabled":true,"_links":{"self":[{"href":"https:\/\/escolagrancapita.wpcomstaging.com\/index.php?rest_route=\/wp\/v2\/pages\/22139","targetHints":{"allow":["GET"]}}],"collection":[{"href":"https:\/\/escolagrancapita.wpcomstaging.com\/index.php?rest_route=\/wp\/v2\/pages"}],"about":[{"href":"https:\/\/escolagrancapita.wpcomstaging.com\/index.php?rest_route=\/wp\/v2\/types\/page"}],"author":[{"embeddable":true,"href":"https:\/\/escolagrancapita.wpcomstaging.com\/index.php?rest_route=\/wp\/v2\/users\/1"}],"replies":[{"embeddable":true,"href":"https:\/\/escolagrancapita.wpcomstaging.com\/index.php?rest_route=%2Fwp%2Fv2%2Fcomments&post=22139"}],"version-history":[{"count":2,"href":"https:\/\/escolagrancapita.wpcomstaging.com\/index.php?rest_route=\/wp\/v2\/pages\/22139\/revisions"}],"predecessor-version":[{"id":22141,"href":"https:\/\/escolagrancapita.wpcomstaging.com\/index.php?rest_route=\/wp\/v2\/pages\/22139\/revisions\/22141"}],"wp:attachment":[{"href":"https:\/\/escolagrancapita.wpcomstaging.com\/index.php?rest_route=%2Fwp%2Fv2%2Fmedia&parent=22139"}],"wp:term":[{"taxonomy":"category","embeddable":true,"href":"https:\/\/escolagrancapita.wpcomstaging.com\/index.php?rest_route=%2Fwp%2Fv2%2Fcategories&post=22139"},{"taxonomy":"post_tag","embeddable":true,"href":"https:\/\/escolagrancapita.wpcomstaging.com\/index.php?rest_route=%2Fwp%2Fv2%2Ftags&post=22139"}],"curies":[{"name":"wp","href":"https:\/\/api.w.org\/{rel}","templated":true}]}}