{"id":22178,"date":"2024-02-18T10:02:54","date_gmt":"2024-02-18T10:02:54","guid":{"rendered":"https:\/\/escolagrancapita.wpcomstaging.com\/?page_id=22178"},"modified":"2024-02-18T10:02:54","modified_gmt":"2024-02-18T10:02:54","slug":"visibilitzant-les-cardiopaties-congenites","status":"publish","type":"page","link":"https:\/\/escolagrancapita.wpcomstaging.com\/?page_id=22178","title":{"rendered":"Visibilitzant les Cardiopaties Cong\u00e8nites"},"content":{"rendered":"<p style=\"text-align: justify;\">El 14 de febrer \u00e9s el dia en qu\u00e8 celebrem l&#8217;amor i l&#8217;amistat, per\u00f2 tamb\u00e9 \u00e9s el <strong>Dia Mundial de la Lluita contra les Cardiopaties Cong\u00e8nites<\/strong>.<\/p>\n<p style=\"text-align: justify;\">Aquesta data ha estat creada amb l&#8217;objectiu de consagrar una jornada mundial a la prevenci\u00f3 primerenca d&#8217;aquesta malaltia, assegurant que els pacients afectats rebin el tractament adequat i garantint, d&#8217;aquesta manera, una millor qualitat de vida. Des de l&#8217;escola, estem profundament compromesos a sensibilitzar i educar els nostres alumnes sobre aquest tipus de malalties.<\/p>\n<p style=\"text-align: justify;\">A 3r de Prim\u00e0ria han portat posat un cor a les seves bates que un company\/a els ha fet per donar visibilitat a aquesta cardiopatia.<\/p>\n<div id='gallery-1' class='gallery galleryid-22178 gallery-columns-1 gallery-size-full'><figure class='gallery-item'>\n\t\t\t<div class='gallery-icon portrait'>\n\t\t\t\t<img loading=\"lazy\" decoding=\"async\" width=\"756\" height=\"783\" src=\"https:\/\/i0.wp.com\/escolagrancapita.wpcomstaging.com\/wp-content\/uploads\/2024\/02\/3PRI_Cardio-9-e1708250510810.jpeg?fit=756%2C783&amp;ssl=1\" class=\"attachment-full size-full\" alt=\"\" srcset=\"https:\/\/i0.wp.com\/escolagrancapita.wpcomstaging.com\/wp-content\/uploads\/2024\/02\/3PRI_Cardio-9-e1708250510810.jpeg?w=756&amp;ssl=1 756w, https:\/\/i0.wp.com\/escolagrancapita.wpcomstaging.com\/wp-content\/uploads\/2024\/02\/3PRI_Cardio-9-e1708250510810.jpeg?resize=290%2C300&amp;ssl=1 290w\" sizes=\"auto, (max-width: 750px) 100vw, 750px\" \/>\n\t\t\t<\/div><\/figure><figure class='gallery-item'>\n\t\t\t<div class='gallery-icon landscape'>\n\t\t\t\t<img loading=\"lazy\" decoding=\"async\" width=\"1212\" height=\"644\" src=\"https:\/\/i0.wp.com\/escolagrancapita.wpcomstaging.com\/wp-content\/uploads\/2024\/02\/3PRI_Cardio-10-e1708250536258.jpeg?fit=1212%2C644&amp;ssl=1\" class=\"attachment-full size-full\" alt=\"\" srcset=\"https:\/\/i0.wp.com\/escolagrancapita.wpcomstaging.com\/wp-content\/uploads\/2024\/02\/3PRI_Cardio-10-e1708250536258.jpeg?w=1212&amp;ssl=1 1212w, https:\/\/i0.wp.com\/escolagrancapita.wpcomstaging.com\/wp-content\/uploads\/2024\/02\/3PRI_Cardio-10-e1708250536258.jpeg?resize=300%2C159&amp;ssl=1 300w, https:\/\/i0.wp.com\/escolagrancapita.wpcomstaging.com\/wp-content\/uploads\/2024\/02\/3PRI_Cardio-10-e1708250536258.jpeg?resize=1024%2C544&amp;ssl=1 1024w, https:\/\/i0.wp.com\/escolagrancapita.wpcomstaging.com\/wp-content\/uploads\/2024\/02\/3PRI_Cardio-10-e1708250536258.jpeg?resize=768%2C408&amp;ssl=1 768w, https:\/\/i0.wp.com\/escolagrancapita.wpcomstaging.com\/wp-content\/uploads\/2024\/02\/3PRI_Cardio-10-e1708250536258.jpeg?resize=1200%2C638&amp;ssl=1 1200w\" sizes=\"auto, (max-width: 750px) 100vw, 750px\" \/>\n\t\t\t<\/div><\/figure>\n\t\t<\/div>\n\n<p style=\"text-align: justify;\">Aprofitant aquesta ocasi\u00f3, volem recordar la import\u00e0ncia de la consci\u00e8ncia i el suport en la lluita contra les cardiopaties cong\u00e8nites. &#x1f497;!<\/p>\n","protected":false},"excerpt":{"rendered":"<p>El 14 de febrer \u00e9s el dia en qu\u00e8 celebrem l&#8217;amor i l&#8217;amistat, per\u00f2 tamb\u00e9 \u00e9s el Dia Mundial de la Lluita contra les Cardiopaties Cong\u00e8nites. Aquesta data ha estat creada amb l&#8217;objectiu de consagrar una jornada mundial a la<\/p>\n","protected":false},"author":1,"featured_media":0,"parent":0,"menu_order":0,"comment_status":"closed","ping_status":"closed","template":"","meta":{"_crdt_document":"","footnotes":""},"categories":[75],"tags":[139,86,126],"class_list":["post-22178","page","type-page","status-publish","hentry","category-activitats","tag-curs-2023-24","tag-ed-primaria","tag-salut"],"jetpack_sharing_enabled":true,"_links":{"self":[{"href":"https:\/\/escolagrancapita.wpcomstaging.com\/index.php?rest_route=\/wp\/v2\/pages\/22178","targetHints":{"allow":["GET"]}}],"collection":[{"href":"https:\/\/escolagrancapita.wpcomstaging.com\/index.php?rest_route=\/wp\/v2\/pages"}],"about":[{"href":"https:\/\/escolagrancapita.wpcomstaging.com\/index.php?rest_route=\/wp\/v2\/types\/page"}],"author":[{"embeddable":true,"href":"https:\/\/escolagrancapita.wpcomstaging.com\/index.php?rest_route=\/wp\/v2\/users\/1"}],"replies":[{"embeddable":true,"href":"https:\/\/escolagrancapita.wpcomstaging.com\/index.php?rest_route=%2Fwp%2Fv2%2Fcomments&post=22178"}],"version-history":[{"count":2,"href":"https:\/\/escolagrancapita.wpcomstaging.com\/index.php?rest_route=\/wp\/v2\/pages\/22178\/revisions"}],"predecessor-version":[{"id":22190,"href":"https:\/\/escolagrancapita.wpcomstaging.com\/index.php?rest_route=\/wp\/v2\/pages\/22178\/revisions\/22190"}],"wp:attachment":[{"href":"https:\/\/escolagrancapita.wpcomstaging.com\/index.php?rest_route=%2Fwp%2Fv2%2Fmedia&parent=22178"}],"wp:term":[{"taxonomy":"category","embeddable":true,"href":"https:\/\/escolagrancapita.wpcomstaging.com\/index.php?rest_route=%2Fwp%2Fv2%2Fcategories&post=22178"},{"taxonomy":"post_tag","embeddable":true,"href":"https:\/\/escolagrancapita.wpcomstaging.com\/index.php?rest_route=%2Fwp%2Fv2%2Ftags&post=22178"}],"curies":[{"name":"wp","href":"https:\/\/api.w.org\/{rel}","templated":true}]}}