{"id":22241,"date":"2024-02-21T17:58:19","date_gmt":"2024-02-21T17:58:19","guid":{"rendered":"https:\/\/escolagrancapita.wpcomstaging.com\/?page_id=22241"},"modified":"2024-02-21T17:58:19","modified_gmt":"2024-02-21T17:58:19","slug":"la-dona-a-la-ciencia","status":"publish","type":"page","link":"https:\/\/escolagrancapita.wpcomstaging.com\/?page_id=22241","title":{"rendered":"La dona a la ci\u00e8ncia"},"content":{"rendered":"<p style=\"text-align: justify;\">L&#8217;11 de febrer \u00e9s el <a href=\"https:\/\/ca.wikipedia.org\/wiki\/Dia_Internacional_de_les_Dones_i_les_Nenes_en_la_Ci%C3%A8ncia\" target=\"_blank\" rel=\"noopener\"><strong>Dia Internacional de les Dones i les Nenes en la Ci\u00e8ncia<\/strong><\/a>. Per aquest motiu, l&#8217;alumnat de Secund\u00e0ria van realitzar una s\u00e8rie de reptes amb l&#8217;objectiu de con\u00e8ixer millor algunes de les cient\u00edfiques espanyoles m\u00e9s rellevants de l&#8217;actualitat.<\/p>\n<div id='gallery-1' class='gallery galleryid-22241 gallery-columns-3 gallery-size-full'><figure class='gallery-item'>\n\t\t\t<div class='gallery-icon landscape'>\n\t\t\t\t<img loading=\"lazy\" decoding=\"async\" width=\"1600\" height=\"1200\" src=\"https:\/\/i0.wp.com\/escolagrancapita.wpcomstaging.com\/wp-content\/uploads\/2024\/02\/ESO_DonaCiencia-2.jpg?fit=1600%2C1200&amp;ssl=1\" class=\"attachment-full size-full\" alt=\"\" srcset=\"https:\/\/i0.wp.com\/escolagrancapita.wpcomstaging.com\/wp-content\/uploads\/2024\/02\/ESO_DonaCiencia-2.jpg?w=1600&amp;ssl=1 1600w, https:\/\/i0.wp.com\/escolagrancapita.wpcomstaging.com\/wp-content\/uploads\/2024\/02\/ESO_DonaCiencia-2.jpg?resize=300%2C225&amp;ssl=1 300w, https:\/\/i0.wp.com\/escolagrancapita.wpcomstaging.com\/wp-content\/uploads\/2024\/02\/ESO_DonaCiencia-2.jpg?resize=1024%2C768&amp;ssl=1 1024w, https:\/\/i0.wp.com\/escolagrancapita.wpcomstaging.com\/wp-content\/uploads\/2024\/02\/ESO_DonaCiencia-2.jpg?resize=768%2C576&amp;ssl=1 768w, https:\/\/i0.wp.com\/escolagrancapita.wpcomstaging.com\/wp-content\/uploads\/2024\/02\/ESO_DonaCiencia-2.jpg?resize=1536%2C1152&amp;ssl=1 1536w, https:\/\/i0.wp.com\/escolagrancapita.wpcomstaging.com\/wp-content\/uploads\/2024\/02\/ESO_DonaCiencia-2.jpg?resize=1200%2C900&amp;ssl=1 1200w, https:\/\/i0.wp.com\/escolagrancapita.wpcomstaging.com\/wp-content\/uploads\/2024\/02\/ESO_DonaCiencia-2.jpg?resize=800%2C600&amp;ssl=1 800w, https:\/\/i0.wp.com\/escolagrancapita.wpcomstaging.com\/wp-content\/uploads\/2024\/02\/ESO_DonaCiencia-2.jpg?resize=600%2C450&amp;ssl=1 600w, https:\/\/i0.wp.com\/escolagrancapita.wpcomstaging.com\/wp-content\/uploads\/2024\/02\/ESO_DonaCiencia-2.jpg?resize=400%2C300&amp;ssl=1 400w, https:\/\/i0.wp.com\/escolagrancapita.wpcomstaging.com\/wp-content\/uploads\/2024\/02\/ESO_DonaCiencia-2.jpg?resize=200%2C150&amp;ssl=1 200w\" sizes=\"auto, (max-width: 750px) 100vw, 750px\" \/>\n\t\t\t<\/div><\/figure><figure class='gallery-item'>\n\t\t\t<div class='gallery-icon landscape'>\n\t\t\t\t<img loading=\"lazy\" decoding=\"async\" width=\"1600\" height=\"1200\" src=\"https:\/\/i0.wp.com\/escolagrancapita.wpcomstaging.com\/wp-content\/uploads\/2024\/02\/ESO_DonaCiencia-3.jpg?fit=1600%2C1200&amp;ssl=1\" class=\"attachment-full size-full\" alt=\"\" srcset=\"https:\/\/i0.wp.com\/escolagrancapita.wpcomstaging.com\/wp-content\/uploads\/2024\/02\/ESO_DonaCiencia-3.jpg?w=1600&amp;ssl=1 1600w, https:\/\/i0.wp.com\/escolagrancapita.wpcomstaging.com\/wp-content\/uploads\/2024\/02\/ESO_DonaCiencia-3.jpg?resize=300%2C225&amp;ssl=1 300w, https:\/\/i0.wp.com\/escolagrancapita.wpcomstaging.com\/wp-content\/uploads\/2024\/02\/ESO_DonaCiencia-3.jpg?resize=1024%2C768&amp;ssl=1 1024w, https:\/\/i0.wp.com\/escolagrancapita.wpcomstaging.com\/wp-content\/uploads\/2024\/02\/ESO_DonaCiencia-3.jpg?resize=768%2C576&amp;ssl=1 768w, https:\/\/i0.wp.com\/escolagrancapita.wpcomstaging.com\/wp-content\/uploads\/2024\/02\/ESO_DonaCiencia-3.jpg?resize=1536%2C1152&amp;ssl=1 1536w, https:\/\/i0.wp.com\/escolagrancapita.wpcomstaging.com\/wp-content\/uploads\/2024\/02\/ESO_DonaCiencia-3.jpg?resize=1200%2C900&amp;ssl=1 1200w, https:\/\/i0.wp.com\/escolagrancapita.wpcomstaging.com\/wp-content\/uploads\/2024\/02\/ESO_DonaCiencia-3.jpg?resize=800%2C600&amp;ssl=1 800w, https:\/\/i0.wp.com\/escolagrancapita.wpcomstaging.com\/wp-content\/uploads\/2024\/02\/ESO_DonaCiencia-3.jpg?resize=600%2C450&amp;ssl=1 600w, https:\/\/i0.wp.com\/escolagrancapita.wpcomstaging.com\/wp-content\/uploads\/2024\/02\/ESO_DonaCiencia-3.jpg?resize=400%2C300&amp;ssl=1 400w, https:\/\/i0.wp.com\/escolagrancapita.wpcomstaging.com\/wp-content\/uploads\/2024\/02\/ESO_DonaCiencia-3.jpg?resize=200%2C150&amp;ssl=1 200w\" sizes=\"auto, (max-width: 750px) 100vw, 750px\" \/>\n\t\t\t<\/div><\/figure><figure class='gallery-item'>\n\t\t\t<div class='gallery-icon landscape'>\n\t\t\t\t<img loading=\"lazy\" decoding=\"async\" width=\"1600\" height=\"1200\" src=\"https:\/\/i0.wp.com\/escolagrancapita.wpcomstaging.com\/wp-content\/uploads\/2024\/02\/ESO_DonaCiencia-4.jpg?fit=1600%2C1200&amp;ssl=1\" class=\"attachment-full size-full\" alt=\"\" srcset=\"https:\/\/i0.wp.com\/escolagrancapita.wpcomstaging.com\/wp-content\/uploads\/2024\/02\/ESO_DonaCiencia-4.jpg?w=1600&amp;ssl=1 1600w, https:\/\/i0.wp.com\/escolagrancapita.wpcomstaging.com\/wp-content\/uploads\/2024\/02\/ESO_DonaCiencia-4.jpg?resize=300%2C225&amp;ssl=1 300w, https:\/\/i0.wp.com\/escolagrancapita.wpcomstaging.com\/wp-content\/uploads\/2024\/02\/ESO_DonaCiencia-4.jpg?resize=1024%2C768&amp;ssl=1 1024w, https:\/\/i0.wp.com\/escolagrancapita.wpcomstaging.com\/wp-content\/uploads\/2024\/02\/ESO_DonaCiencia-4.jpg?resize=768%2C576&amp;ssl=1 768w, https:\/\/i0.wp.com\/escolagrancapita.wpcomstaging.com\/wp-content\/uploads\/2024\/02\/ESO_DonaCiencia-4.jpg?resize=1536%2C1152&amp;ssl=1 1536w, https:\/\/i0.wp.com\/escolagrancapita.wpcomstaging.com\/wp-content\/uploads\/2024\/02\/ESO_DonaCiencia-4.jpg?resize=1200%2C900&amp;ssl=1 1200w, https:\/\/i0.wp.com\/escolagrancapita.wpcomstaging.com\/wp-content\/uploads\/2024\/02\/ESO_DonaCiencia-4.jpg?resize=800%2C600&amp;ssl=1 800w, https:\/\/i0.wp.com\/escolagrancapita.wpcomstaging.com\/wp-content\/uploads\/2024\/02\/ESO_DonaCiencia-4.jpg?resize=600%2C450&amp;ssl=1 600w, https:\/\/i0.wp.com\/escolagrancapita.wpcomstaging.com\/wp-content\/uploads\/2024\/02\/ESO_DonaCiencia-4.jpg?resize=400%2C300&amp;ssl=1 400w, https:\/\/i0.wp.com\/escolagrancapita.wpcomstaging.com\/wp-content\/uploads\/2024\/02\/ESO_DonaCiencia-4.jpg?resize=200%2C150&amp;ssl=1 200w\" sizes=\"auto, (max-width: 750px) 100vw, 750px\" \/>\n\t\t\t<\/div><\/figure><figure class='gallery-item'>\n\t\t\t<div class='gallery-icon landscape'>\n\t\t\t\t<img loading=\"lazy\" decoding=\"async\" width=\"1600\" height=\"1200\" src=\"https:\/\/i0.wp.com\/escolagrancapita.wpcomstaging.com\/wp-content\/uploads\/2024\/02\/ESO_DonaCiencia-5.jpg?fit=1600%2C1200&amp;ssl=1\" class=\"attachment-full size-full\" alt=\"\" srcset=\"https:\/\/i0.wp.com\/escolagrancapita.wpcomstaging.com\/wp-content\/uploads\/2024\/02\/ESO_DonaCiencia-5.jpg?w=1600&amp;ssl=1 1600w, https:\/\/i0.wp.com\/escolagrancapita.wpcomstaging.com\/wp-content\/uploads\/2024\/02\/ESO_DonaCiencia-5.jpg?resize=300%2C225&amp;ssl=1 300w, https:\/\/i0.wp.com\/escolagrancapita.wpcomstaging.com\/wp-content\/uploads\/2024\/02\/ESO_DonaCiencia-5.jpg?resize=1024%2C768&amp;ssl=1 1024w, https:\/\/i0.wp.com\/escolagrancapita.wpcomstaging.com\/wp-content\/uploads\/2024\/02\/ESO_DonaCiencia-5.jpg?resize=768%2C576&amp;ssl=1 768w, https:\/\/i0.wp.com\/escolagrancapita.wpcomstaging.com\/wp-content\/uploads\/2024\/02\/ESO_DonaCiencia-5.jpg?resize=1536%2C1152&amp;ssl=1 1536w, https:\/\/i0.wp.com\/escolagrancapita.wpcomstaging.com\/wp-content\/uploads\/2024\/02\/ESO_DonaCiencia-5.jpg?resize=1200%2C900&amp;ssl=1 1200w, https:\/\/i0.wp.com\/escolagrancapita.wpcomstaging.com\/wp-content\/uploads\/2024\/02\/ESO_DonaCiencia-5.jpg?resize=800%2C600&amp;ssl=1 800w, https:\/\/i0.wp.com\/escolagrancapita.wpcomstaging.com\/wp-content\/uploads\/2024\/02\/ESO_DonaCiencia-5.jpg?resize=600%2C450&amp;ssl=1 600w, https:\/\/i0.wp.com\/escolagrancapita.wpcomstaging.com\/wp-content\/uploads\/2024\/02\/ESO_DonaCiencia-5.jpg?resize=400%2C300&amp;ssl=1 400w, https:\/\/i0.wp.com\/escolagrancapita.wpcomstaging.com\/wp-content\/uploads\/2024\/02\/ESO_DonaCiencia-5.jpg?resize=200%2C150&amp;ssl=1 200w\" sizes=\"auto, (max-width: 750px) 100vw, 750px\" \/>\n\t\t\t<\/div><\/figure><figure class='gallery-item'>\n\t\t\t<div class='gallery-icon landscape'>\n\t\t\t\t<img loading=\"lazy\" decoding=\"async\" width=\"1600\" height=\"1200\" src=\"https:\/\/i0.wp.com\/escolagrancapita.wpcomstaging.com\/wp-content\/uploads\/2024\/02\/ESO_DonaCiencia-6.jpg?fit=1600%2C1200&amp;ssl=1\" class=\"attachment-full size-full\" alt=\"\" srcset=\"https:\/\/i0.wp.com\/escolagrancapita.wpcomstaging.com\/wp-content\/uploads\/2024\/02\/ESO_DonaCiencia-6.jpg?w=1600&amp;ssl=1 1600w, https:\/\/i0.wp.com\/escolagrancapita.wpcomstaging.com\/wp-content\/uploads\/2024\/02\/ESO_DonaCiencia-6.jpg?resize=300%2C225&amp;ssl=1 300w, https:\/\/i0.wp.com\/escolagrancapita.wpcomstaging.com\/wp-content\/uploads\/2024\/02\/ESO_DonaCiencia-6.jpg?resize=1024%2C768&amp;ssl=1 1024w, https:\/\/i0.wp.com\/escolagrancapita.wpcomstaging.com\/wp-content\/uploads\/2024\/02\/ESO_DonaCiencia-6.jpg?resize=768%2C576&amp;ssl=1 768w, https:\/\/i0.wp.com\/escolagrancapita.wpcomstaging.com\/wp-content\/uploads\/2024\/02\/ESO_DonaCiencia-6.jpg?resize=1536%2C1152&amp;ssl=1 1536w, https:\/\/i0.wp.com\/escolagrancapita.wpcomstaging.com\/wp-content\/uploads\/2024\/02\/ESO_DonaCiencia-6.jpg?resize=1200%2C900&amp;ssl=1 1200w, https:\/\/i0.wp.com\/escolagrancapita.wpcomstaging.com\/wp-content\/uploads\/2024\/02\/ESO_DonaCiencia-6.jpg?resize=800%2C600&amp;ssl=1 800w, https:\/\/i0.wp.com\/escolagrancapita.wpcomstaging.com\/wp-content\/uploads\/2024\/02\/ESO_DonaCiencia-6.jpg?resize=600%2C450&amp;ssl=1 600w, https:\/\/i0.wp.com\/escolagrancapita.wpcomstaging.com\/wp-content\/uploads\/2024\/02\/ESO_DonaCiencia-6.jpg?resize=400%2C300&amp;ssl=1 400w, https:\/\/i0.wp.com\/escolagrancapita.wpcomstaging.com\/wp-content\/uploads\/2024\/02\/ESO_DonaCiencia-6.jpg?resize=200%2C150&amp;ssl=1 200w\" sizes=\"auto, (max-width: 750px) 100vw, 750px\" \/>\n\t\t\t<\/div><\/figure><figure class='gallery-item'>\n\t\t\t<div class='gallery-icon landscape'>\n\t\t\t\t<img loading=\"lazy\" decoding=\"async\" width=\"1600\" height=\"1200\" src=\"https:\/\/i0.wp.com\/escolagrancapita.wpcomstaging.com\/wp-content\/uploads\/2024\/02\/ESO_DonaCiencia-7.jpg?fit=1600%2C1200&amp;ssl=1\" class=\"attachment-full size-full\" alt=\"\" srcset=\"https:\/\/i0.wp.com\/escolagrancapita.wpcomstaging.com\/wp-content\/uploads\/2024\/02\/ESO_DonaCiencia-7.jpg?w=1600&amp;ssl=1 1600w, https:\/\/i0.wp.com\/escolagrancapita.wpcomstaging.com\/wp-content\/uploads\/2024\/02\/ESO_DonaCiencia-7.jpg?resize=300%2C225&amp;ssl=1 300w, https:\/\/i0.wp.com\/escolagrancapita.wpcomstaging.com\/wp-content\/uploads\/2024\/02\/ESO_DonaCiencia-7.jpg?resize=1024%2C768&amp;ssl=1 1024w, https:\/\/i0.wp.com\/escolagrancapita.wpcomstaging.com\/wp-content\/uploads\/2024\/02\/ESO_DonaCiencia-7.jpg?resize=768%2C576&amp;ssl=1 768w, https:\/\/i0.wp.com\/escolagrancapita.wpcomstaging.com\/wp-content\/uploads\/2024\/02\/ESO_DonaCiencia-7.jpg?resize=1536%2C1152&amp;ssl=1 1536w, https:\/\/i0.wp.com\/escolagrancapita.wpcomstaging.com\/wp-content\/uploads\/2024\/02\/ESO_DonaCiencia-7.jpg?resize=1200%2C900&amp;ssl=1 1200w, https:\/\/i0.wp.com\/escolagrancapita.wpcomstaging.com\/wp-content\/uploads\/2024\/02\/ESO_DonaCiencia-7.jpg?resize=800%2C600&amp;ssl=1 800w, https:\/\/i0.wp.com\/escolagrancapita.wpcomstaging.com\/wp-content\/uploads\/2024\/02\/ESO_DonaCiencia-7.jpg?resize=600%2C450&amp;ssl=1 600w, https:\/\/i0.wp.com\/escolagrancapita.wpcomstaging.com\/wp-content\/uploads\/2024\/02\/ESO_DonaCiencia-7.jpg?resize=400%2C300&amp;ssl=1 400w, https:\/\/i0.wp.com\/escolagrancapita.wpcomstaging.com\/wp-content\/uploads\/2024\/02\/ESO_DonaCiencia-7.jpg?resize=200%2C150&amp;ssl=1 200w\" sizes=\"auto, (max-width: 750px) 100vw, 750px\" \/>\n\t\t\t<\/div><\/figure><figure class='gallery-item'>\n\t\t\t<div class='gallery-icon landscape'>\n\t\t\t\t<img loading=\"lazy\" decoding=\"async\" width=\"1600\" height=\"1200\" src=\"https:\/\/i0.wp.com\/escolagrancapita.wpcomstaging.com\/wp-content\/uploads\/2024\/02\/ESO_DonaCiencia-8.jpg?fit=1600%2C1200&amp;ssl=1\" class=\"attachment-full size-full\" alt=\"\" srcset=\"https:\/\/i0.wp.com\/escolagrancapita.wpcomstaging.com\/wp-content\/uploads\/2024\/02\/ESO_DonaCiencia-8.jpg?w=1600&amp;ssl=1 1600w, https:\/\/i0.wp.com\/escolagrancapita.wpcomstaging.com\/wp-content\/uploads\/2024\/02\/ESO_DonaCiencia-8.jpg?resize=300%2C225&amp;ssl=1 300w, https:\/\/i0.wp.com\/escolagrancapita.wpcomstaging.com\/wp-content\/uploads\/2024\/02\/ESO_DonaCiencia-8.jpg?resize=1024%2C768&amp;ssl=1 1024w, https:\/\/i0.wp.com\/escolagrancapita.wpcomstaging.com\/wp-content\/uploads\/2024\/02\/ESO_DonaCiencia-8.jpg?resize=768%2C576&amp;ssl=1 768w, https:\/\/i0.wp.com\/escolagrancapita.wpcomstaging.com\/wp-content\/uploads\/2024\/02\/ESO_DonaCiencia-8.jpg?resize=1536%2C1152&amp;ssl=1 1536w, https:\/\/i0.wp.com\/escolagrancapita.wpcomstaging.com\/wp-content\/uploads\/2024\/02\/ESO_DonaCiencia-8.jpg?resize=1200%2C900&amp;ssl=1 1200w, https:\/\/i0.wp.com\/escolagrancapita.wpcomstaging.com\/wp-content\/uploads\/2024\/02\/ESO_DonaCiencia-8.jpg?resize=800%2C600&amp;ssl=1 800w, https:\/\/i0.wp.com\/escolagrancapita.wpcomstaging.com\/wp-content\/uploads\/2024\/02\/ESO_DonaCiencia-8.jpg?resize=600%2C450&amp;ssl=1 600w, https:\/\/i0.wp.com\/escolagrancapita.wpcomstaging.com\/wp-content\/uploads\/2024\/02\/ESO_DonaCiencia-8.jpg?resize=400%2C300&amp;ssl=1 400w, https:\/\/i0.wp.com\/escolagrancapita.wpcomstaging.com\/wp-content\/uploads\/2024\/02\/ESO_DonaCiencia-8.jpg?resize=200%2C150&amp;ssl=1 200w\" sizes=\"auto, (max-width: 750px) 100vw, 750px\" \/>\n\t\t\t<\/div><\/figure><figure class='gallery-item'>\n\t\t\t<div class='gallery-icon landscape'>\n\t\t\t\t<img loading=\"lazy\" decoding=\"async\" width=\"1600\" height=\"1200\" src=\"https:\/\/i0.wp.com\/escolagrancapita.wpcomstaging.com\/wp-content\/uploads\/2024\/02\/ESO_DonaCiencia-9.jpg?fit=1600%2C1200&amp;ssl=1\" class=\"attachment-full size-full\" alt=\"\" srcset=\"https:\/\/i0.wp.com\/escolagrancapita.wpcomstaging.com\/wp-content\/uploads\/2024\/02\/ESO_DonaCiencia-9.jpg?w=1600&amp;ssl=1 1600w, https:\/\/i0.wp.com\/escolagrancapita.wpcomstaging.com\/wp-content\/uploads\/2024\/02\/ESO_DonaCiencia-9.jpg?resize=300%2C225&amp;ssl=1 300w, https:\/\/i0.wp.com\/escolagrancapita.wpcomstaging.com\/wp-content\/uploads\/2024\/02\/ESO_DonaCiencia-9.jpg?resize=1024%2C768&amp;ssl=1 1024w, https:\/\/i0.wp.com\/escolagrancapita.wpcomstaging.com\/wp-content\/uploads\/2024\/02\/ESO_DonaCiencia-9.jpg?resize=768%2C576&amp;ssl=1 768w, https:\/\/i0.wp.com\/escolagrancapita.wpcomstaging.com\/wp-content\/uploads\/2024\/02\/ESO_DonaCiencia-9.jpg?resize=1536%2C1152&amp;ssl=1 1536w, https:\/\/i0.wp.com\/escolagrancapita.wpcomstaging.com\/wp-content\/uploads\/2024\/02\/ESO_DonaCiencia-9.jpg?resize=1200%2C900&amp;ssl=1 1200w, https:\/\/i0.wp.com\/escolagrancapita.wpcomstaging.com\/wp-content\/uploads\/2024\/02\/ESO_DonaCiencia-9.jpg?resize=800%2C600&amp;ssl=1 800w, https:\/\/i0.wp.com\/escolagrancapita.wpcomstaging.com\/wp-content\/uploads\/2024\/02\/ESO_DonaCiencia-9.jpg?resize=600%2C450&amp;ssl=1 600w, https:\/\/i0.wp.com\/escolagrancapita.wpcomstaging.com\/wp-content\/uploads\/2024\/02\/ESO_DonaCiencia-9.jpg?resize=400%2C300&amp;ssl=1 400w, https:\/\/i0.wp.com\/escolagrancapita.wpcomstaging.com\/wp-content\/uploads\/2024\/02\/ESO_DonaCiencia-9.jpg?resize=200%2C150&amp;ssl=1 200w\" sizes=\"auto, (max-width: 750px) 100vw, 750px\" \/>\n\t\t\t<\/div><\/figure><figure class='gallery-item'>\n\t\t\t<div class='gallery-icon landscape'>\n\t\t\t\t<img loading=\"lazy\" decoding=\"async\" width=\"1600\" height=\"1200\" src=\"https:\/\/i0.wp.com\/escolagrancapita.wpcomstaging.com\/wp-content\/uploads\/2024\/02\/ESO_DonaCiencia-10.jpg?fit=1600%2C1200&amp;ssl=1\" class=\"attachment-full size-full\" alt=\"\" srcset=\"https:\/\/i0.wp.com\/escolagrancapita.wpcomstaging.com\/wp-content\/uploads\/2024\/02\/ESO_DonaCiencia-10.jpg?w=1600&amp;ssl=1 1600w, https:\/\/i0.wp.com\/escolagrancapita.wpcomstaging.com\/wp-content\/uploads\/2024\/02\/ESO_DonaCiencia-10.jpg?resize=300%2C225&amp;ssl=1 300w, https:\/\/i0.wp.com\/escolagrancapita.wpcomstaging.com\/wp-content\/uploads\/2024\/02\/ESO_DonaCiencia-10.jpg?resize=1024%2C768&amp;ssl=1 1024w, https:\/\/i0.wp.com\/escolagrancapita.wpcomstaging.com\/wp-content\/uploads\/2024\/02\/ESO_DonaCiencia-10.jpg?resize=768%2C576&amp;ssl=1 768w, https:\/\/i0.wp.com\/escolagrancapita.wpcomstaging.com\/wp-content\/uploads\/2024\/02\/ESO_DonaCiencia-10.jpg?resize=1536%2C1152&amp;ssl=1 1536w, https:\/\/i0.wp.com\/escolagrancapita.wpcomstaging.com\/wp-content\/uploads\/2024\/02\/ESO_DonaCiencia-10.jpg?resize=1200%2C900&amp;ssl=1 1200w, https:\/\/i0.wp.com\/escolagrancapita.wpcomstaging.com\/wp-content\/uploads\/2024\/02\/ESO_DonaCiencia-10.jpg?resize=800%2C600&amp;ssl=1 800w, https:\/\/i0.wp.com\/escolagrancapita.wpcomstaging.com\/wp-content\/uploads\/2024\/02\/ESO_DonaCiencia-10.jpg?resize=600%2C450&amp;ssl=1 600w, https:\/\/i0.wp.com\/escolagrancapita.wpcomstaging.com\/wp-content\/uploads\/2024\/02\/ESO_DonaCiencia-10.jpg?resize=400%2C300&amp;ssl=1 400w, https:\/\/i0.wp.com\/escolagrancapita.wpcomstaging.com\/wp-content\/uploads\/2024\/02\/ESO_DonaCiencia-10.jpg?resize=200%2C150&amp;ssl=1 200w\" sizes=\"auto, (max-width: 750px) 100vw, 750px\" \/>\n\t\t\t<\/div><\/figure>\n\t\t<\/div>\n\n<p style=\"text-align: justify;\">\u00c9s fonamental destacar la contribuci\u00f3 de les dones en els camps <a href=\"https:\/\/es.wikipedia.org\/wiki\/Educaci%C3%B3n_STEM\" target=\"_blank\" rel=\"noopener\">STEM<\/a>, creant referents femenins que puguin inspirar a les noves generacions a escollir aquestes \u00e0rees com a carreres professionals.<\/p>\n<div id='gallery-2' class='gallery galleryid-22241 gallery-columns-1 gallery-size-full'><figure class='gallery-item'>\n\t\t\t<div class='gallery-icon landscape'>\n\t\t\t\t<img loading=\"lazy\" decoding=\"async\" width=\"1600\" height=\"1216\" src=\"https:\/\/i0.wp.com\/escolagrancapita.wpcomstaging.com\/wp-content\/uploads\/2024\/02\/ESO_DonaCiencia-1-e1708538161236.jpg?fit=1600%2C1216&amp;ssl=1\" class=\"attachment-full size-full\" alt=\"\" srcset=\"https:\/\/i0.wp.com\/escolagrancapita.wpcomstaging.com\/wp-content\/uploads\/2024\/02\/ESO_DonaCiencia-1-e1708538161236.jpg?w=1600&amp;ssl=1 1600w, https:\/\/i0.wp.com\/escolagrancapita.wpcomstaging.com\/wp-content\/uploads\/2024\/02\/ESO_DonaCiencia-1-e1708538161236.jpg?resize=300%2C228&amp;ssl=1 300w, https:\/\/i0.wp.com\/escolagrancapita.wpcomstaging.com\/wp-content\/uploads\/2024\/02\/ESO_DonaCiencia-1-e1708538161236.jpg?resize=1024%2C778&amp;ssl=1 1024w, https:\/\/i0.wp.com\/escolagrancapita.wpcomstaging.com\/wp-content\/uploads\/2024\/02\/ESO_DonaCiencia-1-e1708538161236.jpg?resize=768%2C584&amp;ssl=1 768w, https:\/\/i0.wp.com\/escolagrancapita.wpcomstaging.com\/wp-content\/uploads\/2024\/02\/ESO_DonaCiencia-1-e1708538161236.jpg?resize=1536%2C1167&amp;ssl=1 1536w, https:\/\/i0.wp.com\/escolagrancapita.wpcomstaging.com\/wp-content\/uploads\/2024\/02\/ESO_DonaCiencia-1-e1708538161236.jpg?resize=1200%2C912&amp;ssl=1 1200w\" sizes=\"auto, (max-width: 750px) 100vw, 750px\" \/>\n\t\t\t<\/div><\/figure>\n\t\t<\/div>\n\n","protected":false},"excerpt":{"rendered":"<p>L&#8217;11 de febrer \u00e9s el Dia Internacional de les Dones i les Nenes en la Ci\u00e8ncia. Per aquest motiu, l&#8217;alumnat de Secund\u00e0ria van realitzar una s\u00e8rie de reptes amb l&#8217;objectiu de con\u00e8ixer millor algunes de les cient\u00edfiques espanyoles m\u00e9s rellevants<\/p>\n","protected":false},"author":1,"featured_media":0,"parent":0,"menu_order":0,"comment_status":"closed","ping_status":"closed","template":"","meta":{"_crdt_document":"","footnotes":""},"categories":[75],"tags":[139,43],"class_list":["post-22241","page","type-page","status-publish","hentry","category-activitats","tag-curs-2023-24","tag-ed-secundaria"],"jetpack_sharing_enabled":true,"_links":{"self":[{"href":"https:\/\/escolagrancapita.wpcomstaging.com\/index.php?rest_route=\/wp\/v2\/pages\/22241","targetHints":{"allow":["GET"]}}],"collection":[{"href":"https:\/\/escolagrancapita.wpcomstaging.com\/index.php?rest_route=\/wp\/v2\/pages"}],"about":[{"href":"https:\/\/escolagrancapita.wpcomstaging.com\/index.php?rest_route=\/wp\/v2\/types\/page"}],"author":[{"embeddable":true,"href":"https:\/\/escolagrancapita.wpcomstaging.com\/index.php?rest_route=\/wp\/v2\/users\/1"}],"replies":[{"embeddable":true,"href":"https:\/\/escolagrancapita.wpcomstaging.com\/index.php?rest_route=%2Fwp%2Fv2%2Fcomments&post=22241"}],"version-history":[{"count":4,"href":"https:\/\/escolagrancapita.wpcomstaging.com\/index.php?rest_route=\/wp\/v2\/pages\/22241\/revisions"}],"predecessor-version":[{"id":22255,"href":"https:\/\/escolagrancapita.wpcomstaging.com\/index.php?rest_route=\/wp\/v2\/pages\/22241\/revisions\/22255"}],"wp:attachment":[{"href":"https:\/\/escolagrancapita.wpcomstaging.com\/index.php?rest_route=%2Fwp%2Fv2%2Fmedia&parent=22241"}],"wp:term":[{"taxonomy":"category","embeddable":true,"href":"https:\/\/escolagrancapita.wpcomstaging.com\/index.php?rest_route=%2Fwp%2Fv2%2Fcategories&post=22241"},{"taxonomy":"post_tag","embeddable":true,"href":"https:\/\/escolagrancapita.wpcomstaging.com\/index.php?rest_route=%2Fwp%2Fv2%2Ftags&post=22241"}],"curies":[{"name":"wp","href":"https:\/\/api.w.org\/{rel}","templated":true}]}}