{"id":22840,"date":"2024-05-05T10:35:50","date_gmt":"2024-05-05T10:35:50","guid":{"rendered":"https:\/\/escolagrancapita.wpcomstaging.com\/?page_id=22840"},"modified":"2024-05-05T10:37:45","modified_gmt":"2024-05-05T10:37:45","slug":"abs-el-govern","status":"publish","type":"page","link":"https:\/\/escolagrancapita.wpcomstaging.com\/?page_id=22840","title":{"rendered":"ABS: El Govern"},"content":{"rendered":"<p style=\"text-align: justify;\">Durant el segon trimestre, 4t de Prim\u00e0ria ha participat en un emocionant projecte d&#8217;<strong>Aprenentatge Basat en Situacions<\/strong> (ABS) <strong>centrat en el sistema pol\u00edtic actual<\/strong>. A trav\u00e9s d&#8217;una s\u00e8rie d&#8217;activitats din\u00e0miques i participatives, han explorat els fonaments de la democr\u00e0cia i han posat en pr\u00e0ctica les seves habilitats de pensament cr\u00edtic i resoluci\u00f3 de problemes.<\/p>\n<p style=\"text-align: justify;\">Una de les primeres tasques del projecte va ser la<strong> creaci\u00f3 del seu propi partit pol\u00edtic<\/strong>, on tothom va treballar en equip per desenvolupar una plataforma i uns valors que reflectissin les seves idees i creences. Aquesta activitat va promoure la col\u00b7laboraci\u00f3 i la comunicaci\u00f3, aix\u00ed com la comprensi\u00f3 dels principis b\u00e0sics de la representaci\u00f3 pol\u00edtica.<\/p>\n<p style=\"text-align: justify;\">Seguidament, van<strong> elaborar un programa electoral detallat<\/strong>, on van identificar les necessitats de la seva comunitat imagin\u00e0ria i van proposar solucions concretes. A trav\u00e9s d&#8217;aquest exercici, van aprendre a prioritzar i negociar, mentre desenvolupaven el seu pensament cr\u00edtic i la seva capacitat de presentar arguments de manera coherent i persuasiva.<\/p>\n<p style=\"text-align: justify;\">Un dels moments m\u00e9s emocionants del projecte va ser el <strong>debat pol\u00edtic amb les fam\u00edlies<\/strong>, on l&#8217;alumnat va tenir l&#8217;oportunitat de defensar les seves idees davant d&#8217;un p\u00fablic real. Aquesta experi\u00e8ncia no nom\u00e9s va enfortir les seves habilitats de comunicaci\u00f3, sin\u00f3 que tamb\u00e9 va implicar a les fam\u00edlies en el proc\u00e9s educatiu dels seus fills, fomentant la participaci\u00f3 i el di\u00e0leg entre generacions.<\/p>\n<p style=\"text-align: justify;\">Finalment, <strong>les eleccions van ser el culminant del projecte<\/strong>, on tothom va exercir el seu dret a votar i va veure els resultats de les seves campanyes i esfor\u00e7os. Aquesta experi\u00e8ncia va refor\u00e7ar la seva comprensi\u00f3 del proc\u00e9s democr\u00e0tic i va subratllar la import\u00e0ncia de la participaci\u00f3 ciutadana en la presa de decisions pol\u00edtiques.<\/p>\n<p style=\"text-align: center;\"><iframe loading=\"lazy\" title=\"\" src=\"https:\/\/www.youtube.com\/embed\/7rsQy0vMKjY\" width=\"893\" height=\"736\" frameborder=\"0\" allowfullscreen=\"allowfullscreen\"><\/iframe><\/p>\n<p style=\"text-align: justify;\">Al llarg d&#8217;aquest projecte, l&#8217;alumnat no nom\u00e9s ha adquirit coneixements sobre el sistema pol\u00edtic actual, sin\u00f3 que tamb\u00e9 ha desenvolupat habilitats essencials com la col\u00b7laboraci\u00f3, la comunicaci\u00f3 i el pensament cr\u00edtic.<\/p>\n<p style=\"text-align: justify;\">Veritablement, tothom s&#8217;ha convertit en expert en la mat\u00e8ria, demostrant el poder de l&#8217;aprenentatge basat en situacions per a l&#8217;educaci\u00f3 del segle XXI.<strong>&#x1f9e0;&#x1f4aa;!<\/strong><\/p>\n","protected":false},"excerpt":{"rendered":"<p>Durant el segon trimestre, 4t de Prim\u00e0ria ha participat en un emocionant projecte d&#8217;Aprenentatge Basat en Situacions (ABS) centrat en el sistema pol\u00edtic actual. A trav\u00e9s d&#8217;una s\u00e8rie d&#8217;activitats din\u00e0miques i participatives, han explorat els fonaments de la democr\u00e0cia i<\/p>\n","protected":false},"author":1,"featured_media":0,"parent":0,"menu_order":0,"comment_status":"closed","ping_status":"closed","template":"","meta":{"_crdt_document":"","footnotes":""},"categories":[92],"tags":[139,86,79],"class_list":["post-22840","page","type-page","status-publish","hentry","category-projectes","tag-curs-2023-24","tag-ed-primaria","tag-projectes"],"jetpack_sharing_enabled":true,"_links":{"self":[{"href":"https:\/\/escolagrancapita.wpcomstaging.com\/index.php?rest_route=\/wp\/v2\/pages\/22840","targetHints":{"allow":["GET"]}}],"collection":[{"href":"https:\/\/escolagrancapita.wpcomstaging.com\/index.php?rest_route=\/wp\/v2\/pages"}],"about":[{"href":"https:\/\/escolagrancapita.wpcomstaging.com\/index.php?rest_route=\/wp\/v2\/types\/page"}],"author":[{"embeddable":true,"href":"https:\/\/escolagrancapita.wpcomstaging.com\/index.php?rest_route=\/wp\/v2\/users\/1"}],"replies":[{"embeddable":true,"href":"https:\/\/escolagrancapita.wpcomstaging.com\/index.php?rest_route=%2Fwp%2Fv2%2Fcomments&post=22840"}],"version-history":[{"count":5,"href":"https:\/\/escolagrancapita.wpcomstaging.com\/index.php?rest_route=\/wp\/v2\/pages\/22840\/revisions"}],"predecessor-version":[{"id":22846,"href":"https:\/\/escolagrancapita.wpcomstaging.com\/index.php?rest_route=\/wp\/v2\/pages\/22840\/revisions\/22846"}],"wp:attachment":[{"href":"https:\/\/escolagrancapita.wpcomstaging.com\/index.php?rest_route=%2Fwp%2Fv2%2Fmedia&parent=22840"}],"wp:term":[{"taxonomy":"category","embeddable":true,"href":"https:\/\/escolagrancapita.wpcomstaging.com\/index.php?rest_route=%2Fwp%2Fv2%2Fcategories&post=22840"},{"taxonomy":"post_tag","embeddable":true,"href":"https:\/\/escolagrancapita.wpcomstaging.com\/index.php?rest_route=%2Fwp%2Fv2%2Ftags&post=22840"}],"curies":[{"name":"wp","href":"https:\/\/api.w.org\/{rel}","templated":true}]}}