{"id":22847,"date":"2024-05-05T10:54:51","date_gmt":"2024-05-05T10:54:51","guid":{"rendered":"https:\/\/escolagrancapita.wpcomstaging.com\/?page_id=22847"},"modified":"2024-05-05T10:54:51","modified_gmt":"2024-05-05T10:54:51","slug":"acrosport-a-cicle-superior","status":"publish","type":"page","link":"https:\/\/escolagrancapita.wpcomstaging.com\/?page_id=22847","title":{"rendered":"Acrosport a Cicle Superior"},"content":{"rendered":"<p style=\"text-align: justify;\">Durant aquest tercer trimestre,Cicle Superior s&#8217;ha iniciat en la pr\u00e0ctica de l&#8217;<strong>acrosport<\/strong>, una disciplina que combina l&#8217;acrob\u00e0cia i la coreografia en equip. A trav\u00e9s d&#8217;aquest esport, han descobert i practicat la formaci\u00f3 de figures o pir\u00e0mides corporals, les acrob\u00e0cies i elements de for\u00e7a. A m\u00e9s, han desenvolupat capacitats f\u00edsiques com la flexibilitat, l&#8217;equilibri i la for\u00e7a.<\/p>\n<div id='gallery-1' class='gallery galleryid-22847 gallery-columns-4 gallery-size-full'><figure class='gallery-item'>\n\t\t\t<div class='gallery-icon portrait'>\n\t\t\t\t<img loading=\"lazy\" decoding=\"async\" width=\"480\" height=\"640\" src=\"https:\/\/i0.wp.com\/escolagrancapita.wpcomstaging.com\/wp-content\/uploads\/2024\/05\/PRI_Acrosport-1-rotated.jpg?fit=480%2C640&amp;ssl=1\" class=\"attachment-full size-full\" alt=\"\" srcset=\"https:\/\/i0.wp.com\/escolagrancapita.wpcomstaging.com\/wp-content\/uploads\/2024\/05\/PRI_Acrosport-1-rotated.jpg?w=480&amp;ssl=1 480w, https:\/\/i0.wp.com\/escolagrancapita.wpcomstaging.com\/wp-content\/uploads\/2024\/05\/PRI_Acrosport-1-rotated.jpg?resize=225%2C300&amp;ssl=1 225w, https:\/\/i0.wp.com\/escolagrancapita.wpcomstaging.com\/wp-content\/uploads\/2024\/05\/PRI_Acrosport-1-rotated.jpg?resize=450%2C600&amp;ssl=1 450w, https:\/\/i0.wp.com\/escolagrancapita.wpcomstaging.com\/wp-content\/uploads\/2024\/05\/PRI_Acrosport-1-rotated.jpg?resize=300%2C400&amp;ssl=1 300w, https:\/\/i0.wp.com\/escolagrancapita.wpcomstaging.com\/wp-content\/uploads\/2024\/05\/PRI_Acrosport-1-rotated.jpg?resize=150%2C200&amp;ssl=1 150w\" sizes=\"auto, (max-width: 480px) 100vw, 480px\" \/>\n\t\t\t<\/div><\/figure><figure class='gallery-item'>\n\t\t\t<div class='gallery-icon portrait'>\n\t\t\t\t<img loading=\"lazy\" decoding=\"async\" width=\"480\" height=\"640\" src=\"https:\/\/i0.wp.com\/escolagrancapita.wpcomstaging.com\/wp-content\/uploads\/2024\/05\/PRI_Acrosport-2-rotated.jpg?fit=480%2C640&amp;ssl=1\" class=\"attachment-full size-full\" alt=\"\" srcset=\"https:\/\/i0.wp.com\/escolagrancapita.wpcomstaging.com\/wp-content\/uploads\/2024\/05\/PRI_Acrosport-2-rotated.jpg?w=480&amp;ssl=1 480w, https:\/\/i0.wp.com\/escolagrancapita.wpcomstaging.com\/wp-content\/uploads\/2024\/05\/PRI_Acrosport-2-rotated.jpg?resize=225%2C300&amp;ssl=1 225w, https:\/\/i0.wp.com\/escolagrancapita.wpcomstaging.com\/wp-content\/uploads\/2024\/05\/PRI_Acrosport-2-rotated.jpg?resize=450%2C600&amp;ssl=1 450w, https:\/\/i0.wp.com\/escolagrancapita.wpcomstaging.com\/wp-content\/uploads\/2024\/05\/PRI_Acrosport-2-rotated.jpg?resize=300%2C400&amp;ssl=1 300w, https:\/\/i0.wp.com\/escolagrancapita.wpcomstaging.com\/wp-content\/uploads\/2024\/05\/PRI_Acrosport-2-rotated.jpg?resize=150%2C200&amp;ssl=1 150w\" sizes=\"auto, (max-width: 480px) 100vw, 480px\" \/>\n\t\t\t<\/div><\/figure><figure class='gallery-item'>\n\t\t\t<div class='gallery-icon portrait'>\n\t\t\t\t<img loading=\"lazy\" decoding=\"async\" width=\"480\" height=\"640\" src=\"https:\/\/i0.wp.com\/escolagrancapita.wpcomstaging.com\/wp-content\/uploads\/2024\/05\/PRI_Acrosport-3-rotated.jpg?fit=480%2C640&amp;ssl=1\" class=\"attachment-full size-full\" alt=\"\" srcset=\"https:\/\/i0.wp.com\/escolagrancapita.wpcomstaging.com\/wp-content\/uploads\/2024\/05\/PRI_Acrosport-3-rotated.jpg?w=480&amp;ssl=1 480w, https:\/\/i0.wp.com\/escolagrancapita.wpcomstaging.com\/wp-content\/uploads\/2024\/05\/PRI_Acrosport-3-rotated.jpg?resize=225%2C300&amp;ssl=1 225w, https:\/\/i0.wp.com\/escolagrancapita.wpcomstaging.com\/wp-content\/uploads\/2024\/05\/PRI_Acrosport-3-rotated.jpg?resize=450%2C600&amp;ssl=1 450w, https:\/\/i0.wp.com\/escolagrancapita.wpcomstaging.com\/wp-content\/uploads\/2024\/05\/PRI_Acrosport-3-rotated.jpg?resize=300%2C400&amp;ssl=1 300w, https:\/\/i0.wp.com\/escolagrancapita.wpcomstaging.com\/wp-content\/uploads\/2024\/05\/PRI_Acrosport-3-rotated.jpg?resize=150%2C200&amp;ssl=1 150w\" sizes=\"auto, (max-width: 480px) 100vw, 480px\" \/>\n\t\t\t<\/div><\/figure><figure class='gallery-item'>\n\t\t\t<div class='gallery-icon portrait'>\n\t\t\t\t<img loading=\"lazy\" decoding=\"async\" width=\"480\" height=\"640\" src=\"https:\/\/i0.wp.com\/escolagrancapita.wpcomstaging.com\/wp-content\/uploads\/2024\/05\/PRI_Acrosport-4-rotated.jpg?fit=480%2C640&amp;ssl=1\" class=\"attachment-full size-full\" alt=\"\" srcset=\"https:\/\/i0.wp.com\/escolagrancapita.wpcomstaging.com\/wp-content\/uploads\/2024\/05\/PRI_Acrosport-4-rotated.jpg?w=480&amp;ssl=1 480w, https:\/\/i0.wp.com\/escolagrancapita.wpcomstaging.com\/wp-content\/uploads\/2024\/05\/PRI_Acrosport-4-rotated.jpg?resize=225%2C300&amp;ssl=1 225w, https:\/\/i0.wp.com\/escolagrancapita.wpcomstaging.com\/wp-content\/uploads\/2024\/05\/PRI_Acrosport-4-rotated.jpg?resize=450%2C600&amp;ssl=1 450w, https:\/\/i0.wp.com\/escolagrancapita.wpcomstaging.com\/wp-content\/uploads\/2024\/05\/PRI_Acrosport-4-rotated.jpg?resize=300%2C400&amp;ssl=1 300w, https:\/\/i0.wp.com\/escolagrancapita.wpcomstaging.com\/wp-content\/uploads\/2024\/05\/PRI_Acrosport-4-rotated.jpg?resize=150%2C200&amp;ssl=1 150w\" sizes=\"auto, (max-width: 480px) 100vw, 480px\" \/>\n\t\t\t<\/div><\/figure>\n\t\t<\/div>\n\n<p style=\"text-align: justify;\">L&#8217;acrosport els ha proporcionat una experi\u00e8ncia enriquidora, ja que han apr\u00e8s a treballar cooperativament, col\u00b7laborant estretament amb els seus companys per aconseguir les figures i coreografies desitjades. Aix\u00f2 no nom\u00e9s ha refor\u00e7at els seus vincles, sin\u00f3 que tamb\u00e9 els ha ajudat a millorar la seva sensibilitat art\u00edstica i creativa.<\/p>\n<div id='gallery-2' class='gallery galleryid-22847 gallery-columns-3 gallery-size-full'><figure class='gallery-item'>\n\t\t\t<div class='gallery-icon portrait'>\n\t\t\t\t<img loading=\"lazy\" decoding=\"async\" width=\"480\" height=\"640\" src=\"https:\/\/i0.wp.com\/escolagrancapita.wpcomstaging.com\/wp-content\/uploads\/2024\/05\/PRI_Acrosport-5-rotated.jpg?fit=480%2C640&amp;ssl=1\" class=\"attachment-full size-full\" alt=\"\" srcset=\"https:\/\/i0.wp.com\/escolagrancapita.wpcomstaging.com\/wp-content\/uploads\/2024\/05\/PRI_Acrosport-5-rotated.jpg?w=480&amp;ssl=1 480w, https:\/\/i0.wp.com\/escolagrancapita.wpcomstaging.com\/wp-content\/uploads\/2024\/05\/PRI_Acrosport-5-rotated.jpg?resize=225%2C300&amp;ssl=1 225w, https:\/\/i0.wp.com\/escolagrancapita.wpcomstaging.com\/wp-content\/uploads\/2024\/05\/PRI_Acrosport-5-rotated.jpg?resize=450%2C600&amp;ssl=1 450w, https:\/\/i0.wp.com\/escolagrancapita.wpcomstaging.com\/wp-content\/uploads\/2024\/05\/PRI_Acrosport-5-rotated.jpg?resize=300%2C400&amp;ssl=1 300w, https:\/\/i0.wp.com\/escolagrancapita.wpcomstaging.com\/wp-content\/uploads\/2024\/05\/PRI_Acrosport-5-rotated.jpg?resize=150%2C200&amp;ssl=1 150w\" sizes=\"auto, (max-width: 480px) 100vw, 480px\" \/>\n\t\t\t<\/div><\/figure><figure class='gallery-item'>\n\t\t\t<div class='gallery-icon portrait'>\n\t\t\t\t<img loading=\"lazy\" decoding=\"async\" width=\"480\" height=\"640\" src=\"https:\/\/i0.wp.com\/escolagrancapita.wpcomstaging.com\/wp-content\/uploads\/2024\/05\/PRI_Acrosport-6-rotated.jpg?fit=480%2C640&amp;ssl=1\" class=\"attachment-full size-full\" alt=\"\" srcset=\"https:\/\/i0.wp.com\/escolagrancapita.wpcomstaging.com\/wp-content\/uploads\/2024\/05\/PRI_Acrosport-6-rotated.jpg?w=480&amp;ssl=1 480w, https:\/\/i0.wp.com\/escolagrancapita.wpcomstaging.com\/wp-content\/uploads\/2024\/05\/PRI_Acrosport-6-rotated.jpg?resize=225%2C300&amp;ssl=1 225w, https:\/\/i0.wp.com\/escolagrancapita.wpcomstaging.com\/wp-content\/uploads\/2024\/05\/PRI_Acrosport-6-rotated.jpg?resize=450%2C600&amp;ssl=1 450w, https:\/\/i0.wp.com\/escolagrancapita.wpcomstaging.com\/wp-content\/uploads\/2024\/05\/PRI_Acrosport-6-rotated.jpg?resize=300%2C400&amp;ssl=1 300w, https:\/\/i0.wp.com\/escolagrancapita.wpcomstaging.com\/wp-content\/uploads\/2024\/05\/PRI_Acrosport-6-rotated.jpg?resize=150%2C200&amp;ssl=1 150w\" sizes=\"auto, (max-width: 480px) 100vw, 480px\" \/>\n\t\t\t<\/div><\/figure><figure class='gallery-item'>\n\t\t\t<div class='gallery-icon portrait'>\n\t\t\t\t<img loading=\"lazy\" decoding=\"async\" width=\"480\" height=\"640\" src=\"https:\/\/i0.wp.com\/escolagrancapita.wpcomstaging.com\/wp-content\/uploads\/2024\/05\/PRI_Acrosport-7-rotated.jpg?fit=480%2C640&amp;ssl=1\" class=\"attachment-full size-full\" alt=\"\" srcset=\"https:\/\/i0.wp.com\/escolagrancapita.wpcomstaging.com\/wp-content\/uploads\/2024\/05\/PRI_Acrosport-7-rotated.jpg?w=480&amp;ssl=1 480w, https:\/\/i0.wp.com\/escolagrancapita.wpcomstaging.com\/wp-content\/uploads\/2024\/05\/PRI_Acrosport-7-rotated.jpg?resize=225%2C300&amp;ssl=1 225w, https:\/\/i0.wp.com\/escolagrancapita.wpcomstaging.com\/wp-content\/uploads\/2024\/05\/PRI_Acrosport-7-rotated.jpg?resize=450%2C600&amp;ssl=1 450w, https:\/\/i0.wp.com\/escolagrancapita.wpcomstaging.com\/wp-content\/uploads\/2024\/05\/PRI_Acrosport-7-rotated.jpg?resize=300%2C400&amp;ssl=1 300w, https:\/\/i0.wp.com\/escolagrancapita.wpcomstaging.com\/wp-content\/uploads\/2024\/05\/PRI_Acrosport-7-rotated.jpg?resize=150%2C200&amp;ssl=1 150w\" sizes=\"auto, (max-width: 480px) 100vw, 480px\" \/>\n\t\t\t<\/div><\/figure><figure class='gallery-item'>\n\t\t\t<div class='gallery-icon portrait'>\n\t\t\t\t<img loading=\"lazy\" decoding=\"async\" width=\"480\" height=\"640\" src=\"https:\/\/i0.wp.com\/escolagrancapita.wpcomstaging.com\/wp-content\/uploads\/2024\/05\/PRI_Acrosport-8-rotated.jpg?fit=480%2C640&amp;ssl=1\" class=\"attachment-full size-full\" alt=\"\" srcset=\"https:\/\/i0.wp.com\/escolagrancapita.wpcomstaging.com\/wp-content\/uploads\/2024\/05\/PRI_Acrosport-8-rotated.jpg?w=480&amp;ssl=1 480w, https:\/\/i0.wp.com\/escolagrancapita.wpcomstaging.com\/wp-content\/uploads\/2024\/05\/PRI_Acrosport-8-rotated.jpg?resize=225%2C300&amp;ssl=1 225w, https:\/\/i0.wp.com\/escolagrancapita.wpcomstaging.com\/wp-content\/uploads\/2024\/05\/PRI_Acrosport-8-rotated.jpg?resize=450%2C600&amp;ssl=1 450w, https:\/\/i0.wp.com\/escolagrancapita.wpcomstaging.com\/wp-content\/uploads\/2024\/05\/PRI_Acrosport-8-rotated.jpg?resize=300%2C400&amp;ssl=1 300w, https:\/\/i0.wp.com\/escolagrancapita.wpcomstaging.com\/wp-content\/uploads\/2024\/05\/PRI_Acrosport-8-rotated.jpg?resize=150%2C200&amp;ssl=1 150w\" sizes=\"auto, (max-width: 480px) 100vw, 480px\" \/>\n\t\t\t<\/div><\/figure><figure class='gallery-item'>\n\t\t\t<div class='gallery-icon portrait'>\n\t\t\t\t<img loading=\"lazy\" decoding=\"async\" width=\"480\" height=\"640\" src=\"https:\/\/i0.wp.com\/escolagrancapita.wpcomstaging.com\/wp-content\/uploads\/2024\/05\/PRI_Acrosport-9-rotated.jpg?fit=480%2C640&amp;ssl=1\" class=\"attachment-full size-full\" alt=\"\" srcset=\"https:\/\/i0.wp.com\/escolagrancapita.wpcomstaging.com\/wp-content\/uploads\/2024\/05\/PRI_Acrosport-9-rotated.jpg?w=480&amp;ssl=1 480w, https:\/\/i0.wp.com\/escolagrancapita.wpcomstaging.com\/wp-content\/uploads\/2024\/05\/PRI_Acrosport-9-rotated.jpg?resize=225%2C300&amp;ssl=1 225w, https:\/\/i0.wp.com\/escolagrancapita.wpcomstaging.com\/wp-content\/uploads\/2024\/05\/PRI_Acrosport-9-rotated.jpg?resize=450%2C600&amp;ssl=1 450w, https:\/\/i0.wp.com\/escolagrancapita.wpcomstaging.com\/wp-content\/uploads\/2024\/05\/PRI_Acrosport-9-rotated.jpg?resize=300%2C400&amp;ssl=1 300w, https:\/\/i0.wp.com\/escolagrancapita.wpcomstaging.com\/wp-content\/uploads\/2024\/05\/PRI_Acrosport-9-rotated.jpg?resize=150%2C200&amp;ssl=1 150w\" sizes=\"auto, (max-width: 480px) 100vw, 480px\" \/>\n\t\t\t<\/div><\/figure><figure class='gallery-item'>\n\t\t\t<div class='gallery-icon portrait'>\n\t\t\t\t<img loading=\"lazy\" decoding=\"async\" width=\"480\" height=\"640\" src=\"https:\/\/i0.wp.com\/escolagrancapita.wpcomstaging.com\/wp-content\/uploads\/2024\/05\/PRI_Acrosport-10-rotated.jpg?fit=480%2C640&amp;ssl=1\" class=\"attachment-full size-full\" alt=\"\" srcset=\"https:\/\/i0.wp.com\/escolagrancapita.wpcomstaging.com\/wp-content\/uploads\/2024\/05\/PRI_Acrosport-10-rotated.jpg?w=480&amp;ssl=1 480w, https:\/\/i0.wp.com\/escolagrancapita.wpcomstaging.com\/wp-content\/uploads\/2024\/05\/PRI_Acrosport-10-rotated.jpg?resize=225%2C300&amp;ssl=1 225w, https:\/\/i0.wp.com\/escolagrancapita.wpcomstaging.com\/wp-content\/uploads\/2024\/05\/PRI_Acrosport-10-rotated.jpg?resize=450%2C600&amp;ssl=1 450w, https:\/\/i0.wp.com\/escolagrancapita.wpcomstaging.com\/wp-content\/uploads\/2024\/05\/PRI_Acrosport-10-rotated.jpg?resize=300%2C400&amp;ssl=1 300w, https:\/\/i0.wp.com\/escolagrancapita.wpcomstaging.com\/wp-content\/uploads\/2024\/05\/PRI_Acrosport-10-rotated.jpg?resize=150%2C200&amp;ssl=1 150w\" sizes=\"auto, (max-width: 480px) 100vw, 480px\" \/>\n\t\t\t<\/div><\/figure>\n\t\t<\/div>\n\n<p style=\"text-align: justify;\">5\u00e8 i 6\u00e8 han gaudit enormement amb l&#8217;acrosport, mostrant entusiasme i dedicaci\u00f3 en cada sessi\u00f3 d&#8217;entrenament. A m\u00e9s de ser una activitat f\u00edsica estimulant, l&#8217;acrosport els ha proporcionat una oportunitat \u00fanica per expressar-se art\u00edsticament i desenvolupar habilitats de treball en equip que els seran \u00fatils en diverses \u00e0rees de la seva vida.<\/p>\n","protected":false},"excerpt":{"rendered":"<p>Durant aquest tercer trimestre,Cicle Superior s&#8217;ha iniciat en la pr\u00e0ctica de l&#8217;acrosport, una disciplina que combina l&#8217;acrob\u00e0cia i la coreografia en equip. A trav\u00e9s d&#8217;aquest esport, han descobert i practicat la formaci\u00f3 de figures o pir\u00e0mides corporals, les acrob\u00e0cies i<\/p>\n","protected":false},"author":1,"featured_media":0,"parent":0,"menu_order":0,"comment_status":"closed","ping_status":"closed","template":"","meta":{"_crdt_document":"","footnotes":""},"categories":[75],"tags":[139,86,126],"class_list":["post-22847","page","type-page","status-publish","hentry","category-activitats","tag-curs-2023-24","tag-ed-primaria","tag-salut"],"jetpack_sharing_enabled":true,"_links":{"self":[{"href":"https:\/\/escolagrancapita.wpcomstaging.com\/index.php?rest_route=\/wp\/v2\/pages\/22847","targetHints":{"allow":["GET"]}}],"collection":[{"href":"https:\/\/escolagrancapita.wpcomstaging.com\/index.php?rest_route=\/wp\/v2\/pages"}],"about":[{"href":"https:\/\/escolagrancapita.wpcomstaging.com\/index.php?rest_route=\/wp\/v2\/types\/page"}],"author":[{"embeddable":true,"href":"https:\/\/escolagrancapita.wpcomstaging.com\/index.php?rest_route=\/wp\/v2\/users\/1"}],"replies":[{"embeddable":true,"href":"https:\/\/escolagrancapita.wpcomstaging.com\/index.php?rest_route=%2Fwp%2Fv2%2Fcomments&post=22847"}],"version-history":[{"count":2,"href":"https:\/\/escolagrancapita.wpcomstaging.com\/index.php?rest_route=\/wp\/v2\/pages\/22847\/revisions"}],"predecessor-version":[{"id":22875,"href":"https:\/\/escolagrancapita.wpcomstaging.com\/index.php?rest_route=\/wp\/v2\/pages\/22847\/revisions\/22875"}],"wp:attachment":[{"href":"https:\/\/escolagrancapita.wpcomstaging.com\/index.php?rest_route=%2Fwp%2Fv2%2Fmedia&parent=22847"}],"wp:term":[{"taxonomy":"category","embeddable":true,"href":"https:\/\/escolagrancapita.wpcomstaging.com\/index.php?rest_route=%2Fwp%2Fv2%2Fcategories&post=22847"},{"taxonomy":"post_tag","embeddable":true,"href":"https:\/\/escolagrancapita.wpcomstaging.com\/index.php?rest_route=%2Fwp%2Fv2%2Ftags&post=22847"}],"curies":[{"name":"wp","href":"https:\/\/api.w.org\/{rel}","templated":true}]}}