{"id":22850,"date":"2024-05-05T11:05:10","date_gmt":"2024-05-05T11:05:10","guid":{"rendered":"https:\/\/escolagrancapita.wpcomstaging.com\/?page_id=22850"},"modified":"2024-05-05T11:05:10","modified_gmt":"2024-05-05T11:05:10","slug":"dia-de-la-mare","status":"publish","type":"page","link":"https:\/\/escolagrancapita.wpcomstaging.com\/?page_id=22850","title":{"rendered":"Dia de la Mare"},"content":{"rendered":"<p style=\"text-align: justify;\">El 5 de maig, \u00e9s un dia especial, ja que celebrem el <a href=\"https:\/\/ca.wikipedia.org\/wiki\/Dia_de_la_Mare\" target=\"_blank\" rel=\"noopener\">Dia de la Mare<\/a>.<\/p>\n<p style=\"text-align: justify;\">A 3r de Prim\u00e0ria, han dedicat temps i esfor\u00e7 per preparar una sorpresa \u00fanica per a les seves mares. Han elaborat una fitxa on han recollit els gustos de cada mare de la classe.<\/p>\n<div id='gallery-1' class='gallery galleryid-22850 gallery-columns-3 gallery-size-full'><figure class='gallery-item'>\n\t\t\t<div class='gallery-icon landscape'>\n\t\t\t\t<img loading=\"lazy\" decoding=\"async\" width=\"1599\" height=\"758\" src=\"https:\/\/i0.wp.com\/escolagrancapita.wpcomstaging.com\/wp-content\/uploads\/2024\/05\/PRI_DiaMare-5.jpeg?fit=1599%2C758&amp;ssl=1\" class=\"attachment-full size-full\" alt=\"\" srcset=\"https:\/\/i0.wp.com\/escolagrancapita.wpcomstaging.com\/wp-content\/uploads\/2024\/05\/PRI_DiaMare-5.jpeg?w=1599&amp;ssl=1 1599w, https:\/\/i0.wp.com\/escolagrancapita.wpcomstaging.com\/wp-content\/uploads\/2024\/05\/PRI_DiaMare-5.jpeg?resize=300%2C142&amp;ssl=1 300w, https:\/\/i0.wp.com\/escolagrancapita.wpcomstaging.com\/wp-content\/uploads\/2024\/05\/PRI_DiaMare-5.jpeg?resize=1024%2C485&amp;ssl=1 1024w, https:\/\/i0.wp.com\/escolagrancapita.wpcomstaging.com\/wp-content\/uploads\/2024\/05\/PRI_DiaMare-5.jpeg?resize=768%2C364&amp;ssl=1 768w, https:\/\/i0.wp.com\/escolagrancapita.wpcomstaging.com\/wp-content\/uploads\/2024\/05\/PRI_DiaMare-5.jpeg?resize=1536%2C728&amp;ssl=1 1536w, https:\/\/i0.wp.com\/escolagrancapita.wpcomstaging.com\/wp-content\/uploads\/2024\/05\/PRI_DiaMare-5.jpeg?resize=1200%2C569&amp;ssl=1 1200w\" sizes=\"auto, (max-width: 750px) 100vw, 750px\" \/>\n\t\t\t<\/div><\/figure><figure class='gallery-item'>\n\t\t\t<div class='gallery-icon landscape'>\n\t\t\t\t<img loading=\"lazy\" decoding=\"async\" width=\"1599\" height=\"758\" src=\"https:\/\/i0.wp.com\/escolagrancapita.wpcomstaging.com\/wp-content\/uploads\/2024\/05\/PRI_DiaMare-4.jpeg?fit=1599%2C758&amp;ssl=1\" class=\"attachment-full size-full\" alt=\"\" srcset=\"https:\/\/i0.wp.com\/escolagrancapita.wpcomstaging.com\/wp-content\/uploads\/2024\/05\/PRI_DiaMare-4.jpeg?w=1599&amp;ssl=1 1599w, https:\/\/i0.wp.com\/escolagrancapita.wpcomstaging.com\/wp-content\/uploads\/2024\/05\/PRI_DiaMare-4.jpeg?resize=300%2C142&amp;ssl=1 300w, https:\/\/i0.wp.com\/escolagrancapita.wpcomstaging.com\/wp-content\/uploads\/2024\/05\/PRI_DiaMare-4.jpeg?resize=1024%2C485&amp;ssl=1 1024w, https:\/\/i0.wp.com\/escolagrancapita.wpcomstaging.com\/wp-content\/uploads\/2024\/05\/PRI_DiaMare-4.jpeg?resize=768%2C364&amp;ssl=1 768w, https:\/\/i0.wp.com\/escolagrancapita.wpcomstaging.com\/wp-content\/uploads\/2024\/05\/PRI_DiaMare-4.jpeg?resize=1536%2C728&amp;ssl=1 1536w, https:\/\/i0.wp.com\/escolagrancapita.wpcomstaging.com\/wp-content\/uploads\/2024\/05\/PRI_DiaMare-4.jpeg?resize=1200%2C569&amp;ssl=1 1200w\" sizes=\"auto, (max-width: 750px) 100vw, 750px\" \/>\n\t\t\t<\/div><\/figure><figure class='gallery-item'>\n\t\t\t<div class='gallery-icon landscape'>\n\t\t\t\t<img loading=\"lazy\" decoding=\"async\" width=\"1599\" height=\"758\" src=\"https:\/\/i0.wp.com\/escolagrancapita.wpcomstaging.com\/wp-content\/uploads\/2024\/05\/PRI_DiaMare-3.jpeg?fit=1599%2C758&amp;ssl=1\" class=\"attachment-full size-full\" alt=\"\" srcset=\"https:\/\/i0.wp.com\/escolagrancapita.wpcomstaging.com\/wp-content\/uploads\/2024\/05\/PRI_DiaMare-3.jpeg?w=1599&amp;ssl=1 1599w, https:\/\/i0.wp.com\/escolagrancapita.wpcomstaging.com\/wp-content\/uploads\/2024\/05\/PRI_DiaMare-3.jpeg?resize=300%2C142&amp;ssl=1 300w, https:\/\/i0.wp.com\/escolagrancapita.wpcomstaging.com\/wp-content\/uploads\/2024\/05\/PRI_DiaMare-3.jpeg?resize=1024%2C485&amp;ssl=1 1024w, https:\/\/i0.wp.com\/escolagrancapita.wpcomstaging.com\/wp-content\/uploads\/2024\/05\/PRI_DiaMare-3.jpeg?resize=768%2C364&amp;ssl=1 768w, https:\/\/i0.wp.com\/escolagrancapita.wpcomstaging.com\/wp-content\/uploads\/2024\/05\/PRI_DiaMare-3.jpeg?resize=1536%2C728&amp;ssl=1 1536w, https:\/\/i0.wp.com\/escolagrancapita.wpcomstaging.com\/wp-content\/uploads\/2024\/05\/PRI_DiaMare-3.jpeg?resize=1200%2C569&amp;ssl=1 1200w\" sizes=\"auto, (max-width: 750px) 100vw, 750px\" \/>\n\t\t\t<\/div><\/figure>\n\t\t<\/div>\n\n<p style=\"text-align: justify;\">Al final del dia s&#8217;han emportat a casa aquesta fitxa plena d&#8217;afecte i detalls, amb l&#8217;objectiu de sorprendre les seves mares aquest diumenge i expressar el molt que les coneixen i estimen. Cada fitxa \u00e9s una mostra del temps i l&#8217;amor dedicat per crear un regal significatiu per a elles.<\/p>\n<div id='gallery-2' class='gallery galleryid-22850 gallery-columns-2 gallery-size-full'><figure class='gallery-item'>\n\t\t\t<div class='gallery-icon landscape'>\n\t\t\t\t<img loading=\"lazy\" decoding=\"async\" width=\"1599\" height=\"758\" src=\"https:\/\/i0.wp.com\/escolagrancapita.wpcomstaging.com\/wp-content\/uploads\/2024\/05\/PRI_DiaMare-1.jpeg?fit=1599%2C758&amp;ssl=1\" class=\"attachment-full size-full\" alt=\"\" srcset=\"https:\/\/i0.wp.com\/escolagrancapita.wpcomstaging.com\/wp-content\/uploads\/2024\/05\/PRI_DiaMare-1.jpeg?w=1599&amp;ssl=1 1599w, https:\/\/i0.wp.com\/escolagrancapita.wpcomstaging.com\/wp-content\/uploads\/2024\/05\/PRI_DiaMare-1.jpeg?resize=300%2C142&amp;ssl=1 300w, https:\/\/i0.wp.com\/escolagrancapita.wpcomstaging.com\/wp-content\/uploads\/2024\/05\/PRI_DiaMare-1.jpeg?resize=1024%2C485&amp;ssl=1 1024w, https:\/\/i0.wp.com\/escolagrancapita.wpcomstaging.com\/wp-content\/uploads\/2024\/05\/PRI_DiaMare-1.jpeg?resize=768%2C364&amp;ssl=1 768w, https:\/\/i0.wp.com\/escolagrancapita.wpcomstaging.com\/wp-content\/uploads\/2024\/05\/PRI_DiaMare-1.jpeg?resize=1536%2C728&amp;ssl=1 1536w, https:\/\/i0.wp.com\/escolagrancapita.wpcomstaging.com\/wp-content\/uploads\/2024\/05\/PRI_DiaMare-1.jpeg?resize=1200%2C569&amp;ssl=1 1200w\" sizes=\"auto, (max-width: 750px) 100vw, 750px\" \/>\n\t\t\t<\/div><\/figure><figure class='gallery-item'>\n\t\t\t<div class='gallery-icon landscape'>\n\t\t\t\t<img loading=\"lazy\" decoding=\"async\" width=\"1599\" height=\"758\" src=\"https:\/\/i0.wp.com\/escolagrancapita.wpcomstaging.com\/wp-content\/uploads\/2024\/05\/PRI_DiaMare-2.jpeg?fit=1599%2C758&amp;ssl=1\" class=\"attachment-full size-full\" alt=\"\" srcset=\"https:\/\/i0.wp.com\/escolagrancapita.wpcomstaging.com\/wp-content\/uploads\/2024\/05\/PRI_DiaMare-2.jpeg?w=1599&amp;ssl=1 1599w, https:\/\/i0.wp.com\/escolagrancapita.wpcomstaging.com\/wp-content\/uploads\/2024\/05\/PRI_DiaMare-2.jpeg?resize=300%2C142&amp;ssl=1 300w, https:\/\/i0.wp.com\/escolagrancapita.wpcomstaging.com\/wp-content\/uploads\/2024\/05\/PRI_DiaMare-2.jpeg?resize=1024%2C485&amp;ssl=1 1024w, https:\/\/i0.wp.com\/escolagrancapita.wpcomstaging.com\/wp-content\/uploads\/2024\/05\/PRI_DiaMare-2.jpeg?resize=768%2C364&amp;ssl=1 768w, https:\/\/i0.wp.com\/escolagrancapita.wpcomstaging.com\/wp-content\/uploads\/2024\/05\/PRI_DiaMare-2.jpeg?resize=1536%2C728&amp;ssl=1 1536w, https:\/\/i0.wp.com\/escolagrancapita.wpcomstaging.com\/wp-content\/uploads\/2024\/05\/PRI_DiaMare-2.jpeg?resize=1200%2C569&amp;ssl=1 1200w\" sizes=\"auto, (max-width: 750px) 100vw, 750px\" \/>\n\t\t\t<\/div><\/figure>\n\t\t<\/div>\n\n<p style=\"text-align: justify;\"><strong>Que aquest Dia de la Mare sigui una jornada plena de felicitat i amor per a totes les mares, que es mereixen el millor de tots nosaltres. &#x1f495;!<\/strong><\/p>\n","protected":false},"excerpt":{"rendered":"<p>El 5 de maig, \u00e9s un dia especial, ja que celebrem el Dia de la Mare. A 3r de Prim\u00e0ria, han dedicat temps i esfor\u00e7 per preparar una sorpresa \u00fanica per a les seves mares. Han elaborat una fitxa on<\/p>\n","protected":false},"author":1,"featured_media":0,"parent":0,"menu_order":0,"comment_status":"closed","ping_status":"closed","template":"","meta":{"_crdt_document":"","footnotes":""},"categories":[75],"tags":[139,86,62],"class_list":["post-22850","page","type-page","status-publish","hentry","category-activitats","tag-curs-2023-24","tag-ed-primaria","tag-valors"],"jetpack_sharing_enabled":true,"_links":{"self":[{"href":"https:\/\/escolagrancapita.wpcomstaging.com\/index.php?rest_route=\/wp\/v2\/pages\/22850","targetHints":{"allow":["GET"]}}],"collection":[{"href":"https:\/\/escolagrancapita.wpcomstaging.com\/index.php?rest_route=\/wp\/v2\/pages"}],"about":[{"href":"https:\/\/escolagrancapita.wpcomstaging.com\/index.php?rest_route=\/wp\/v2\/types\/page"}],"author":[{"embeddable":true,"href":"https:\/\/escolagrancapita.wpcomstaging.com\/index.php?rest_route=\/wp\/v2\/users\/1"}],"replies":[{"embeddable":true,"href":"https:\/\/escolagrancapita.wpcomstaging.com\/index.php?rest_route=%2Fwp%2Fv2%2Fcomments&post=22850"}],"version-history":[{"count":2,"href":"https:\/\/escolagrancapita.wpcomstaging.com\/index.php?rest_route=\/wp\/v2\/pages\/22850\/revisions"}],"predecessor-version":[{"id":22883,"href":"https:\/\/escolagrancapita.wpcomstaging.com\/index.php?rest_route=\/wp\/v2\/pages\/22850\/revisions\/22883"}],"wp:attachment":[{"href":"https:\/\/escolagrancapita.wpcomstaging.com\/index.php?rest_route=%2Fwp%2Fv2%2Fmedia&parent=22850"}],"wp:term":[{"taxonomy":"category","embeddable":true,"href":"https:\/\/escolagrancapita.wpcomstaging.com\/index.php?rest_route=%2Fwp%2Fv2%2Fcategories&post=22850"},{"taxonomy":"post_tag","embeddable":true,"href":"https:\/\/escolagrancapita.wpcomstaging.com\/index.php?rest_route=%2Fwp%2Fv2%2Ftags&post=22850"}],"curies":[{"name":"wp","href":"https:\/\/api.w.org\/{rel}","templated":true}]}}