{"id":23365,"date":"2024-05-31T16:17:24","date_gmt":"2024-05-31T16:17:24","guid":{"rendered":"https:\/\/escolagrancapita.wpcomstaging.com\/?page_id=23365"},"modified":"2024-05-31T16:17:24","modified_gmt":"2024-05-31T16:17:24","slug":"dia-mundial-del-reciclatge-%e2%99%bb","status":"publish","type":"page","link":"https:\/\/escolagrancapita.wpcomstaging.com\/?page_id=23365","title":{"rendered":"Dia Mundial del Reciclatge &#x267b;"},"content":{"rendered":"<p style=\"text-align: justify;\">El 17 de maig celebrem el <strong>Dia Mundial del Reciclatge<\/strong>.<\/p>\n<p style=\"text-align: justify;\">\u00c9s per aquest motiu que l\u2019alumnat de 2n de Prim\u00e0ria ha compartit una can\u00e7\u00f3 amb tota l\u2019escola. Aquesta activitat ha estat una manera divertida i educativa de destacar la import\u00e0ncia del reciclatge.<\/p>\n<p style=\"text-align: center;\"><iframe loading=\"lazy\" title=\"Dia Mundial del Reciclatge\" src=\"https:\/\/www.youtube.com\/embed\/K2RS5cWMQPM\" width=\"464\" height=\"825\" frameborder=\"0\" allowfullscreen=\"allowfullscreen\"><\/iframe><\/p>\n<p style=\"text-align: justify;\">Amb aquesta iniciativa, els nens i nenes han pres consci\u00e8ncia de la import\u00e0ncia del reciclatge per al medi ambient i per a la societat. Esperem que aquest missatge arribi a tothom i que tots ens comprometem a cuidar el nostre planeta! &#x1f30e;&#x267b;!<\/p>\n","protected":false},"excerpt":{"rendered":"<p>El 17 de maig celebrem el Dia Mundial del Reciclatge. \u00c9s per aquest motiu que l\u2019alumnat de 2n de Prim\u00e0ria ha compartit una can\u00e7\u00f3 amb tota l\u2019escola. Aquesta activitat ha estat una manera divertida i educativa de destacar la import\u00e0ncia<\/p>\n","protected":false},"author":1,"featured_media":0,"parent":0,"menu_order":0,"comment_status":"closed","ping_status":"closed","template":"","meta":{"_crdt_document":"","footnotes":""},"categories":[75],"tags":[139,86,118],"class_list":["post-23365","page","type-page","status-publish","hentry","category-activitats","tag-curs-2023-24","tag-ed-primaria","tag-sostenibilitat"],"jetpack_sharing_enabled":true,"_links":{"self":[{"href":"https:\/\/escolagrancapita.wpcomstaging.com\/index.php?rest_route=\/wp\/v2\/pages\/23365","targetHints":{"allow":["GET"]}}],"collection":[{"href":"https:\/\/escolagrancapita.wpcomstaging.com\/index.php?rest_route=\/wp\/v2\/pages"}],"about":[{"href":"https:\/\/escolagrancapita.wpcomstaging.com\/index.php?rest_route=\/wp\/v2\/types\/page"}],"author":[{"embeddable":true,"href":"https:\/\/escolagrancapita.wpcomstaging.com\/index.php?rest_route=\/wp\/v2\/users\/1"}],"replies":[{"embeddable":true,"href":"https:\/\/escolagrancapita.wpcomstaging.com\/index.php?rest_route=%2Fwp%2Fv2%2Fcomments&post=23365"}],"version-history":[{"count":2,"href":"https:\/\/escolagrancapita.wpcomstaging.com\/index.php?rest_route=\/wp\/v2\/pages\/23365\/revisions"}],"predecessor-version":[{"id":23367,"href":"https:\/\/escolagrancapita.wpcomstaging.com\/index.php?rest_route=\/wp\/v2\/pages\/23365\/revisions\/23367"}],"wp:attachment":[{"href":"https:\/\/escolagrancapita.wpcomstaging.com\/index.php?rest_route=%2Fwp%2Fv2%2Fmedia&parent=23365"}],"wp:term":[{"taxonomy":"category","embeddable":true,"href":"https:\/\/escolagrancapita.wpcomstaging.com\/index.php?rest_route=%2Fwp%2Fv2%2Fcategories&post=23365"},{"taxonomy":"post_tag","embeddable":true,"href":"https:\/\/escolagrancapita.wpcomstaging.com\/index.php?rest_route=%2Fwp%2Fv2%2Ftags&post=23365"}],"curies":[{"name":"wp","href":"https:\/\/api.w.org\/{rel}","templated":true}]}}