{"id":23418,"date":"2024-06-16T17:35:12","date_gmt":"2024-06-16T17:35:12","guid":{"rendered":"https:\/\/escolagrancapita.wpcomstaging.com\/?page_id=23418"},"modified":"2024-06-16T17:35:12","modified_gmt":"2024-06-16T17:35:12","slug":"animals-invertebrats","status":"publish","type":"page","link":"https:\/\/escolagrancapita.wpcomstaging.com\/?page_id=23418","title":{"rendered":"Animals invertebrats"},"content":{"rendered":"<p style=\"text-align: justify;\">A 1r d&#8217;ESO, han treballat els animals invertebrats d&#8217;una manera diferent i en angl\u00e8s. Per fer-ho, han elaborat, per grups, una enciclop\u00e8dia amb els diversos grups d&#8217;invertebrats, les seves caracter\u00edstiques principals, les seves funcions vitals i dibuixos d&#8217;exemples concrets de cada grup. Un cop feta aquesta primera tasca, cada grup ha treballat amb m\u00e9s profunditat un grup espec\u00edfic d&#8217;invertebrats i ha creat una presentaci\u00f3 sobre les seves caracter\u00edstiques, el tipus d&#8217;alimentaci\u00f3, com es desplacen, com es reprodueixen, etc.<\/p>\n<div id='gallery-1' class='gallery galleryid-23418 gallery-columns-4 gallery-size-full'><figure class='gallery-item'>\n\t\t\t<div class='gallery-icon portrait'>\n\t\t\t\t<img loading=\"lazy\" decoding=\"async\" width=\"3472\" height=\"4624\" src=\"https:\/\/i0.wp.com\/escolagrancapita.wpcomstaging.com\/wp-content\/uploads\/2024\/06\/1ESO_Invertebrats-1-rotated.jpg?fit=3472%2C4624&amp;ssl=1\" class=\"attachment-full size-full\" alt=\"\" srcset=\"https:\/\/i0.wp.com\/escolagrancapita.wpcomstaging.com\/wp-content\/uploads\/2024\/06\/1ESO_Invertebrats-1-rotated.jpg?w=3472&amp;ssl=1 3472w, https:\/\/i0.wp.com\/escolagrancapita.wpcomstaging.com\/wp-content\/uploads\/2024\/06\/1ESO_Invertebrats-1-rotated.jpg?resize=225%2C300&amp;ssl=1 225w, https:\/\/i0.wp.com\/escolagrancapita.wpcomstaging.com\/wp-content\/uploads\/2024\/06\/1ESO_Invertebrats-1-rotated.jpg?resize=769%2C1024&amp;ssl=1 769w, https:\/\/i0.wp.com\/escolagrancapita.wpcomstaging.com\/wp-content\/uploads\/2024\/06\/1ESO_Invertebrats-1-rotated.jpg?resize=768%2C1023&amp;ssl=1 768w, https:\/\/i0.wp.com\/escolagrancapita.wpcomstaging.com\/wp-content\/uploads\/2024\/06\/1ESO_Invertebrats-1-rotated.jpg?resize=1153%2C1536&amp;ssl=1 1153w, https:\/\/i0.wp.com\/escolagrancapita.wpcomstaging.com\/wp-content\/uploads\/2024\/06\/1ESO_Invertebrats-1-rotated.jpg?resize=1538%2C2048&amp;ssl=1 1538w, https:\/\/i0.wp.com\/escolagrancapita.wpcomstaging.com\/wp-content\/uploads\/2024\/06\/1ESO_Invertebrats-1-rotated.jpg?resize=900%2C1200&amp;ssl=1 900w, https:\/\/i0.wp.com\/escolagrancapita.wpcomstaging.com\/wp-content\/uploads\/2024\/06\/1ESO_Invertebrats-1-rotated.jpg?resize=600%2C800&amp;ssl=1 600w, https:\/\/i0.wp.com\/escolagrancapita.wpcomstaging.com\/wp-content\/uploads\/2024\/06\/1ESO_Invertebrats-1-rotated.jpg?resize=450%2C600&amp;ssl=1 450w, https:\/\/i0.wp.com\/escolagrancapita.wpcomstaging.com\/wp-content\/uploads\/2024\/06\/1ESO_Invertebrats-1-rotated.jpg?resize=300%2C400&amp;ssl=1 300w, https:\/\/i0.wp.com\/escolagrancapita.wpcomstaging.com\/wp-content\/uploads\/2024\/06\/1ESO_Invertebrats-1-rotated.jpg?resize=150%2C200&amp;ssl=1 150w, https:\/\/i0.wp.com\/escolagrancapita.wpcomstaging.com\/wp-content\/uploads\/2024\/06\/1ESO_Invertebrats-1-rotated.jpg?resize=1200%2C1598&amp;ssl=1 1200w, https:\/\/i0.wp.com\/escolagrancapita.wpcomstaging.com\/wp-content\/uploads\/2024\/06\/1ESO_Invertebrats-1-rotated.jpg?w=2250&amp;ssl=1 2250w\" sizes=\"auto, (max-width: 750px) 100vw, 750px\" \/>\n\t\t\t<\/div><\/figure><figure class='gallery-item'>\n\t\t\t<div class='gallery-icon portrait'>\n\t\t\t\t<img loading=\"lazy\" decoding=\"async\" width=\"3472\" height=\"4624\" src=\"https:\/\/i0.wp.com\/escolagrancapita.wpcomstaging.com\/wp-content\/uploads\/2024\/06\/1ESO_Invertebrats-2-rotated.jpg?fit=3472%2C4624&amp;ssl=1\" class=\"attachment-full size-full\" alt=\"\" srcset=\"https:\/\/i0.wp.com\/escolagrancapita.wpcomstaging.com\/wp-content\/uploads\/2024\/06\/1ESO_Invertebrats-2-rotated.jpg?w=3472&amp;ssl=1 3472w, https:\/\/i0.wp.com\/escolagrancapita.wpcomstaging.com\/wp-content\/uploads\/2024\/06\/1ESO_Invertebrats-2-rotated.jpg?resize=225%2C300&amp;ssl=1 225w, https:\/\/i0.wp.com\/escolagrancapita.wpcomstaging.com\/wp-content\/uploads\/2024\/06\/1ESO_Invertebrats-2-rotated.jpg?resize=769%2C1024&amp;ssl=1 769w, https:\/\/i0.wp.com\/escolagrancapita.wpcomstaging.com\/wp-content\/uploads\/2024\/06\/1ESO_Invertebrats-2-rotated.jpg?resize=768%2C1023&amp;ssl=1 768w, https:\/\/i0.wp.com\/escolagrancapita.wpcomstaging.com\/wp-content\/uploads\/2024\/06\/1ESO_Invertebrats-2-rotated.jpg?resize=1153%2C1536&amp;ssl=1 1153w, https:\/\/i0.wp.com\/escolagrancapita.wpcomstaging.com\/wp-content\/uploads\/2024\/06\/1ESO_Invertebrats-2-rotated.jpg?resize=1538%2C2048&amp;ssl=1 1538w, https:\/\/i0.wp.com\/escolagrancapita.wpcomstaging.com\/wp-content\/uploads\/2024\/06\/1ESO_Invertebrats-2-rotated.jpg?resize=900%2C1200&amp;ssl=1 900w, https:\/\/i0.wp.com\/escolagrancapita.wpcomstaging.com\/wp-content\/uploads\/2024\/06\/1ESO_Invertebrats-2-rotated.jpg?resize=600%2C800&amp;ssl=1 600w, https:\/\/i0.wp.com\/escolagrancapita.wpcomstaging.com\/wp-content\/uploads\/2024\/06\/1ESO_Invertebrats-2-rotated.jpg?resize=450%2C600&amp;ssl=1 450w, https:\/\/i0.wp.com\/escolagrancapita.wpcomstaging.com\/wp-content\/uploads\/2024\/06\/1ESO_Invertebrats-2-rotated.jpg?resize=300%2C400&amp;ssl=1 300w, https:\/\/i0.wp.com\/escolagrancapita.wpcomstaging.com\/wp-content\/uploads\/2024\/06\/1ESO_Invertebrats-2-rotated.jpg?resize=150%2C200&amp;ssl=1 150w, https:\/\/i0.wp.com\/escolagrancapita.wpcomstaging.com\/wp-content\/uploads\/2024\/06\/1ESO_Invertebrats-2-rotated.jpg?resize=1200%2C1598&amp;ssl=1 1200w, https:\/\/i0.wp.com\/escolagrancapita.wpcomstaging.com\/wp-content\/uploads\/2024\/06\/1ESO_Invertebrats-2-rotated.jpg?w=2250&amp;ssl=1 2250w\" sizes=\"auto, (max-width: 750px) 100vw, 750px\" \/>\n\t\t\t<\/div><\/figure><figure class='gallery-item'>\n\t\t\t<div class='gallery-icon portrait'>\n\t\t\t\t<img loading=\"lazy\" decoding=\"async\" width=\"3472\" height=\"4624\" src=\"https:\/\/i0.wp.com\/escolagrancapita.wpcomstaging.com\/wp-content\/uploads\/2024\/06\/1ESO_Invertebrats-3-rotated.jpg?fit=3472%2C4624&amp;ssl=1\" class=\"attachment-full size-full\" alt=\"\" srcset=\"https:\/\/i0.wp.com\/escolagrancapita.wpcomstaging.com\/wp-content\/uploads\/2024\/06\/1ESO_Invertebrats-3-rotated.jpg?w=3472&amp;ssl=1 3472w, https:\/\/i0.wp.com\/escolagrancapita.wpcomstaging.com\/wp-content\/uploads\/2024\/06\/1ESO_Invertebrats-3-rotated.jpg?resize=225%2C300&amp;ssl=1 225w, https:\/\/i0.wp.com\/escolagrancapita.wpcomstaging.com\/wp-content\/uploads\/2024\/06\/1ESO_Invertebrats-3-rotated.jpg?resize=769%2C1024&amp;ssl=1 769w, https:\/\/i0.wp.com\/escolagrancapita.wpcomstaging.com\/wp-content\/uploads\/2024\/06\/1ESO_Invertebrats-3-rotated.jpg?resize=768%2C1023&amp;ssl=1 768w, https:\/\/i0.wp.com\/escolagrancapita.wpcomstaging.com\/wp-content\/uploads\/2024\/06\/1ESO_Invertebrats-3-rotated.jpg?resize=1153%2C1536&amp;ssl=1 1153w, https:\/\/i0.wp.com\/escolagrancapita.wpcomstaging.com\/wp-content\/uploads\/2024\/06\/1ESO_Invertebrats-3-rotated.jpg?resize=1538%2C2048&amp;ssl=1 1538w, https:\/\/i0.wp.com\/escolagrancapita.wpcomstaging.com\/wp-content\/uploads\/2024\/06\/1ESO_Invertebrats-3-rotated.jpg?resize=900%2C1200&amp;ssl=1 900w, https:\/\/i0.wp.com\/escolagrancapita.wpcomstaging.com\/wp-content\/uploads\/2024\/06\/1ESO_Invertebrats-3-rotated.jpg?resize=600%2C800&amp;ssl=1 600w, https:\/\/i0.wp.com\/escolagrancapita.wpcomstaging.com\/wp-content\/uploads\/2024\/06\/1ESO_Invertebrats-3-rotated.jpg?resize=450%2C600&amp;ssl=1 450w, https:\/\/i0.wp.com\/escolagrancapita.wpcomstaging.com\/wp-content\/uploads\/2024\/06\/1ESO_Invertebrats-3-rotated.jpg?resize=300%2C400&amp;ssl=1 300w, https:\/\/i0.wp.com\/escolagrancapita.wpcomstaging.com\/wp-content\/uploads\/2024\/06\/1ESO_Invertebrats-3-rotated.jpg?resize=150%2C200&amp;ssl=1 150w, https:\/\/i0.wp.com\/escolagrancapita.wpcomstaging.com\/wp-content\/uploads\/2024\/06\/1ESO_Invertebrats-3-rotated.jpg?resize=1200%2C1598&amp;ssl=1 1200w, https:\/\/i0.wp.com\/escolagrancapita.wpcomstaging.com\/wp-content\/uploads\/2024\/06\/1ESO_Invertebrats-3-rotated.jpg?w=2250&amp;ssl=1 2250w\" sizes=\"auto, (max-width: 750px) 100vw, 750px\" \/>\n\t\t\t<\/div><\/figure><figure class='gallery-item'>\n\t\t\t<div class='gallery-icon portrait'>\n\t\t\t\t<img loading=\"lazy\" decoding=\"async\" width=\"3472\" height=\"4624\" src=\"https:\/\/i0.wp.com\/escolagrancapita.wpcomstaging.com\/wp-content\/uploads\/2024\/06\/1ESO_Invertebrats-4-rotated.jpg?fit=3472%2C4624&amp;ssl=1\" class=\"attachment-full size-full\" alt=\"\" srcset=\"https:\/\/i0.wp.com\/escolagrancapita.wpcomstaging.com\/wp-content\/uploads\/2024\/06\/1ESO_Invertebrats-4-rotated.jpg?w=3472&amp;ssl=1 3472w, https:\/\/i0.wp.com\/escolagrancapita.wpcomstaging.com\/wp-content\/uploads\/2024\/06\/1ESO_Invertebrats-4-rotated.jpg?resize=225%2C300&amp;ssl=1 225w, https:\/\/i0.wp.com\/escolagrancapita.wpcomstaging.com\/wp-content\/uploads\/2024\/06\/1ESO_Invertebrats-4-rotated.jpg?resize=769%2C1024&amp;ssl=1 769w, https:\/\/i0.wp.com\/escolagrancapita.wpcomstaging.com\/wp-content\/uploads\/2024\/06\/1ESO_Invertebrats-4-rotated.jpg?resize=768%2C1023&amp;ssl=1 768w, https:\/\/i0.wp.com\/escolagrancapita.wpcomstaging.com\/wp-content\/uploads\/2024\/06\/1ESO_Invertebrats-4-rotated.jpg?resize=1153%2C1536&amp;ssl=1 1153w, https:\/\/i0.wp.com\/escolagrancapita.wpcomstaging.com\/wp-content\/uploads\/2024\/06\/1ESO_Invertebrats-4-rotated.jpg?resize=1538%2C2048&amp;ssl=1 1538w, https:\/\/i0.wp.com\/escolagrancapita.wpcomstaging.com\/wp-content\/uploads\/2024\/06\/1ESO_Invertebrats-4-rotated.jpg?resize=900%2C1200&amp;ssl=1 900w, https:\/\/i0.wp.com\/escolagrancapita.wpcomstaging.com\/wp-content\/uploads\/2024\/06\/1ESO_Invertebrats-4-rotated.jpg?resize=600%2C800&amp;ssl=1 600w, https:\/\/i0.wp.com\/escolagrancapita.wpcomstaging.com\/wp-content\/uploads\/2024\/06\/1ESO_Invertebrats-4-rotated.jpg?resize=450%2C600&amp;ssl=1 450w, https:\/\/i0.wp.com\/escolagrancapita.wpcomstaging.com\/wp-content\/uploads\/2024\/06\/1ESO_Invertebrats-4-rotated.jpg?resize=300%2C400&amp;ssl=1 300w, https:\/\/i0.wp.com\/escolagrancapita.wpcomstaging.com\/wp-content\/uploads\/2024\/06\/1ESO_Invertebrats-4-rotated.jpg?resize=150%2C200&amp;ssl=1 150w, https:\/\/i0.wp.com\/escolagrancapita.wpcomstaging.com\/wp-content\/uploads\/2024\/06\/1ESO_Invertebrats-4-rotated.jpg?resize=1200%2C1598&amp;ssl=1 1200w, https:\/\/i0.wp.com\/escolagrancapita.wpcomstaging.com\/wp-content\/uploads\/2024\/06\/1ESO_Invertebrats-4-rotated.jpg?w=2250&amp;ssl=1 2250w\" sizes=\"auto, (max-width: 750px) 100vw, 750px\" \/>\n\t\t\t<\/div><\/figure>\n\t\t<\/div>\n\n<p style=\"text-align: justify;\">Han apr\u00e8s les caracter\u00edstiques dels animals invertebrats mentre practicaven l&#8217;angl\u00e8s, la qual cosa ha fet que aquesta activitat fos molt enriquidora. Aquesta metodologia ha perm\u00e8s integrar coneixements de ci\u00e8ncies naturals i llengua estrangera, millorant tant les habilitats cient\u00edfiques com les ling\u00fc\u00edstiques.<\/p>\n","protected":false},"excerpt":{"rendered":"<p>A 1r d&#8217;ESO, han treballat els animals invertebrats d&#8217;una manera diferent i en angl\u00e8s. Per fer-ho, han elaborat, per grups, una enciclop\u00e8dia amb els diversos grups d&#8217;invertebrats, les seves caracter\u00edstiques principals, les seves funcions vitals i dibuixos d&#8217;exemples concrets de<\/p>\n","protected":false},"author":1,"featured_media":0,"parent":0,"menu_order":0,"comment_status":"closed","ping_status":"closed","template":"","meta":{"_crdt_document":"","footnotes":""},"categories":[75],"tags":[139,43],"class_list":["post-23418","page","type-page","status-publish","hentry","category-activitats","tag-curs-2023-24","tag-ed-secundaria"],"jetpack_sharing_enabled":true,"_links":{"self":[{"href":"https:\/\/escolagrancapita.wpcomstaging.com\/index.php?rest_route=\/wp\/v2\/pages\/23418","targetHints":{"allow":["GET"]}}],"collection":[{"href":"https:\/\/escolagrancapita.wpcomstaging.com\/index.php?rest_route=\/wp\/v2\/pages"}],"about":[{"href":"https:\/\/escolagrancapita.wpcomstaging.com\/index.php?rest_route=\/wp\/v2\/types\/page"}],"author":[{"embeddable":true,"href":"https:\/\/escolagrancapita.wpcomstaging.com\/index.php?rest_route=\/wp\/v2\/users\/1"}],"replies":[{"embeddable":true,"href":"https:\/\/escolagrancapita.wpcomstaging.com\/index.php?rest_route=%2Fwp%2Fv2%2Fcomments&post=23418"}],"version-history":[{"count":4,"href":"https:\/\/escolagrancapita.wpcomstaging.com\/index.php?rest_route=\/wp\/v2\/pages\/23418\/revisions"}],"predecessor-version":[{"id":23431,"href":"https:\/\/escolagrancapita.wpcomstaging.com\/index.php?rest_route=\/wp\/v2\/pages\/23418\/revisions\/23431"}],"wp:attachment":[{"href":"https:\/\/escolagrancapita.wpcomstaging.com\/index.php?rest_route=%2Fwp%2Fv2%2Fmedia&parent=23418"}],"wp:term":[{"taxonomy":"category","embeddable":true,"href":"https:\/\/escolagrancapita.wpcomstaging.com\/index.php?rest_route=%2Fwp%2Fv2%2Fcategories&post=23418"},{"taxonomy":"post_tag","embeddable":true,"href":"https:\/\/escolagrancapita.wpcomstaging.com\/index.php?rest_route=%2Fwp%2Fv2%2Ftags&post=23418"}],"curies":[{"name":"wp","href":"https:\/\/api.w.org\/{rel}","templated":true}]}}