{"id":23663,"date":"2024-07-06T11:03:13","date_gmt":"2024-07-06T11:03:13","guid":{"rendered":"https:\/\/escolagrancapita.wpcomstaging.com\/?page_id=23663"},"modified":"2024-07-06T11:07:12","modified_gmt":"2024-07-06T11:07:12","slug":"pla-clima-escolar-sant-joan-despi","status":"publish","type":"page","link":"https:\/\/escolagrancapita.wpcomstaging.com\/?page_id=23663","title":{"rendered":"Pla Clima Escolar 2023-24"},"content":{"rendered":"<p style=\"text-align: justify;\">Les escoles del municipi de Sant Joan Desp\u00ed han participat activament en el <strong>Pla Clima Escolar 2023-2024<\/strong>, un projecte que t\u00e9 com a objectiu principal crear una ciutat m\u00e9s sostenible i avan\u00e7ar en el compliment dels <a href=\"https:\/\/femcet.com\/objectius-de-desenvolupament-sostenible-o-ods-que-son-i-agenda-2030\/?psafe_param=1&amp;gad_source=1&amp;gclid=Cj0KCQjw1qO0BhDwARIsANfnkv_wFuJtnLpQWqXi1adIKMuqH4Vivkb0xs8iMhafJXwbiJoOOw6vNEkaAh76EALw_wcB\" target=\"_blank\" rel=\"noopener\">Objectius de Desenvolupament Sostenible 2030<\/a>. L\u2019escola Gran Capit\u00e0 ha destacat pel seu innovador projecte <strong>&#8220;SABEM RECICLAR?&#8221;<\/strong>, una iniciativa que ha aconseguit impulsar una conscienciaci\u00f3 profunda sobre la correcta manera de reciclar entre tota la comunitat educativa. Aquesta acci\u00f3 no nom\u00e9s s&#8217;ha quedat dins de les aules, sin\u00f3 que tamb\u00e9 s&#8217;ha est\u00e8s a les llars dels estudiants, fomentant bones pr\u00e0ctiques de reciclatge entre les fam\u00edlies.<\/p>\n<p style=\"text-align: justify;\">El projecte &#8220;SABEM RECICLAR?&#8221; ha estat ideat, preparat i organitzat pels nostres delegats verds, que s\u2019han comprom\u00e8s amb el projecte i la seva execuci\u00f3. Han realitzat diverses activitats educatives de manera did\u00e0ctica i l\u00fadica per fomentar un reciclatge correcte, com ara un joc de b\u00e0squet encistellant els residus en el seu contenidor corresponent. Els alumnes han apr\u00e8s a diferenciar els diferents tipus de residus i a dipositar-los correctament en els contenidors corresponents. A m\u00e9s, s&#8217;han establert punts de recollida selectiva dins de l&#8217;escola per facilitar el reciclatge diari.<\/p>\n<p style=\"text-align: justify;\">Al llarg del curs escolar, tamb\u00e9 han organitzat m\u00e9s activitats com la reducci\u00f3 del consum d\u2019aigua. La participaci\u00f3 en el Pla Clima Escolar no nom\u00e9s contribueix a la sostenibilitat del municipi, sin\u00f3 que tamb\u00e9 educa les noves generacions en valors ecol\u00f2gics i en la import\u00e0ncia de tenir cura del medi ambient. Les iniciatives com la de l\u2019escola Gran Capit\u00e0 demostren que, amb esfor\u00e7 i col\u00b7laboraci\u00f3, \u00e9s possible construir un futur m\u00e9s verd i sostenible per a tots.<\/p>\n<p style=\"text-align: justify;\">Aquest projecte \u00e9s nom\u00e9s un exemple de les m\u00faltiples accions que es duran a terme durant aquest curs en el marc del Pla Clima Escolar. Altres escoles del municipi tamb\u00e9 estan desenvolupant els seus propis projectes i activitats, amb la finalitat de crear una xarxa educativa compromesa amb la protecci\u00f3 del medi ambient i la sostenibilitat.<\/p>\n<p style=\"text-align: center;\"><iframe loading=\"lazy\" width=\"895\" height=\"745\" src=\"https:\/\/www.youtube.com\/embed\/gaocB4zBKg0\" title=\"Pla Clima Escolar 2023-24\" frameborder=\"0\" allow=\"accelerometer; autoplay; clipboard-write; encrypted-media; gyroscope; picture-in-picture; web-share\" referrerpolicy=\"strict-origin-when-cross-origin\" allowfullscreen><\/iframe><\/p>\n","protected":false},"excerpt":{"rendered":"<p>Les escoles del municipi de Sant Joan Desp\u00ed han participat activament en el Pla Clima Escolar 2023-2024, un projecte que t\u00e9 com a objectiu principal crear una ciutat m\u00e9s sostenible i avan\u00e7ar en el compliment dels Objectius de Desenvolupament Sostenible<\/p>\n","protected":false},"author":1,"featured_media":0,"parent":0,"menu_order":0,"comment_status":"closed","ping_status":"closed","template":"","meta":{"_crdt_document":"","footnotes":""},"categories":[75],"tags":[139,86,43,56,118],"class_list":["post-23663","page","type-page","status-publish","hentry","category-activitats","tag-curs-2023-24","tag-ed-primaria","tag-ed-secundaria","tag-sant-joan-despi","tag-sostenibilitat"],"jetpack_sharing_enabled":true,"_links":{"self":[{"href":"https:\/\/escolagrancapita.wpcomstaging.com\/index.php?rest_route=\/wp\/v2\/pages\/23663","targetHints":{"allow":["GET"]}}],"collection":[{"href":"https:\/\/escolagrancapita.wpcomstaging.com\/index.php?rest_route=\/wp\/v2\/pages"}],"about":[{"href":"https:\/\/escolagrancapita.wpcomstaging.com\/index.php?rest_route=\/wp\/v2\/types\/page"}],"author":[{"embeddable":true,"href":"https:\/\/escolagrancapita.wpcomstaging.com\/index.php?rest_route=\/wp\/v2\/users\/1"}],"replies":[{"embeddable":true,"href":"https:\/\/escolagrancapita.wpcomstaging.com\/index.php?rest_route=%2Fwp%2Fv2%2Fcomments&post=23663"}],"version-history":[{"count":4,"href":"https:\/\/escolagrancapita.wpcomstaging.com\/index.php?rest_route=\/wp\/v2\/pages\/23663\/revisions"}],"predecessor-version":[{"id":23667,"href":"https:\/\/escolagrancapita.wpcomstaging.com\/index.php?rest_route=\/wp\/v2\/pages\/23663\/revisions\/23667"}],"wp:attachment":[{"href":"https:\/\/escolagrancapita.wpcomstaging.com\/index.php?rest_route=%2Fwp%2Fv2%2Fmedia&parent=23663"}],"wp:term":[{"taxonomy":"category","embeddable":true,"href":"https:\/\/escolagrancapita.wpcomstaging.com\/index.php?rest_route=%2Fwp%2Fv2%2Fcategories&post=23663"},{"taxonomy":"post_tag","embeddable":true,"href":"https:\/\/escolagrancapita.wpcomstaging.com\/index.php?rest_route=%2Fwp%2Fv2%2Ftags&post=23663"}],"curies":[{"name":"wp","href":"https:\/\/api.w.org\/{rel}","templated":true}]}}