{"id":23755,"date":"2024-10-13T10:12:15","date_gmt":"2024-10-13T10:12:15","guid":{"rendered":"https:\/\/escolagrancapita.wpcomstaging.com\/?page_id=23755"},"modified":"2024-10-13T11:08:26","modified_gmt":"2024-10-13T11:08:26","slug":"visita-letap-de-sant-joan-despi","status":"publish","type":"page","link":"https:\/\/escolagrancapita.wpcomstaging.com\/?page_id=23755","title":{"rendered":"Visita l&#8217;ETAP de Sant Joan Desp\u00ed"},"content":{"rendered":"<p style=\"text-align: justify;\">1r d&#8217;ESO ha tingut l&#8217;oportunitat de visitar l&#8217;<a href=\"https:\/\/www.amb.cat\/web\/medi-ambient\/aigua\/instalacions-i-equipaments\/detall\/-\/equipament\/etap-de-sant-joan-despi\/348966\/11818\" target=\"_blank\" rel=\"noopener\"><strong>Estaci\u00f3 de Tractament d&#8217;Aigua Potable (ETAP) de Sant Joan Desp\u00ed<\/strong><\/a>, on ha apr\u00e8s de manera pr\u00e0ctica sobre el cicle de l&#8217;aigua dom\u00e8stic. Aquesta estaci\u00f3 compta amb una sofisticada l\u00ednia de tractament capa\u00e7 de potabilitzar fins a 5.300 litres per segon, \u00e9s a dir, uns impressionants 680 milions de litres d&#8217;aigua di\u00e0ria.<\/p>\n<p style=\"text-align: justify;\">Durant la visita, s&#8217;ha rebut explicacions detallades sobre el proc\u00e9s que segueix l&#8217;aigua des de la seva captaci\u00f3 dels rius i l&#8217;aq\u00fc\u00edfer del Llobregat fins a arribar a les aixetes de casa. Aquesta informaci\u00f3 forma part del temari escolar, ajudant a comprendre millor la import\u00e0ncia de la gesti\u00f3 de l&#8217;aigua i els processos implicats en la seva potabilitzaci\u00f3.<\/p>\n<div id='gallery-1' class='gallery galleryid-23755 gallery-columns-4 gallery-size-full'><figure class='gallery-item'>\n\t\t\t<div class='gallery-icon portrait'>\n\t\t\t\t<img loading=\"lazy\" decoding=\"async\" width=\"1200\" height=\"1600\" src=\"https:\/\/i0.wp.com\/escolagrancapita.wpcomstaging.com\/wp-content\/uploads\/2024\/10\/1ESO_ETAP-1.jpeg?fit=1200%2C1600&amp;ssl=1\" class=\"attachment-full size-full\" alt=\"\" srcset=\"https:\/\/i0.wp.com\/escolagrancapita.wpcomstaging.com\/wp-content\/uploads\/2024\/10\/1ESO_ETAP-1.jpeg?w=1200&amp;ssl=1 1200w, https:\/\/i0.wp.com\/escolagrancapita.wpcomstaging.com\/wp-content\/uploads\/2024\/10\/1ESO_ETAP-1.jpeg?resize=225%2C300&amp;ssl=1 225w, https:\/\/i0.wp.com\/escolagrancapita.wpcomstaging.com\/wp-content\/uploads\/2024\/10\/1ESO_ETAP-1.jpeg?resize=768%2C1024&amp;ssl=1 768w, https:\/\/i0.wp.com\/escolagrancapita.wpcomstaging.com\/wp-content\/uploads\/2024\/10\/1ESO_ETAP-1.jpeg?resize=1152%2C1536&amp;ssl=1 1152w\" sizes=\"auto, (max-width: 750px) 100vw, 750px\" \/>\n\t\t\t<\/div><\/figure><figure class='gallery-item'>\n\t\t\t<div class='gallery-icon portrait'>\n\t\t\t\t<img loading=\"lazy\" decoding=\"async\" width=\"1200\" height=\"1600\" src=\"https:\/\/i0.wp.com\/escolagrancapita.wpcomstaging.com\/wp-content\/uploads\/2024\/10\/1ESO_ETAP-2.jpeg?fit=1200%2C1600&amp;ssl=1\" class=\"attachment-full size-full\" alt=\"\" srcset=\"https:\/\/i0.wp.com\/escolagrancapita.wpcomstaging.com\/wp-content\/uploads\/2024\/10\/1ESO_ETAP-2.jpeg?w=1200&amp;ssl=1 1200w, https:\/\/i0.wp.com\/escolagrancapita.wpcomstaging.com\/wp-content\/uploads\/2024\/10\/1ESO_ETAP-2.jpeg?resize=225%2C300&amp;ssl=1 225w, https:\/\/i0.wp.com\/escolagrancapita.wpcomstaging.com\/wp-content\/uploads\/2024\/10\/1ESO_ETAP-2.jpeg?resize=768%2C1024&amp;ssl=1 768w, https:\/\/i0.wp.com\/escolagrancapita.wpcomstaging.com\/wp-content\/uploads\/2024\/10\/1ESO_ETAP-2.jpeg?resize=1152%2C1536&amp;ssl=1 1152w\" sizes=\"auto, (max-width: 750px) 100vw, 750px\" \/>\n\t\t\t<\/div><\/figure><figure class='gallery-item'>\n\t\t\t<div class='gallery-icon portrait'>\n\t\t\t\t<img loading=\"lazy\" decoding=\"async\" width=\"1537\" height=\"2048\" src=\"https:\/\/i0.wp.com\/escolagrancapita.wpcomstaging.com\/wp-content\/uploads\/2024\/10\/1ESO_ETAP-7.jpeg?fit=1537%2C2048&amp;ssl=1\" class=\"attachment-full size-full\" alt=\"\" srcset=\"https:\/\/i0.wp.com\/escolagrancapita.wpcomstaging.com\/wp-content\/uploads\/2024\/10\/1ESO_ETAP-7.jpeg?w=1537&amp;ssl=1 1537w, https:\/\/i0.wp.com\/escolagrancapita.wpcomstaging.com\/wp-content\/uploads\/2024\/10\/1ESO_ETAP-7.jpeg?resize=225%2C300&amp;ssl=1 225w, https:\/\/i0.wp.com\/escolagrancapita.wpcomstaging.com\/wp-content\/uploads\/2024\/10\/1ESO_ETAP-7.jpeg?resize=769%2C1024&amp;ssl=1 769w, https:\/\/i0.wp.com\/escolagrancapita.wpcomstaging.com\/wp-content\/uploads\/2024\/10\/1ESO_ETAP-7.jpeg?resize=768%2C1023&amp;ssl=1 768w, https:\/\/i0.wp.com\/escolagrancapita.wpcomstaging.com\/wp-content\/uploads\/2024\/10\/1ESO_ETAP-7.jpeg?resize=1153%2C1536&amp;ssl=1 1153w\" sizes=\"auto, (max-width: 750px) 100vw, 750px\" \/>\n\t\t\t<\/div><\/figure><figure class='gallery-item'>\n\t\t\t<div class='gallery-icon portrait'>\n\t\t\t\t<img loading=\"lazy\" decoding=\"async\" width=\"1200\" height=\"1600\" src=\"https:\/\/i0.wp.com\/escolagrancapita.wpcomstaging.com\/wp-content\/uploads\/2024\/10\/1ESO_ETAP-3.jpeg?fit=1200%2C1600&amp;ssl=1\" class=\"attachment-full size-full\" alt=\"\" srcset=\"https:\/\/i0.wp.com\/escolagrancapita.wpcomstaging.com\/wp-content\/uploads\/2024\/10\/1ESO_ETAP-3.jpeg?w=1200&amp;ssl=1 1200w, https:\/\/i0.wp.com\/escolagrancapita.wpcomstaging.com\/wp-content\/uploads\/2024\/10\/1ESO_ETAP-3.jpeg?resize=225%2C300&amp;ssl=1 225w, https:\/\/i0.wp.com\/escolagrancapita.wpcomstaging.com\/wp-content\/uploads\/2024\/10\/1ESO_ETAP-3.jpeg?resize=768%2C1024&amp;ssl=1 768w, https:\/\/i0.wp.com\/escolagrancapita.wpcomstaging.com\/wp-content\/uploads\/2024\/10\/1ESO_ETAP-3.jpeg?resize=1152%2C1536&amp;ssl=1 1152w\" sizes=\"auto, (max-width: 750px) 100vw, 750px\" \/>\n\t\t\t<\/div><\/figure>\n\t\t<\/div>\n\n<p style=\"text-align: justify;\">L&#8217;alumnat ha participat en dues activitats destacades: la primera consistia en una visita a la potabilitzadora, on s&#8217;ha pogut observar de primera m\u00e0 el funcionament de les instal\u00b7lacions. La segona activitat s&#8217;ha dut a terme al laboratori, on han recreat les diverses fases del proc\u00e9s de potabilitzaci\u00f3 de l&#8217;aigua. La visita ha culminat amb una petita cata d\u2019aig\u00fces, on han tastat quatre aig\u00fces diferents.<\/p>\n<div id='gallery-2' class='gallery galleryid-23755 gallery-columns-3 gallery-size-full'><figure class='gallery-item'>\n\t\t\t<div class='gallery-icon portrait'>\n\t\t\t\t<img loading=\"lazy\" decoding=\"async\" width=\"1537\" height=\"2048\" src=\"https:\/\/i0.wp.com\/escolagrancapita.wpcomstaging.com\/wp-content\/uploads\/2024\/10\/1ESO_ETAP-6.jpeg?fit=1537%2C2048&amp;ssl=1\" class=\"attachment-full size-full\" alt=\"\" srcset=\"https:\/\/i0.wp.com\/escolagrancapita.wpcomstaging.com\/wp-content\/uploads\/2024\/10\/1ESO_ETAP-6.jpeg?w=1537&amp;ssl=1 1537w, https:\/\/i0.wp.com\/escolagrancapita.wpcomstaging.com\/wp-content\/uploads\/2024\/10\/1ESO_ETAP-6.jpeg?resize=225%2C300&amp;ssl=1 225w, https:\/\/i0.wp.com\/escolagrancapita.wpcomstaging.com\/wp-content\/uploads\/2024\/10\/1ESO_ETAP-6.jpeg?resize=769%2C1024&amp;ssl=1 769w, https:\/\/i0.wp.com\/escolagrancapita.wpcomstaging.com\/wp-content\/uploads\/2024\/10\/1ESO_ETAP-6.jpeg?resize=768%2C1023&amp;ssl=1 768w, https:\/\/i0.wp.com\/escolagrancapita.wpcomstaging.com\/wp-content\/uploads\/2024\/10\/1ESO_ETAP-6.jpeg?resize=1153%2C1536&amp;ssl=1 1153w\" sizes=\"auto, (max-width: 750px) 100vw, 750px\" \/>\n\t\t\t<\/div><\/figure><figure class='gallery-item'>\n\t\t\t<div class='gallery-icon portrait'>\n\t\t\t\t<img loading=\"lazy\" decoding=\"async\" width=\"1537\" height=\"2048\" src=\"https:\/\/i0.wp.com\/escolagrancapita.wpcomstaging.com\/wp-content\/uploads\/2024\/10\/1ESO_ETAP-5.jpeg?fit=1537%2C2048&amp;ssl=1\" class=\"attachment-full size-full\" alt=\"\" srcset=\"https:\/\/i0.wp.com\/escolagrancapita.wpcomstaging.com\/wp-content\/uploads\/2024\/10\/1ESO_ETAP-5.jpeg?w=1537&amp;ssl=1 1537w, https:\/\/i0.wp.com\/escolagrancapita.wpcomstaging.com\/wp-content\/uploads\/2024\/10\/1ESO_ETAP-5.jpeg?resize=225%2C300&amp;ssl=1 225w, https:\/\/i0.wp.com\/escolagrancapita.wpcomstaging.com\/wp-content\/uploads\/2024\/10\/1ESO_ETAP-5.jpeg?resize=769%2C1024&amp;ssl=1 769w, https:\/\/i0.wp.com\/escolagrancapita.wpcomstaging.com\/wp-content\/uploads\/2024\/10\/1ESO_ETAP-5.jpeg?resize=768%2C1023&amp;ssl=1 768w, https:\/\/i0.wp.com\/escolagrancapita.wpcomstaging.com\/wp-content\/uploads\/2024\/10\/1ESO_ETAP-5.jpeg?resize=1153%2C1536&amp;ssl=1 1153w\" sizes=\"auto, (max-width: 750px) 100vw, 750px\" \/>\n\t\t\t<\/div><\/figure><figure class='gallery-item'>\n\t\t\t<div class='gallery-icon portrait'>\n\t\t\t\t<img loading=\"lazy\" decoding=\"async\" width=\"1537\" height=\"2048\" src=\"https:\/\/i0.wp.com\/escolagrancapita.wpcomstaging.com\/wp-content\/uploads\/2024\/10\/1ESO_ETAP-9.jpeg?fit=1537%2C2048&amp;ssl=1\" class=\"attachment-full size-full\" alt=\"\" srcset=\"https:\/\/i0.wp.com\/escolagrancapita.wpcomstaging.com\/wp-content\/uploads\/2024\/10\/1ESO_ETAP-9.jpeg?w=1537&amp;ssl=1 1537w, https:\/\/i0.wp.com\/escolagrancapita.wpcomstaging.com\/wp-content\/uploads\/2024\/10\/1ESO_ETAP-9.jpeg?resize=225%2C300&amp;ssl=1 225w, https:\/\/i0.wp.com\/escolagrancapita.wpcomstaging.com\/wp-content\/uploads\/2024\/10\/1ESO_ETAP-9.jpeg?resize=769%2C1024&amp;ssl=1 769w, https:\/\/i0.wp.com\/escolagrancapita.wpcomstaging.com\/wp-content\/uploads\/2024\/10\/1ESO_ETAP-9.jpeg?resize=768%2C1023&amp;ssl=1 768w, https:\/\/i0.wp.com\/escolagrancapita.wpcomstaging.com\/wp-content\/uploads\/2024\/10\/1ESO_ETAP-9.jpeg?resize=1153%2C1536&amp;ssl=1 1153w\" sizes=\"auto, (max-width: 750px) 100vw, 750px\" \/>\n\t\t\t<\/div><\/figure>\n\t\t<\/div>\n\n<div id='gallery-3' class='gallery galleryid-23755 gallery-columns-1 gallery-size-full'><figure class='gallery-item'>\n\t\t\t<div class='gallery-icon landscape'>\n\t\t\t\t<img loading=\"lazy\" decoding=\"async\" width=\"1600\" height=\"1021\" src=\"https:\/\/i0.wp.com\/escolagrancapita.wpcomstaging.com\/wp-content\/uploads\/2024\/10\/1ESO_ETAP-8-e1728814192388.jpeg?fit=1600%2C1021&amp;ssl=1\" class=\"attachment-full size-full\" alt=\"\" srcset=\"https:\/\/i0.wp.com\/escolagrancapita.wpcomstaging.com\/wp-content\/uploads\/2024\/10\/1ESO_ETAP-8-e1728814192388.jpeg?w=1600&amp;ssl=1 1600w, https:\/\/i0.wp.com\/escolagrancapita.wpcomstaging.com\/wp-content\/uploads\/2024\/10\/1ESO_ETAP-8-e1728814192388.jpeg?resize=300%2C191&amp;ssl=1 300w, https:\/\/i0.wp.com\/escolagrancapita.wpcomstaging.com\/wp-content\/uploads\/2024\/10\/1ESO_ETAP-8-e1728814192388.jpeg?resize=1024%2C653&amp;ssl=1 1024w, https:\/\/i0.wp.com\/escolagrancapita.wpcomstaging.com\/wp-content\/uploads\/2024\/10\/1ESO_ETAP-8-e1728814192388.jpeg?resize=768%2C490&amp;ssl=1 768w, https:\/\/i0.wp.com\/escolagrancapita.wpcomstaging.com\/wp-content\/uploads\/2024\/10\/1ESO_ETAP-8-e1728814192388.jpeg?resize=1536%2C980&amp;ssl=1 1536w\" sizes=\"auto, (max-width: 750px) 100vw, 750px\" \/>\n\t\t\t<\/div><\/figure>\n\t\t<\/div>\n\n<p style=\"text-align: justify;\">L&#8217;alumnat s&#8217;ha sorpr\u00e8s de com varia el sabor de les aig\u00fces depenent del seu origen i del proc\u00e9s de tractament al qual han estat sotmeses. Aquesta experi\u00e8ncia no nom\u00e9s ha enriquit els seus coneixements sobre el cicle de l&#8217;aigua, sin\u00f3 que tamb\u00e9 els ha perm\u00e8s valorar la import\u00e0ncia de tenir acc\u00e9s a aigua potable de qualitat.<\/p>\n<div id='gallery-4' class='gallery galleryid-23755 gallery-columns-1 gallery-size-full'><figure class='gallery-item'>\n\t\t\t<div class='gallery-icon landscape'>\n\t\t\t\t<img loading=\"lazy\" decoding=\"async\" width=\"1200\" height=\"1021\" src=\"https:\/\/i0.wp.com\/escolagrancapita.wpcomstaging.com\/wp-content\/uploads\/2024\/10\/1ESO_ETAP-4-e1728814219885.jpeg?fit=1200%2C1021&amp;ssl=1\" class=\"attachment-full size-full\" alt=\"\" srcset=\"https:\/\/i0.wp.com\/escolagrancapita.wpcomstaging.com\/wp-content\/uploads\/2024\/10\/1ESO_ETAP-4-e1728814219885.jpeg?w=1200&amp;ssl=1 1200w, https:\/\/i0.wp.com\/escolagrancapita.wpcomstaging.com\/wp-content\/uploads\/2024\/10\/1ESO_ETAP-4-e1728814219885.jpeg?resize=300%2C255&amp;ssl=1 300w, https:\/\/i0.wp.com\/escolagrancapita.wpcomstaging.com\/wp-content\/uploads\/2024\/10\/1ESO_ETAP-4-e1728814219885.jpeg?resize=1024%2C871&amp;ssl=1 1024w, https:\/\/i0.wp.com\/escolagrancapita.wpcomstaging.com\/wp-content\/uploads\/2024\/10\/1ESO_ETAP-4-e1728814219885.jpeg?resize=768%2C653&amp;ssl=1 768w\" sizes=\"auto, (max-width: 750px) 100vw, 750px\" \/>\n\t\t\t<\/div><\/figure>\n\t\t<\/div>\n\n<p style=\"text-align: justify;\">En conclusi\u00f3, la sortida a l&#8217;ETAP de Sant Joan Desp\u00ed ha estat una experi\u00e8ncia educativa i divertida, que ha deixat una empremta positiva en l&#8217;alumnat, fomentant el seu inter\u00e8s per temes tan rellevants com la sostenibilitat i la gesti\u00f3 dels recursos h\u00eddrics.<\/p>\n<div id='gallery-5' class='gallery galleryid-23755 gallery-columns-1 gallery-size-full'><figure class='gallery-item'>\n\t\t\t<div class='gallery-icon landscape'>\n\t\t\t\t<img loading=\"lazy\" decoding=\"async\" width=\"1600\" height=\"1048\" src=\"https:\/\/i0.wp.com\/escolagrancapita.wpcomstaging.com\/wp-content\/uploads\/2024\/10\/1ESO_ETAP-10.jpeg?fit=1600%2C1048&amp;ssl=1\" class=\"attachment-full size-full\" alt=\"\" srcset=\"https:\/\/i0.wp.com\/escolagrancapita.wpcomstaging.com\/wp-content\/uploads\/2024\/10\/1ESO_ETAP-10.jpeg?w=1600&amp;ssl=1 1600w, https:\/\/i0.wp.com\/escolagrancapita.wpcomstaging.com\/wp-content\/uploads\/2024\/10\/1ESO_ETAP-10.jpeg?resize=300%2C197&amp;ssl=1 300w, https:\/\/i0.wp.com\/escolagrancapita.wpcomstaging.com\/wp-content\/uploads\/2024\/10\/1ESO_ETAP-10.jpeg?resize=1024%2C671&amp;ssl=1 1024w, https:\/\/i0.wp.com\/escolagrancapita.wpcomstaging.com\/wp-content\/uploads\/2024\/10\/1ESO_ETAP-10.jpeg?resize=768%2C503&amp;ssl=1 768w, https:\/\/i0.wp.com\/escolagrancapita.wpcomstaging.com\/wp-content\/uploads\/2024\/10\/1ESO_ETAP-10.jpeg?resize=1536%2C1006&amp;ssl=1 1536w\" sizes=\"auto, (max-width: 750px) 100vw, 750px\" \/>\n\t\t\t<\/div><\/figure>\n\t\t<\/div>\n\n","protected":false},"excerpt":{"rendered":"<p>1r d&#8217;ESO ha tingut l&#8217;oportunitat de visitar l&#8217;Estaci\u00f3 de Tractament d&#8217;Aigua Potable (ETAP) de Sant Joan Desp\u00ed, on ha apr\u00e8s de manera pr\u00e0ctica sobre el cicle de l&#8217;aigua dom\u00e8stic. Aquesta estaci\u00f3 compta amb una sofisticada l\u00ednia de tractament capa\u00e7 de<\/p>\n","protected":false},"author":1,"featured_media":0,"parent":0,"menu_order":0,"comment_status":"closed","ping_status":"closed","template":"","meta":{"_crdt_document":"","footnotes":""},"categories":[75],"tags":[149,43,82],"class_list":["post-23755","page","type-page","status-publish","hentry","category-activitats","tag-curs-2024-25","tag-ed-secundaria","tag-sortides"],"jetpack_sharing_enabled":true,"_links":{"self":[{"href":"https:\/\/escolagrancapita.wpcomstaging.com\/index.php?rest_route=\/wp\/v2\/pages\/23755","targetHints":{"allow":["GET"]}}],"collection":[{"href":"https:\/\/escolagrancapita.wpcomstaging.com\/index.php?rest_route=\/wp\/v2\/pages"}],"about":[{"href":"https:\/\/escolagrancapita.wpcomstaging.com\/index.php?rest_route=\/wp\/v2\/types\/page"}],"author":[{"embeddable":true,"href":"https:\/\/escolagrancapita.wpcomstaging.com\/index.php?rest_route=\/wp\/v2\/users\/1"}],"replies":[{"embeddable":true,"href":"https:\/\/escolagrancapita.wpcomstaging.com\/index.php?rest_route=%2Fwp%2Fv2%2Fcomments&post=23755"}],"version-history":[{"count":4,"href":"https:\/\/escolagrancapita.wpcomstaging.com\/index.php?rest_route=\/wp\/v2\/pages\/23755\/revisions"}],"predecessor-version":[{"id":23857,"href":"https:\/\/escolagrancapita.wpcomstaging.com\/index.php?rest_route=\/wp\/v2\/pages\/23755\/revisions\/23857"}],"wp:attachment":[{"href":"https:\/\/escolagrancapita.wpcomstaging.com\/index.php?rest_route=%2Fwp%2Fv2%2Fmedia&parent=23755"}],"wp:term":[{"taxonomy":"category","embeddable":true,"href":"https:\/\/escolagrancapita.wpcomstaging.com\/index.php?rest_route=%2Fwp%2Fv2%2Fcategories&post=23755"},{"taxonomy":"post_tag","embeddable":true,"href":"https:\/\/escolagrancapita.wpcomstaging.com\/index.php?rest_route=%2Fwp%2Fv2%2Ftags&post=23755"}],"curies":[{"name":"wp","href":"https:\/\/api.w.org\/{rel}","templated":true}]}}