{"id":23867,"date":"2024-10-27T09:04:31","date_gmt":"2024-10-27T09:04:31","guid":{"rendered":"https:\/\/escolagrancapita.wpcomstaging.com\/?page_id=23867"},"modified":"2024-10-27T09:04:57","modified_gmt":"2024-10-27T09:04:57","slug":"23867-2","status":"publish","type":"page","link":"https:\/\/escolagrancapita.wpcomstaging.com\/?page_id=23867","title":{"rendered":"Visitant les Coves de Salnitre de Collbat\u00f3"},"content":{"rendered":"<p style=\"text-align: justify;\">El 18 d&#8217;octubre, 5\u00e8 i 6\u00e8 de Prim\u00e0ria van gaudir d&#8217;una emocionant excursi\u00f3 a les <a href=\"https:\/\/ca.wikipedia.org\/wiki\/Coves_del_Salnitre\" target=\"_blank\" rel=\"noopener\">Coves de Salnitre<\/a>, situades a Collbat\u00f3. Aquestes coves s\u00f3n conegudes per les seves espectaculars formacions geol\u00f2giques i la seva rica hist\u00f2ria. Formades a partir de l&#8217;erosi\u00f3 de la roca calc\u00e0ria, presenten un laberint de passadissos i sales impressionants. Hist\u00f2ricament, han estat habitades i utilitzades per diverses cultures, incloent-hi bandolers que buscaven refugiar-se durant les seves escapades.<\/p>\n<div id='gallery-1' class='gallery galleryid-23867 gallery-columns-2 gallery-size-full'><figure class='gallery-item'>\n\t\t\t<div class='gallery-icon landscape'>\n\t\t\t\t<img loading=\"lazy\" decoding=\"async\" width=\"2048\" height=\"1536\" src=\"https:\/\/i0.wp.com\/escolagrancapita.wpcomstaging.com\/wp-content\/uploads\/2024\/10\/PRI_Coves-2.jpeg?fit=2048%2C1536&amp;ssl=1\" class=\"attachment-full size-full\" alt=\"\" srcset=\"https:\/\/i0.wp.com\/escolagrancapita.wpcomstaging.com\/wp-content\/uploads\/2024\/10\/PRI_Coves-2.jpeg?w=2048&amp;ssl=1 2048w, https:\/\/i0.wp.com\/escolagrancapita.wpcomstaging.com\/wp-content\/uploads\/2024\/10\/PRI_Coves-2.jpeg?resize=300%2C225&amp;ssl=1 300w, https:\/\/i0.wp.com\/escolagrancapita.wpcomstaging.com\/wp-content\/uploads\/2024\/10\/PRI_Coves-2.jpeg?resize=1024%2C768&amp;ssl=1 1024w, https:\/\/i0.wp.com\/escolagrancapita.wpcomstaging.com\/wp-content\/uploads\/2024\/10\/PRI_Coves-2.jpeg?resize=768%2C576&amp;ssl=1 768w, https:\/\/i0.wp.com\/escolagrancapita.wpcomstaging.com\/wp-content\/uploads\/2024\/10\/PRI_Coves-2.jpeg?resize=1536%2C1152&amp;ssl=1 1536w\" sizes=\"auto, (max-width: 750px) 100vw, 750px\" \/>\n\t\t\t<\/div><\/figure><figure class='gallery-item'>\n\t\t\t<div class='gallery-icon landscape'>\n\t\t\t\t<img loading=\"lazy\" decoding=\"async\" width=\"2048\" height=\"1536\" src=\"https:\/\/i0.wp.com\/escolagrancapita.wpcomstaging.com\/wp-content\/uploads\/2024\/10\/PRI_Coves-3.jpeg?fit=2048%2C1536&amp;ssl=1\" class=\"attachment-full size-full\" alt=\"\" srcset=\"https:\/\/i0.wp.com\/escolagrancapita.wpcomstaging.com\/wp-content\/uploads\/2024\/10\/PRI_Coves-3.jpeg?w=2048&amp;ssl=1 2048w, https:\/\/i0.wp.com\/escolagrancapita.wpcomstaging.com\/wp-content\/uploads\/2024\/10\/PRI_Coves-3.jpeg?resize=300%2C225&amp;ssl=1 300w, https:\/\/i0.wp.com\/escolagrancapita.wpcomstaging.com\/wp-content\/uploads\/2024\/10\/PRI_Coves-3.jpeg?resize=1024%2C768&amp;ssl=1 1024w, https:\/\/i0.wp.com\/escolagrancapita.wpcomstaging.com\/wp-content\/uploads\/2024\/10\/PRI_Coves-3.jpeg?resize=768%2C576&amp;ssl=1 768w, https:\/\/i0.wp.com\/escolagrancapita.wpcomstaging.com\/wp-content\/uploads\/2024\/10\/PRI_Coves-3.jpeg?resize=1536%2C1152&amp;ssl=1 1536w\" sizes=\"auto, (max-width: 750px) 100vw, 750px\" \/>\n\t\t\t<\/div><\/figure>\n\t\t<\/div>\n\n<div id='gallery-2' class='gallery galleryid-23867 gallery-columns-1 gallery-size-full'><figure class='gallery-item'>\n\t\t\t<div class='gallery-icon portrait'>\n\t\t\t\t<img loading=\"lazy\" decoding=\"async\" width=\"1536\" height=\"2048\" src=\"https:\/\/i0.wp.com\/escolagrancapita.wpcomstaging.com\/wp-content\/uploads\/2024\/10\/PRI_Coves-4.jpeg?fit=1536%2C2048&amp;ssl=1\" class=\"attachment-full size-full\" alt=\"\" srcset=\"https:\/\/i0.wp.com\/escolagrancapita.wpcomstaging.com\/wp-content\/uploads\/2024\/10\/PRI_Coves-4.jpeg?w=1536&amp;ssl=1 1536w, https:\/\/i0.wp.com\/escolagrancapita.wpcomstaging.com\/wp-content\/uploads\/2024\/10\/PRI_Coves-4.jpeg?resize=225%2C300&amp;ssl=1 225w, https:\/\/i0.wp.com\/escolagrancapita.wpcomstaging.com\/wp-content\/uploads\/2024\/10\/PRI_Coves-4.jpeg?resize=768%2C1024&amp;ssl=1 768w, https:\/\/i0.wp.com\/escolagrancapita.wpcomstaging.com\/wp-content\/uploads\/2024\/10\/PRI_Coves-4.jpeg?resize=1152%2C1536&amp;ssl=1 1152w\" sizes=\"auto, (max-width: 750px) 100vw, 750px\" \/>\n\t\t\t<\/div><\/figure>\n\t\t<\/div>\n\n<p style=\"text-align: justify;\">Durant la visita, tothom va tenir l&#8217;oportunitat d&#8217;explorar les coves i descobrir les meravelloses formacions, com estalactites i estalagmites, gr\u00e0cies a les explicacions dels monitors. A m\u00e9s de l&#8217;aspecte geol\u00f2gic, es va aprendre sobre la hist\u00f2ria de les coves i els diversos usos que se n&#8217;han fet al llarg del temps. Un dels moments m\u00e9s sorprenents va ser con\u00e8ixer que el salnitre, un mineral extret de les coves, s&#8217;utilitzava per fabricar p\u00f3lvora i tamb\u00e9 com a fertilitzant.<\/p>\n<div id='gallery-3' class='gallery galleryid-23867 gallery-columns-1 gallery-size-full'><figure class='gallery-item'>\n\t\t\t<div class='gallery-icon landscape'>\n\t\t\t\t<img loading=\"lazy\" decoding=\"async\" width=\"2048\" height=\"921\" src=\"https:\/\/i0.wp.com\/escolagrancapita.wpcomstaging.com\/wp-content\/uploads\/2024\/10\/PRI_Coves-6.jpeg?fit=2048%2C921&amp;ssl=1\" class=\"attachment-full size-full\" alt=\"\" srcset=\"https:\/\/i0.wp.com\/escolagrancapita.wpcomstaging.com\/wp-content\/uploads\/2024\/10\/PRI_Coves-6.jpeg?w=2048&amp;ssl=1 2048w, https:\/\/i0.wp.com\/escolagrancapita.wpcomstaging.com\/wp-content\/uploads\/2024\/10\/PRI_Coves-6.jpeg?resize=300%2C135&amp;ssl=1 300w, https:\/\/i0.wp.com\/escolagrancapita.wpcomstaging.com\/wp-content\/uploads\/2024\/10\/PRI_Coves-6.jpeg?resize=1024%2C461&amp;ssl=1 1024w, https:\/\/i0.wp.com\/escolagrancapita.wpcomstaging.com\/wp-content\/uploads\/2024\/10\/PRI_Coves-6.jpeg?resize=768%2C345&amp;ssl=1 768w, https:\/\/i0.wp.com\/escolagrancapita.wpcomstaging.com\/wp-content\/uploads\/2024\/10\/PRI_Coves-6.jpeg?resize=1536%2C691&amp;ssl=1 1536w\" sizes=\"auto, (max-width: 750px) 100vw, 750px\" \/>\n\t\t\t<\/div><\/figure>\n\t\t<\/div>\n\n<p style=\"text-align: justify;\">Despr\u00e9s de la visita, el grup va participar en una activitat din\u00e0mica sobre els bandolers i els recursos naturals propers a les coves. Aquesta activitat va permetre explorar com aquests personatges van influir en la hist\u00f2ria local, connectant els aspectes geol\u00f2gics amb les narratives hist\u00f2riques. Un dels punts forts del dia va ser veure en directe com es fabricava la p\u00f3lvora, una experi\u00e8ncia que va fascinar a tothom.<\/p>\n<div id='gallery-4' class='gallery galleryid-23867 gallery-columns-1 gallery-size-full'><figure class='gallery-item'>\n\t\t\t<div class='gallery-icon landscape'>\n\t\t\t\t<img loading=\"lazy\" decoding=\"async\" width=\"1703\" height=\"805\" src=\"https:\/\/i0.wp.com\/escolagrancapita.wpcomstaging.com\/wp-content\/uploads\/2024\/10\/PRI_Coves-5-e1730019762960.jpeg?fit=1703%2C805&amp;ssl=1\" class=\"attachment-full size-full\" alt=\"\" srcset=\"https:\/\/i0.wp.com\/escolagrancapita.wpcomstaging.com\/wp-content\/uploads\/2024\/10\/PRI_Coves-5-e1730019762960.jpeg?w=1703&amp;ssl=1 1703w, https:\/\/i0.wp.com\/escolagrancapita.wpcomstaging.com\/wp-content\/uploads\/2024\/10\/PRI_Coves-5-e1730019762960.jpeg?resize=300%2C142&amp;ssl=1 300w, https:\/\/i0.wp.com\/escolagrancapita.wpcomstaging.com\/wp-content\/uploads\/2024\/10\/PRI_Coves-5-e1730019762960.jpeg?resize=1024%2C484&amp;ssl=1 1024w, https:\/\/i0.wp.com\/escolagrancapita.wpcomstaging.com\/wp-content\/uploads\/2024\/10\/PRI_Coves-5-e1730019762960.jpeg?resize=768%2C363&amp;ssl=1 768w, https:\/\/i0.wp.com\/escolagrancapita.wpcomstaging.com\/wp-content\/uploads\/2024\/10\/PRI_Coves-5-e1730019762960.jpeg?resize=1536%2C726&amp;ssl=1 1536w\" sizes=\"auto, (max-width: 750px) 100vw, 750px\" \/>\n\t\t\t<\/div><\/figure><figure class='gallery-item'>\n\t\t\t<div class='gallery-icon landscape'>\n\t\t\t\t<img loading=\"lazy\" decoding=\"async\" width=\"1792\" height=\"665\" src=\"https:\/\/i0.wp.com\/escolagrancapita.wpcomstaging.com\/wp-content\/uploads\/2024\/10\/PRI_Coves-1-e1730019780977.jpeg?fit=1792%2C665&amp;ssl=1\" class=\"attachment-full size-full\" alt=\"\" srcset=\"https:\/\/i0.wp.com\/escolagrancapita.wpcomstaging.com\/wp-content\/uploads\/2024\/10\/PRI_Coves-1-e1730019780977.jpeg?w=1792&amp;ssl=1 1792w, https:\/\/i0.wp.com\/escolagrancapita.wpcomstaging.com\/wp-content\/uploads\/2024\/10\/PRI_Coves-1-e1730019780977.jpeg?resize=300%2C111&amp;ssl=1 300w, https:\/\/i0.wp.com\/escolagrancapita.wpcomstaging.com\/wp-content\/uploads\/2024\/10\/PRI_Coves-1-e1730019780977.jpeg?resize=1024%2C380&amp;ssl=1 1024w, https:\/\/i0.wp.com\/escolagrancapita.wpcomstaging.com\/wp-content\/uploads\/2024\/10\/PRI_Coves-1-e1730019780977.jpeg?resize=768%2C285&amp;ssl=1 768w, https:\/\/i0.wp.com\/escolagrancapita.wpcomstaging.com\/wp-content\/uploads\/2024\/10\/PRI_Coves-1-e1730019780977.jpeg?resize=1536%2C570&amp;ssl=1 1536w\" sizes=\"auto, (max-width: 750px) 100vw, 750px\" \/>\n\t\t\t<\/div><\/figure>\n\t\t<\/div>\n\n<p style=\"text-align: justify;\">Sens dubte, va ser una jornada molt interessant i divertida que va captivar l&#8217;inter\u00e8s i la curiositat de 5\u00e8 i 6\u00e8!<\/p>\n","protected":false},"excerpt":{"rendered":"<p>El 18 d&#8217;octubre, 5\u00e8 i 6\u00e8 de Prim\u00e0ria van gaudir d&#8217;una emocionant excursi\u00f3 a les Coves de Salnitre, situades a Collbat\u00f3. Aquestes coves s\u00f3n conegudes per les seves espectaculars formacions geol\u00f2giques i la seva rica hist\u00f2ria. Formades a partir de<\/p>\n","protected":false},"author":1,"featured_media":0,"parent":0,"menu_order":0,"comment_status":"closed","ping_status":"closed","template":"","meta":{"_crdt_document":"","footnotes":""},"categories":[75],"tags":[149,86,82],"class_list":["post-23867","page","type-page","status-publish","hentry","category-activitats","tag-curs-2024-25","tag-ed-primaria","tag-sortides"],"jetpack_sharing_enabled":true,"_links":{"self":[{"href":"https:\/\/escolagrancapita.wpcomstaging.com\/index.php?rest_route=\/wp\/v2\/pages\/23867","targetHints":{"allow":["GET"]}}],"collection":[{"href":"https:\/\/escolagrancapita.wpcomstaging.com\/index.php?rest_route=\/wp\/v2\/pages"}],"about":[{"href":"https:\/\/escolagrancapita.wpcomstaging.com\/index.php?rest_route=\/wp\/v2\/types\/page"}],"author":[{"embeddable":true,"href":"https:\/\/escolagrancapita.wpcomstaging.com\/index.php?rest_route=\/wp\/v2\/users\/1"}],"replies":[{"embeddable":true,"href":"https:\/\/escolagrancapita.wpcomstaging.com\/index.php?rest_route=%2Fwp%2Fv2%2Fcomments&post=23867"}],"version-history":[{"count":3,"href":"https:\/\/escolagrancapita.wpcomstaging.com\/index.php?rest_route=\/wp\/v2\/pages\/23867\/revisions"}],"predecessor-version":[{"id":23878,"href":"https:\/\/escolagrancapita.wpcomstaging.com\/index.php?rest_route=\/wp\/v2\/pages\/23867\/revisions\/23878"}],"wp:attachment":[{"href":"https:\/\/escolagrancapita.wpcomstaging.com\/index.php?rest_route=%2Fwp%2Fv2%2Fmedia&parent=23867"}],"wp:term":[{"taxonomy":"category","embeddable":true,"href":"https:\/\/escolagrancapita.wpcomstaging.com\/index.php?rest_route=%2Fwp%2Fv2%2Fcategories&post=23867"},{"taxonomy":"post_tag","embeddable":true,"href":"https:\/\/escolagrancapita.wpcomstaging.com\/index.php?rest_route=%2Fwp%2Fv2%2Ftags&post=23867"}],"curies":[{"name":"wp","href":"https:\/\/api.w.org\/{rel}","templated":true}]}}