{"id":2387,"date":"2016-07-18T18:48:32","date_gmt":"2016-07-18T18:48:32","guid":{"rendered":"http:\/\/escolagrancapita.wpcomstaging.com\/?page_id=2387"},"modified":"2025-07-08T18:41:52","modified_gmt":"2025-07-08T18:41:52","slug":"robotica-educativa","status":"publish","type":"page","link":"https:\/\/escolagrancapita.wpcomstaging.com\/?page_id=2387","title":{"rendered":"Educaci\u00f3 STEAM"},"content":{"rendered":"<p style=\"text-align: justify;\"><img data-recalc-dims=\"1\" loading=\"lazy\" decoding=\"async\" class=\"aligncenter size-full wp-image-10718\" src=\"https:\/\/i0.wp.com\/escolagrancapita.wpcomstaging.com\/wp-content\/uploads\/2019\/10\/STEAM.png?resize=595%2C229&#038;ssl=1\" alt=\"\" width=\"595\" height=\"229\" srcset=\"https:\/\/i0.wp.com\/escolagrancapita.wpcomstaging.com\/wp-content\/uploads\/2019\/10\/STEAM.png?w=595&amp;ssl=1 595w, https:\/\/i0.wp.com\/escolagrancapita.wpcomstaging.com\/wp-content\/uploads\/2019\/10\/STEAM.png?resize=300%2C115&amp;ssl=1 300w\" sizes=\"auto, (max-width: 595px) 100vw, 595px\" \/><\/p>\n<p style=\"text-align: justify;\"><a href=\"https:\/\/ca.wikipedia.org\/wiki\/STEAM\" target=\"_blank\" rel=\"noopener\"><strong>STEAM<\/strong><\/a> combina les disciplines de ci\u00e8ncia, tecnologia, enginyeria, art i matem\u00e0tiques com un tot interrelacionat per fomentar el pensament cr\u00edtic, la creativitat i la resoluci\u00f3 de problemes.<\/p>\n<p style=\"text-align: justify;\">Des del curs 2014-15, la nostra escola ha incorporat aquest enfocament per preparar l\u2019alumnat davant els reptes d\u2019un m\u00f3n canviant, adaptant els recursos a les seves necessitats i fomentant la interdisciplinarietat i la creativitat.<\/p>\n<p style=\"text-align: justify;\">Per fer-ho realitat a l\u2019aula, promovem el treball per projectes i l\u2019\u00fas de materials i eines tecnol\u00f2giques amb els seg\u00fcents objectius:<\/p>\n<ul style=\"text-align: justify;\">\n<li><strong>Promoure una cultura de pensament cient\u00edfic i cr\u00edtic per a la presa de decisions<\/strong>, \u00fatil tant dins com fora de l\u2019aula.<\/li>\n<li><strong>Afavorir l\u2019adquisici\u00f3 de coneixements tecnol\u00f2gics i cient\u00edfics<\/strong>, aplicables en situacions futures des d\u2019una perspectiva global.<\/li>\n<li><strong>Fer prendre consci\u00e8ncia de les relacions entre les diferents \u00e0rees del coneixement<\/strong> i fomentar la participaci\u00f3 activa en els projectes resultants.<\/li>\n<li>No nom\u00e9s treballar la resoluci\u00f3 de problemes o l\u2019an\u00e0lisi, sin\u00f3 tamb\u00e9 <strong>impulsar la creativitat, la iniciativa pr\u00f2pia i la capacitat d\u2019innovar<\/strong>.<\/li>\n<li><strong>Fomentar habilitats socials i el treball en equip<\/strong>, tot promovent la comunicaci\u00f3, la col\u00b7laboraci\u00f3 i el respecte en entorns de grup.<\/li>\n<\/ul>\n<p style=\"text-align: justify;\">Per donar coher\u00e8ncia al desenvolupament competencial, l\u2019escola distribueix les activitats STEAM en les diferents etapes educatives, adaptant metodologies i materials a les caracter\u00edstiques i necessitats de cada grup d\u2019edat.<\/p>\n<p style=\"text-align: justify;\">Aquesta distribuci\u00f3 es concreta en tres grans \u00e0mbits, que s\u2019introdueixen progressivament segons el nivell educatiu:<\/p>\n<ul style=\"text-align: justify;\">\n<li><strong>Rob\u00f2tica<\/strong><\/li>\n<li><strong>Programaci\u00f3<\/strong><\/li>\n<li><strong>Electr\u00f2nica i Cultura Maker<\/strong><\/li>\n<\/ul>\n<hr \/>\n<h6 style=\"text-align: justify;\">ROB\u00d2TICA<\/h6>\n<p style=\"text-align: justify;\">La rob\u00f2tica educativa \u00e9s una metodologia d\u2019aprenentatge que utilitza robots i la seva programaci\u00f3 com a eina pedag\u00f2gica. Gr\u00e0cies al seu car\u00e0cter multidisciplinari, ajuda l\u2019alumnat a adquirir habilitats i compet\u00e8ncies clau per al segle XXI que els seran \u00fatils en el futur tant en l\u2019\u00e0mbit acad\u00e8mic com personal i professional. Per aix\u00f2, cada etapa educativa la incorpora amb materials i activitats adaptats a l\u2019edat i les capacitats dels alumnes, assegurant un progr\u00e9s gradual i significatiu.<\/p>\n<p style=\"text-align: justify;\"><strong>Educaci\u00f3 Infantil i Cicle Inicial<\/strong><\/p>\n<p style=\"text-align: justify;\">A les primeres etapes, la rob\u00f2tica s\u2019introdueix de manera l\u00fadica i intu\u00eftiva per familiaritzar els m\u00e9s petits amb conceptes b\u00e0sics de seq\u00fcenciaci\u00f3, orientaci\u00f3 espacial i mecanismes senzills.<\/p>\n<ul style=\"text-align: justify;\">\n<li><strong>Bee-Bot<\/strong>: un petit robot en forma d\u2019abella creat per <a href=\"https:\/\/www.tts-international.com\/bee-bot-programmable-floor-robot\/1015268.html\" target=\"_blank\" rel=\"noopener\">TTS<\/a>, pensat per introduir la programaci\u00f3 seq\u00fcencial d\u2019una forma tangible i divertida.<\/li>\n<li><strong>KUBO<\/strong>: desenvolupat per <a href=\"https:\/\/kubo-robot.com\/\" target=\"_blank\" rel=\"noopener\">KUBO Robotics<\/a>, utilitza el sistema \u201cTagTile\u201d sense pantalla, que el converteix en una eina original i f\u00e0cil d\u2019usar per aprendre programaci\u00f3 de manera pr\u00e0ctica.<\/li>\n<li><strong>LEGO M\u00e0quines Simples<\/strong>: aquest kit de <a href=\"https:\/\/education.lego.com\/es-es\/\" target=\"_blank\" rel=\"noopener\">LEGO Education<\/a> convida a construir mecanismes i m\u00e0quines senzilles, fomentant la comprensi\u00f3 del m\u00f3n f\u00edsic a trav\u00e9s de l\u2019experimentaci\u00f3 i el joc.<\/li>\n<\/ul>\n<table style=\"width: 100%; border-collapse: collapse; border-color: #ffffff;\">\n<tbody>\n<tr>\n<td style=\"width: 33.3333%;\"><img data-recalc-dims=\"1\" loading=\"lazy\" decoding=\"async\" class=\"aligncenter size-full wp-image-26529\" src=\"https:\/\/i0.wp.com\/escolagrancapita.wpcomstaging.com\/wp-content\/uploads\/2025\/07\/steam_beebot.jpg?resize=400%2C282&#038;ssl=1\" alt=\"\" width=\"400\" height=\"282\" srcset=\"https:\/\/i0.wp.com\/escolagrancapita.wpcomstaging.com\/wp-content\/uploads\/2025\/07\/steam_beebot.jpg?w=400&amp;ssl=1 400w, https:\/\/i0.wp.com\/escolagrancapita.wpcomstaging.com\/wp-content\/uploads\/2025\/07\/steam_beebot.jpg?resize=300%2C212&amp;ssl=1 300w\" sizes=\"auto, (max-width: 400px) 100vw, 400px\" \/><\/td>\n<td style=\"width: 33.3333%;\"><img data-recalc-dims=\"1\" loading=\"lazy\" decoding=\"async\" class=\"aligncenter size-full wp-image-26537\" src=\"https:\/\/i0.wp.com\/escolagrancapita.wpcomstaging.com\/wp-content\/uploads\/2025\/07\/steam_kubo.jpg?resize=400%2C282&#038;ssl=1\" alt=\"\" width=\"400\" height=\"282\" srcset=\"https:\/\/i0.wp.com\/escolagrancapita.wpcomstaging.com\/wp-content\/uploads\/2025\/07\/steam_kubo.jpg?w=400&amp;ssl=1 400w, https:\/\/i0.wp.com\/escolagrancapita.wpcomstaging.com\/wp-content\/uploads\/2025\/07\/steam_kubo.jpg?resize=300%2C212&amp;ssl=1 300w\" sizes=\"auto, (max-width: 400px) 100vw, 400px\" \/><\/td>\n<td style=\"width: 33.3333%;\"><img data-recalc-dims=\"1\" loading=\"lazy\" decoding=\"async\" class=\"aligncenter size-full wp-image-26526\" src=\"https:\/\/i0.wp.com\/escolagrancapita.wpcomstaging.com\/wp-content\/uploads\/2025\/07\/steam_simples.jpg?resize=400%2C282&#038;ssl=1\" alt=\"\" width=\"400\" height=\"282\" srcset=\"https:\/\/i0.wp.com\/escolagrancapita.wpcomstaging.com\/wp-content\/uploads\/2025\/07\/steam_simples.jpg?w=400&amp;ssl=1 400w, https:\/\/i0.wp.com\/escolagrancapita.wpcomstaging.com\/wp-content\/uploads\/2025\/07\/steam_simples.jpg?resize=300%2C212&amp;ssl=1 300w\" sizes=\"auto, (max-width: 400px) 100vw, 400px\" \/><\/td>\n<\/tr>\n<tr>\n<td style=\"width: 33.3333%; text-align: center;\"><span style=\"font-size: 8pt;\">Bee-bot<\/span><\/td>\n<td style=\"width: 33.3333%; text-align: center;\"><span style=\"font-size: 8pt;\">KUBO<\/span><\/td>\n<td style=\"width: 33.3333%; text-align: center;\"><span style=\"font-size: 8pt;\">LEGO M\u00e0quines Simples<\/span><\/td>\n<\/tr>\n<\/tbody>\n<\/table>\n<p style=\"text-align: justify;\"><strong>Cicle Mitj\u00e0<\/strong><\/p>\n<p style=\"text-align: justify;\">En aquesta etapa s\u2019introdueixen motors, sensors i la programaci\u00f3 b\u00e0sica, permetent als alumnes crear dispositius m\u00e9s complexos i interactius.<\/p>\n<ul style=\"text-align: justify;\">\n<li><strong>LEGO M\u00e0quines Simples i Motoritzades<\/strong>: pensat per introduir els conceptes de mec\u00e0nica b\u00e0sica, aquest kit permet construir diferents mecanismes i automatitzar-los gr\u00e0cies a motors.<\/li>\n<li><strong>LEGO WeDo<\/strong>: orientat a la programaci\u00f3 gr\u00e0fica, combina la construcci\u00f3 amb motors i sensors per estimular la creativitat i la resoluci\u00f3 de problemes.<\/li>\n<li><strong>Mochicard<\/strong>: desenvolupat per <a href=\"https:\/\/scratch.barcelona\/\" target=\"_blank\" rel=\"noopener\">Scratch Barcelona<\/a>, \u00e9s una placa electr\u00f2nica amb sensors i actuadors per donar vida a projectes interactius i connectar el m\u00f3n f\u00edsic amb el digital.<\/li>\n<\/ul>\n<table style=\"width: 100%; border-collapse: collapse; border-color: #ffffff;\">\n<tbody>\n<tr>\n<td style=\"width: 33.3333%;\"><img data-recalc-dims=\"1\" loading=\"lazy\" decoding=\"async\" class=\"aligncenter size-full wp-image-26525\" src=\"https:\/\/i0.wp.com\/escolagrancapita.wpcomstaging.com\/wp-content\/uploads\/2025\/07\/steam_motor.jpg?resize=400%2C282&#038;ssl=1\" alt=\"\" width=\"400\" height=\"282\" srcset=\"https:\/\/i0.wp.com\/escolagrancapita.wpcomstaging.com\/wp-content\/uploads\/2025\/07\/steam_motor.jpg?w=400&amp;ssl=1 400w, https:\/\/i0.wp.com\/escolagrancapita.wpcomstaging.com\/wp-content\/uploads\/2025\/07\/steam_motor.jpg?resize=300%2C212&amp;ssl=1 300w\" sizes=\"auto, (max-width: 400px) 100vw, 400px\" \/><\/td>\n<td style=\"width: 33.3333%;\"><img data-recalc-dims=\"1\" loading=\"lazy\" decoding=\"async\" class=\"aligncenter size-full wp-image-26527\" src=\"https:\/\/i0.wp.com\/escolagrancapita.wpcomstaging.com\/wp-content\/uploads\/2025\/07\/STEAM_WeDo.jpg?resize=400%2C282&#038;ssl=1\" alt=\"\" width=\"400\" height=\"282\" srcset=\"https:\/\/i0.wp.com\/escolagrancapita.wpcomstaging.com\/wp-content\/uploads\/2025\/07\/STEAM_WeDo.jpg?w=400&amp;ssl=1 400w, https:\/\/i0.wp.com\/escolagrancapita.wpcomstaging.com\/wp-content\/uploads\/2025\/07\/STEAM_WeDo.jpg?resize=300%2C212&amp;ssl=1 300w\" sizes=\"auto, (max-width: 400px) 100vw, 400px\" \/><\/td>\n<td style=\"width: 33.3333%;\"><img data-recalc-dims=\"1\" loading=\"lazy\" decoding=\"async\" class=\"aligncenter size-full wp-image-26524\" src=\"https:\/\/i0.wp.com\/escolagrancapita.wpcomstaging.com\/wp-content\/uploads\/2025\/07\/steam_mochicardt.jpg?resize=400%2C282&#038;ssl=1\" alt=\"\" width=\"400\" height=\"282\" srcset=\"https:\/\/i0.wp.com\/escolagrancapita.wpcomstaging.com\/wp-content\/uploads\/2025\/07\/steam_mochicardt.jpg?w=400&amp;ssl=1 400w, https:\/\/i0.wp.com\/escolagrancapita.wpcomstaging.com\/wp-content\/uploads\/2025\/07\/steam_mochicardt.jpg?resize=300%2C212&amp;ssl=1 300w\" sizes=\"auto, (max-width: 400px) 100vw, 400px\" \/><\/td>\n<\/tr>\n<tr>\n<td style=\"width: 33.3333%; text-align: center;\"><span style=\"font-size: 8pt;\">LEGO M\u00e0quines Simples i Motoritzades<\/span><\/td>\n<td style=\"width: 33.3333%; text-align: center;\"><span style=\"font-size: 8pt;\">LEGO WeDo 2.0<\/span><\/td>\n<td style=\"width: 33.3333%; text-align: center;\"><span style=\"font-size: 8pt;\">Mochicard<\/span><\/td>\n<\/tr>\n<\/tbody>\n<\/table>\n<p style=\"text-align: justify;\"><strong>Cicle Superior i Secund\u00e0ria<\/strong><\/p>\n<p style=\"text-align: justify;\">En els nivells m\u00e9s avan\u00e7ats, els alumnes treballen amb kits professionals, combinant programaci\u00f3 en entorns com Scratch o Python i afrontant reptes t\u00e8cnics m\u00e9s complexos i realistes.<\/p>\n<ul style=\"text-align: justify;\">\n<li><strong>LEGO Spike Prime<\/strong>: el kit m\u00e9s recent de <strong>LEGO Education<\/strong>, dissenyat per introduir la rob\u00f2tica d\u2019una manera creativa i accessible. Combina les cl\u00e0ssiques peces LEGO amb sensors i motors d\u2019alta precisi\u00f3 i un sistema de programaci\u00f3 intu\u00eftiu.<\/li>\n<li><strong>LEGO Mindstorms EV3<\/strong>: el referent cl\u00e0ssic per a l\u2019alumnat avan\u00e7at, amb gran pot\u00e8ncia i flexibilitat. La seva versatilitat el converteix en l\u2019eina ideal per a projectes d\u2019enginyeria m\u00e9s ambiciosos i per preparar-se per a competicions de rob\u00f2tica.<\/li>\n<\/ul>\n<table style=\"border-collapse: collapse; width: 100%;\">\n<tbody>\n<tr>\n<td style=\"width: 33.3333%; text-align: center;\"><img data-recalc-dims=\"1\" decoding=\"async\" style=\"max-width: 100%; height: auto;\" src=\"https:\/\/i0.wp.com\/escolagrancapita.wpcomstaging.com\/wp-content\/uploads\/2025\/07\/steam_spike.jpg?w=750&#038;ssl=1\" alt=\"\" \/><\/td>\n<td style=\"width: 33.3333%; text-align: center;\"><img data-recalc-dims=\"1\" decoding=\"async\" style=\"max-width: 100%; height: auto;\" src=\"https:\/\/i0.wp.com\/escolagrancapita.wpcomstaging.com\/wp-content\/uploads\/2025\/07\/steam_ev3.jpg?w=750&#038;ssl=1\" alt=\"\" \/><\/td>\n<td style=\"width: 33.3333%; text-align: center;\"><img data-recalc-dims=\"1\" decoding=\"async\" style=\"max-width: 100%; height: auto;\" src=\"https:\/\/i0.wp.com\/escolagrancapita.wpcomstaging.com\/wp-content\/uploads\/2025\/07\/steam_ev3_ext.jpg?w=750&#038;ssl=1\" alt=\"\" \/><\/td>\n<\/tr>\n<tr>\n<td style=\"text-align: center; width: 33.3333%;\"><span style=\"font-size: 8pt;\">LEGO Spike Prime<\/span><\/td>\n<td style=\"text-align: center; width: 33.3333%;\"><span style=\"font-size: 8pt;\">LEGO Mindstorms Education EV3<\/span><\/td>\n<td style=\"text-align: center; width: 33.3333%;\"><span style=\"font-size: 8pt;\">LEGO Mindstorms Education EV3 (ext.)<\/span><\/td>\n<\/tr>\n<\/tbody>\n<\/table>\n<hr \/>\n<h6 style=\"text-align: justify;\">PROGRAMACI\u00d3<\/h6>\n<p style=\"text-align: justify;\">La programaci\u00f3 \u00e9s clau per despertar la creativitat digital i desenvolupar el pensament computacional, compet\u00e8ncies imprescindibles en la societat del coneixement. M\u00e9s enll\u00e0 de la rob\u00f2tica, treballar-la de manera aut\u00f2noma permet als alumnes imaginar, dissenyar i donar vida a hist\u00f2ries, jocs i aplicacions en entorns 100% digitals, afavorint la iniciativa personal i la capacitat d\u2019afrontar reptes. Per aix\u00f2, cada etapa educativa integra activitats i plataformes adaptades a l\u2019edat i al nivell, garantint un aprenentatge progressiu i significatiu.<\/p>\n<p style=\"text-align: justify;\"><strong>Cicle Inicial<\/strong><\/p>\n<p style=\"text-align: justify;\">En aquesta primera etapa, l\u2019alumnat es familiaritza amb la programaci\u00f3 gr\u00e0cies a <strong>ScratchJr<\/strong>, una versi\u00f3 simplificada i molt visual del conegut entorn <strong>Scratch<\/strong>, creat pel <a href=\"https:\/\/www.media.mit.edu\/projects\/scratch\/overview\/\" target=\"_blank\" rel=\"noopener\">MIT Media Lab<\/a>. Aquesta eina els permet crear de forma intu\u00eftiva i divertida petites animacions, hist\u00f2ries i jocs interactius.<\/p>\n<p style=\"text-align: justify;\"><strong>Cicle Mitj\u00e0<\/strong><\/p>\n<p style=\"text-align: justify;\">A partir del Cicle Mitj\u00e0, passen a la versi\u00f3 completa de <strong>Scratch<\/strong>, amb projectes guiats i suport constant per refor\u00e7ar els conceptes b\u00e0sics i comen\u00e7ar a experimentar amb el disseny i la programaci\u00f3 de manera m\u00e9s estructurada.<\/p>\n<p style=\"text-align: justify;\"><strong>Cicle Superior i Secund\u00e0ria<\/strong><\/p>\n<p style=\"text-align: justify;\">En les etapes superiors, l\u2019alumnat guanya autonomia i aprofundeix en el llenguatge de <strong>Scratch<\/strong>, desenvolupant projectes m\u00e9s oberts, creatius i interdisciplinaris, que promouen la col\u00b7laboraci\u00f3 i els desafien a trobar solucions a problemes reals.<\/p>\n<table style=\"width: 100%; border-collapse: collapse; border-color: #ffffff;\">\n<tbody>\n<tr>\n<td style=\"width: 50%;\"><img data-recalc-dims=\"1\" loading=\"lazy\" decoding=\"async\" class=\"aligncenter size-full wp-image-26535\" src=\"https:\/\/i0.wp.com\/escolagrancapita.wpcomstaging.com\/wp-content\/uploads\/2025\/07\/steam_scratchjr.jpg?resize=400%2C282&#038;ssl=1\" alt=\"\" width=\"400\" height=\"282\" srcset=\"https:\/\/i0.wp.com\/escolagrancapita.wpcomstaging.com\/wp-content\/uploads\/2025\/07\/steam_scratchjr.jpg?w=400&amp;ssl=1 400w, https:\/\/i0.wp.com\/escolagrancapita.wpcomstaging.com\/wp-content\/uploads\/2025\/07\/steam_scratchjr.jpg?resize=300%2C212&amp;ssl=1 300w\" sizes=\"auto, (max-width: 400px) 100vw, 400px\" \/><\/td>\n<td style=\"width: 50%;\"><img data-recalc-dims=\"1\" loading=\"lazy\" decoding=\"async\" class=\"aligncenter size-full wp-image-26534\" src=\"https:\/\/i0.wp.com\/escolagrancapita.wpcomstaging.com\/wp-content\/uploads\/2025\/07\/steam_scratch.jpg?resize=400%2C282&#038;ssl=1\" alt=\"\" width=\"400\" height=\"282\" srcset=\"https:\/\/i0.wp.com\/escolagrancapita.wpcomstaging.com\/wp-content\/uploads\/2025\/07\/steam_scratch.jpg?w=400&amp;ssl=1 400w, https:\/\/i0.wp.com\/escolagrancapita.wpcomstaging.com\/wp-content\/uploads\/2025\/07\/steam_scratch.jpg?resize=300%2C212&amp;ssl=1 300w\" sizes=\"auto, (max-width: 400px) 100vw, 400px\" \/><\/td>\n<\/tr>\n<\/tbody>\n<\/table>\n<table style=\"width: 100%; border-collapse: collapse; background-color: #ebebeb;\">\n<tbody>\n<tr>\n<td style=\"width: 100%; text-align: justify;\">El nostre <a href=\"https:\/\/scratch.mit.edu\/users\/grancapita\/\"><strong>perfil d\u2019escola a Scratch<\/strong><\/a> recull m\u00e9s de 200 projectes creats per l\u2019alumnat i el professorat, un recurs \u00fanic que ens distingeix i demostra el nostre comprom\u00eds amb la programaci\u00f3 com a pilar de l\u2019educaci\u00f3 del segle XXI. Aquests projectes es treballen tant dins com fora de l\u2019aula, promovent la creativitat i la col\u00b7laboraci\u00f3. <strong>Us animem a descobrir-los i a sumar-vos al nostre projecte!<\/strong><\/td>\n<\/tr>\n<\/tbody>\n<\/table>\n<hr \/>\n<h6 style=\"text-align: justify;\">ELECTR\u00d2NICA DIGITAL I CULTURA MAKER<\/h6>\n<p style=\"text-align: justify;\">L\u2019electr\u00f2nica digital i la impressi\u00f3 3D s\u00f3n disciplines clau del <a href=\"https:\/\/ca.wikipedia.org\/wiki\/Cultura_maker\" target=\"_blank\" rel=\"noopener\">moviment <em>maker<\/em><\/a> i de la revoluci\u00f3 educativa, que posen a l\u2019abast de l\u2019alumnat la capacitat de crear i automatitzar els seus propis dissenys i projectes. Per aix\u00f2, l\u2019\u00faltima etapa d\u2019<strong>Educaci\u00f3 Secund\u00e0ria<\/strong> incorpora l\u2019electr\u00f2nica i la impressi\u00f3 3D com a culminaci\u00f3 del recorregut STEAM al centre, amb materials i metodologies adaptats a l\u2019aula i als interessos dels alumnes.<\/p>\n<ul style=\"text-align: justify;\">\n<li><strong>ElectroLab<\/strong>: kit de l&#8217;<a href=\"https:\/\/maletinelectrolab.com\/\" target=\"_blank\" rel=\"noopener\">Academia de Inventores<\/a>, que introdueix a l\u2019electr\u00f2nica digital amb una selecci\u00f3 acurada de components i una metodologia accessible i estructurada.<\/li>\n<li><strong>Arduino UNO<\/strong>: el microcontrolador m\u00e9s popular d\u2019<a href=\"https:\/\/www.arduino.cc\/\" target=\"_blank\" rel=\"noopener\">Arduino<\/a>, ideal per iniciar-se en la programaci\u00f3 i l\u2019automatitzaci\u00f3, que permet portar els projectes a un nou nivell tot potenciant la creativitat i el pensament t\u00e8cnic.<\/li>\n<li><strong>Impressores 3D<\/strong>: fan tangibles els dissenys digitals, convertint les idees en objectes reals i estimulant el pensament espacial, la precisi\u00f3 i la capacitat per afrontar reptes pr\u00e0ctics.<\/li>\n<\/ul>\n<table style=\"width: 100%; border-collapse: collapse; border-color: #ffffff; height: 80px;\">\n<tbody>\n<tr style=\"height: 56px;\">\n<td style=\"width: 33.3333%; height: 56px;\"><img data-recalc-dims=\"1\" loading=\"lazy\" decoding=\"async\" class=\"aligncenter size-full wp-image-26530\" src=\"https:\/\/i0.wp.com\/escolagrancapita.wpcomstaging.com\/wp-content\/uploads\/2025\/07\/steam_electrolab.jpg?resize=400%2C282&#038;ssl=1\" alt=\"\" width=\"400\" height=\"282\" srcset=\"https:\/\/i0.wp.com\/escolagrancapita.wpcomstaging.com\/wp-content\/uploads\/2025\/07\/steam_electrolab.jpg?w=400&amp;ssl=1 400w, https:\/\/i0.wp.com\/escolagrancapita.wpcomstaging.com\/wp-content\/uploads\/2025\/07\/steam_electrolab.jpg?resize=300%2C212&amp;ssl=1 300w\" sizes=\"auto, (max-width: 400px) 100vw, 400px\" \/><\/td>\n<td style=\"width: 33.3333%; height: 56px;\"><img data-recalc-dims=\"1\" loading=\"lazy\" decoding=\"async\" class=\"aligncenter size-full wp-image-26536\" src=\"https:\/\/i0.wp.com\/escolagrancapita.wpcomstaging.com\/wp-content\/uploads\/2025\/07\/steam_arduino1t.jpg?resize=400%2C282&#038;ssl=1\" alt=\"\" width=\"400\" height=\"282\" srcset=\"https:\/\/i0.wp.com\/escolagrancapita.wpcomstaging.com\/wp-content\/uploads\/2025\/07\/steam_arduino1t.jpg?w=400&amp;ssl=1 400w, https:\/\/i0.wp.com\/escolagrancapita.wpcomstaging.com\/wp-content\/uploads\/2025\/07\/steam_arduino1t.jpg?resize=300%2C212&amp;ssl=1 300w\" sizes=\"auto, (max-width: 400px) 100vw, 400px\" \/><\/td>\n<td style=\"width: 33.3333%; height: 56px;\"><img data-recalc-dims=\"1\" loading=\"lazy\" decoding=\"async\" class=\"aligncenter size-full wp-image-26528\" src=\"https:\/\/i0.wp.com\/escolagrancapita.wpcomstaging.com\/wp-content\/uploads\/2025\/07\/steam_3d.jpg?resize=400%2C282&#038;ssl=1\" alt=\"\" width=\"400\" height=\"282\" srcset=\"https:\/\/i0.wp.com\/escolagrancapita.wpcomstaging.com\/wp-content\/uploads\/2025\/07\/steam_3d.jpg?w=400&amp;ssl=1 400w, https:\/\/i0.wp.com\/escolagrancapita.wpcomstaging.com\/wp-content\/uploads\/2025\/07\/steam_3d.jpg?resize=300%2C212&amp;ssl=1 300w\" sizes=\"auto, (max-width: 400px) 100vw, 400px\" \/><\/td>\n<\/tr>\n<tr style=\"height: 24px;\">\n<td style=\"width: 33.3333%; text-align: center; height: 24px;\"><span style=\"font-size: 8pt;\">ElectroLab<\/span><\/td>\n<td style=\"width: 33.3333%; text-align: center; height: 24px;\"><span style=\"font-size: 8pt;\">Arduino UNO<\/span><\/td>\n<td style=\"width: 33.3333%; text-align: center; height: 24px;\"><span style=\"font-size: 8pt;\">Impressora 3D<\/span><\/td>\n<\/tr>\n<\/tbody>\n<\/table>\n<hr \/>\n<p style=\"text-align: justify;\"><span style=\"font-size: 8pt;\">L\u2019escola ha participat en el programa <strong>C\u00f3digo Escuela 4.0<\/strong>, finan\u00e7at pel <strong>Ministeri d\u2019Educaci\u00f3, Formaci\u00f3 Professional i Esports<\/strong> amb el suport de la <strong>Generalitat de Catalunya<\/strong>, que t\u00e9 com a objectiu impulsar les compet\u00e8ncies digitals de l\u2019alumnat i del professorat en rob\u00f2tica, pensament computacional i programaci\u00f3. Aquest programa tamb\u00e9 vol fomentar vocacions STEAM i contribuir a eliminar la bretxa de g\u00e8nere en l\u2019\u00e0mbit digital. Gr\u00e0cies a la subvenci\u00f3 de 20.000\u202f\u20ac, el centre ha pogut adquirir i renovar diversos materials de rob\u00f2tica durant el curs 2024-25.<\/span><\/p>\n<p style=\"text-align: justify;\"><img data-recalc-dims=\"1\" loading=\"lazy\" decoding=\"async\" class=\"wp-image-26473 size-large alignleft\" src=\"https:\/\/i0.wp.com\/escolagrancapita.wpcomstaging.com\/wp-content\/uploads\/2025\/07\/subvencio.png?resize=750%2C57&#038;ssl=1\" alt=\"\" width=\"750\" height=\"57\" srcset=\"https:\/\/i0.wp.com\/escolagrancapita.wpcomstaging.com\/wp-content\/uploads\/2025\/07\/subvencio.png?resize=1024%2C78&amp;ssl=1 1024w, https:\/\/i0.wp.com\/escolagrancapita.wpcomstaging.com\/wp-content\/uploads\/2025\/07\/subvencio.png?resize=300%2C23&amp;ssl=1 300w, https:\/\/i0.wp.com\/escolagrancapita.wpcomstaging.com\/wp-content\/uploads\/2025\/07\/subvencio.png?resize=768%2C58&amp;ssl=1 768w, https:\/\/i0.wp.com\/escolagrancapita.wpcomstaging.com\/wp-content\/uploads\/2025\/07\/subvencio.png?w=1130&amp;ssl=1 1130w\" sizes=\"auto, (max-width: 750px) 100vw, 750px\" \/><\/p>\n","protected":false},"excerpt":{"rendered":"<p>STEAM combina les disciplines de ci\u00e8ncia, tecnologia, enginyeria, art i matem\u00e0tiques com un tot interrelacionat per fomentar el pensament cr\u00edtic, la creativitat i la resoluci\u00f3 de problemes. Des del curs 2014-15, la nostra escola ha incorporat aquest enfocament per preparar<\/p>\n","protected":false},"author":1,"featured_media":0,"parent":407,"menu_order":3,"comment_status":"closed","ping_status":"closed","template":"","meta":{"_crdt_document":"","footnotes":""},"categories":[92],"tags":[],"class_list":["post-2387","page","type-page","status-publish","hentry","category-projectes"],"jetpack_sharing_enabled":true,"_links":{"self":[{"href":"https:\/\/escolagrancapita.wpcomstaging.com\/index.php?rest_route=\/wp\/v2\/pages\/2387","targetHints":{"allow":["GET"]}}],"collection":[{"href":"https:\/\/escolagrancapita.wpcomstaging.com\/index.php?rest_route=\/wp\/v2\/pages"}],"about":[{"href":"https:\/\/escolagrancapita.wpcomstaging.com\/index.php?rest_route=\/wp\/v2\/types\/page"}],"author":[{"embeddable":true,"href":"https:\/\/escolagrancapita.wpcomstaging.com\/index.php?rest_route=\/wp\/v2\/users\/1"}],"replies":[{"embeddable":true,"href":"https:\/\/escolagrancapita.wpcomstaging.com\/index.php?rest_route=%2Fwp%2Fv2%2Fcomments&post=2387"}],"version-history":[{"count":75,"href":"https:\/\/escolagrancapita.wpcomstaging.com\/index.php?rest_route=\/wp\/v2\/pages\/2387\/revisions"}],"predecessor-version":[{"id":26550,"href":"https:\/\/escolagrancapita.wpcomstaging.com\/index.php?rest_route=\/wp\/v2\/pages\/2387\/revisions\/26550"}],"up":[{"embeddable":true,"href":"https:\/\/escolagrancapita.wpcomstaging.com\/index.php?rest_route=\/wp\/v2\/pages\/407"}],"wp:attachment":[{"href":"https:\/\/escolagrancapita.wpcomstaging.com\/index.php?rest_route=%2Fwp%2Fv2%2Fmedia&parent=2387"}],"wp:term":[{"taxonomy":"category","embeddable":true,"href":"https:\/\/escolagrancapita.wpcomstaging.com\/index.php?rest_route=%2Fwp%2Fv2%2Fcategories&post=2387"},{"taxonomy":"post_tag","embeddable":true,"href":"https:\/\/escolagrancapita.wpcomstaging.com\/index.php?rest_route=%2Fwp%2Fv2%2Ftags&post=2387"}],"curies":[{"name":"wp","href":"https:\/\/api.w.org\/{rel}","templated":true}]}}