{"id":23916,"date":"2024-11-10T10:20:11","date_gmt":"2024-11-10T10:20:11","guid":{"rendered":"https:\/\/escolagrancapita.wpcomstaging.com\/?page_id=23916"},"modified":"2024-11-10T11:28:17","modified_gmt":"2024-11-10T11:28:17","slug":"castanyada-i-halloween-2024","status":"publish","type":"page","link":"https:\/\/escolagrancapita.wpcomstaging.com\/?page_id=23916","title":{"rendered":"Castanyada i Halloween 2024"},"content":{"rendered":"<p style=\"text-align: center;\"><iframe style=\"width: 100%; height: auto; max-width: 100%; aspect-ratio: 16\/9;\" title=\"Castanyada i Halloween 2024\" src=\"https:\/\/www.youtube.com\/embed\/vpMnE2qRbQc\" frameborder=\"0\" allowfullscreen=\"allowfullscreen\"><br \/>\n<\/iframe><\/p>\n<p style=\"text-align: justify;\">Com \u00e9s tradici\u00f3, el 31 d\u2019octubre es va celebrar amb entusiasme la Castanyada a tota l\u2019escola!<\/p>\n<p style=\"text-align: justify;\">L&#8217;alumnat de totes les edats va participar en diverses activitats relacionades amb aquesta festa popular.<\/p>\n<ul>\n<li style=\"text-align: justify;\"><strong>Infantil:<\/strong> Al mat\u00ed va disfressar-se de castanyers i castanyeres i va realitzar racons internivell de tardor. A la tarda va gaudir d\u2019una representaci\u00f3 del conte de la Castanyera, a c\u00e0rrec de Cicle Mitj\u00e0.<\/li>\n<li style=\"text-align: justify;\"><strong>Cicle Inicial:<\/strong> Al mat\u00ed va realitzar una emocionant excursi\u00f3 al Parc de la Fontsanta, on van participar en una gimcana ambientada en la tardor, organitzada per 2n d\u2019ESO. A la tarda va gaudir d\u2019una representaci\u00f3 del conte de la Castanyera, tamb\u00e9 a c\u00e0rrec de Cicle Mitj\u00e0, i va compartir un berenar popular, tot disfressant-se de castanyers i castanyeres.<\/li>\n<li style=\"text-align: justify;\"><strong>Cicle Mitj\u00e0:<\/strong> Va representar la hist\u00f2ria de la Castanyada als m\u00e9s petits de l\u2019escola i van gaudir d\u2019un berenar amb productes de la tardor.<\/li>\n<li style=\"text-align: justify;\"><strong>Cicle Superior:<\/strong> Va participar en diverses activitats i van culminar el dia amb un berenar popular, seguit d\u2019una sessi\u00f3 de cinema.<\/li>\n<li style=\"text-align: justify;\"><strong>ESO:<\/strong> Va organitzar una gimcana ambientada en la tardor i van treballar sobre cartolina frases t\u00edpiques catalanes de la Castanyada.<\/li>\n<\/ul>\n<div id='gallery-1' class='gallery galleryid-23916 gallery-columns-3 gallery-size-full'><figure class='gallery-item'>\n\t\t\t<div class='gallery-icon landscape'>\n\t\t\t\t<img loading=\"lazy\" decoding=\"async\" width=\"1600\" height=\"1200\" src=\"https:\/\/i0.wp.com\/escolagrancapita.wpcomstaging.com\/wp-content\/uploads\/2024\/11\/ESC_Castanyada24-2.jpeg?fit=1600%2C1200&amp;ssl=1\" class=\"attachment-full size-full\" alt=\"\" srcset=\"https:\/\/i0.wp.com\/escolagrancapita.wpcomstaging.com\/wp-content\/uploads\/2024\/11\/ESC_Castanyada24-2.jpeg?w=1600&amp;ssl=1 1600w, https:\/\/i0.wp.com\/escolagrancapita.wpcomstaging.com\/wp-content\/uploads\/2024\/11\/ESC_Castanyada24-2.jpeg?resize=300%2C225&amp;ssl=1 300w, https:\/\/i0.wp.com\/escolagrancapita.wpcomstaging.com\/wp-content\/uploads\/2024\/11\/ESC_Castanyada24-2.jpeg?resize=1024%2C768&amp;ssl=1 1024w, https:\/\/i0.wp.com\/escolagrancapita.wpcomstaging.com\/wp-content\/uploads\/2024\/11\/ESC_Castanyada24-2.jpeg?resize=768%2C576&amp;ssl=1 768w, https:\/\/i0.wp.com\/escolagrancapita.wpcomstaging.com\/wp-content\/uploads\/2024\/11\/ESC_Castanyada24-2.jpeg?resize=1536%2C1152&amp;ssl=1 1536w\" sizes=\"auto, (max-width: 750px) 100vw, 750px\" \/>\n\t\t\t<\/div><\/figure><figure class='gallery-item'>\n\t\t\t<div class='gallery-icon landscape'>\n\t\t\t\t<img loading=\"lazy\" decoding=\"async\" width=\"1600\" height=\"1200\" src=\"https:\/\/i0.wp.com\/escolagrancapita.wpcomstaging.com\/wp-content\/uploads\/2024\/11\/ESC_Castanyada24-3.jpeg?fit=1600%2C1200&amp;ssl=1\" class=\"attachment-full size-full\" alt=\"\" srcset=\"https:\/\/i0.wp.com\/escolagrancapita.wpcomstaging.com\/wp-content\/uploads\/2024\/11\/ESC_Castanyada24-3.jpeg?w=1600&amp;ssl=1 1600w, https:\/\/i0.wp.com\/escolagrancapita.wpcomstaging.com\/wp-content\/uploads\/2024\/11\/ESC_Castanyada24-3.jpeg?resize=300%2C225&amp;ssl=1 300w, https:\/\/i0.wp.com\/escolagrancapita.wpcomstaging.com\/wp-content\/uploads\/2024\/11\/ESC_Castanyada24-3.jpeg?resize=1024%2C768&amp;ssl=1 1024w, https:\/\/i0.wp.com\/escolagrancapita.wpcomstaging.com\/wp-content\/uploads\/2024\/11\/ESC_Castanyada24-3.jpeg?resize=768%2C576&amp;ssl=1 768w, https:\/\/i0.wp.com\/escolagrancapita.wpcomstaging.com\/wp-content\/uploads\/2024\/11\/ESC_Castanyada24-3.jpeg?resize=1536%2C1152&amp;ssl=1 1536w\" sizes=\"auto, (max-width: 750px) 100vw, 750px\" \/>\n\t\t\t<\/div><\/figure><figure class='gallery-item'>\n\t\t\t<div class='gallery-icon landscape'>\n\t\t\t\t<img loading=\"lazy\" decoding=\"async\" width=\"1600\" height=\"1200\" src=\"https:\/\/i0.wp.com\/escolagrancapita.wpcomstaging.com\/wp-content\/uploads\/2024\/11\/ESC_Castanyada24-4.jpeg?fit=1600%2C1200&amp;ssl=1\" class=\"attachment-full size-full\" alt=\"\" srcset=\"https:\/\/i0.wp.com\/escolagrancapita.wpcomstaging.com\/wp-content\/uploads\/2024\/11\/ESC_Castanyada24-4.jpeg?w=1600&amp;ssl=1 1600w, https:\/\/i0.wp.com\/escolagrancapita.wpcomstaging.com\/wp-content\/uploads\/2024\/11\/ESC_Castanyada24-4.jpeg?resize=300%2C225&amp;ssl=1 300w, https:\/\/i0.wp.com\/escolagrancapita.wpcomstaging.com\/wp-content\/uploads\/2024\/11\/ESC_Castanyada24-4.jpeg?resize=1024%2C768&amp;ssl=1 1024w, https:\/\/i0.wp.com\/escolagrancapita.wpcomstaging.com\/wp-content\/uploads\/2024\/11\/ESC_Castanyada24-4.jpeg?resize=768%2C576&amp;ssl=1 768w, https:\/\/i0.wp.com\/escolagrancapita.wpcomstaging.com\/wp-content\/uploads\/2024\/11\/ESC_Castanyada24-4.jpeg?resize=1536%2C1152&amp;ssl=1 1536w\" sizes=\"auto, (max-width: 750px) 100vw, 750px\" \/>\n\t\t\t<\/div><\/figure>\n\t\t<\/div>\n\n<div id='gallery-2' class='gallery galleryid-23916 gallery-columns-3 gallery-size-full'><figure class='gallery-item'>\n\t\t\t<div class='gallery-icon landscape'>\n\t\t\t\t<img loading=\"lazy\" decoding=\"async\" width=\"2048\" height=\"921\" src=\"https:\/\/i0.wp.com\/escolagrancapita.wpcomstaging.com\/wp-content\/uploads\/2024\/11\/ESC_Castanyada24-7.jpeg?fit=2048%2C921&amp;ssl=1\" class=\"attachment-full size-full\" alt=\"\" srcset=\"https:\/\/i0.wp.com\/escolagrancapita.wpcomstaging.com\/wp-content\/uploads\/2024\/11\/ESC_Castanyada24-7.jpeg?w=2048&amp;ssl=1 2048w, https:\/\/i0.wp.com\/escolagrancapita.wpcomstaging.com\/wp-content\/uploads\/2024\/11\/ESC_Castanyada24-7.jpeg?resize=300%2C135&amp;ssl=1 300w, https:\/\/i0.wp.com\/escolagrancapita.wpcomstaging.com\/wp-content\/uploads\/2024\/11\/ESC_Castanyada24-7.jpeg?resize=1024%2C461&amp;ssl=1 1024w, https:\/\/i0.wp.com\/escolagrancapita.wpcomstaging.com\/wp-content\/uploads\/2024\/11\/ESC_Castanyada24-7.jpeg?resize=768%2C345&amp;ssl=1 768w, https:\/\/i0.wp.com\/escolagrancapita.wpcomstaging.com\/wp-content\/uploads\/2024\/11\/ESC_Castanyada24-7.jpeg?resize=1536%2C691&amp;ssl=1 1536w\" sizes=\"auto, (max-width: 750px) 100vw, 750px\" \/>\n\t\t\t<\/div><\/figure><figure class='gallery-item'>\n\t\t\t<div class='gallery-icon landscape'>\n\t\t\t\t<img loading=\"lazy\" decoding=\"async\" width=\"456\" height=\"206\" src=\"https:\/\/i0.wp.com\/escolagrancapita.wpcomstaging.com\/wp-content\/uploads\/2024\/11\/ESC_Castanyada24-1-e1731237707561.jpeg?fit=456%2C206&amp;ssl=1\" class=\"attachment-full size-full\" alt=\"\" srcset=\"https:\/\/i0.wp.com\/escolagrancapita.wpcomstaging.com\/wp-content\/uploads\/2024\/11\/ESC_Castanyada24-1-e1731237707561.jpeg?w=456&amp;ssl=1 456w, https:\/\/i0.wp.com\/escolagrancapita.wpcomstaging.com\/wp-content\/uploads\/2024\/11\/ESC_Castanyada24-1-e1731237707561.jpeg?resize=300%2C136&amp;ssl=1 300w\" sizes=\"auto, (max-width: 456px) 100vw, 456px\" \/>\n\t\t\t<\/div><\/figure><figure class='gallery-item'>\n\t\t\t<div class='gallery-icon landscape'>\n\t\t\t\t<img loading=\"lazy\" decoding=\"async\" width=\"2048\" height=\"921\" src=\"https:\/\/i0.wp.com\/escolagrancapita.wpcomstaging.com\/wp-content\/uploads\/2024\/11\/ESC_Castanyada24-8.jpeg?fit=2048%2C921&amp;ssl=1\" class=\"attachment-full size-full\" alt=\"\" srcset=\"https:\/\/i0.wp.com\/escolagrancapita.wpcomstaging.com\/wp-content\/uploads\/2024\/11\/ESC_Castanyada24-8.jpeg?w=2048&amp;ssl=1 2048w, https:\/\/i0.wp.com\/escolagrancapita.wpcomstaging.com\/wp-content\/uploads\/2024\/11\/ESC_Castanyada24-8.jpeg?resize=300%2C135&amp;ssl=1 300w, https:\/\/i0.wp.com\/escolagrancapita.wpcomstaging.com\/wp-content\/uploads\/2024\/11\/ESC_Castanyada24-8.jpeg?resize=1024%2C461&amp;ssl=1 1024w, https:\/\/i0.wp.com\/escolagrancapita.wpcomstaging.com\/wp-content\/uploads\/2024\/11\/ESC_Castanyada24-8.jpeg?resize=768%2C345&amp;ssl=1 768w, https:\/\/i0.wp.com\/escolagrancapita.wpcomstaging.com\/wp-content\/uploads\/2024\/11\/ESC_Castanyada24-8.jpeg?resize=1536%2C691&amp;ssl=1 1536w\" sizes=\"auto, (max-width: 750px) 100vw, 750px\" \/>\n\t\t\t<\/div><\/figure>\n\t\t<\/div>\n\n<div id='gallery-3' class='gallery galleryid-23916 gallery-columns-1 gallery-size-full'><figure class='gallery-item'>\n\t\t\t<div class='gallery-icon landscape'>\n\t\t\t\t<img loading=\"lazy\" decoding=\"async\" width=\"5712\" height=\"2646\" src=\"https:\/\/i0.wp.com\/escolagrancapita.wpcomstaging.com\/wp-content\/uploads\/2024\/11\/ESC_Castanyada24-5-e1731237282618.jpeg?fit=5712%2C2646&amp;ssl=1\" class=\"attachment-full size-full\" alt=\"\" srcset=\"https:\/\/i0.wp.com\/escolagrancapita.wpcomstaging.com\/wp-content\/uploads\/2024\/11\/ESC_Castanyada24-5-e1731237282618.jpeg?w=5712&amp;ssl=1 5712w, https:\/\/i0.wp.com\/escolagrancapita.wpcomstaging.com\/wp-content\/uploads\/2024\/11\/ESC_Castanyada24-5-e1731237282618.jpeg?resize=300%2C139&amp;ssl=1 300w, https:\/\/i0.wp.com\/escolagrancapita.wpcomstaging.com\/wp-content\/uploads\/2024\/11\/ESC_Castanyada24-5-e1731237282618.jpeg?resize=1024%2C474&amp;ssl=1 1024w, https:\/\/i0.wp.com\/escolagrancapita.wpcomstaging.com\/wp-content\/uploads\/2024\/11\/ESC_Castanyada24-5-e1731237282618.jpeg?resize=768%2C356&amp;ssl=1 768w, https:\/\/i0.wp.com\/escolagrancapita.wpcomstaging.com\/wp-content\/uploads\/2024\/11\/ESC_Castanyada24-5-e1731237282618.jpeg?resize=1536%2C712&amp;ssl=1 1536w, https:\/\/i0.wp.com\/escolagrancapita.wpcomstaging.com\/wp-content\/uploads\/2024\/11\/ESC_Castanyada24-5-e1731237282618.jpeg?resize=2048%2C949&amp;ssl=1 2048w, https:\/\/i0.wp.com\/escolagrancapita.wpcomstaging.com\/wp-content\/uploads\/2024\/11\/ESC_Castanyada24-5-e1731237282618.jpeg?w=2250&amp;ssl=1 2250w\" sizes=\"auto, (max-width: 750px) 100vw, 750px\" \/>\n\t\t\t<\/div><\/figure><figure class='gallery-item'>\n\t\t\t<div class='gallery-icon landscape'>\n\t\t\t\t<img loading=\"lazy\" decoding=\"async\" width=\"1599\" height=\"586\" src=\"https:\/\/i0.wp.com\/escolagrancapita.wpcomstaging.com\/wp-content\/uploads\/2024\/11\/ESC_Castanyada24-6-e1731237311217.jpeg?fit=1599%2C586&amp;ssl=1\" class=\"attachment-full size-full\" alt=\"\" srcset=\"https:\/\/i0.wp.com\/escolagrancapita.wpcomstaging.com\/wp-content\/uploads\/2024\/11\/ESC_Castanyada24-6-e1731237311217.jpeg?w=1599&amp;ssl=1 1599w, https:\/\/i0.wp.com\/escolagrancapita.wpcomstaging.com\/wp-content\/uploads\/2024\/11\/ESC_Castanyada24-6-e1731237311217.jpeg?resize=300%2C110&amp;ssl=1 300w, https:\/\/i0.wp.com\/escolagrancapita.wpcomstaging.com\/wp-content\/uploads\/2024\/11\/ESC_Castanyada24-6-e1731237311217.jpeg?resize=1024%2C375&amp;ssl=1 1024w, https:\/\/i0.wp.com\/escolagrancapita.wpcomstaging.com\/wp-content\/uploads\/2024\/11\/ESC_Castanyada24-6-e1731237311217.jpeg?resize=768%2C281&amp;ssl=1 768w, https:\/\/i0.wp.com\/escolagrancapita.wpcomstaging.com\/wp-content\/uploads\/2024\/11\/ESC_Castanyada24-6-e1731237311217.jpeg?resize=1536%2C563&amp;ssl=1 1536w\" sizes=\"auto, (max-width: 750px) 100vw, 750px\" \/>\n\t\t\t<\/div><\/figure>\n\t\t<\/div>\n\n<hr \/>\n<p style=\"text-align: justify;\">A m\u00e9s, tamb\u00e9 es va celebrar Halloween!<\/p>\n<ul>\n<li style=\"text-align: justify;\"><strong>Infantil i Cicle Inicial:<\/strong> Va crear postals d\u2019all\u00f2 m\u00e9s terror\u00edfiques.<\/li>\n<li style=\"text-align: justify;\"><strong>Cicle Mitj\u00e0:<\/strong> Va fer adhesius esfere\u00efdors\u00a0 per decorar les seves habitacions.<\/li>\n<li style=\"text-align: justify;\"><strong>Cicle Superior:<\/strong> Va escriure hist\u00f2ries de por que posaven els p\u00e8ls de punta.<\/li>\n<li style=\"text-align: justify;\"><strong>ESO:<\/strong> 4t va organitzar amb \u00e8xit un t\u00fanel del terror.<\/li>\n<\/ul>\n<div id='gallery-4' class='gallery galleryid-23916 gallery-columns-1 gallery-size-full'><figure class='gallery-item'>\n\t\t\t<div class='gallery-icon landscape'>\n\t\t\t\t<img loading=\"lazy\" decoding=\"async\" width=\"5712\" height=\"3417\" src=\"https:\/\/i0.wp.com\/escolagrancapita.wpcomstaging.com\/wp-content\/uploads\/2024\/11\/ESC_Halloween24-2-e1731236631144.jpeg?fit=5712%2C3417&amp;ssl=1\" class=\"attachment-full size-full\" alt=\"\" srcset=\"https:\/\/i0.wp.com\/escolagrancapita.wpcomstaging.com\/wp-content\/uploads\/2024\/11\/ESC_Halloween24-2-e1731236631144.jpeg?w=5712&amp;ssl=1 5712w, https:\/\/i0.wp.com\/escolagrancapita.wpcomstaging.com\/wp-content\/uploads\/2024\/11\/ESC_Halloween24-2-e1731236631144.jpeg?resize=300%2C179&amp;ssl=1 300w, https:\/\/i0.wp.com\/escolagrancapita.wpcomstaging.com\/wp-content\/uploads\/2024\/11\/ESC_Halloween24-2-e1731236631144.jpeg?resize=1024%2C613&amp;ssl=1 1024w, https:\/\/i0.wp.com\/escolagrancapita.wpcomstaging.com\/wp-content\/uploads\/2024\/11\/ESC_Halloween24-2-e1731236631144.jpeg?resize=768%2C459&amp;ssl=1 768w, https:\/\/i0.wp.com\/escolagrancapita.wpcomstaging.com\/wp-content\/uploads\/2024\/11\/ESC_Halloween24-2-e1731236631144.jpeg?resize=1536%2C919&amp;ssl=1 1536w, https:\/\/i0.wp.com\/escolagrancapita.wpcomstaging.com\/wp-content\/uploads\/2024\/11\/ESC_Halloween24-2-e1731236631144.jpeg?resize=2048%2C1225&amp;ssl=1 2048w, https:\/\/i0.wp.com\/escolagrancapita.wpcomstaging.com\/wp-content\/uploads\/2024\/11\/ESC_Halloween24-2-e1731236631144.jpeg?w=2250&amp;ssl=1 2250w\" sizes=\"auto, (max-width: 750px) 100vw, 750px\" \/>\n\t\t\t<\/div><\/figure><figure class='gallery-item'>\n\t\t\t<div class='gallery-icon portrait'>\n\t\t\t\t<img loading=\"lazy\" decoding=\"async\" width=\"756\" height=\"866\" src=\"https:\/\/i0.wp.com\/escolagrancapita.wpcomstaging.com\/wp-content\/uploads\/2024\/11\/ESC_Halloween24-3-e1731236602486.jpeg?fit=756%2C866&amp;ssl=1\" class=\"attachment-full size-full\" alt=\"\" srcset=\"https:\/\/i0.wp.com\/escolagrancapita.wpcomstaging.com\/wp-content\/uploads\/2024\/11\/ESC_Halloween24-3-e1731236602486.jpeg?w=756&amp;ssl=1 756w, https:\/\/i0.wp.com\/escolagrancapita.wpcomstaging.com\/wp-content\/uploads\/2024\/11\/ESC_Halloween24-3-e1731236602486.jpeg?resize=262%2C300&amp;ssl=1 262w\" sizes=\"auto, (max-width: 750px) 100vw, 750px\" \/>\n\t\t\t<\/div><\/figure><figure class='gallery-item'>\n\t\t\t<div class='gallery-icon landscape'>\n\t\t\t\t<img loading=\"lazy\" decoding=\"async\" width=\"1600\" height=\"947\" src=\"https:\/\/i0.wp.com\/escolagrancapita.wpcomstaging.com\/wp-content\/uploads\/2024\/11\/ESC_Halloween24-4.jpeg?fit=1600%2C947&amp;ssl=1\" class=\"attachment-full size-full\" alt=\"\" srcset=\"https:\/\/i0.wp.com\/escolagrancapita.wpcomstaging.com\/wp-content\/uploads\/2024\/11\/ESC_Halloween24-4.jpeg?w=1600&amp;ssl=1 1600w, https:\/\/i0.wp.com\/escolagrancapita.wpcomstaging.com\/wp-content\/uploads\/2024\/11\/ESC_Halloween24-4.jpeg?resize=300%2C178&amp;ssl=1 300w, https:\/\/i0.wp.com\/escolagrancapita.wpcomstaging.com\/wp-content\/uploads\/2024\/11\/ESC_Halloween24-4.jpeg?resize=1024%2C606&amp;ssl=1 1024w, https:\/\/i0.wp.com\/escolagrancapita.wpcomstaging.com\/wp-content\/uploads\/2024\/11\/ESC_Halloween24-4.jpeg?resize=768%2C455&amp;ssl=1 768w, https:\/\/i0.wp.com\/escolagrancapita.wpcomstaging.com\/wp-content\/uploads\/2024\/11\/ESC_Halloween24-4.jpeg?resize=1536%2C909&amp;ssl=1 1536w\" sizes=\"auto, (max-width: 750px) 100vw, 750px\" \/>\n\t\t\t<\/div><\/figure><figure class='gallery-item'>\n\t\t\t<div class='gallery-icon landscape'>\n\t\t\t\t<img loading=\"lazy\" decoding=\"async\" width=\"2048\" height=\"1368\" src=\"https:\/\/i0.wp.com\/escolagrancapita.wpcomstaging.com\/wp-content\/uploads\/2024\/11\/ESC_Halloween24-5-e1731237892664.jpeg?fit=2048%2C1368&amp;ssl=1\" class=\"attachment-full size-full\" alt=\"\" srcset=\"https:\/\/i0.wp.com\/escolagrancapita.wpcomstaging.com\/wp-content\/uploads\/2024\/11\/ESC_Halloween24-5-e1731237892664.jpeg?w=2048&amp;ssl=1 2048w, https:\/\/i0.wp.com\/escolagrancapita.wpcomstaging.com\/wp-content\/uploads\/2024\/11\/ESC_Halloween24-5-e1731237892664.jpeg?resize=300%2C200&amp;ssl=1 300w, https:\/\/i0.wp.com\/escolagrancapita.wpcomstaging.com\/wp-content\/uploads\/2024\/11\/ESC_Halloween24-5-e1731237892664.jpeg?resize=1024%2C684&amp;ssl=1 1024w, https:\/\/i0.wp.com\/escolagrancapita.wpcomstaging.com\/wp-content\/uploads\/2024\/11\/ESC_Halloween24-5-e1731237892664.jpeg?resize=768%2C513&amp;ssl=1 768w, https:\/\/i0.wp.com\/escolagrancapita.wpcomstaging.com\/wp-content\/uploads\/2024\/11\/ESC_Halloween24-5-e1731237892664.jpeg?resize=1536%2C1026&amp;ssl=1 1536w\" sizes=\"auto, (max-width: 750px) 100vw, 750px\" \/>\n\t\t\t<\/div><\/figure><figure class='gallery-item'>\n\t\t\t<div class='gallery-icon landscape'>\n\t\t\t\t<img loading=\"lazy\" decoding=\"async\" width=\"2048\" height=\"1152\" src=\"https:\/\/i0.wp.com\/escolagrancapita.wpcomstaging.com\/wp-content\/uploads\/2024\/11\/ESC_Halloween24-6.jpeg?fit=2048%2C1152&amp;ssl=1\" class=\"attachment-full size-full\" alt=\"\" srcset=\"https:\/\/i0.wp.com\/escolagrancapita.wpcomstaging.com\/wp-content\/uploads\/2024\/11\/ESC_Halloween24-6.jpeg?w=2048&amp;ssl=1 2048w, https:\/\/i0.wp.com\/escolagrancapita.wpcomstaging.com\/wp-content\/uploads\/2024\/11\/ESC_Halloween24-6.jpeg?resize=300%2C169&amp;ssl=1 300w, https:\/\/i0.wp.com\/escolagrancapita.wpcomstaging.com\/wp-content\/uploads\/2024\/11\/ESC_Halloween24-6.jpeg?resize=1024%2C576&amp;ssl=1 1024w, https:\/\/i0.wp.com\/escolagrancapita.wpcomstaging.com\/wp-content\/uploads\/2024\/11\/ESC_Halloween24-6.jpeg?resize=768%2C432&amp;ssl=1 768w, https:\/\/i0.wp.com\/escolagrancapita.wpcomstaging.com\/wp-content\/uploads\/2024\/11\/ESC_Halloween24-6.jpeg?resize=1536%2C864&amp;ssl=1 1536w\" sizes=\"auto, (max-width: 750px) 100vw, 750px\" \/>\n\t\t\t<\/div><\/figure><figure class='gallery-item'>\n\t\t\t<div class='gallery-icon portrait'>\n\t\t\t\t<img loading=\"lazy\" decoding=\"async\" width=\"4284\" height=\"4445\" src=\"https:\/\/i0.wp.com\/escolagrancapita.wpcomstaging.com\/wp-content\/uploads\/2024\/11\/ESC_Halloween24-1-rotated-e1731237823513.jpeg?fit=4284%2C4445&amp;ssl=1\" class=\"attachment-full size-full\" alt=\"\" srcset=\"https:\/\/i0.wp.com\/escolagrancapita.wpcomstaging.com\/wp-content\/uploads\/2024\/11\/ESC_Halloween24-1-rotated-e1731237823513.jpeg?w=4284&amp;ssl=1 4284w, https:\/\/i0.wp.com\/escolagrancapita.wpcomstaging.com\/wp-content\/uploads\/2024\/11\/ESC_Halloween24-1-rotated-e1731237823513.jpeg?resize=289%2C300&amp;ssl=1 289w, https:\/\/i0.wp.com\/escolagrancapita.wpcomstaging.com\/wp-content\/uploads\/2024\/11\/ESC_Halloween24-1-rotated-e1731237823513.jpeg?resize=987%2C1024&amp;ssl=1 987w, https:\/\/i0.wp.com\/escolagrancapita.wpcomstaging.com\/wp-content\/uploads\/2024\/11\/ESC_Halloween24-1-rotated-e1731237823513.jpeg?resize=768%2C797&amp;ssl=1 768w, https:\/\/i0.wp.com\/escolagrancapita.wpcomstaging.com\/wp-content\/uploads\/2024\/11\/ESC_Halloween24-1-rotated-e1731237823513.jpeg?resize=1480%2C1536&amp;ssl=1 1480w, https:\/\/i0.wp.com\/escolagrancapita.wpcomstaging.com\/wp-content\/uploads\/2024\/11\/ESC_Halloween24-1-rotated-e1731237823513.jpeg?resize=1974%2C2048&amp;ssl=1 1974w, https:\/\/i0.wp.com\/escolagrancapita.wpcomstaging.com\/wp-content\/uploads\/2024\/11\/ESC_Halloween24-1-rotated-e1731237823513.jpeg?w=2250&amp;ssl=1 2250w\" sizes=\"auto, (max-width: 750px) 100vw, 750px\" \/>\n\t\t\t<\/div><\/figure>\n\t\t<\/div>\n\n<p style=\"text-align: justify;\">En resum, va ser un dia ple d\u2019emocions, tradici\u00f3, engrescador i, alhora, horripilant!<\/p>\n","protected":false},"excerpt":{"rendered":"<p>Com \u00e9s tradici\u00f3, el 31 d\u2019octubre es va celebrar amb entusiasme la Castanyada a tota l\u2019escola! L&#8217;alumnat de totes les edats va participar en diverses activitats relacionades amb aquesta festa popular. Infantil: Al mat\u00ed va disfressar-se de castanyers i castanyeres<\/p>\n","protected":false},"author":1,"featured_media":0,"parent":0,"menu_order":0,"comment_status":"closed","ping_status":"closed","template":"","meta":{"_crdt_document":"","footnotes":""},"categories":[75],"tags":[149,77,86,43,48],"class_list":["post-23916","page","type-page","status-publish","hentry","category-activitats","tag-curs-2024-25","tag-ed-infantil","tag-ed-primaria","tag-ed-secundaria","tag-escola"],"jetpack_sharing_enabled":true,"_links":{"self":[{"href":"https:\/\/escolagrancapita.wpcomstaging.com\/index.php?rest_route=\/wp\/v2\/pages\/23916","targetHints":{"allow":["GET"]}}],"collection":[{"href":"https:\/\/escolagrancapita.wpcomstaging.com\/index.php?rest_route=\/wp\/v2\/pages"}],"about":[{"href":"https:\/\/escolagrancapita.wpcomstaging.com\/index.php?rest_route=\/wp\/v2\/types\/page"}],"author":[{"embeddable":true,"href":"https:\/\/escolagrancapita.wpcomstaging.com\/index.php?rest_route=\/wp\/v2\/users\/1"}],"replies":[{"embeddable":true,"href":"https:\/\/escolagrancapita.wpcomstaging.com\/index.php?rest_route=%2Fwp%2Fv2%2Fcomments&post=23916"}],"version-history":[{"count":10,"href":"https:\/\/escolagrancapita.wpcomstaging.com\/index.php?rest_route=\/wp\/v2\/pages\/23916\/revisions"}],"predecessor-version":[{"id":23961,"href":"https:\/\/escolagrancapita.wpcomstaging.com\/index.php?rest_route=\/wp\/v2\/pages\/23916\/revisions\/23961"}],"wp:attachment":[{"href":"https:\/\/escolagrancapita.wpcomstaging.com\/index.php?rest_route=%2Fwp%2Fv2%2Fmedia&parent=23916"}],"wp:term":[{"taxonomy":"category","embeddable":true,"href":"https:\/\/escolagrancapita.wpcomstaging.com\/index.php?rest_route=%2Fwp%2Fv2%2Fcategories&post=23916"},{"taxonomy":"post_tag","embeddable":true,"href":"https:\/\/escolagrancapita.wpcomstaging.com\/index.php?rest_route=%2Fwp%2Fv2%2Ftags&post=23916"}],"curies":[{"name":"wp","href":"https:\/\/api.w.org\/{rel}","templated":true}]}}