{"id":24038,"date":"2024-12-01T19:35:29","date_gmt":"2024-12-01T19:35:29","guid":{"rendered":"https:\/\/escolagrancapita.wpcomstaging.com\/?page_id=24038"},"modified":"2024-12-01T19:35:33","modified_gmt":"2024-12-01T19:35:33","slug":"ritmes-i-melodies-celebrant-santa-cecilia","status":"publish","type":"page","link":"https:\/\/escolagrancapita.wpcomstaging.com\/?page_id=24038","title":{"rendered":"Ritmes i melodies celebrant Santa Cec\u00edlia"},"content":{"rendered":"<p style=\"text-align: justify;\">El 22 de novembre, l&#8217;escola ha celebrat amb entusiasme el dia de <a href=\"https:\/\/ca.wikipedia.org\/wiki\/Cec%C3%ADlia_de_Roma\" target=\"_blank\" rel=\"noopener\">Santa Cec\u00edlia, la patrona de la m\u00fasica<\/a>. Aquesta jornada tan especial ha servit per homenatjar la figura d\u2019aquesta santa, s\u00edmbol de la inspiraci\u00f3 art\u00edstica i del poder transformador de la m\u00fasica, a trav\u00e9s d\u2019un conjunt d\u2019activitats que han involucrat tot l\u2019alumnat de prim\u00e0ria.<\/p>\n<p style=\"text-align: justify;\">Durant el dia, els m\u00e9s petits han tingut l\u2019oportunitat d\u2019explorar la seva creativitat musical mitjan\u00e7ant tallers de creaci\u00f3 de ritmes i melodies. Cada grup ha treballat amb instruments com tambors, maraques, xil\u00f2fons i fins i tot amb objectes del dia a dia, demostrant que la m\u00fasica pot sorgir de qualsevol lloc si hi posem imaginaci\u00f3 i entusiasme. Els passadissos de l\u2019escola han vibrat amb sons d\u2019harmonia i alegria, reflectint l\u2019esperit d\u2019aquesta diada tan especial.<\/p>\n<p style=\"text-align: justify;\">A m\u00e9s, per posar la cirereta al past\u00eds, l\u2019alumnat de cicle superior ha ofert una petita mostra musical a la resta de companys, interpretant diverses peces amb instruments que havien preparat durant les darreres setmanes. Les actuacions han emocionat tant a professors com a companys, refor\u00e7ant el vincle entre la comunitat educativa i el llenguatge universal que \u00e9s la m\u00fasica.<\/p>\n<p style=\"text-align: justify;\">Santa Cec\u00edlia representa la bellesa de la m\u00fasica com a expressi\u00f3 art\u00edstica i com a eina per transmetre emocions, valors i hist\u00f2ries. Amb aquesta jornada, l\u2019escola ha volgut refor\u00e7ar el missatge de la import\u00e0ncia de la m\u00fasica en la nostra formaci\u00f3 i en les nostres vides, aix\u00ed com felicitar i recon\u00e8ixer tots aquells que es dediquen a aquest art, tant els qui l\u2019escolten com els qui la creen.<\/p>\n<p style=\"text-align: center;\"><iframe loading=\"lazy\" title=\"Ritmes i melodies celebrant Santa Cec\u00edlia\" src=\"https:\/\/www.youtube.com\/embed\/kBF3xn5NFWY\" width=\"482\" height=\"857\" frameborder=\"0\" allowfullscreen=\"allowfullscreen\"><\/iframe><\/p>\n<p style=\"text-align: justify;\">Felicitats a tots els amants i creadors de m\u00fasica! Que el ritme i la melodia ens segueixin acompanyant cada dia. \u2728<\/p>\n","protected":false},"excerpt":{"rendered":"<p>El 22 de novembre, l&#8217;escola ha celebrat amb entusiasme el dia de Santa Cec\u00edlia, la patrona de la m\u00fasica. Aquesta jornada tan especial ha servit per homenatjar la figura d\u2019aquesta santa, s\u00edmbol de la inspiraci\u00f3 art\u00edstica i del poder transformador<\/p>\n","protected":false},"author":1,"featured_media":0,"parent":0,"menu_order":0,"comment_status":"closed","ping_status":"closed","template":"","meta":{"_crdt_document":"","footnotes":""},"categories":[75],"tags":[149,86],"class_list":["post-24038","page","type-page","status-publish","hentry","category-activitats","tag-curs-2024-25","tag-ed-primaria"],"jetpack_sharing_enabled":true,"_links":{"self":[{"href":"https:\/\/escolagrancapita.wpcomstaging.com\/index.php?rest_route=\/wp\/v2\/pages\/24038","targetHints":{"allow":["GET"]}}],"collection":[{"href":"https:\/\/escolagrancapita.wpcomstaging.com\/index.php?rest_route=\/wp\/v2\/pages"}],"about":[{"href":"https:\/\/escolagrancapita.wpcomstaging.com\/index.php?rest_route=\/wp\/v2\/types\/page"}],"author":[{"embeddable":true,"href":"https:\/\/escolagrancapita.wpcomstaging.com\/index.php?rest_route=\/wp\/v2\/users\/1"}],"replies":[{"embeddable":true,"href":"https:\/\/escolagrancapita.wpcomstaging.com\/index.php?rest_route=%2Fwp%2Fv2%2Fcomments&post=24038"}],"version-history":[{"count":2,"href":"https:\/\/escolagrancapita.wpcomstaging.com\/index.php?rest_route=\/wp\/v2\/pages\/24038\/revisions"}],"predecessor-version":[{"id":24040,"href":"https:\/\/escolagrancapita.wpcomstaging.com\/index.php?rest_route=\/wp\/v2\/pages\/24038\/revisions\/24040"}],"wp:attachment":[{"href":"https:\/\/escolagrancapita.wpcomstaging.com\/index.php?rest_route=%2Fwp%2Fv2%2Fmedia&parent=24038"}],"wp:term":[{"taxonomy":"category","embeddable":true,"href":"https:\/\/escolagrancapita.wpcomstaging.com\/index.php?rest_route=%2Fwp%2Fv2%2Fcategories&post=24038"},{"taxonomy":"post_tag","embeddable":true,"href":"https:\/\/escolagrancapita.wpcomstaging.com\/index.php?rest_route=%2Fwp%2Fv2%2Ftags&post=24038"}],"curies":[{"name":"wp","href":"https:\/\/api.w.org\/{rel}","templated":true}]}}