{"id":24099,"date":"2025-01-01T19:52:12","date_gmt":"2025-01-01T19:52:12","guid":{"rendered":"https:\/\/escolagrancapita.wpcomstaging.com\/?page_id=24099"},"modified":"2025-01-01T20:01:10","modified_gmt":"2025-01-01T20:01:10","slug":"descobreix-com-fomentar-el-gust-per-la-lectura-amb-aquests-5-consells","status":"publish","type":"page","link":"https:\/\/escolagrancapita.wpcomstaging.com\/?page_id=24099","title":{"rendered":"Descobreix com fomentar el gust per la lectura amb aquests 4 consells"},"content":{"rendered":"<p>Iniciar els infants en l\u2019h\u00e0bit lector \u00e9s fonamental per al seu desenvolupament intel\u00b7lectual i emocional. Per\u00f2, com aconseguir que s\u2019enamorin dels llibres? T\u2019ho expliquem en 4 passos senzills:<\/p>\n<h6><strong>1. Un lloc tranquil fa m\u00e0gia<\/strong><\/h6>\n<p>Llegir o explicar contes en un espai ser\u00e8, sense distraccions, ajuda els m\u00e9s petits a concentrar-se i gaudir del moment. Sigui al sof\u00e0 de casa, al llit abans de dormir o sota un arbre al parc, l\u2019important \u00e9s crear un ambient que convidi a la calma i a la imaginaci\u00f3.<\/p>\n<h6><strong>2. Triem el llibre perfecte<\/strong><\/h6>\n<p>Cada edat t\u00e9 les seves necessitats. Des d\u2019hist\u00f2ries amb il\u00b7lustracions vistoses per als m\u00e9s petits fins a contes amb m\u00e9s text per als m\u00e9s grans, el m\u00e9s important \u00e9s que la tem\u00e0tica els interessi i s\u2019adapti al seu nivell de comprensi\u00f3.<\/p>\n<h6><strong>3. Parlem del conte<\/strong><\/h6>\n<p>Un cop llegit, conversa amb l\u2019infant sobre la hist\u00f2ria. Qu\u00e8 li ha agradat? Amb quin personatge s\u2019identifica? Reflexionar junts sobre el que han llegit els ajuda a comprendre millor el missatge i a desenvolupar el pensament cr\u00edtic.<\/p>\n<h6><strong>4. Un viatge a la biblioteca<\/strong><\/h6>\n<p>Les biblioteques s\u00f3n portes a mons plens d\u2019hist\u00f2ries i aventures. Visitar-les regularment permet als infants descobrir llibres nous, participar en activitats lectores i refor\u00e7ar el vincle amb els llibres.<\/p>\n<p style=\"text-align: justify;\">Fomentar la lectura no nom\u00e9s afavoreix les habilitats ling\u00fc\u00edstiques dels infants, sin\u00f3 que tamb\u00e9 enriqueix la seva imaginaci\u00f3 i enforteix el vincle familiar. Perqu\u00e8 llegir \u00e9s molt m\u00e9s que una activitat: <strong>\u00e9s un regal per tota la vida<\/strong>.<\/p>\n<p style=\"text-align: center;\"><iframe loading=\"lazy\" title=\"Descobreix com fomentar el gust per la lectura amb aquests 4 consells\" src=\"https:\/\/www.youtube.com\/embed\/ho0E1YyVVKc\" width=\"482\" height=\"856\" frameborder=\"0\" allowfullscreen=\"allowfullscreen\"><\/iframe><\/p>\n","protected":false},"excerpt":{"rendered":"<p>Iniciar els infants en l\u2019h\u00e0bit lector \u00e9s fonamental per al seu desenvolupament intel\u00b7lectual i emocional. Per\u00f2, com aconseguir que s\u2019enamorin dels llibres? T\u2019ho expliquem en 4 passos senzills: 1. Un lloc tranquil fa m\u00e0gia Llegir o explicar contes en un<\/p>\n","protected":false},"author":1,"featured_media":0,"parent":0,"menu_order":0,"comment_status":"closed","ping_status":"closed","template":"","meta":{"_crdt_document":"","footnotes":""},"categories":[75],"tags":[149,77],"class_list":["post-24099","page","type-page","status-publish","hentry","category-activitats","tag-curs-2024-25","tag-ed-infantil"],"jetpack_sharing_enabled":true,"_links":{"self":[{"href":"https:\/\/escolagrancapita.wpcomstaging.com\/index.php?rest_route=\/wp\/v2\/pages\/24099","targetHints":{"allow":["GET"]}}],"collection":[{"href":"https:\/\/escolagrancapita.wpcomstaging.com\/index.php?rest_route=\/wp\/v2\/pages"}],"about":[{"href":"https:\/\/escolagrancapita.wpcomstaging.com\/index.php?rest_route=\/wp\/v2\/types\/page"}],"author":[{"embeddable":true,"href":"https:\/\/escolagrancapita.wpcomstaging.com\/index.php?rest_route=\/wp\/v2\/users\/1"}],"replies":[{"embeddable":true,"href":"https:\/\/escolagrancapita.wpcomstaging.com\/index.php?rest_route=%2Fwp%2Fv2%2Fcomments&post=24099"}],"version-history":[{"count":5,"href":"https:\/\/escolagrancapita.wpcomstaging.com\/index.php?rest_route=\/wp\/v2\/pages\/24099\/revisions"}],"predecessor-version":[{"id":24104,"href":"https:\/\/escolagrancapita.wpcomstaging.com\/index.php?rest_route=\/wp\/v2\/pages\/24099\/revisions\/24104"}],"wp:attachment":[{"href":"https:\/\/escolagrancapita.wpcomstaging.com\/index.php?rest_route=%2Fwp%2Fv2%2Fmedia&parent=24099"}],"wp:term":[{"taxonomy":"category","embeddable":true,"href":"https:\/\/escolagrancapita.wpcomstaging.com\/index.php?rest_route=%2Fwp%2Fv2%2Fcategories&post=24099"},{"taxonomy":"post_tag","embeddable":true,"href":"https:\/\/escolagrancapita.wpcomstaging.com\/index.php?rest_route=%2Fwp%2Fv2%2Ftags&post=24099"}],"curies":[{"name":"wp","href":"https:\/\/api.w.org\/{rel}","templated":true}]}}