{"id":24196,"date":"2025-01-01T21:11:15","date_gmt":"2025-01-01T21:11:15","guid":{"rendered":"https:\/\/escolagrancapita.wpcomstaging.com\/?page_id=24196"},"modified":"2025-01-01T21:17:06","modified_gmt":"2025-01-01T21:17:06","slug":"experiments-a-laula","status":"publish","type":"page","link":"https:\/\/escolagrancapita.wpcomstaging.com\/?page_id=24196","title":{"rendered":"Experiments a l\u2019aula"},"content":{"rendered":"<p style=\"text-align: justify;\">En una emocionant trobada entre la ci\u00e8ncia i l&#8217;educaci\u00f3, durant la <strong>Setmana de la Ci\u00e8ncia<\/strong>, 5\u00e8 de Prim\u00e0ria va viure una experi\u00e8ncia inoblidable amb la <strong>visita d&#8217;un cient\u00edfic<\/strong>. L\u2019aula es va transformar en un laboratori on es van realitzar diversos experiments en viu que van meravellar els nens i nenes i van despertar la seva curiositat cient\u00edfica.<\/p>\n<p style=\"text-align: justify;\">La jornada va comen\u00e7ar amb una breu xerrada interactiva en qu\u00e8 es van explicar conceptes b\u00e0sics sobre el m\u00e8tode cient\u00edfic i la import\u00e0ncia de l&#8217;experimentaci\u00f3.<\/p>\n<div id='gallery-1' class='gallery galleryid-24196 gallery-columns-2 gallery-size-full'><figure class='gallery-item'>\n\t\t\t<div class='gallery-icon portrait'>\n\t\t\t\t<img loading=\"lazy\" decoding=\"async\" width=\"954\" height=\"2016\" src=\"https:\/\/i0.wp.com\/escolagrancapita.wpcomstaging.com\/wp-content\/uploads\/2025\/01\/5PRI_Experiment-2.jpeg?fit=954%2C2016&amp;ssl=1\" class=\"attachment-full size-full\" alt=\"\" srcset=\"https:\/\/i0.wp.com\/escolagrancapita.wpcomstaging.com\/wp-content\/uploads\/2025\/01\/5PRI_Experiment-2.jpeg?w=954&amp;ssl=1 954w, https:\/\/i0.wp.com\/escolagrancapita.wpcomstaging.com\/wp-content\/uploads\/2025\/01\/5PRI_Experiment-2.jpeg?resize=142%2C300&amp;ssl=1 142w, https:\/\/i0.wp.com\/escolagrancapita.wpcomstaging.com\/wp-content\/uploads\/2025\/01\/5PRI_Experiment-2.jpeg?resize=485%2C1024&amp;ssl=1 485w, https:\/\/i0.wp.com\/escolagrancapita.wpcomstaging.com\/wp-content\/uploads\/2025\/01\/5PRI_Experiment-2.jpeg?resize=768%2C1623&amp;ssl=1 768w, https:\/\/i0.wp.com\/escolagrancapita.wpcomstaging.com\/wp-content\/uploads\/2025\/01\/5PRI_Experiment-2.jpeg?resize=727%2C1536&amp;ssl=1 727w\" sizes=\"auto, (max-width: 750px) 100vw, 750px\" \/>\n\t\t\t<\/div><\/figure><figure class='gallery-item'>\n\t\t\t<div class='gallery-icon portrait'>\n\t\t\t\t<img loading=\"lazy\" decoding=\"async\" width=\"757\" height=\"1600\" src=\"https:\/\/i0.wp.com\/escolagrancapita.wpcomstaging.com\/wp-content\/uploads\/2025\/01\/5PRI_Experiment-3.jpeg?fit=757%2C1600&amp;ssl=1\" class=\"attachment-full size-full\" alt=\"\" srcset=\"https:\/\/i0.wp.com\/escolagrancapita.wpcomstaging.com\/wp-content\/uploads\/2025\/01\/5PRI_Experiment-3.jpeg?w=757&amp;ssl=1 757w, https:\/\/i0.wp.com\/escolagrancapita.wpcomstaging.com\/wp-content\/uploads\/2025\/01\/5PRI_Experiment-3.jpeg?resize=142%2C300&amp;ssl=1 142w, https:\/\/i0.wp.com\/escolagrancapita.wpcomstaging.com\/wp-content\/uploads\/2025\/01\/5PRI_Experiment-3.jpeg?resize=484%2C1024&amp;ssl=1 484w, https:\/\/i0.wp.com\/escolagrancapita.wpcomstaging.com\/wp-content\/uploads\/2025\/01\/5PRI_Experiment-3.jpeg?resize=727%2C1536&amp;ssl=1 727w\" sizes=\"auto, (max-width: 750px) 100vw, 750px\" \/>\n\t\t\t<\/div><\/figure>\n\t\t<\/div>\n\n<p style=\"text-align: justify;\">A continuaci\u00f3, l\u2019alumnat va participar activament en la creaci\u00f3 d\u2019un volc\u00e0 qu\u00edmic amb bicarbonat de sodi i vinagre, un experiment cl\u00e0ssic que va generar riures i sorpresa per igual. A m\u00e9s, es van convertir en \u00e0toms, van veure els g\u00e8rmens a la m\u00e0 i la impermeabilitat de la canyella, entre altres activitats fascinants.<\/p>\n<div id='gallery-2' class='gallery galleryid-24196 gallery-columns-3 gallery-size-full'><figure class='gallery-item'>\n\t\t\t<div class='gallery-icon portrait'>\n\t\t\t\t<img loading=\"lazy\" decoding=\"async\" width=\"970\" height=\"2048\" src=\"https:\/\/i0.wp.com\/escolagrancapita.wpcomstaging.com\/wp-content\/uploads\/2025\/01\/5PRI_Experiment-1.jpeg?fit=970%2C2048&amp;ssl=1\" class=\"attachment-full size-full\" alt=\"\" srcset=\"https:\/\/i0.wp.com\/escolagrancapita.wpcomstaging.com\/wp-content\/uploads\/2025\/01\/5PRI_Experiment-1.jpeg?w=970&amp;ssl=1 970w, https:\/\/i0.wp.com\/escolagrancapita.wpcomstaging.com\/wp-content\/uploads\/2025\/01\/5PRI_Experiment-1.jpeg?resize=142%2C300&amp;ssl=1 142w, https:\/\/i0.wp.com\/escolagrancapita.wpcomstaging.com\/wp-content\/uploads\/2025\/01\/5PRI_Experiment-1.jpeg?resize=485%2C1024&amp;ssl=1 485w, https:\/\/i0.wp.com\/escolagrancapita.wpcomstaging.com\/wp-content\/uploads\/2025\/01\/5PRI_Experiment-1.jpeg?resize=768%2C1622&amp;ssl=1 768w, https:\/\/i0.wp.com\/escolagrancapita.wpcomstaging.com\/wp-content\/uploads\/2025\/01\/5PRI_Experiment-1.jpeg?resize=728%2C1536&amp;ssl=1 728w\" sizes=\"auto, (max-width: 750px) 100vw, 750px\" \/>\n\t\t\t<\/div><\/figure><figure class='gallery-item'>\n\t\t\t<div class='gallery-icon portrait'>\n\t\t\t\t<img loading=\"lazy\" decoding=\"async\" width=\"954\" height=\"2016\" src=\"https:\/\/i0.wp.com\/escolagrancapita.wpcomstaging.com\/wp-content\/uploads\/2025\/01\/5PRI_Experiment-5.jpeg?fit=954%2C2016&amp;ssl=1\" class=\"attachment-full size-full\" alt=\"\" srcset=\"https:\/\/i0.wp.com\/escolagrancapita.wpcomstaging.com\/wp-content\/uploads\/2025\/01\/5PRI_Experiment-5.jpeg?w=954&amp;ssl=1 954w, https:\/\/i0.wp.com\/escolagrancapita.wpcomstaging.com\/wp-content\/uploads\/2025\/01\/5PRI_Experiment-5.jpeg?resize=142%2C300&amp;ssl=1 142w, https:\/\/i0.wp.com\/escolagrancapita.wpcomstaging.com\/wp-content\/uploads\/2025\/01\/5PRI_Experiment-5.jpeg?resize=485%2C1024&amp;ssl=1 485w, https:\/\/i0.wp.com\/escolagrancapita.wpcomstaging.com\/wp-content\/uploads\/2025\/01\/5PRI_Experiment-5.jpeg?resize=768%2C1623&amp;ssl=1 768w, https:\/\/i0.wp.com\/escolagrancapita.wpcomstaging.com\/wp-content\/uploads\/2025\/01\/5PRI_Experiment-5.jpeg?resize=727%2C1536&amp;ssl=1 727w\" sizes=\"auto, (max-width: 750px) 100vw, 750px\" \/>\n\t\t\t<\/div><\/figure><figure class='gallery-item'>\n\t\t\t<div class='gallery-icon portrait'>\n\t\t\t\t<img loading=\"lazy\" decoding=\"async\" width=\"757\" height=\"1600\" src=\"https:\/\/i0.wp.com\/escolagrancapita.wpcomstaging.com\/wp-content\/uploads\/2025\/01\/5PRI_Experiment-4.jpeg?fit=757%2C1600&amp;ssl=1\" class=\"attachment-full size-full\" alt=\"\" srcset=\"https:\/\/i0.wp.com\/escolagrancapita.wpcomstaging.com\/wp-content\/uploads\/2025\/01\/5PRI_Experiment-4.jpeg?w=757&amp;ssl=1 757w, https:\/\/i0.wp.com\/escolagrancapita.wpcomstaging.com\/wp-content\/uploads\/2025\/01\/5PRI_Experiment-4.jpeg?resize=142%2C300&amp;ssl=1 142w, https:\/\/i0.wp.com\/escolagrancapita.wpcomstaging.com\/wp-content\/uploads\/2025\/01\/5PRI_Experiment-4.jpeg?resize=484%2C1024&amp;ssl=1 484w, https:\/\/i0.wp.com\/escolagrancapita.wpcomstaging.com\/wp-content\/uploads\/2025\/01\/5PRI_Experiment-4.jpeg?resize=727%2C1536&amp;ssl=1 727w\" sizes=\"auto, (max-width: 750px) 100vw, 750px\" \/>\n\t\t\t<\/div><\/figure>\n\t\t<\/div>\n\n<p style=\"text-align: justify;\">\u00c9s incre\u00efble com experiments tan senzills poden despertar tantes preguntes i fomentar l\u2019inter\u00e8s per la ci\u00e8ncia. L\u2019alumnat va gaudir molt de la visita, ja que <strong>la curiositat \u00e9s el motor de l&#8217;aprenentatge<\/strong>!<\/p>\n","protected":false},"excerpt":{"rendered":"<p>En una emocionant trobada entre la ci\u00e8ncia i l&#8217;educaci\u00f3, durant la Setmana de la Ci\u00e8ncia, 5\u00e8 de Prim\u00e0ria va viure una experi\u00e8ncia inoblidable amb la visita d&#8217;un cient\u00edfic. L\u2019aula es va transformar en un laboratori on es van realitzar diversos<\/p>\n","protected":false},"author":1,"featured_media":0,"parent":0,"menu_order":0,"comment_status":"closed","ping_status":"closed","template":"","meta":{"_crdt_document":"","footnotes":""},"categories":[75],"tags":[149,86,102],"class_list":["post-24196","page","type-page","status-publish","hentry","category-activitats","tag-curs-2024-25","tag-ed-primaria","tag-setmana-de-la-ciencia"],"jetpack_sharing_enabled":true,"_links":{"self":[{"href":"https:\/\/escolagrancapita.wpcomstaging.com\/index.php?rest_route=\/wp\/v2\/pages\/24196","targetHints":{"allow":["GET"]}}],"collection":[{"href":"https:\/\/escolagrancapita.wpcomstaging.com\/index.php?rest_route=\/wp\/v2\/pages"}],"about":[{"href":"https:\/\/escolagrancapita.wpcomstaging.com\/index.php?rest_route=\/wp\/v2\/types\/page"}],"author":[{"embeddable":true,"href":"https:\/\/escolagrancapita.wpcomstaging.com\/index.php?rest_route=\/wp\/v2\/users\/1"}],"replies":[{"embeddable":true,"href":"https:\/\/escolagrancapita.wpcomstaging.com\/index.php?rest_route=%2Fwp%2Fv2%2Fcomments&post=24196"}],"version-history":[{"count":3,"href":"https:\/\/escolagrancapita.wpcomstaging.com\/index.php?rest_route=\/wp\/v2\/pages\/24196\/revisions"}],"predecessor-version":[{"id":24214,"href":"https:\/\/escolagrancapita.wpcomstaging.com\/index.php?rest_route=\/wp\/v2\/pages\/24196\/revisions\/24214"}],"wp:attachment":[{"href":"https:\/\/escolagrancapita.wpcomstaging.com\/index.php?rest_route=%2Fwp%2Fv2%2Fmedia&parent=24196"}],"wp:term":[{"taxonomy":"category","embeddable":true,"href":"https:\/\/escolagrancapita.wpcomstaging.com\/index.php?rest_route=%2Fwp%2Fv2%2Fcategories&post=24196"},{"taxonomy":"post_tag","embeddable":true,"href":"https:\/\/escolagrancapita.wpcomstaging.com\/index.php?rest_route=%2Fwp%2Fv2%2Ftags&post=24196"}],"curies":[{"name":"wp","href":"https:\/\/api.w.org\/{rel}","templated":true}]}}